{"id":75,"date":"2014-08-18T17:16:49","date_gmt":"2014-08-18T20:16:49","guid":{"rendered":"https:\/\/jundiai.sp.gov.br\/casa-civil\/?page_id=75"},"modified":"2020-11-03T14:41:54","modified_gmt":"2020-11-03T17:41:54","slug":"guarda-municipal","status":"publish","type":"page","link":"https:\/\/jundiai.sp.gov.br\/casa-civil\/orgaos-vinculados\/guarda-municipal\/","title":{"rendered":"Guarda Municipal"},"content":{"rendered":"<p>Fundada em 24 de novembro de 1949, a Guarda realizava a vigil\u00e2ncia noturna, a fiscaliza\u00e7\u00e3o do tr\u00e2nsito e a presta\u00e7\u00e3o de assist\u00eancia social \u00e0 popula\u00e7\u00e3o. Ao longo do tempo, o trabalho foi ampliado e hoje conta com a\u00e7\u00f5es como: Grupamento Florestal, Patrulhamento Comunit\u00e1rio, Ronda Escolar, atividades educacionais, entre outros.<\/p>\n<p>A Guarda Municipal tem 270 guardas, entre homens e mulheres. \u00c9 subdividida em v\u00e1rios setores, com finalidades espec\u00edficas dentro da cidade. Atua tanto na Serra do Japi como nas salas de aulas das escolas municipais e estaduais.<\/p>\n<p>O Grupamento Florestal \u00e9 respons\u00e1vel pela vigil\u00e2ncia da Serra do Japi, que tem mais 80% de sua \u00e1rea preservada. A vigil\u00e2ncia \u00e9 realizada 24 horas por dia. Por meio dos programas Guarda Comunit\u00e1rio &#8211; Anjos da Guarda e Educa\u00e7\u00e3o para a N\u00e3o Viol\u00eancia (Educavi), as equipes que integram o patrulhamento di\u00e1rio assistem \u00e0 popula\u00e7\u00e3o nas mais variadas ocorr\u00eancias. Dentro do \u00e2mbito de sua compet\u00eancia, diagnosticam problemas e tentam solucion\u00e1-los.<\/p>\n<p>A Ronda Escolar tem por objetivos estreitar as rela\u00e7\u00f5es com os grupos docentes, alunos e funcion\u00e1rios com intuito de prevenir irregularidades, preservar o patrim\u00f4nio p\u00fablico e promover pr\u00e1ticas seguras no \u00e2mbito escolar.<\/p>\n<p>Outro setor de grande import\u00e2ncia e efetividade na Guarda Municipal \u00e9 o Canil, criado em 2003, com a finalidade de auxiliar os guardas municipais na prote\u00e7\u00e3o das instala\u00e7\u00f5es, bens e servi\u00e7os do munic\u00edpio, al\u00e9m de atividades preventivas e educacionais com os c\u00e3es.<\/p>\n<p><a href=\"https:\/\/gm.jundiai.sp.gov.br\/\" target=\"_blank\" rel=\"noopener noreferrer\">CONFIRA O SITE DA GUARDA MUNICIPAL<\/a><\/p>\n","protected":false},"excerpt":{"rendered":"<p>Fundada em 24 de novembro de 1949, a Guarda realizava a vigil\u00e2ncia noturna, a fiscaliza\u00e7\u00e3o do tr\u00e2nsito e a presta\u00e7\u00e3o de assist\u00eancia social \u00e0 popula\u00e7\u00e3o. Ao longo do tempo, o trabalho foi ampliado e hoje conta com a\u00e7\u00f5es como: Grupamento Florestal, Patrulhamento Comunit\u00e1rio, Ronda Escolar, atividades educacionais, entre outros. A Guarda Municipal tem 270 guardas, [&hellip;]<\/p>\n","protected":false},"author":5,"featured_media":0,"parent":65,"menu_order":0,"comment_status":"closed","ping_status":"closed","template":"","meta":{"footnotes":""},"class_list":["post-75","page","type-page","status-publish","hentry"],"_links":{"self":[{"href":"https:\/\/jundiai.sp.gov.br\/casa-civil\/wp-json\/wp\/v2\/pages\/75","targetHints":{"allow":["GET"]}}],"collection":[{"href":"https:\/\/jundiai.sp.gov.br\/casa-civil\/wp-json\/wp\/v2\/pages"}],"about":[{"href":"https:\/\/jundiai.sp.gov.br\/casa-civil\/wp-json\/wp\/v2\/types\/page"}],"author":[{"embeddable":true,"href":"https:\/\/jundiai.sp.gov.br\/casa-civil\/wp-json\/wp\/v2\/users\/5"}],"replies":[{"embeddable":true,"href":"https:\/\/jundiai.sp.gov.br\/casa-civil\/wp-json\/wp\/v2\/comments?post=75"}],"version-history":[{"count":3,"href":"https:\/\/jundiai.sp.gov.br\/casa-civil\/wp-json\/wp\/v2\/pages\/75\/revisions"}],"predecessor-version":[{"id":1546,"href":"https:\/\/jundiai.sp.gov.br\/casa-civil\/wp-json\/wp\/v2\/pages\/75\/revisions\/1546"}],"up":[{"embeddable":true,"href":"https:\/\/jundiai.sp.gov.br\/casa-civil\/wp-json\/wp\/v2\/pages\/65"}],"wp:attachment":[{"href":"https:\/\/jundiai.sp.gov.br\/casa-civil\/wp-json\/wp\/v2\/media?parent=75"}],"curies":[{"name":"wp","href":"https:\/\/api.w.org\/{rel}","templated":true}]}}