{"id":77,"date":"2014-08-18T17:35:28","date_gmt":"2014-08-18T20:35:28","guid":{"rendered":"https:\/\/jundiai.sp.gov.br\/casa-civil\/?page_id=77"},"modified":"2026-02-20T17:55:38","modified_gmt":"2026-02-20T20:55:38","slug":"junta-de-servico-militar","status":"publish","type":"page","link":"https:\/\/jundiai.sp.gov.br\/casa-civil\/junta-de-servico-militar\/","title":{"rendered":"087\u00aa Junta de Servi\u00e7o Militar &#8211; Jundia\u00ed\/SP"},"content":{"rendered":"<p><img loading=\"lazy\" decoding=\"async\" class=\"alignleft size-full wp-image-78\" src=\"https:\/\/jundiai.sp.gov.br\/casa-civil\/wp-content\/uploads\/sites\/6\/2014\/08\/Logo-Servi\u00e7o-Militar.jpg\" alt=\"Logo - Servi\u00e7o Militar\" width=\"277\" height=\"300\" \/><\/p>\n<p><strong>ALISTAMENTO:<\/strong><br \/>\nO alistamento para o Servi\u00e7o Militar obrigat\u00f3rio \u00e9 realizado de 01 de janeiro a 30 de junho do ano em que o cidad\u00e3o completa 18 anos e dever\u00e1 ser feito<br \/>\natrav\u00e9s do site: <a href=\"http:\/\/www.alistamento.eb.mil.br\">www.alistamento.eb.mil.br<\/a>.<\/p>\n<p>Ao final do cadastro, o sistema cria um n\u00famero de RA (Registro de<br \/>\nAlistamento), que proporciona ao cidad\u00e3o, acompanhar o andamento do<br \/>\nalistamento.<\/p>\n<p>Em caso de d\u00favidas entrar em contanto com a Junta de Servi\u00e7o Militar.<\/p>\n<p><strong>ALISTAMENTO FORA DO PRAZO:<\/strong><br \/>\nO alistamento dever\u00e1 ser presencialmente na Junta de Servi\u00e7o Militar para o<br \/>\ncidad\u00e3o que perder o prazo estabelecido acima, ou seja, ap\u00f3s 01 de julho.<\/p>\n<p><em>Documentos necess\u00e1rios:<\/em><\/p>\n<ul>\n<li>Certid\u00e3o de nascimento;<\/li>\n<li>RG;<\/li>\n<li>CPF;<\/li>\n<li>Comprovante de endere\u00e7o e,<\/li>\n<li>Comprovante de pagamento da multa &#8211; referente ao Art.176.1 da Lei do<br \/>\nServi\u00e7o Militar.<\/li>\n<\/ul>\n<p><strong>ALISTAMENTO PARA PORTADOR DE NECESSIDADE ESPECIAL F\u00cdSICA E APARENTE<\/strong><br \/>\nO alistamento ser\u00e1 realizado apenas presencialmente na Junta de Servi\u00e7o Militar.<\/p>\n<p><strong>ALISTAMENTO PARA ARRIMO:<\/strong><br \/>\nCompreende-se por arrimo o cidad\u00e3o que \u00e9 o \u00fanico respons\u00e1vel pelo sustento de sua fam\u00edlia.<\/p>\n<p>Nesse caso, o alistamento ser\u00e1 realizado apenas presencialmente na Junta de Servi\u00e7o Militar.<\/p>\n<p><strong>ALISTAMENTO POR CONVIC\u00c7\u00c3O IDEOL\u00d3GIA<\/strong><br \/>\nO alistamento ser\u00e1 realizado apenas presencialmente na Junta de Servi\u00e7o Militar para o cidad\u00e3o que tenha convic\u00e7\u00e3o pol\u00edtica, filos\u00f3fica ou religiosa contr\u00e1ria \u00e0 atividade militar.<\/p>\n<p><strong>SOLICITA\u00c7\u00c3O DE 1\u00aa VIA DE CERTIFICADO DE DISPENSA DE INCORPORA\u00c7\u00c3O (CDI)<\/strong><br \/>\nAcessar o site: <a href=\"http:\/\/www.alistamento.eb.mil.br\">www.alistamento.eb.mil.br<\/a>, clicando em Requerer Certificado Militar.<\/p>\n<p><strong>SOLICITA\u00c7\u00c3O DE 2\u00aa VIA DE CERTIFICADO DE DISPENSA DE INCORPORA\u00c7\u00c3O (CDI); CERTIFICADO DE ISEN\u00c7\u00c3O (CI) E CERTIFICADO DE DISPENSA DO SERVI\u00c7O ALTERNATIVO (CDSA)<br \/>\n<\/strong>Comparecer a Junta de Servi\u00e7o Militar.<br \/>\n<em>Documentos necess\u00e1rios:<\/em><\/p>\n<ul>\n<li>RG;<\/li>\n<li>CPF;<\/li>\n<li>Comprovante de resid\u00eancia recente e<\/li>\n<li>Pagamento de taxa e multa, referente aos arts. 107.2 e 177.1 da Lei do Servi\u00e7o Militar.<\/li>\n<\/ul>\n<p>Obs: De acordo com o disposto no art. 5\u00ba da Lei do Servi\u00e7o Militar, portanto, livre das exig\u00eancias de que trata o art. 74 da mesma Lei, a partir de 1\u00ba de janeiro do ano em que completa 46 anos, o cidad\u00e3o est\u00e1 desobrigado do Servi\u00e7o Militar em tempo de paz.<br \/>\nSe necess\u00e1rio, comparecer a Junta de Servi\u00e7o Militar, portando RG e Comprovante de Resid\u00eancia para solicitar a Declara\u00e7\u00e3o referente a Desobriga\u00e7\u00e3o do Servi\u00e7o Militar.<\/p>\n<p><strong>SOLICITA\u00c7\u00c3O DE 2\u00aa VIA DE RESERVISTA<\/strong><\/p>\n<ul>\n<li>Para os cidad\u00e3os que serviram em Jundia\u00ed dirigir-se ao 12\u00ba GAC.<\/li>\n<li>Para os cidad\u00e3os que serviram em outras cidades e residam em Jundia\u00ed, favor comparecer a Junta de Servi\u00e7o Militar, com os seguintes documentos <strong>originais e c\u00f3pia:<\/strong><br \/>\n&#8211; Certid\u00e3o de nascimento ou casamento;<br \/>\n&#8211; RG;<br \/>\n&#8211; CPF;<br \/>\n&#8211; Comprovante de resid\u00eancia recente;<br \/>\n&#8211; Certificado de Reservista danificado ou Boletim de Ocorr\u00eancia relatando a perda ou roubo do documento e,<br \/>\n&#8211; Comprovante de pagamento das multas, referente aos arts. 177.1 e 176.3 da Lei do Servi\u00e7o Militar.<\/li>\n<\/ul>\n<p><strong>CARIMBAR RESERVISTA<\/strong><\/p>\n<ul>\n<li>\u00a0Para os cidad\u00e3os que serviram em Jundia\u00ed dirigir-se ao 12\u00ba GAC.<\/li>\n<li>Para os cidad\u00e3os que serviram em outras cidades e residam em Jundia\u00ed, favor comparecer a Junta de Servi\u00e7o Militar com os seguintes documentos:<br \/>\n&#8211; Certificado de Reservista;<br \/>\n&#8211; RG;<br \/>\n&#8211; CPF;<br \/>\n&#8211; Comprovante de resid\u00eancia recente e,<br \/>\n&#8211; Comprovante de pagamento da multa, referente ao Art. 176.3 da Lei do Servi\u00e7o Militar, para os carimbos em atraso.<\/li>\n<\/ul>\n<p><strong>CERTID\u00c3O DE TEMPO DE SERVI\u00c7O<\/strong><br \/>\nPara os cidad\u00e3os que necessitam comprovar o tempo que prestaram o Servi\u00e7o<br \/>\nMilitar, favor comparecer ao 12\u00ba GAC para realizar a solicita\u00e7\u00e3o da certid\u00e3o.<\/p>\n<h2><strong>Contato<\/strong><\/h2>\n<p><strong>087\u00aa JUNTA DE SERVI\u00c7O MILITAR\u00a0<\/strong><br \/>\nRua S\u00e3o Jorge, n\u00ba 28, Vila Boaventura<br \/>\nCEP: 13.201-807 (pr\u00f3ximo ao Supermercado Extra)<br \/>\nTelefone: (11) 4589-9574<\/p>\n<p>Hor\u00e1rios de atendimento ao p\u00fablico: 2\u00aa a 6\u00aa feira, das 8h \u00e0s 11h e das 13h \u00e0s 16h<br \/>\nE-mail:\u00a0<a href=\"mailto:087jsmjundiai@gmail.com\">087jsmjundiai@gmail.com<\/a><\/p>\n","protected":false},"excerpt":{"rendered":"<p>ALISTAMENTO: O alistamento para o Servi\u00e7o Militar obrigat\u00f3rio \u00e9 realizado de 01 de janeiro a 30 de junho do ano em que o cidad\u00e3o completa 18 anos e dever\u00e1 ser feito atrav\u00e9s do site: www.alistamento.eb.mil.br. Ao final do cadastro, o sistema cria um n\u00famero de RA (Registro de Alistamento), que proporciona ao cidad\u00e3o, acompanhar o [&hellip;]<\/p>\n","protected":false},"author":5,"featured_media":0,"parent":0,"menu_order":0,"comment_status":"closed","ping_status":"closed","template":"page-subpaginas.php","meta":{"footnotes":""},"class_list":["post-77","page","type-page","status-publish","hentry"],"_links":{"self":[{"href":"https:\/\/jundiai.sp.gov.br\/casa-civil\/wp-json\/wp\/v2\/pages\/77","targetHints":{"allow":["GET"]}}],"collection":[{"href":"https:\/\/jundiai.sp.gov.br\/casa-civil\/wp-json\/wp\/v2\/pages"}],"about":[{"href":"https:\/\/jundiai.sp.gov.br\/casa-civil\/wp-json\/wp\/v2\/types\/page"}],"author":[{"embeddable":true,"href":"https:\/\/jundiai.sp.gov.br\/casa-civil\/wp-json\/wp\/v2\/users\/5"}],"replies":[{"embeddable":true,"href":"https:\/\/jundiai.sp.gov.br\/casa-civil\/wp-json\/wp\/v2\/comments?post=77"}],"version-history":[{"count":10,"href":"https:\/\/jundiai.sp.gov.br\/casa-civil\/wp-json\/wp\/v2\/pages\/77\/revisions"}],"predecessor-version":[{"id":12245,"href":"https:\/\/jundiai.sp.gov.br\/casa-civil\/wp-json\/wp\/v2\/pages\/77\/revisions\/12245"}],"wp:attachment":[{"href":"https:\/\/jundiai.sp.gov.br\/casa-civil\/wp-json\/wp\/v2\/media?parent=77"}],"curies":[{"name":"wp","href":"https:\/\/api.w.org\/{rel}","templated":true}]}}