{"id":792,"date":"2020-10-08T11:47:31","date_gmt":"2020-10-08T14:47:31","guid":{"rendered":"https:\/\/jundiai.sp.gov.br\/casa-civil\/?page_id=792"},"modified":"2021-07-06T15:17:11","modified_gmt":"2021-07-06T18:17:11","slug":"marco-2019","status":"publish","type":"page","link":"https:\/\/jundiai.sp.gov.br\/casa-civil\/decretos-municipais\/2019-2\/marco-2019\/","title":{"rendered":"Mar\u00e7o\/2019"},"content":{"rendered":"\n<p><a rel=\"noreferrer noopener\" href=\"https:\/\/jundiai.sp.gov.br\/casa-civil\/wp-content\/uploads\/sites\/6\/2020\/10\/28-069.pdf\" target=\"_blank\">28.069 de 07 de mar\u00e7o de 2019<\/a><br><a rel=\"noreferrer noopener\" href=\"https:\/\/jundiai.sp.gov.br\/casa-civil\/wp-content\/uploads\/sites\/6\/2020\/10\/28-070.pdf\" target=\"_blank\">28.070 de 07 de mar\u00e7o de 2019<\/a><br><a rel=\"noreferrer noopener\" href=\"https:\/\/jundiai.sp.gov.br\/casa-civil\/wp-content\/uploads\/sites\/6\/2020\/10\/28-071.pdf\" target=\"_blank\">28.071 de 07 de mar\u00e7o de 2019<\/a><br><a rel=\"noreferrer noopener\" href=\"https:\/\/jundiai.sp.gov.br\/casa-civil\/wp-content\/uploads\/sites\/6\/2020\/10\/28-072.pdf\" target=\"_blank\">28.072 de 07 de mar\u00e7o de 2019<\/a><br><a rel=\"noreferrer noopener\" href=\"https:\/\/jundiai.sp.gov.br\/casa-civil\/wp-content\/uploads\/sites\/6\/2020\/10\/28-073.pdf\" target=\"_blank\">28.073 de 07 de mar\u00e7o de 2019<\/a><br><a rel=\"noreferrer noopener\" href=\"https:\/\/jundiai.sp.gov.br\/casa-civil\/wp-content\/uploads\/sites\/6\/2020\/10\/28-074.pdf\" target=\"_blank\">28.074 de 08 de mar\u00e7o de 2019<\/a><br><a rel=\"noreferrer noopener\" href=\"https:\/\/jundiai.sp.gov.br\/casa-civil\/wp-content\/uploads\/sites\/6\/2020\/10\/28-075.pdf\" target=\"_blank\">28.075 de 11 de mar\u00e7o de 2019<\/a><br><a href=\"https:\/\/jundiai.sp.gov.br\/casa-civil\/wp-content\/uploads\/sites\/6\/2020\/10\/28-076.pdf\">28.076 de 12 de mar\u00e7o de 2019<\/a><br><a rel=\"noreferrer noopener\" href=\"https:\/\/jundiai.sp.gov.br\/casa-civil\/wp-content\/uploads\/sites\/6\/2020\/10\/28-077.pdf\" target=\"_blank\">28.077 de 12 de mar\u00e7o de 2019<\/a><br><a rel=\"noreferrer noopener\" href=\"https:\/\/jundiai.sp.gov.br\/casa-civil\/wp-content\/uploads\/sites\/6\/2020\/10\/28-078.pdf\" target=\"_blank\">28.078 de 14 de mar\u00e7o de 2019<\/a><br><a href=\"https:\/\/jundiai.sp.gov.br\/casa-civil\/wp-content\/uploads\/sites\/6\/2020\/10\/28-079.pdf\">28.079 de 14 de mar\u00e7o de 2019<\/a><br><a rel=\"noreferrer noopener\" href=\"https:\/\/jundiai.sp.gov.br\/casa-civil\/wp-content\/uploads\/sites\/6\/2020\/10\/28-080.pdf\" target=\"_blank\">28.080 de 14 de mar\u00e7o de 2019<\/a><br><a rel=\"noreferrer noopener\" href=\"https:\/\/jundiai.sp.gov.br\/casa-civil\/wp-content\/uploads\/sites\/6\/2020\/10\/28-081.pdf\" target=\"_blank\">28.081 de 14 de mar\u00e7o de 2019<\/a><br><a href=\"https:\/\/jundiai.sp.gov.br\/casa-civil\/wp-content\/uploads\/sites\/6\/2020\/10\/28-082.pdf\" target=\"_blank\" rel=\"noreferrer noopener\">28.082 de 14 de mar\u00e7o de 2019<\/a><br><a href=\"https:\/\/jundiai.sp.gov.br\/casa-civil\/wp-content\/uploads\/sites\/6\/2020\/10\/28-083.pdf\" target=\"_blank\" rel=\"noreferrer noopener\">28.083 de 14 de mar\u00e7o de 2019<\/a><br><a href=\"https:\/\/jundiai.sp.gov.br\/casa-civil\/wp-content\/uploads\/sites\/6\/2020\/10\/28-084.pdf\" target=\"_blank\" rel=\"noreferrer noopener\">28.084 de 14 de mar\u00e7o de 2019<\/a><br><a href=\"https:\/\/jundiai.sp.gov.br\/casa-civil\/wp-content\/uploads\/sites\/6\/2020\/10\/28-085.pdf\" target=\"_blank\" rel=\"noreferrer noopener\">28.085 de 14 de mar\u00e7o de 2019<\/a><br><a rel=\"noreferrer noopener\" href=\"https:\/\/jundiai.sp.gov.br\/casa-civil\/wp-content\/uploads\/sites\/6\/2020\/10\/28-086.pdf\" target=\"_blank\">28.086 de 14 de mar\u00e7o de 2019<\/a><br><a rel=\"noreferrer noopener\" href=\"https:\/\/jundiai.sp.gov.br\/casa-civil\/wp-content\/uploads\/sites\/6\/2020\/10\/28-087.pdf\" target=\"_blank\">28.087 de 19 de mar\u00e7o de 2019<\/a><br><a rel=\"noreferrer noopener\" href=\"https:\/\/jundiai.sp.gov.br\/casa-civil\/wp-content\/uploads\/sites\/6\/2020\/10\/28-088.pdf\" target=\"_blank\">28.088 de 19 de mar\u00e7o de 2019<\/a><br><a href=\"https:\/\/jundiai.sp.gov.br\/casa-civil\/wp-content\/uploads\/sites\/6\/2020\/10\/28-089.pdf\" target=\"_blank\" rel=\"noreferrer noopener\">28.089 de 19 de mar\u00e7o de 2019<\/a><br><a href=\"https:\/\/jundiai.sp.gov.br\/casa-civil\/wp-content\/uploads\/sites\/6\/2020\/10\/28-090.pdf\" target=\"_blank\" rel=\"noreferrer noopener\">28.090 de 19 de mar\u00e7o de 2019<\/a><br><a href=\"https:\/\/jundiai.sp.gov.br\/casa-civil\/wp-content\/uploads\/sites\/6\/2020\/10\/28-091.pdf\" target=\"_blank\" rel=\"noreferrer noopener\">28.091 de 19 de mar\u00e7o de 2019<\/a><br><a href=\"https:\/\/jundiai.sp.gov.br\/casa-civil\/wp-content\/uploads\/sites\/6\/2020\/10\/28-092.pdf\" target=\"_blank\" rel=\"noreferrer noopener\">28.092 de 19 de mar\u00e7o de 2019<\/a><br><a href=\"https:\/\/jundiai.sp.gov.br\/casa-civil\/wp-content\/uploads\/sites\/6\/2020\/10\/28-093.pdf\">28.093 de 21 de mar\u00e7o de 2019<\/a><br><a href=\"https:\/\/jundiai.sp.gov.br\/casa-civil\/wp-content\/uploads\/sites\/6\/2020\/10\/28-094.pdf\" target=\"_blank\" rel=\"noreferrer noopener\">28.094 de 21 de mar\u00e7o de 2019<\/a><br><a href=\"https:\/\/jundiai.sp.gov.br\/casa-civil\/wp-content\/uploads\/sites\/6\/2020\/10\/28-095.pdf\" target=\"_blank\" rel=\"noreferrer noopener\">28.095 de 21 de mar\u00e7o de 2019<\/a><br><a href=\"https:\/\/jundiai.sp.gov.br\/casa-civil\/wp-content\/uploads\/sites\/6\/2020\/10\/28-096.pdf\" target=\"_blank\" rel=\"noreferrer noopener\">28.096 de 21 de mar\u00e7o de 2019<\/a><br><a href=\"https:\/\/jundiai.sp.gov.br\/casa-civil\/wp-content\/uploads\/sites\/6\/2020\/10\/28-097.pdf\" target=\"_blank\" rel=\"noreferrer noopener\">28.097 de 21 de mar\u00e7o de 2019<\/a><br><a href=\"https:\/\/jundiai.sp.gov.br\/casa-civil\/wp-content\/uploads\/sites\/6\/2020\/10\/28-098.pdf\" target=\"_blank\" rel=\"noreferrer noopener\">28.098 de 25 de mar\u00e7o de 2019<\/a><br><a href=\"https:\/\/jundiai.sp.gov.br\/casa-civil\/wp-content\/uploads\/sites\/6\/2020\/10\/28-099.pdf\" target=\"_blank\" rel=\"noreferrer noopener\">28.099 de 25 de mar\u00e7o de 2019<\/a><br><a href=\"https:\/\/jundiai.sp.gov.br\/casa-civil\/wp-content\/uploads\/sites\/6\/2020\/10\/28-100.pdf\" target=\"_blank\" rel=\"noreferrer noopener\">28.100 de 26 de mar\u00e7o de 2019<\/a><br><a href=\"https:\/\/jundiai.sp.gov.br\/casa-civil\/wp-content\/uploads\/sites\/6\/2020\/10\/28-101.pdf\">28.101 de 26 de mar\u00e7o de 2019<\/a><br><a href=\"https:\/\/jundiai.sp.gov.br\/casa-civil\/wp-content\/uploads\/sites\/6\/2020\/10\/28-102.pdf\" target=\"_blank\" rel=\"noreferrer noopener\">28.102 de 26 de mar\u00e7o de 2019<\/a><br><a href=\"https:\/\/jundiai.sp.gov.br\/casa-civil\/wp-content\/uploads\/sites\/6\/2020\/10\/28-103.pdf\" target=\"_blank\" rel=\"noreferrer noopener\">28.103 de 26 de mar\u00e7o de 2019<\/a><br><a href=\"https:\/\/jundiai.sp.gov.br\/casa-civil\/wp-content\/uploads\/sites\/6\/2020\/10\/28-104.pdf\" target=\"_blank\" rel=\"noreferrer noopener\">28.104 de 26 de mar\u00e7o de 2019<\/a><br><a href=\"https:\/\/jundiai.sp.gov.br\/casa-civil\/wp-content\/uploads\/sites\/6\/2020\/10\/28-105.pdf\">28.105 de 26 de mar\u00e7o de 2019<\/a><br><a href=\"https:\/\/jundiai.sp.gov.br\/casa-civil\/wp-content\/uploads\/sites\/6\/2020\/10\/28-106.pdf\" target=\"_blank\" rel=\"noreferrer noopener\">28.106 de 26 de mar\u00e7o de 2019<\/a><br><a href=\"https:\/\/jundiai.sp.gov.br\/casa-civil\/wp-content\/uploads\/sites\/6\/2020\/10\/28-107.pdf\" target=\"_blank\" rel=\"noreferrer noopener\">28.107 de 28 de mar\u00e7o de 2019<\/a><br><a href=\"https:\/\/jundiai.sp.gov.br\/casa-civil\/wp-content\/uploads\/sites\/6\/2020\/10\/28-108.pdf\" target=\"_blank\" rel=\"noreferrer noopener\">28.108 de 28 de mar\u00e7o de 2019<\/a><br><a href=\"https:\/\/jundiai.sp.gov.br\/casa-civil\/wp-content\/uploads\/sites\/6\/2020\/10\/28-109.pdf\" target=\"_blank\" rel=\"noreferrer noopener\">28.109 de 28 de mar\u00e7o de 2019<\/a><\/p>\n","protected":false},"excerpt":{"rendered":"<p>28.069 de 07 de mar\u00e7o de 201928.070 de 07 de mar\u00e7o de 201928.071 de 07 de mar\u00e7o de 201928.072 de 07 de mar\u00e7o de 201928.073 de 07 de mar\u00e7o de 201928.074 de 08 de mar\u00e7o de 201928.075 de 11 de mar\u00e7o de 201928.076 de 12 de mar\u00e7o de 201928.077 de 12 de mar\u00e7o de 201928.078 [&hellip;]<\/p>\n","protected":false},"author":50,"featured_media":0,"parent":1701,"menu_order":10,"comment_status":"closed","ping_status":"closed","template":"","meta":{"footnotes":""},"class_list":["post-792","page","type-page","status-publish","hentry"],"_links":{"self":[{"href":"https:\/\/jundiai.sp.gov.br\/casa-civil\/wp-json\/wp\/v2\/pages\/792","targetHints":{"allow":["GET"]}}],"collection":[{"href":"https:\/\/jundiai.sp.gov.br\/casa-civil\/wp-json\/wp\/v2\/pages"}],"about":[{"href":"https:\/\/jundiai.sp.gov.br\/casa-civil\/wp-json\/wp\/v2\/types\/page"}],"author":[{"embeddable":true,"href":"https:\/\/jundiai.sp.gov.br\/casa-civil\/wp-json\/wp\/v2\/users\/50"}],"replies":[{"embeddable":true,"href":"https:\/\/jundiai.sp.gov.br\/casa-civil\/wp-json\/wp\/v2\/comments?post=792"}],"version-history":[{"count":7,"href":"https:\/\/jundiai.sp.gov.br\/casa-civil\/wp-json\/wp\/v2\/pages\/792\/revisions"}],"predecessor-version":[{"id":840,"href":"https:\/\/jundiai.sp.gov.br\/casa-civil\/wp-json\/wp\/v2\/pages\/792\/revisions\/840"}],"up":[{"embeddable":true,"href":"https:\/\/jundiai.sp.gov.br\/casa-civil\/wp-json\/wp\/v2\/pages\/1701"}],"wp:attachment":[{"href":"https:\/\/jundiai.sp.gov.br\/casa-civil\/wp-json\/wp\/v2\/media?parent=792"}],"curies":[{"name":"wp","href":"https:\/\/api.w.org\/{rel}","templated":true}]}}