{"id":8225,"date":"2024-03-06T09:46:02","date_gmt":"2024-03-06T12:46:02","guid":{"rendered":"https:\/\/jundiai.sp.gov.br\/casa-civil\/?page_id=8225"},"modified":"2024-08-07T09:55:29","modified_gmt":"2024-08-07T12:55:29","slug":"fevereiro","status":"publish","type":"page","link":"https:\/\/jundiai.sp.gov.br\/casa-civil\/decretos-municipais\/2024-2\/fevereiro\/","title":{"rendered":"Fevereiro"},"content":{"rendered":"\n<div class=\"wp-block-columns is-layout-flex wp-container-core-columns-is-layout-9d6595d7 wp-block-columns-is-layout-flex\">\n<div class=\"wp-block-column is-layout-flow wp-block-column-is-layout-flow\">\n<div class=\"wp-block-file\"><a id=\"wp-block-file--media-64f7c5c3-84ae-4e2d-b483-1be4fca49a4a\" href=\"https:\/\/jundiai.sp.gov.br\/casa-civil\/wp-content\/uploads\/sites\/6\/2024\/03\/33-767-decreto-orcamentario.pdf\">33.767 &#8211; Decreto Or\u00e7ament\u00e1rio<\/a><\/div>\n\n\n\n<div class=\"wp-block-file\"><a id=\"wp-block-file--media-b745b63e-9a12-4eea-993b-7f0341297c8e\" href=\"https:\/\/jundiai.sp.gov.br\/casa-civil\/wp-content\/uploads\/sites\/6\/2024\/03\/33-768-decreto-orcamentario.pdf\">33.768 &#8211; Decreto Or\u00e7ament\u00e1rio<\/a><\/div>\n\n\n\n<div class=\"wp-block-file\"><a id=\"wp-block-file--media-8a8891b6-173d-41b4-a6a5-7f924a63f2a2\" href=\"https:\/\/jundiai.sp.gov.br\/casa-civil\/wp-content\/uploads\/sites\/6\/2024\/03\/33-769-decreto-orcamentario.pdf\">33.769 &#8211; Decreto Or\u00e7ament\u00e1rio<\/a><\/div>\n\n\n\n<div class=\"wp-block-file\"><a id=\"wp-block-file--media-f4bca1ac-fac0-4ccb-abb5-525530ef36f9\" href=\"https:\/\/jundiai.sp.gov.br\/casa-civil\/wp-content\/uploads\/sites\/6\/2024\/03\/33-770.pdf\">33.770 &#8211; Declara\u00e7\u00e3o de Utilidade P\u00fablica<\/a><\/div>\n\n\n\n<div class=\"wp-block-file\"><a id=\"wp-block-file--media-f71eb8b5-f568-4eac-9ae5-c66dd9a8eaa2\" href=\"https:\/\/jundiai.sp.gov.br\/casa-civil\/wp-content\/uploads\/sites\/6\/2024\/03\/33-771-decreto-orcamentario.pdf\">33.771 &#8211; Decreto Or\u00e7ament\u00e1rio<\/a><\/div>\n\n\n\n<div class=\"wp-block-file\"><a id=\"wp-block-file--media-cca12fd6-8e84-4203-aee5-1952bbd063b4\" href=\"https:\/\/jundiai.sp.gov.br\/casa-civil\/wp-content\/uploads\/sites\/6\/2024\/03\/33-772.pdf\">33.772 &#8211; Atua\u00e7\u00e3o de Agentes P\u00fablicos Ano Eleitoral<\/a><\/div>\n\n\n\n<div class=\"wp-block-file\"><a id=\"wp-block-file--media-97c7e508-097d-444e-b954-799d78fc31a4\" href=\"https:\/\/jundiai.sp.gov.br\/casa-civil\/wp-content\/uploads\/sites\/6\/2024\/05\/1_pdfsam_33-773.pdf\">33.773 &#8211; Renova\u00e7\u00e3o de Uso<\/a><\/div>\n\n\n\n<div class=\"wp-block-file\"><a id=\"wp-block-file--media-c837a214-94a6-4a5a-9425-831b5884ff56\" href=\"https:\/\/jundiai.sp.gov.br\/casa-civil\/wp-content\/uploads\/sites\/6\/2024\/08\/sei_1352458_decreto_orcamentario_33-774.pdf\">33.774 &#8211; Decreto Or\u00e7ament\u00e1rio<\/a><\/div>\n\n\n\n<div class=\"wp-block-file\"><a id=\"wp-block-file--media-2121b1d1-0e97-443d-bf0f-bfe69d25cfba\" href=\"https:\/\/jundiai.sp.gov.br\/casa-civil\/wp-content\/uploads\/sites\/6\/2024\/03\/33-775.pdf\">33.775 &#8211; Revoga\u00e7\u00e3o de Decreto<\/a><\/div>\n\n\n\n<div class=\"wp-block-file\"><a id=\"wp-block-file--media-53c74ea1-a03c-4dd3-938d-3cd325160d1e\" href=\"https:\/\/jundiai.sp.gov.br\/casa-civil\/wp-content\/uploads\/sites\/6\/2024\/03\/33-776.pdf\">33.776 &#8211; Altera\u00e7\u00e3o de Termo Aditivo<\/a><\/div>\n\n\n\n<div class=\"wp-block-file\"><a id=\"wp-block-file--media-a36004a5-ae3f-4136-9cf7-5680f8c6fc43\" href=\"https:\/\/jundiai.sp.gov.br\/casa-civil\/wp-content\/uploads\/sites\/6\/2024\/05\/1_pdfsam_33-777.pdf\">33.777 &#8211; Renova\u00e7\u00e3o de Uso<\/a><\/div>\n\n\n\n<div class=\"wp-block-file\"><a id=\"wp-block-file--media-f7a4e5c7-4ef0-4439-b353-4360cfac6ad1\" href=\"https:\/\/jundiai.sp.gov.br\/casa-civil\/wp-content\/uploads\/sites\/6\/2024\/03\/33-778.pdf\">33.778 &#8211; Tarifas de Servi\u00e7o<\/a><\/div>\n\n\n\n<div class=\"wp-block-file\"><a id=\"wp-block-file--media-7db9de78-2451-44ed-8498-947bedac1e1e\" href=\"https:\/\/jundiai.sp.gov.br\/casa-civil\/wp-content\/uploads\/sites\/6\/2024\/03\/33-779-decreto-orcamentario.pdf\">33.779 &#8211; Decreto Or\u00e7ament\u00e1rio<\/a><\/div>\n\n\n\n<div class=\"wp-block-file\"><a id=\"wp-block-file--media-99c2b10f-9f28-43d0-ae90-ee7a900b58c4\" href=\"https:\/\/jundiai.sp.gov.br\/casa-civil\/wp-content\/uploads\/sites\/6\/2024\/05\/1_pdfsam_33-780.pdf\">33.780 &#8211; Renova\u00e7\u00e3o de Uso<\/a><\/div>\n\n\n\n<div class=\"wp-block-file\"><a id=\"wp-block-file--media-0944f2c6-0a25-4462-b8ff-473e281e6e97\" href=\"https:\/\/jundiai.sp.gov.br\/casa-civil\/wp-content\/uploads\/sites\/6\/2024\/03\/33-781-decreto-orcamentario_fmj.pdf\">33.781 &#8211; Decreto Or\u00e7ament\u00e1rio <\/a><\/div>\n\n\n\n<div class=\"wp-block-file\"><a id=\"wp-block-file--media-1c4f49ea-ce06-4b7e-9650-1776c37739dd\" href=\"https:\/\/jundiai.sp.gov.br\/casa-civil\/wp-content\/uploads\/sites\/6\/2024\/05\/1_pdfsam_33-782.pdf\">33.782 &#8211; Renova\u00e7\u00e3o de Uso<\/a><\/div>\n\n\n\n<div class=\"wp-block-file\"><a id=\"wp-block-file--media-0cd5c346-6740-43b1-bb42-a34ea638c683\" href=\"https:\/\/jundiai.sp.gov.br\/casa-civil\/wp-content\/uploads\/sites\/6\/2024\/03\/33-783-decreto-orcamentario.pdf\">33.783 &#8211; Decreto Or\u00e7ament\u00e1rio<\/a><\/div>\n\n\n\n<div class=\"wp-block-file\"><a id=\"wp-block-file--media-2b5ec3b3-3228-49b3-8b4b-4ed246649079\" href=\"https:\/\/jundiai.sp.gov.br\/casa-civil\/wp-content\/uploads\/sites\/6\/2024\/03\/33-784-decreto-orcamentario_fumas.pdf\">33.784 &#8211; Decreto Or\u00e7ament\u00e1rio_<\/a><\/div>\n\n\n\n<div class=\"wp-block-file\"><a id=\"wp-block-file--media-dc4903ec-7eff-4a6e-a290-ce06b49e221a\" href=\"https:\/\/jundiai.sp.gov.br\/casa-civil\/wp-content\/uploads\/sites\/6\/2024\/03\/33-785-decreto-orcamentario.pdf\">33.785 &#8211; Decreto Or\u00e7ament\u00e1rio<\/a><\/div>\n\n\n\n<div class=\"wp-block-file\"><a id=\"wp-block-file--media-1c6951f6-d073-430c-ac1e-5f127239f703\" href=\"https:\/\/jundiai.sp.gov.br\/casa-civil\/wp-content\/uploads\/sites\/6\/2024\/05\/1_pdfsam_33-786.pdf\">33.786 &#8211; Renova\u00e7\u00e3o de Uso<\/a><\/div>\n\n\n\n<div class=\"wp-block-file\"><a id=\"wp-block-file--media-d3f582b2-b526-4852-968f-86dc33ef0e09\" href=\"https:\/\/jundiai.sp.gov.br\/casa-civil\/wp-content\/uploads\/sites\/6\/2024\/05\/1_pdfsam_33-787.pdf\">33.787 &#8211; Renova\u00e7\u00e3o de Uso<\/a><\/div>\n\n\n\n<div class=\"wp-block-file\"><a id=\"wp-block-file--media-765a7bd2-fdc7-4251-8dc1-d9d7355ca7aa\" href=\"https:\/\/jundiai.sp.gov.br\/casa-civil\/wp-content\/uploads\/sites\/6\/2024\/03\/33-788-decreto-orcamentario.pdf\">33.788 &#8211; Decreto Or\u00e7ament\u00e1rio<\/a><\/div>\n\n\n\n<div class=\"wp-block-file\"><a id=\"wp-block-file--media-e2d38233-8257-40b3-a193-ea2098e72faa\" href=\"https:\/\/jundiai.sp.gov.br\/casa-civil\/wp-content\/uploads\/sites\/6\/2024\/03\/33-789-decreto-orcamentario.pdf\">33.789 &#8211; Decreto Or\u00e7ament\u00e1rio<\/a><\/div>\n<\/div>\n\n\n\n<div class=\"wp-block-column is-layout-flow wp-block-column-is-layout-flow\">\n<div class=\"wp-block-file\"><a id=\"wp-block-file--media-7e31e5a7-19b1-4b47-bb29-d01507a9098f\" href=\"https:\/\/jundiai.sp.gov.br\/casa-civil\/wp-content\/uploads\/sites\/6\/2024\/03\/33-790-decreto-orcamentario.pdf\">33.790 &#8211; Decreto Or\u00e7ament\u00e1rio<\/a><\/div>\n\n\n\n<div class=\"wp-block-file\"><a id=\"wp-block-file--media-fa1b1145-33a2-48c5-a4c7-48ddb463d7e1\" href=\"https:\/\/jundiai.sp.gov.br\/casa-civil\/wp-content\/uploads\/sites\/6\/2024\/03\/33-791-decreto-orcamentario.pdf\">33.791 &#8211; Decreto Or\u00e7ament\u00e1rio<\/a><\/div>\n\n\n\n<div class=\"wp-block-file\"><a id=\"wp-block-file--media-63c0be0e-49da-48e6-9c6c-461325c6803d\" href=\"https:\/\/jundiai.sp.gov.br\/casa-civil\/wp-content\/uploads\/sites\/6\/2024\/03\/33-792-decreto-orcamentario.pdf\">33.792 &#8211; Decreto Or\u00e7ament\u00e1rio<\/a><\/div>\n\n\n\n<div class=\"wp-block-file\"><a id=\"wp-block-file--media-6d686f71-98a2-47b5-a709-00572c0daa9b\" href=\"https:\/\/jundiai.sp.gov.br\/casa-civil\/wp-content\/uploads\/sites\/6\/2024\/05\/1_pdfsam_33-793.pdf\">33.793 &#8211; Renova\u00e7\u00e3o de Uso<\/a><\/div>\n\n\n\n<div class=\"wp-block-file\"><a id=\"wp-block-file--media-c80fac48-27c2-4cb0-a848-4daf64433277\" href=\"https:\/\/jundiai.sp.gov.br\/casa-civil\/wp-content\/uploads\/sites\/6\/2024\/03\/33-794.pdf\">33.794 &#8211; Extin\u00e7\u00e3o de Escolas Municipais<\/a><\/div>\n\n\n\n<div class=\"wp-block-file\"><a id=\"wp-block-file--media-f8ab472d-bca2-4a0d-9363-d53c8df59b2d\" href=\"https:\/\/jundiai.sp.gov.br\/casa-civil\/wp-content\/uploads\/sites\/6\/2024\/03\/33-795-decreto-orcamentario.pdf\">33.795 &#8211; Decreto Or\u00e7ament\u00e1rio<\/a><\/div>\n\n\n\n<div class=\"wp-block-file\"><a id=\"wp-block-file--media-516a5b9b-cb14-4d22-bffc-ff518d05caae\" href=\"https:\/\/jundiai.sp.gov.br\/casa-civil\/wp-content\/uploads\/sites\/6\/2024\/03\/33-796-decreto-orcamentario.pdf\">33.796 &#8211; Decreto Or\u00e7ament\u00e1rio<\/a><\/div>\n\n\n\n<div class=\"wp-block-file\"><a id=\"wp-block-file--media-4ccf79a9-de6f-44b2-971c-b013334b9769\" href=\"https:\/\/jundiai.sp.gov.br\/casa-civil\/wp-content\/uploads\/sites\/6\/2024\/03\/33-797-decreto-orcamentario.pdf\">33.797 &#8211; Decreto Or\u00e7ament\u00e1rio<\/a><\/div>\n\n\n\n<div class=\"wp-block-file\"><a id=\"wp-block-file--media-3809c005-4953-4f00-a7a7-f2456b1140a7\" href=\"https:\/\/jundiai.sp.gov.br\/casa-civil\/wp-content\/uploads\/sites\/6\/2024\/03\/33-798-decreto-orcamentario.pdf\">33.798 &#8211; Decreto Or\u00e7ament\u00e1rio<\/a><\/div>\n\n\n\n<div class=\"wp-block-file\"><a id=\"wp-block-file--media-cc38074a-f065-46ac-9665-10d7dc027c89\" href=\"https:\/\/jundiai.sp.gov.br\/casa-civil\/wp-content\/uploads\/sites\/6\/2024\/03\/33-799-decreto-orcamentario.pdf\">33.799 &#8211; Decreto Or\u00e7ament\u00e1rio<\/a><\/div>\n\n\n\n<div class=\"wp-block-file\"><a id=\"wp-block-file--media-76bf54ed-cb88-4910-8fe1-e150a11bff3e\" href=\"https:\/\/jundiai.sp.gov.br\/casa-civil\/wp-content\/uploads\/sites\/6\/2024\/03\/33-800-decreto-orcamentario.pdf\">33.800 &#8211; Decreto Or\u00e7ament\u00e1rio<\/a><\/div>\n\n\n\n<div class=\"wp-block-file\"><a id=\"wp-block-file--media-46a6295f-acca-464f-a7f5-19437013e2cf\" href=\"https:\/\/jundiai.sp.gov.br\/casa-civil\/wp-content\/uploads\/sites\/6\/2024\/03\/33-801-decreto-orcamentario.pdf\">33.801 &#8211; Decreto Or\u00e7ament\u00e1rio<\/a><\/div>\n\n\n\n<div class=\"wp-block-file\"><a id=\"wp-block-file--media-4db2fcc3-54e9-4f64-8bb4-2b08b2c8b9e6\" href=\"https:\/\/jundiai.sp.gov.br\/casa-civil\/wp-content\/uploads\/sites\/6\/2024\/03\/33-802-decreto-orcamentario.pdf\">33.802 &#8211; Decreto Or\u00e7ament\u00e1rio<\/a><\/div>\n\n\n\n<div class=\"wp-block-file\"><a id=\"wp-block-file--media-1a0e81dc-5cf9-4e18-b873-534e97e1837d\" href=\"https:\/\/jundiai.sp.gov.br\/casa-civil\/wp-content\/uploads\/sites\/6\/2024\/03\/33-803-decreto-orcamentario.pdf\">33.803 &#8211; Decreto Or\u00e7ament\u00e1rio<\/a><\/div>\n\n\n\n<div class=\"wp-block-file\"><a id=\"wp-block-file--media-d8571b89-88e4-4e19-90cd-a517fc7d9dc7\" href=\"https:\/\/jundiai.sp.gov.br\/casa-civil\/wp-content\/uploads\/sites\/6\/2024\/03\/33-804-decreto-orcamentario.pdf\">33.804 &#8211; Decreto Or\u00e7ament\u00e1rio<\/a><\/div>\n\n\n\n<div class=\"wp-block-file\"><a id=\"wp-block-file--media-726b6bcd-54c8-45f4-88b9-2342b75e0913\" href=\"https:\/\/jundiai.sp.gov.br\/casa-civil\/wp-content\/uploads\/sites\/6\/2024\/03\/33-805-decreto-orcamentario.pdf\">33.805 &#8211; Tombamento<\/a><\/div>\n\n\n\n<div class=\"wp-block-file\"><a id=\"wp-block-file--media-6e89cf47-9a56-45ed-8785-d58a0a44077c\" href=\"https:\/\/jundiai.sp.gov.br\/casa-civil\/wp-content\/uploads\/sites\/6\/2024\/03\/33-806-decreto-orcamentario.pdf\">33.806 &#8211; Decreto Or\u00e7ament\u00e1rio<\/a><\/div>\n\n\n\n<div class=\"wp-block-file\"><a id=\"wp-block-file--media-b4aca4d3-c1cc-4b46-b4d7-e7464a4c0a84\" href=\"https:\/\/jundiai.sp.gov.br\/casa-civil\/wp-content\/uploads\/sites\/6\/2024\/03\/33-807-decreto-orcamentario.pdf\">33.807 &#8211; Decreto Or\u00e7ament\u00e1rio<\/a><\/div>\n\n\n\n<div class=\"wp-block-file\"><a id=\"wp-block-file--media-00c6c905-adcc-4937-9d5b-85a5b90a525a\" href=\"https:\/\/jundiai.sp.gov.br\/casa-civil\/wp-content\/uploads\/sites\/6\/2024\/03\/33-808-decreto-orcamentario.pdf\">33.808 &#8211; Decreto Or\u00e7ament\u00e1rio<\/a><\/div>\n\n\n\n<div class=\"wp-block-file\"><a id=\"wp-block-file--media-0e3de291-c717-4d78-af2d-2936170aec9b\" href=\"https:\/\/jundiai.sp.gov.br\/casa-civil\/wp-content\/uploads\/sites\/6\/2024\/03\/33-809-decreto-orcamentario.pdf\">33.809 &#8211; Decreto Or\u00e7ament\u00e1rio<\/a><\/div>\n\n\n\n<div class=\"wp-block-file\"><a id=\"wp-block-file--media-a99ee7d7-4f6e-454b-a9c8-1a0c658bc045\" href=\"https:\/\/jundiai.sp.gov.br\/casa-civil\/wp-content\/uploads\/sites\/6\/2024\/03\/33-810-decreto-orcamentario.pdf\">33.810 &#8211; Decreto Or\u00e7ament\u00e1rio<\/a><\/div>\n\n\n\n<div class=\"wp-block-file\"><a id=\"wp-block-file--media-7bc66d35-729f-45ba-a40c-2745788567b0\" href=\"https:\/\/jundiai.sp.gov.br\/casa-civil\/wp-content\/uploads\/sites\/6\/2024\/05\/1_pdfsam_33-811.pdf\">33.811 &#8211; Renova\u00e7\u00e3o de Uso<\/a><\/div>\n<\/div>\n\n\n\n<div class=\"wp-block-column is-layout-flow wp-block-column-is-layout-flow\">\n<div class=\"wp-block-file\"><a id=\"wp-block-file--media-363147ac-b8a4-435e-94fb-efdf8585f78d\" href=\"https:\/\/jundiai.sp.gov.br\/casa-civil\/wp-content\/uploads\/sites\/6\/2024\/03\/33-812-decreto-orcamentario.pdf\">33.812 &#8211; Decreto Or\u00e7ament\u00e1rio<\/a><\/div>\n\n\n\n<div class=\"wp-block-file\"><a id=\"wp-block-file--media-c40ec17d-f9f4-40ba-8074-157144d81fba\" href=\"https:\/\/jundiai.sp.gov.br\/casa-civil\/wp-content\/uploads\/sites\/6\/2024\/03\/33-813-decreto-orcamentario.pdf\">33.813 &#8211; Decreto Or\u00e7ament\u00e1rio<\/a><\/div>\n\n\n\n<div class=\"wp-block-file\"><a id=\"wp-block-file--media-5cdc549f-6c7b-4970-9c72-f1714c46943b\" href=\"https:\/\/jundiai.sp.gov.br\/casa-civil\/wp-content\/uploads\/sites\/6\/2024\/03\/33-814-decreto-orcamentario.pdf\">33.814 &#8211; Decreto Or\u00e7ament\u00e1rio<\/a><\/div>\n\n\n\n<div class=\"wp-block-file\"><a id=\"wp-block-file--media-70ae0dc7-76c4-4321-b437-b1555a624dfd\" href=\"https:\/\/jundiai.sp.gov.br\/casa-civil\/wp-content\/uploads\/sites\/6\/2024\/05\/33-815.pdf\">33.815 &#8211; Declara\u00e7\u00e3o de Utilidade P\u00fablica<\/a><\/div>\n\n\n\n<p>33.816 &#8211; Cancelado<\/p>\n\n\n\n<div class=\"wp-block-file\"><a id=\"wp-block-file--media-25f09228-a74e-472d-bac3-056c3bbc16ec\" href=\"https:\/\/jundiai.sp.gov.br\/casa-civil\/wp-content\/uploads\/sites\/6\/2024\/03\/33-817-decreto-orcamentario.pdf\">33.817 &#8211; Decreto Or\u00e7ament\u00e1rio<\/a><\/div>\n\n\n\n<div class=\"wp-block-file\"><a id=\"wp-block-file--media-490ded27-5296-4d5d-9638-ce7120d83a40\" href=\"https:\/\/jundiai.sp.gov.br\/casa-civil\/wp-content\/uploads\/sites\/6\/2024\/03\/33-818.pdf\">33.818 &#8211; Renova\u00e7\u00e3o de Uso<\/a><\/div>\n\n\n\n<div class=\"wp-block-file\"><a id=\"wp-block-file--media-d5c39e3d-acb6-4cd6-b729-4ca336268b0e\" href=\"https:\/\/jundiai.sp.gov.br\/casa-civil\/wp-content\/uploads\/sites\/6\/2024\/05\/1_pdfsam_33-819.pdf\">33.819 &#8211; Renova\u00e7\u00e3o de Uso<\/a><\/div>\n\n\n\n<div class=\"wp-block-file\"><a id=\"wp-block-file--media-4fb0725f-b4c8-42fc-b89b-893c37de703c\" href=\"https:\/\/jundiai.sp.gov.br\/casa-civil\/wp-content\/uploads\/sites\/6\/2024\/03\/33-820-decreto-orcamentario_fmj.pdf\">33.820 &#8211; Decreto Or\u00e7ament\u00e1rio<\/a><\/div>\n\n\n\n<div class=\"wp-block-file\"><a id=\"wp-block-file--media-e2194848-00d3-435d-a5f3-33d0e15484cb\" href=\"https:\/\/jundiai.sp.gov.br\/casa-civil\/wp-content\/uploads\/sites\/6\/2024\/03\/33-821.pdf\">33.821 &#8211; Altera\u00e7\u00e3o de Regimento Interno<\/a><\/div>\n\n\n\n<div class=\"wp-block-file\"><a id=\"wp-block-file--media-f48c642f-c0f1-4056-85b9-604412041580\" href=\"https:\/\/jundiai.sp.gov.br\/casa-civil\/wp-content\/uploads\/sites\/6\/2024\/03\/33-822-decreto-orcamentario.pdf\">33.822 &#8211; Decreto Or\u00e7ament\u00e1rio<\/a><\/div>\n\n\n\n<div class=\"wp-block-file\"><a id=\"wp-block-file--media-5b31a507-b7ef-4045-a788-dfe3eee6f29a\" href=\"https:\/\/jundiai.sp.gov.br\/casa-civil\/wp-content\/uploads\/sites\/6\/2024\/03\/33-823-decreto-orcamentario.pdf\">33.823 &#8211; Decreto Or\u00e7ament\u00e1rio<\/a><\/div>\n\n\n\n<div class=\"wp-block-file\"><a id=\"wp-block-file--media-08f0bb79-6e91-4ff5-8559-c9d91942eb3e\" href=\"https:\/\/jundiai.sp.gov.br\/casa-civil\/wp-content\/uploads\/sites\/6\/2024\/03\/33-824.pdf\">33.824 &#8211; Altera\u00e7\u00e3o de Decreto<\/a><\/div>\n\n\n\n<div class=\"wp-block-file\"><a id=\"wp-block-file--media-402e58d9-c7dc-4f98-aeca-4d364fb2aeb8\" href=\"https:\/\/jundiai.sp.gov.br\/casa-civil\/wp-content\/uploads\/sites\/6\/2024\/03\/33-825-decreto-orcamentario.pdf\">33.825 &#8211; Decreto Or\u00e7ament\u00e1rio<\/a><\/div>\n\n\n\n<p>33.826 &#8211; Cancelado<\/p>\n\n\n\n<div class=\"wp-block-file\"><a id=\"wp-block-file--media-f0b22a05-6ebc-46b0-a41f-6cf7152ba342\" href=\"https:\/\/jundiai.sp.gov.br\/casa-civil\/wp-content\/uploads\/sites\/6\/2024\/03\/33-827-decreto-orcamentario.pdf\">33.827 &#8211; Decreto Or\u00e7ament\u00e1rio<\/a><\/div>\n\n\n\n<div class=\"wp-block-file\"><a id=\"wp-block-file--media-0a31febf-82b4-4ed4-ae5e-31b5afa2f570\" href=\"https:\/\/jundiai.sp.gov.br\/casa-civil\/wp-content\/uploads\/sites\/6\/2024\/03\/33-828-decreto-orcamentario.pdf\">33.828 &#8211; Decreto Or\u00e7ament\u00e1rio<\/a><\/div>\n\n\n\n<div class=\"wp-block-file\"><a id=\"wp-block-file--media-16d83561-5679-4a3e-8953-a0abcb43d28e\" href=\"https:\/\/jundiai.sp.gov.br\/casa-civil\/wp-content\/uploads\/sites\/6\/2024\/03\/33-829.pdf\">33.829 &#8211; Plano de Conting\u00eancia<\/a><\/div>\n\n\n\n<div class=\"wp-block-file\"><a id=\"wp-block-file--media-485b3b37-4d83-4382-912f-002d72f1b0a0\" href=\"https:\/\/jundiai.sp.gov.br\/casa-civil\/wp-content\/uploads\/sites\/6\/2024\/03\/33-830-decreto-orcamentario.pdf\">33.830 &#8211; Decreto Or\u00e7ament\u00e1rio<\/a><\/div>\n\n\n\n<div class=\"wp-block-file\"><a id=\"wp-block-file--media-7b179a4b-0827-4b64-b009-3143004e2492\" href=\"https:\/\/jundiai.sp.gov.br\/casa-civil\/wp-content\/uploads\/sites\/6\/2024\/03\/33-831-decreto-orcamentario.pdf\">33.831 &#8211; Decreto Or\u00e7ament\u00e1rio<\/a><\/div>\n\n\n\n<div class=\"wp-block-file\"><a id=\"wp-block-file--media-6ba46575-d777-4b8c-97e2-4a11caaf9e59\" href=\"https:\/\/jundiai.sp.gov.br\/casa-civil\/wp-content\/uploads\/sites\/6\/2024\/03\/33-832-decreto-orcamentario.pdf\">33.832 &#8211; Decreto Or\u00e7ament\u00e1rio<\/a><\/div>\n\n\n\n<div class=\"wp-block-file\"><a id=\"wp-block-file--media-46e62a59-0ef7-4be2-8fb3-36fc9fb16029\" href=\"https:\/\/jundiai.sp.gov.br\/casa-civil\/wp-content\/uploads\/sites\/6\/2024\/03\/33-833-decreto-orcamentario.pdf\">33.833 &#8211; Decreto Or\u00e7ament\u00e1rio<\/a><\/div>\n\n\n\n<div class=\"wp-block-file\"><a id=\"wp-block-file--media-9f3d8ed9-cb36-4c15-a579-bfdf776afe57\" href=\"https:\/\/jundiai.sp.gov.br\/casa-civil\/wp-content\/uploads\/sites\/6\/2024\/03\/33-834-decreto-orcamentario.pdf\">33.834 &#8211; Decreto Or\u00e7ament\u00e1rio<\/a><\/div>\n\n\n\n<div class=\"wp-block-file\"><a id=\"wp-block-file--media-0ec3f408-28df-4dfb-b62e-914e7b903a32\" href=\"https:\/\/jundiai.sp.gov.br\/casa-civil\/wp-content\/uploads\/sites\/6\/2024\/03\/33-835.pdf\">33.835 &#8211; Servid\u00e3o de Passagem<\/a><\/div>\n<\/div>\n<\/div>\n","protected":false},"excerpt":{"rendered":"<p>33.816 &#8211; Cancelado 33.826 &#8211; Cancelado<\/p>\n","protected":false},"author":75,"featured_media":0,"parent":8212,"menu_order":2,"comment_status":"closed","ping_status":"closed","template":"","meta":{"footnotes":""},"class_list":["post-8225","page","type-page","status-publish","hentry"],"_links":{"self":[{"href":"https:\/\/jundiai.sp.gov.br\/casa-civil\/wp-json\/wp\/v2\/pages\/8225","targetHints":{"allow":["GET"]}}],"collection":[{"href":"https:\/\/jundiai.sp.gov.br\/casa-civil\/wp-json\/wp\/v2\/pages"}],"about":[{"href":"https:\/\/jundiai.sp.gov.br\/casa-civil\/wp-json\/wp\/v2\/types\/page"}],"author":[{"embeddable":true,"href":"https:\/\/jundiai.sp.gov.br\/casa-civil\/wp-json\/wp\/v2\/users\/75"}],"replies":[{"embeddable":true,"href":"https:\/\/jundiai.sp.gov.br\/casa-civil\/wp-json\/wp\/v2\/comments?post=8225"}],"version-history":[{"count":20,"href":"https:\/\/jundiai.sp.gov.br\/casa-civil\/wp-json\/wp\/v2\/pages\/8225\/revisions"}],"predecessor-version":[{"id":9743,"href":"https:\/\/jundiai.sp.gov.br\/casa-civil\/wp-json\/wp\/v2\/pages\/8225\/revisions\/9743"}],"up":[{"embeddable":true,"href":"https:\/\/jundiai.sp.gov.br\/casa-civil\/wp-json\/wp\/v2\/pages\/8212"}],"wp:attachment":[{"href":"https:\/\/jundiai.sp.gov.br\/casa-civil\/wp-json\/wp\/v2\/media?parent=8225"}],"curies":[{"name":"wp","href":"https:\/\/api.w.org\/{rel}","templated":true}]}}