{"id":8236,"date":"2024-03-06T10:02:12","date_gmt":"2024-03-06T13:02:12","guid":{"rendered":"https:\/\/jundiai.sp.gov.br\/casa-civil\/?page_id=8236"},"modified":"2024-06-14T16:10:13","modified_gmt":"2024-06-14T19:10:13","slug":"abril-2","status":"publish","type":"page","link":"https:\/\/jundiai.sp.gov.br\/casa-civil\/decretos-municipais\/2024-2\/abril-2\/","title":{"rendered":"Abril"},"content":{"rendered":"\n<div class=\"wp-block-columns is-layout-flex wp-container-core-columns-is-layout-9d6595d7 wp-block-columns-is-layout-flex\">\n<div class=\"wp-block-column is-layout-flow wp-block-column-is-layout-flow\">\n<div class=\"wp-block-file\"><a id=\"wp-block-file--media-54af38d4-c807-43f6-892d-e407497451a8\" href=\"https:\/\/jundiai.sp.gov.br\/casa-civil\/wp-content\/uploads\/sites\/6\/2024\/04\/33-892.pdf\">33.892 &#8211; Regulamenta\u00e7\u00e3o de Lei<\/a><\/div>\n\n\n\n<div class=\"wp-block-file\"><a id=\"wp-block-file--media-3c122865-cee7-4d42-892a-5ffcfd4f17a6\" href=\"https:\/\/jundiai.sp.gov.br\/casa-civil\/wp-content\/uploads\/sites\/6\/2024\/05\/33-893_3657_240508141511_001.pdf\">33.893 &#8211; Audi\u00eancia P\u00fablica<\/a><\/div>\n\n\n\n<div class=\"wp-block-file\"><a id=\"wp-block-file--media-f8ccaa95-c886-4596-a9e4-67268c5506d3\" href=\"https:\/\/jundiai.sp.gov.br\/casa-civil\/wp-content\/uploads\/sites\/6\/2024\/04\/33-894.pdf\">33.894 &#8211; Decreto Or\u00e7ament\u00e1rio<\/a><\/div>\n\n\n\n<div class=\"wp-block-file\"><a id=\"wp-block-file--media-7faabc6a-5a11-41d8-903d-c6bc0742c4d6\" href=\"https:\/\/jundiai.sp.gov.br\/casa-civil\/wp-content\/uploads\/sites\/6\/2024\/04\/33-895.pdf\">33.895 &#8211; Decreto Or\u00e7ament\u00e1rio<\/a><\/div>\n\n\n\n<div class=\"wp-block-file\"><a id=\"wp-block-file--media-71cf0085-5b35-4258-a646-17225c3ba837\" href=\"https:\/\/jundiai.sp.gov.br\/casa-civil\/wp-content\/uploads\/sites\/6\/2024\/04\/33-896.pdf\">33.896 &#8211; Decreto Or\u00e7ament\u00e1rio<\/a><\/div>\n\n\n\n<div class=\"wp-block-file\"><a id=\"wp-block-file--media-ea9855dc-2029-463e-90bc-fb1d7e6a7d8d\" href=\"https:\/\/jundiai.sp.gov.br\/casa-civil\/wp-content\/uploads\/sites\/6\/2024\/04\/33-897.pdf\">33.897 &#8211; Decreto Or\u00e7ament\u00e1rio<\/a><\/div>\n\n\n\n<div class=\"wp-block-file\"><a id=\"wp-block-file--media-f3c95f42-8dc4-4a2a-af6e-08e8d8e6f6a5\" href=\"https:\/\/jundiai.sp.gov.br\/casa-civil\/wp-content\/uploads\/sites\/6\/2024\/04\/33-898.pdf\">33.898 &#8211; Decreto Or\u00e7ament\u00e1rio<\/a><\/div>\n\n\n\n<div class=\"wp-block-file\"><a id=\"wp-block-file--media-16e2980b-1e79-4116-b77d-42dc82b06f2a\" href=\"https:\/\/jundiai.sp.gov.br\/casa-civil\/wp-content\/uploads\/sites\/6\/2024\/04\/33-899.pdf\">33.899 &#8211; Altera\u00e7\u00e3o de Termo<\/a><\/div>\n\n\n\n<div class=\"wp-block-file\"><a id=\"wp-block-file--media-9a1b7976-ed87-4e04-83b8-a072fae2dd97\" href=\"https:\/\/jundiai.sp.gov.br\/casa-civil\/wp-content\/uploads\/sites\/6\/2024\/04\/33-900.pdf\">33.900 &#8211; Altera\u00e7\u00e3o de Artigo de Lei<\/a><\/div>\n\n\n\n<div class=\"wp-block-file\"><a id=\"wp-block-file--media-43ee89df-0b30-4c61-95d1-0eba235bebe8\" href=\"https:\/\/jundiai.sp.gov.br\/casa-civil\/wp-content\/uploads\/sites\/6\/2024\/04\/33-901.pdf\">33.901 &#8211; Servid\u00e3o Passagem<\/a><\/div>\n\n\n\n<div class=\"wp-block-file\"><a id=\"wp-block-file--media-b63aab57-f26f-4ef3-a75d-8b347383c54e\" href=\"https:\/\/jundiai.sp.gov.br\/casa-civil\/wp-content\/uploads\/sites\/6\/2024\/04\/33-902.pdf\">33.902 &#8211; Altera\u00e7\u00e3o de Decreto<\/a><\/div>\n\n\n\n<div class=\"wp-block-file\"><a id=\"wp-block-file--media-e6ae759d-09e9-4945-94f0-311c5c7f4970\" href=\"https:\/\/jundiai.sp.gov.br\/casa-civil\/wp-content\/uploads\/sites\/6\/2024\/04\/33-903.pdf\">33.903 &#8211; Decreto Or\u00e7ament\u00e1rio<\/a><\/div>\n\n\n\n<div class=\"wp-block-file\"><a id=\"wp-block-file--media-af92d57b-3990-4ab8-a47d-760a6f7f52a8\" href=\"https:\/\/jundiai.sp.gov.br\/casa-civil\/wp-content\/uploads\/sites\/6\/2024\/04\/33-904.pdf\">33.904 &#8211; Decreto Or\u00e7ament\u00e1rio<\/a><\/div>\n\n\n\n<div class=\"wp-block-file\"><a id=\"wp-block-file--media-286502e2-560a-4a2a-a752-31117800f67d\" href=\"https:\/\/jundiai.sp.gov.br\/casa-civil\/wp-content\/uploads\/sites\/6\/2024\/04\/33-905.pdf\">33.905 &#8211; Decreto Or\u00e7ament\u00e1rio<\/a><\/div>\n\n\n\n<div class=\"wp-block-file\"><a id=\"wp-block-file--media-6b8720bb-0581-4437-8f77-3d16e371381a\" href=\"https:\/\/jundiai.sp.gov.br\/casa-civil\/wp-content\/uploads\/sites\/6\/2024\/04\/33-906.pdf\">33.906 &#8211; Decreto Or\u00e7ament\u00e1rio<\/a><\/div>\n\n\n\n<div class=\"wp-block-file\"><a id=\"wp-block-file--media-0e812c05-1522-4f44-9246-292d76f98aa9\" href=\"https:\/\/jundiai.sp.gov.br\/casa-civil\/wp-content\/uploads\/sites\/6\/2024\/04\/33-907.pdf\">33.907 &#8211; Decreto Or\u00e7ament\u00e1rio<\/a><\/div>\n\n\n\n<div class=\"wp-block-file\"><a id=\"wp-block-file--media-5af964db-580c-4d1e-8cf1-7e5052e7c945\" href=\"https:\/\/jundiai.sp.gov.br\/casa-civil\/wp-content\/uploads\/sites\/6\/2024\/05\/1_pdfsam_33-908.pdf\">33.908 &#8211; Renova\u00e7\u00e3o de Uso<\/a><\/div>\n\n\n\n<div class=\"wp-block-file\"><a id=\"wp-block-file--media-13cbb6bc-9566-46be-bea3-e75d735b6528\" href=\"https:\/\/jundiai.sp.gov.br\/casa-civil\/wp-content\/uploads\/sites\/6\/2024\/04\/33-909.pdf\">33.909 &#8211; Cria\u00e7\u00e3o de Grupo de Trabalho<\/a><\/div>\n\n\n\n<div class=\"wp-block-file\"><a id=\"wp-block-file--media-6d28a6de-e3d9-41ec-be24-a17f90850d76\" href=\"https:\/\/jundiai.sp.gov.br\/casa-civil\/wp-content\/uploads\/sites\/6\/2024\/04\/33-910.pdf\">33.910 &#8211; Decreto Or\u00e7ament\u00e1rio<\/a><\/div>\n\n\n\n<div class=\"wp-block-file\"><a id=\"wp-block-file--media-2f48d64c-80a7-4d0b-ac89-aa649b902226\" href=\"https:\/\/jundiai.sp.gov.br\/casa-civil\/wp-content\/uploads\/sites\/6\/2024\/04\/33-911.pdf\">33.911 &#8211; Decreto Or\u00e7ament\u00e1rio<\/a><\/div>\n\n\n\n<div class=\"wp-block-file\"><a id=\"wp-block-file--media-53db9d5a-d561-4a67-b919-86b2818ed757\" href=\"https:\/\/jundiai.sp.gov.br\/casa-civil\/wp-content\/uploads\/sites\/6\/2024\/04\/33-912.pdf\">33.912 &#8211; Decreto Or\u00e7ament\u00e1rio<\/a><\/div>\n\n\n\n<div class=\"wp-block-file\"><a id=\"wp-block-file--media-52b911b0-0871-46de-b22b-49960e6eafce\" href=\"https:\/\/jundiai.sp.gov.br\/casa-civil\/wp-content\/uploads\/sites\/6\/2024\/04\/33-913.pdf\">33.913 &#8211; Decreto Or\u00e7ament\u00e1rio<\/a><\/div>\n\n\n\n<div class=\"wp-block-file\"><a id=\"wp-block-file--media-55efe9cb-c2ab-4888-af75-088636829850\" href=\"https:\/\/jundiai.sp.gov.br\/casa-civil\/wp-content\/uploads\/sites\/6\/2024\/04\/33-914.pdf\">33.914 &#8211; Decreto Or\u00e7ament\u00e1rio<\/a><\/div>\n\n\n\n<div class=\"wp-block-file\"><a id=\"wp-block-file--media-b4d54ede-5917-4896-a0d6-118dfc324657\" href=\"https:\/\/jundiai.sp.gov.br\/casa-civil\/wp-content\/uploads\/sites\/6\/2024\/04\/33-915.pdf\">33.915 &#8211; Regulamenta\u00e7\u00e3o de Lei Municipal<\/a><\/div>\n\n\n\n<div class=\"wp-block-file\"><a id=\"wp-block-file--media-0d55b4dd-e933-4560-87f7-2171b7aa78ae\" href=\"https:\/\/jundiai.sp.gov.br\/casa-civil\/wp-content\/uploads\/sites\/6\/2024\/04\/33-916.pdf\">33.916 &#8211; Decreto Or\u00e7ament\u00e1rio<\/a><\/div>\n\n\n\n<div class=\"wp-block-file\"><a id=\"wp-block-file--media-86dc0c73-bde9-4d8c-b52f-194bc97f49da\" href=\"https:\/\/jundiai.sp.gov.br\/casa-civil\/wp-content\/uploads\/sites\/6\/2024\/04\/33-917.pdf\">33.917 &#8211; Decreto Or\u00e7ament\u00e1rio<\/a><\/div>\n\n\n\n<div class=\"wp-block-file\"><a id=\"wp-block-file--media-fa309351-1493-43ea-962d-a0d153f20023\" href=\"https:\/\/jundiai.sp.gov.br\/casa-civil\/wp-content\/uploads\/sites\/6\/2024\/04\/33-918.pdf\">33.918 &#8211; Decreto Or\u00e7ament\u00e1rio<\/a><\/div>\n\n\n\n<div class=\"wp-block-file\"><a id=\"wp-block-file--media-b95e73c1-a718-4e84-9304-309679dd5e1c\" href=\"https:\/\/jundiai.sp.gov.br\/casa-civil\/wp-content\/uploads\/sites\/6\/2024\/04\/33-919.pdf\">33.919 &#8211; Decreto Or\u00e7ament\u00e1rio<\/a><\/div>\n\n\n\n<p><\/p>\n\n\n\n<p><\/p>\n<\/div>\n\n\n\n<div class=\"wp-block-column is-layout-flow wp-block-column-is-layout-flow\">\n<div class=\"wp-block-file\"><a id=\"wp-block-file--media-14277b8c-51ce-4af4-ab20-9ad2e3f68b83\" href=\"https:\/\/jundiai.sp.gov.br\/casa-civil\/wp-content\/uploads\/sites\/6\/2024\/04\/33-920.pdf\">33.920 &#8211; Decreto Or\u00e7ament\u00e1rio<\/a><\/div>\n\n\n\n<div class=\"wp-block-file\"><a id=\"wp-block-file--media-dce5ee03-1d6e-48ff-8ec5-56cd60b3d384\" href=\"https:\/\/jundiai.sp.gov.br\/casa-civil\/wp-content\/uploads\/sites\/6\/2024\/04\/33-921.pdf\">33.921 &#8211; Decreto Or\u00e7ament\u00e1rio<\/a><\/div>\n\n\n\n<div class=\"wp-block-file\"><a id=\"wp-block-file--media-33575473-2f28-4adb-b47e-9b8d1e8a4ae7\" href=\"https:\/\/jundiai.sp.gov.br\/casa-civil\/wp-content\/uploads\/sites\/6\/2024\/04\/33-922.pdf\">33.922 &#8211; Decreto Or\u00e7ament\u00e1rio<\/a><\/div>\n\n\n\n<div class=\"wp-block-file\"><a id=\"wp-block-file--media-5e316556-baa2-4178-a965-9b0b7b3f9493\" href=\"https:\/\/jundiai.sp.gov.br\/casa-civil\/wp-content\/uploads\/sites\/6\/2024\/04\/33-923_fmj.pdf\">33.923 &#8211; Decreto Or\u00e7ament\u00e1rio <\/a><\/div>\n\n\n\n<div class=\"wp-block-file\"><a id=\"wp-block-file--media-2bb7994d-4c64-4640-835f-935b8f46e657\" href=\"https:\/\/jundiai.sp.gov.br\/casa-civil\/wp-content\/uploads\/sites\/6\/2024\/04\/33-924.pdf\">33.924 &#8211; Decreto Or\u00e7ament\u00e1rio<\/a><\/div>\n\n\n\n<div class=\"wp-block-file\"><a id=\"wp-block-file--media-1dd1cfb3-d47a-447c-8d61-978380a4c882\" href=\"https:\/\/jundiai.sp.gov.br\/casa-civil\/wp-content\/uploads\/sites\/6\/2024\/04\/33-925.pdf\">33.925 &#8211; Decreto Or\u00e7ament\u00e1rio<\/a><\/div>\n\n\n\n<div class=\"wp-block-file\"><a id=\"wp-block-file--media-0621fec6-e90d-4ecb-82db-60f82949f5ec\" href=\"https:\/\/jundiai.sp.gov.br\/casa-civil\/wp-content\/uploads\/sites\/6\/2024\/04\/33-926.pdf\">33.926 &#8211; Decreto Or\u00e7ament\u00e1rio<\/a><\/div>\n\n\n\n<div class=\"wp-block-file\"><a id=\"wp-block-file--media-e61d3802-3a14-484a-b6ae-cd1a04308744\" href=\"https:\/\/jundiai.sp.gov.br\/casa-civil\/wp-content\/uploads\/sites\/6\/2024\/04\/33-927.pdf\">33.927 &#8211; Decreto Or\u00e7ament\u00e1rio<\/a><\/div>\n\n\n\n<div class=\"wp-block-file\"><a id=\"wp-block-file--media-251b78e8-3a15-49c3-ae84-b7065fd93407\" href=\"https:\/\/jundiai.sp.gov.br\/casa-civil\/wp-content\/uploads\/sites\/6\/2024\/04\/33-928.pdf\">33.928 &#8211; Decreto Or\u00e7ament\u00e1rio<\/a><\/div>\n\n\n\n<div class=\"wp-block-file\"><a id=\"wp-block-file--media-32e1173c-6059-4492-a5b7-5d7d75dab2eb\" href=\"https:\/\/jundiai.sp.gov.br\/casa-civil\/wp-content\/uploads\/sites\/6\/2024\/04\/33-929.pdf\">33.929 &#8211; Decreto Or\u00e7ament\u00e1rio<\/a><\/div>\n\n\n\n<div class=\"wp-block-file\"><a id=\"wp-block-file--media-0718934e-97a5-4c00-9d5c-65883a6a3600\" href=\"https:\/\/jundiai.sp.gov.br\/casa-civil\/wp-content\/uploads\/sites\/6\/2024\/04\/33-930.pdf\">33.930 &#8211; Decreto Or\u00e7ament\u00e1rio<\/a><\/div>\n\n\n\n<div class=\"wp-block-file\"><a id=\"wp-block-file--media-73ed868b-1b9d-4196-a9ec-9b5cce332aa6\" href=\"https:\/\/jundiai.sp.gov.br\/casa-civil\/wp-content\/uploads\/sites\/6\/2024\/05\/1_pdfsam_33-931.pdf\">33.931 &#8211; Renova\u00e7\u00e3o de Uso<\/a><\/div>\n\n\n\n<div class=\"wp-block-file\"><a id=\"wp-block-file--media-d4543293-2f86-4c68-8015-d0dedf6e3446\" href=\"https:\/\/jundiai.sp.gov.br\/casa-civil\/wp-content\/uploads\/sites\/6\/2024\/04\/33-932.pdf\">33.932 &#8211; Decreto Or\u00e7ament\u00e1rio<\/a><\/div>\n\n\n\n<div class=\"wp-block-file\"><a id=\"wp-block-file--media-1171d23e-0d98-4745-b4b5-26c7894cd1ac\" href=\"https:\/\/jundiai.sp.gov.br\/casa-civil\/wp-content\/uploads\/sites\/6\/2024\/04\/33-933___iprejun.pdf\">33.933 &#8211; Decreto Or\u00e7ament\u00e1rio <\/a><\/div>\n\n\n\n<div class=\"wp-block-file\"><a id=\"wp-block-file--media-9604fb64-10e5-4db0-99e7-03f0c8d89442\" href=\"https:\/\/jundiai.sp.gov.br\/casa-civil\/wp-content\/uploads\/sites\/6\/2024\/04\/33-934.pdf\">33.934 &#8211; Decreto Or\u00e7ament\u00e1rio<\/a><\/div>\n\n\n\n<div class=\"wp-block-file\"><a id=\"wp-block-file--media-772bfb53-b914-4233-8b31-7d1377fa3cb3\" href=\"https:\/\/jundiai.sp.gov.br\/casa-civil\/wp-content\/uploads\/sites\/6\/2024\/05\/sei_1494372_decreto_n__33-935__de_15_de_abril_de_2024.pdf\">33.935 &#8211; Renova\u00e7\u00e3o de Uso<\/a><\/div>\n\n\n\n<div class=\"wp-block-file\"><a id=\"wp-block-file--media-05376984-9402-4568-bc75-57e553abd264\" href=\"https:\/\/jundiai.sp.gov.br\/casa-civil\/wp-content\/uploads\/sites\/6\/2024\/04\/33-936.pdf\">33.936 &#8211; Decreto Or\u00e7ament\u00e1rio<\/a><\/div>\n\n\n\n<div class=\"wp-block-file\"><a id=\"wp-block-file--media-03946c2e-e59b-4039-a867-a0ddd90764bc\" href=\"https:\/\/jundiai.sp.gov.br\/casa-civil\/wp-content\/uploads\/sites\/6\/2024\/04\/33-937.pdf\">33.937 &#8211; Decreto Or\u00e7ament\u00e1rio<\/a><\/div>\n\n\n\n<div class=\"wp-block-file\"><a id=\"wp-block-file--media-c73e3b6d-314e-467d-8b0d-d87fe3b78979\" href=\"https:\/\/jundiai.sp.gov.br\/casa-civil\/wp-content\/uploads\/sites\/6\/2024\/04\/33-938.pdf\">33.938 &#8211; Decreto Or\u00e7ament\u00e1rio<\/a><\/div>\n\n\n\n<div class=\"wp-block-file\"><a id=\"wp-block-file--media-1460f814-48a7-4599-993a-ee905e596f40\" href=\"https:\/\/jundiai.sp.gov.br\/casa-civil\/wp-content\/uploads\/sites\/6\/2024\/04\/33-939.pdf\">33.939 &#8211; Decreto Or\u00e7ament\u00e1rio<\/a><\/div>\n\n\n\n<div class=\"wp-block-file\"><a id=\"wp-block-file--media-ec021178-7820-4a84-95d4-22fd3484b781\" href=\"https:\/\/jundiai.sp.gov.br\/casa-civil\/wp-content\/uploads\/sites\/6\/2024\/04\/33-940.pdf\">33.940 &#8211; Decreto Or\u00e7ament\u00e1rio<\/a><\/div>\n\n\n\n<div class=\"wp-block-file\"><a id=\"wp-block-file--media-7bc89d58-5ddb-41ce-b9b1-6a6a86bf601f\" href=\"https:\/\/jundiai.sp.gov.br\/casa-civil\/wp-content\/uploads\/sites\/6\/2024\/04\/33-941.pdf\">33.941 &#8211; Cria\u00e7\u00e3o de Comit\u00ea<\/a><\/div>\n\n\n\n<div class=\"wp-block-file\"><a id=\"wp-block-file--media-ae9f9917-4d62-4e1e-b7be-d784770c87a4\" href=\"https:\/\/jundiai.sp.gov.br\/casa-civil\/wp-content\/uploads\/sites\/6\/2024\/04\/33-942.pdf\">33.942 &#8211; Decreto Or\u00e7ament\u00e1rio<\/a><\/div>\n\n\n\n<div class=\"wp-block-file\"><a id=\"wp-block-file--media-e9e1be78-4954-4710-99cd-529bd23bf0f1\" href=\"https:\/\/jundiai.sp.gov.br\/casa-civil\/wp-content\/uploads\/sites\/6\/2024\/05\/sei_1503494_decreto_n__33-943__de__16_de_abril_de_2024.pdf\">33.943 &#8211; Renova\u00e7\u00e3o de Uso<\/a><\/div>\n\n\n\n<div class=\"wp-block-file\"><a id=\"wp-block-file--media-1714858f-fe0c-4881-8aa5-88313b87f2a1\" href=\"https:\/\/jundiai.sp.gov.br\/casa-civil\/wp-content\/uploads\/sites\/6\/2024\/04\/33-944.pdf\">33.944 &#8211; Decreto Or\u00e7ament\u00e1rio<\/a><\/div>\n\n\n\n<div class=\"wp-block-file\"><a id=\"wp-block-file--media-e1877a18-3e71-42da-84c3-f498ce05990b\" href=\"https:\/\/jundiai.sp.gov.br\/casa-civil\/wp-content\/uploads\/sites\/6\/2024\/04\/33-945.pdf\">33.945 &#8211; Altera\u00e7\u00e3o de Decreto<\/a><\/div>\n\n\n\n<div class=\"wp-block-file\"><a id=\"wp-block-file--media-40e7ccbc-dd71-4e1c-8a01-25c76834b802\" href=\"https:\/\/jundiai.sp.gov.br\/casa-civil\/wp-content\/uploads\/sites\/6\/2024\/04\/33-946.pdf\">33.946 &#8211; Decreto Or\u00e7ament\u00e1rio<\/a><\/div>\n<\/div>\n\n\n\n<div class=\"wp-block-column is-layout-flow wp-block-column-is-layout-flow\">\n<div class=\"wp-block-file\"><a id=\"wp-block-file--media-493ae426-6496-461c-a72b-aac87ccfe5f6\" href=\"https:\/\/jundiai.sp.gov.br\/casa-civil\/wp-content\/uploads\/sites\/6\/2024\/04\/33-947.pdf\">33.947 &#8211; Decreto Or\u00e7ament\u00e1rio<\/a><\/div>\n\n\n\n<div class=\"wp-block-file\"><a id=\"wp-block-file--media-7b90fa2f-25eb-49aa-bfa7-fd171601f942\" href=\"https:\/\/jundiai.sp.gov.br\/casa-civil\/wp-content\/uploads\/sites\/6\/2024\/04\/33-948.pdf\">33.948 &#8211; Decreto Or\u00e7ament\u00e1rio<\/a><\/div>\n\n\n\n<div class=\"wp-block-file\"><a id=\"wp-block-file--media-b0a2f700-1104-46ae-835a-51a698e879ad\" href=\"https:\/\/jundiai.sp.gov.br\/casa-civil\/wp-content\/uploads\/sites\/6\/2024\/04\/33-949.pdf\">33.949 &#8211; Decreto Or\u00e7ament\u00e1rio<\/a><\/div>\n\n\n\n<div class=\"wp-block-file\"><a id=\"wp-block-file--media-59a9be6f-df8d-47d9-8303-07800acfeda4\" href=\"https:\/\/jundiai.sp.gov.br\/casa-civil\/wp-content\/uploads\/sites\/6\/2024\/04\/33-950.pdf\">33.950 &#8211; Decreto Or\u00e7ament\u00e1rio<\/a><\/div>\n\n\n\n<div class=\"wp-block-file\"><a id=\"wp-block-file--media-c588a22a-169c-49b9-9407-41963860042f\" href=\"https:\/\/jundiai.sp.gov.br\/casa-civil\/wp-content\/uploads\/sites\/6\/2024\/04\/33-951.pdf\">33.951 &#8211; Regulamenta\u00e7\u00e3o de Lei Municipal<\/a><\/div>\n\n\n\n<div class=\"wp-block-file\"><a id=\"wp-block-file--media-25c794a8-d206-45a1-9fa0-8aff4160472b\" href=\"https:\/\/jundiai.sp.gov.br\/casa-civil\/wp-content\/uploads\/sites\/6\/2024\/04\/33-952.pdf\">33.952 &#8211; Regulamenta\u00e7\u00e3o de Lei Municipal<\/a><\/div>\n\n\n\n<div class=\"wp-block-file\"><a id=\"wp-block-file--media-de0198b9-985f-484b-8f84-1fb98a469258\" href=\"https:\/\/jundiai.sp.gov.br\/casa-civil\/wp-content\/uploads\/sites\/6\/2024\/04\/33-953.pdf\">33.953 &#8211; Declara\u00e7\u00e3o de Utilidade P\u00fablica<\/a><\/div>\n\n\n\n<div class=\"wp-block-file\"><a id=\"wp-block-file--media-cb90d781-ee8f-4eaf-875e-974b7c0a8a16\" href=\"https:\/\/jundiai.sp.gov.br\/casa-civil\/wp-content\/uploads\/sites\/6\/2024\/04\/33-954.pdf\">33.954 &#8211; Declara\u00e7\u00e3o de Utilidade P\u00fablica<\/a><\/div>\n\n\n\n<div class=\"wp-block-file\"><a id=\"wp-block-file--media-7da30ea5-c6e7-4064-9874-5454bdc092b4\" href=\"https:\/\/jundiai.sp.gov.br\/casa-civil\/wp-content\/uploads\/sites\/6\/2024\/04\/33-955.pdf\">33.955 &#8211; Altera\u00e7\u00e3o de Decreto<\/a><\/div>\n\n\n\n<div class=\"wp-block-file\"><a id=\"wp-block-file--media-650211dc-7666-4bd6-b02b-cdccf761069f\" href=\"https:\/\/jundiai.sp.gov.br\/casa-civil\/wp-content\/uploads\/sites\/6\/2024\/04\/33-956.pdf\">33.956 &#8211; Revoga\u00e7\u00e3o de Decreto<\/a><\/div>\n\n\n\n<div class=\"wp-block-file\"><a id=\"wp-block-file--media-48bad4ea-eab2-4ff3-b2aa-ef7a032d80e9\" href=\"https:\/\/jundiai.sp.gov.br\/casa-civil\/wp-content\/uploads\/sites\/6\/2024\/04\/sei_1518625_decreto_orcamentario_33-957-1.pdf\">33.957 &#8211; Decreto Or\u00e7ament\u00e1rio<\/a><\/div>\n\n\n\n<div class=\"wp-block-file\"><a id=\"wp-block-file--media-7d5ab7cd-0afc-472c-9bc8-5a1a98bd693b\" href=\"https:\/\/jundiai.sp.gov.br\/casa-civil\/wp-content\/uploads\/sites\/6\/2024\/04\/sei_1518634_decreto_orcamentario_33-958.pdf\">33.958 &#8211; Decreto Or\u00e7ament\u00e1rio<\/a><\/div>\n\n\n\n<div class=\"wp-block-file\"><a id=\"wp-block-file--media-d76a2651-f99f-4e0a-b415-2adffbbf9f06\" href=\"https:\/\/jundiai.sp.gov.br\/casa-civil\/wp-content\/uploads\/sites\/6\/2024\/04\/sei_1518636_decreto_orcamentario_33-959.pdf\">33.959 &#8211; Decreto Or\u00e7ament\u00e1rio<\/a><\/div>\n\n\n\n<div class=\"wp-block-file\"><a id=\"wp-block-file--media-e11c78fc-55e7-468f-a429-415b4baacf89\" href=\"https:\/\/jundiai.sp.gov.br\/casa-civil\/wp-content\/uploads\/sites\/6\/2024\/04\/sei_1518639_decreto_orcamentario_33-960___iprejun.pdf\">33.960 &#8211; Decreto Or\u00e7ament\u00e1rio<\/a><\/div>\n\n\n\n<div class=\"wp-block-file\"><a id=\"wp-block-file--media-4e4b6daa-fd5f-4434-a831-461feb4cf650\" href=\"https:\/\/jundiai.sp.gov.br\/casa-civil\/wp-content\/uploads\/sites\/6\/2024\/04\/33-961.pdf\">33.961 &#8211; Altera\u00e7\u00e3o de Decreto<\/a><\/div>\n\n\n\n<div class=\"wp-block-file\"><a id=\"wp-block-file--media-1a833a9b-b9c9-4a20-a52e-3060f15e5e56\" href=\"https:\/\/jundiai.sp.gov.br\/casa-civil\/wp-content\/uploads\/sites\/6\/2024\/04\/33-962.pdf\">33.962 &#8211; Decreto Or\u00e7ament\u00e1rio<\/a><\/div>\n\n\n\n<div class=\"wp-block-file\"><a id=\"wp-block-file--media-f588b678-5d36-4209-8153-bc742c35ceca\" href=\"https:\/\/jundiai.sp.gov.br\/casa-civil\/wp-content\/uploads\/sites\/6\/2024\/04\/33-963.pdf\">33.963 &#8211; Decreto Or\u00e7ament\u00e1rio<\/a><\/div>\n\n\n\n<div class=\"wp-block-file\"><a id=\"wp-block-file--media-517fa9ba-2400-4a93-9740-1ec4fcb8ea8a\" href=\"https:\/\/jundiai.sp.gov.br\/casa-civil\/wp-content\/uploads\/sites\/6\/2024\/04\/33-964.pdf\">33.964 &#8211; Institui Plano Municipal<\/a><\/div>\n\n\n\n<div class=\"wp-block-file\"><a id=\"wp-block-file--media-f26e6f31-ecf0-4cb0-83f4-40baeec74655\" href=\"https:\/\/jundiai.sp.gov.br\/casa-civil\/wp-content\/uploads\/sites\/6\/2024\/04\/33-965.pdf\">33.965 &#8211; Decreto Or\u00e7ament\u00e1rio<\/a><\/div>\n\n\n\n<div class=\"wp-block-file\"><a id=\"wp-block-file--media-cece4702-55c5-4be6-bfe1-346ef74af132\" href=\"https:\/\/jundiai.sp.gov.br\/casa-civil\/wp-content\/uploads\/sites\/6\/2024\/04\/33-966.pdf\">33.966 &#8211; Decreto Or\u00e7ament\u00e1rio<\/a><\/div>\n\n\n\n<div class=\"wp-block-file\"><a id=\"wp-block-file--media-285fa267-4abc-4d8f-879a-48736187640e\" href=\"https:\/\/jundiai.sp.gov.br\/casa-civil\/wp-content\/uploads\/sites\/6\/2024\/04\/33-967.pdf\">33.967 &#8211; Decreto Or\u00e7ament\u00e1rio<\/a><\/div>\n\n\n\n<div class=\"wp-block-file\"><a id=\"wp-block-file--media-801523eb-e9ea-4708-b999-ac764046286a\" href=\"https:\/\/jundiai.sp.gov.br\/casa-civil\/wp-content\/uploads\/sites\/6\/2024\/04\/33-968.pdf\">33.968 &#8211; Decreto Or\u00e7ament\u00e1rio<\/a><\/div>\n\n\n\n<div class=\"wp-block-file\"><a id=\"wp-block-file--media-178907aa-7988-480e-b42b-f196b9a60bcb\" href=\"https:\/\/jundiai.sp.gov.br\/casa-civil\/wp-content\/uploads\/sites\/6\/2024\/04\/33-969_fmj.pdf\">33.969 &#8211; Decreto Or\u00e7ament\u00e1rio<\/a><\/div>\n\n\n\n<div class=\"wp-block-file\"><a id=\"wp-block-file--media-87da296a-4b29-456f-92da-7dc6bb89783f\" href=\"https:\/\/jundiai.sp.gov.br\/casa-civil\/wp-content\/uploads\/sites\/6\/2024\/04\/33-970_fmj.pdf\">33.970 &#8211; Decreto Or\u00e7ament\u00e1rio <\/a><\/div>\n\n\n\n<div class=\"wp-block-file\"><a id=\"wp-block-file--media-37e4d1b1-950f-4487-88a6-5dce04866fa5\" href=\"https:\/\/jundiai.sp.gov.br\/casa-civil\/wp-content\/uploads\/sites\/6\/2024\/04\/33-971.pdf\">33.971 &#8211; Decreto Or\u00e7ament\u00e1rio<\/a><\/div>\n\n\n\n<div class=\"wp-block-file\"><a id=\"wp-block-file--media-9dbc3a85-4f03-48a6-91ec-7759de1077c0\" href=\"https:\/\/jundiai.sp.gov.br\/casa-civil\/wp-content\/uploads\/sites\/6\/2024\/04\/33-972.pdf\">33.972 &#8211; Decreto Or\u00e7ament\u00e1rio<\/a><\/div>\n\n\n\n<div class=\"wp-block-file\"><a id=\"wp-block-file--media-306e8100-c8a3-4f1e-acf5-50029c39e46d\" href=\"https:\/\/jundiai.sp.gov.br\/casa-civil\/wp-content\/uploads\/sites\/6\/2024\/04\/33-973.pdf\">33.973 &#8211; Decreto Or\u00e7ament\u00e1rio<\/a><\/div>\n\n\n\n<div class=\"wp-block-file\"><a id=\"wp-block-file--media-3f7995a8-0b17-41fd-8148-9ec0ac0fd2e4\" href=\"https:\/\/jundiai.sp.gov.br\/casa-civil\/wp-content\/uploads\/sites\/6\/2024\/04\/33-974.pdf\">33.974 &#8211; Decreto Or\u00e7ament\u00e1rio<\/a><\/div>\n\n\n\n<div class=\"wp-block-file\"><a id=\"wp-block-file--media-cb07f6f4-fd1b-403f-bfba-9f0667f6e1ba\" href=\"https:\/\/jundiai.sp.gov.br\/casa-civil\/wp-content\/uploads\/sites\/6\/2024\/04\/33-975.pdf\">33.975 &#8211; Decreto Or\u00e7ament\u00e1rio<\/a><\/div>\n\n\n\n<div class=\"wp-block-file\"><a id=\"wp-block-file--media-6ba488f5-b92f-4179-bdcb-89806105129a\" href=\"https:\/\/jundiai.sp.gov.br\/casa-civil\/wp-content\/uploads\/sites\/6\/2024\/05\/33-976.pdf\">33.976 &#8211; Decreto Or\u00e7ament\u00e1rio<\/a><\/div>\n\n\n\n<div class=\"wp-block-file\"><a id=\"wp-block-file--media-26ae1dc5-350d-4bd4-8ff0-3da10be8a0b3\" href=\"https:\/\/jundiai.sp.gov.br\/casa-civil\/wp-content\/uploads\/sites\/6\/2024\/05\/33-977.pdf\">33.977 &#8211; Decreto Or\u00e7ament\u00e1rio<\/a><\/div>\n\n\n\n<div class=\"wp-block-file\"><a id=\"wp-block-file--media-29377184-d065-405c-adfd-4e9904a34c92\" href=\"https:\/\/jundiai.sp.gov.br\/casa-civil\/wp-content\/uploads\/sites\/6\/2024\/05\/33-978.pdf\">33.978 &#8211; Decreto Or\u00e7ament\u00e1rio<\/a><\/div>\n<\/div>\n<\/div>\n\n\n\n<div class=\"wp-block-columns is-layout-flex wp-container-core-columns-is-layout-9d6595d7 wp-block-columns-is-layout-flex\">\n<div class=\"wp-block-column is-layout-flow wp-block-column-is-layout-flow\"><\/div>\n\n\n\n<div class=\"wp-block-column is-layout-flow wp-block-column-is-layout-flow\"><\/div>\n<\/div>\n","protected":false},"excerpt":{"rendered":"","protected":false},"author":75,"featured_media":0,"parent":8212,"menu_order":4,"comment_status":"closed","ping_status":"closed","template":"","meta":{"footnotes":""},"class_list":["post-8236","page","type-page","status-publish","hentry"],"_links":{"self":[{"href":"https:\/\/jundiai.sp.gov.br\/casa-civil\/wp-json\/wp\/v2\/pages\/8236","targetHints":{"allow":["GET"]}}],"collection":[{"href":"https:\/\/jundiai.sp.gov.br\/casa-civil\/wp-json\/wp\/v2\/pages"}],"about":[{"href":"https:\/\/jundiai.sp.gov.br\/casa-civil\/wp-json\/wp\/v2\/types\/page"}],"author":[{"embeddable":true,"href":"https:\/\/jundiai.sp.gov.br\/casa-civil\/wp-json\/wp\/v2\/users\/75"}],"replies":[{"embeddable":true,"href":"https:\/\/jundiai.sp.gov.br\/casa-civil\/wp-json\/wp\/v2\/comments?post=8236"}],"version-history":[{"count":27,"href":"https:\/\/jundiai.sp.gov.br\/casa-civil\/wp-json\/wp\/v2\/pages\/8236\/revisions"}],"predecessor-version":[{"id":9245,"href":"https:\/\/jundiai.sp.gov.br\/casa-civil\/wp-json\/wp\/v2\/pages\/8236\/revisions\/9245"}],"up":[{"embeddable":true,"href":"https:\/\/jundiai.sp.gov.br\/casa-civil\/wp-json\/wp\/v2\/pages\/8212"}],"wp:attachment":[{"href":"https:\/\/jundiai.sp.gov.br\/casa-civil\/wp-json\/wp\/v2\/media?parent=8236"}],"curies":[{"name":"wp","href":"https:\/\/api.w.org\/{rel}","templated":true}]}}