{"id":8247,"date":"2024-03-06T10:13:05","date_gmt":"2024-03-06T13:13:05","guid":{"rendered":"https:\/\/jundiai.sp.gov.br\/casa-civil\/?page_id=8247"},"modified":"2024-12-05T13:18:37","modified_gmt":"2024-12-05T16:18:37","slug":"agosto","status":"publish","type":"page","link":"https:\/\/jundiai.sp.gov.br\/casa-civil\/decretos-municipais\/2024-2\/agosto\/","title":{"rendered":"Agosto"},"content":{"rendered":"\n<div class=\"wp-block-columns is-layout-flex wp-container-core-columns-is-layout-9d6595d7 wp-block-columns-is-layout-flex\">\n<div class=\"wp-block-column is-layout-flow wp-block-column-is-layout-flow\">\n<div class=\"wp-block-file\"><a id=\"wp-block-file--media-59cd682e-bc5a-43a3-a40e-6c6cac8536e2\" href=\"https:\/\/jundiai.sp.gov.br\/casa-civil\/wp-content\/uploads\/sites\/6\/2024\/08\/34-309.pdf\">34.309 &#8211; Declara\u00e7\u00e3o de Utilidade P\u00fablica<\/a><\/div>\n\n\n\n<div class=\"wp-block-file\"><a id=\"wp-block-file--media-e1860b9b-560d-4bda-95a1-a50842f3dd02\" href=\"https:\/\/jundiai.sp.gov.br\/casa-civil\/wp-content\/uploads\/sites\/6\/2024\/08\/34-310.pdf\">34.310 &#8211; Declara\u00e7\u00e3o de Utilidade P\u00fablica<\/a><\/div>\n\n\n\n<div class=\"wp-block-file\"><a id=\"wp-block-file--media-732c1273-63fb-49cf-8e0f-475e9c534b31\" href=\"https:\/\/jundiai.sp.gov.br\/casa-civil\/wp-content\/uploads\/sites\/6\/2024\/08\/34-311.pdf\">34.311 &#8211; Decreto Or\u00e7ament\u00e1rio <\/a><\/div>\n\n\n\n<div class=\"wp-block-file\"><a id=\"wp-block-file--media-b049b1bb-5db8-40c5-bfa7-cbe5285f56b8\" href=\"https:\/\/jundiai.sp.gov.br\/casa-civil\/wp-content\/uploads\/sites\/6\/2024\/08\/34-312.pdf\">34.312 &#8211; Decreto Or\u00e7ament\u00e1rio<\/a><\/div>\n\n\n\n<div class=\"wp-block-file\"><a id=\"wp-block-file--media-7a3fb9d7-96d2-4eae-a8c4-83102e03f585\" href=\"https:\/\/jundiai.sp.gov.br\/casa-civil\/wp-content\/uploads\/sites\/6\/2024\/08\/34-313.pdf\">34.313 &#8211; Decreto Or\u00e7ament\u00e1rio<\/a><\/div>\n\n\n\n<div class=\"wp-block-file\"><a id=\"wp-block-file--media-6fbd055e-1458-46a8-b4c4-f1339e36ff94\" href=\"https:\/\/jundiai.sp.gov.br\/casa-civil\/wp-content\/uploads\/sites\/6\/2024\/08\/34-314.pdf\">34.314 &#8211; Decreto Or\u00e7ament\u00e1rio<\/a><\/div>\n\n\n\n<div class=\"wp-block-file\"><a id=\"wp-block-file--media-81ad3e9f-9fd2-4f90-baa9-f19196c7cccf\" href=\"https:\/\/jundiai.sp.gov.br\/casa-civil\/wp-content\/uploads\/sites\/6\/2024\/08\/34-315.pdf\">34.315 &#8211; Decreto Or\u00e7ament\u00e1rio<\/a><\/div>\n\n\n\n<div class=\"wp-block-file\"><a id=\"wp-block-file--media-17f7a098-658a-4d5f-b572-eb9ba571d16b\" href=\"https:\/\/jundiai.sp.gov.br\/casa-civil\/wp-content\/uploads\/sites\/6\/2024\/08\/34-316.pdf\">34.316 &#8211; Decreto Or\u00e7ament\u00e1rio<\/a><\/div>\n\n\n\n<div class=\"wp-block-file\"><a id=\"wp-block-file--media-effc9005-22e0-422e-9a6f-d25ec41277f1\" href=\"https:\/\/jundiai.sp.gov.br\/casa-civil\/wp-content\/uploads\/sites\/6\/2024\/08\/34-317.pdf\">34.317 &#8211; Decreto Or\u00e7ament\u00e1rio<\/a><\/div>\n\n\n\n<div class=\"wp-block-file\"><a id=\"wp-block-file--media-636f08d1-0f83-4646-93ba-e3a5aa6f15fb\" href=\"https:\/\/jundiai.sp.gov.br\/casa-civil\/wp-content\/uploads\/sites\/6\/2024\/08\/34-318.pdf\">34.318 &#8211; Decreto Or\u00e7ament\u00e1rio<\/a><\/div>\n\n\n\n<div class=\"wp-block-file\"><a id=\"wp-block-file--media-feb37234-5334-4cd0-bb2b-4cfe1f909344\" href=\"https:\/\/jundiai.sp.gov.br\/casa-civil\/wp-content\/uploads\/sites\/6\/2024\/08\/34-319.pdf\">34.319 &#8211; Decreto Or\u00e7ament\u00e1rio<\/a><\/div>\n\n\n\n<div class=\"wp-block-file\"><a id=\"wp-block-file--media-ea5d5a6f-3936-4659-92f8-9de2c64f4e47\" href=\"https:\/\/jundiai.sp.gov.br\/casa-civil\/wp-content\/uploads\/sites\/6\/2024\/08\/34-320.pdf\">34.320 &#8211; Decreto Or\u00e7ament\u00e1rio<\/a><\/div>\n\n\n\n<div class=\"wp-block-file\"><a id=\"wp-block-file--media-88d5be7d-7480-4271-a45f-26d814dc6b50\" href=\"https:\/\/jundiai.sp.gov.br\/casa-civil\/wp-content\/uploads\/sites\/6\/2024\/08\/sei_1753703_decreto_n__34-321__de_06_de_agosto_de_2024.pdf\">34.321 &#8211; Altera\u00e7\u00e3o de Decreto<\/a><\/div>\n\n\n\n<div class=\"wp-block-file\"><a id=\"wp-block-file--media-24d263ad-95d1-4aaa-96eb-b151a4ef5859\" href=\"https:\/\/jundiai.sp.gov.br\/casa-civil\/wp-content\/uploads\/sites\/6\/2024\/08\/sei_1753926_decreto_n__34-322__de_06_de_agosto_de_2024.pdf\">34.322 &#8211; Renova\u00e7\u00e3o de Uso<\/a><\/div>\n\n\n\n<div class=\"wp-block-file\"><a id=\"wp-block-file--media-4f716e32-fe15-4044-b1aa-45ce61182b76\" href=\"https:\/\/jundiai.sp.gov.br\/casa-civil\/wp-content\/uploads\/sites\/6\/2024\/08\/34-323.pdf\">34.323 &#8211; Declara\u00e7\u00e3o de Utilidade P\u00fablica<\/a><\/div>\n\n\n\n<div class=\"wp-block-file\"><a id=\"wp-block-file--media-fbdd85c7-26f0-428c-82c5-3bb7dc69af64\" href=\"https:\/\/jundiai.sp.gov.br\/casa-civil\/wp-content\/uploads\/sites\/6\/2024\/08\/34-324.pdf\">34.324 &#8211; Declara\u00e7\u00e3o de Utilidade P\u00fablica<\/a><\/div>\n\n\n\n<div class=\"wp-block-file\"><a id=\"wp-block-file--media-fbd17a03-c66c-4477-9a71-4ea7f69891b6\" href=\"https:\/\/jundiai.sp.gov.br\/casa-civil\/wp-content\/uploads\/sites\/6\/2024\/08\/34-325.pdf\">34.325 &#8211; Decreto Or\u00e7ament\u00e1rio<\/a><\/div>\n\n\n\n<div class=\"wp-block-file\"><a id=\"wp-block-file--media-16555821-326b-44c0-8a50-5d0cc937092b\" href=\"https:\/\/jundiai.sp.gov.br\/casa-civil\/wp-content\/uploads\/sites\/6\/2024\/08\/34-326.pdf\">34.326 &#8211; Decreto Or\u00e7ament\u00e1rio<\/a><\/div>\n\n\n\n<div class=\"wp-block-file\"><a id=\"wp-block-file--media-6a94645c-c193-4f62-b53b-4fda2e07ba14\" href=\"https:\/\/jundiai.sp.gov.br\/casa-civil\/wp-content\/uploads\/sites\/6\/2024\/08\/34-327.pdf\">34.327 &#8211; Decreto Or\u00e7ament\u00e1rio<\/a><\/div>\n\n\n\n<div class=\"wp-block-file\"><a id=\"wp-block-file--media-0cb066b2-e85b-4f1e-bc15-e49696810312\" href=\"https:\/\/jundiai.sp.gov.br\/casa-civil\/wp-content\/uploads\/sites\/6\/2024\/08\/34-328.pdf\">34.328 &#8211; Decreto Or\u00e7ament\u00e1rio<\/a><\/div>\n\n\n\n<div class=\"wp-block-file\"><a id=\"wp-block-file--media-a0119b93-dba7-4ab5-8a6b-facb832a8d55\" href=\"https:\/\/jundiai.sp.gov.br\/casa-civil\/wp-content\/uploads\/sites\/6\/2024\/08\/34-329.pdf\">34.329 &#8211; Decreto Or\u00e7ament\u00e1rio<\/a><\/div>\n\n\n\n<div class=\"wp-block-file\"><a id=\"wp-block-file--media-5d113bcd-ed5b-4684-a586-95dbf32d42ab\" href=\"https:\/\/jundiai.sp.gov.br\/casa-civil\/wp-content\/uploads\/sites\/6\/2024\/08\/34-330.pdf\">34.330 &#8211; Decreto Or\u00e7ament\u00e1rio<\/a><\/div>\n\n\n\n<div class=\"wp-block-file\"><a id=\"wp-block-file--media-637e7aea-307a-44c0-9fb3-53c4d3cb517b\" href=\"https:\/\/jundiai.sp.gov.br\/casa-civil\/wp-content\/uploads\/sites\/6\/2024\/08\/34-331.pdf\">34.331 &#8211; Decreto Or\u00e7ament\u00e1rio<\/a><\/div>\n\n\n\n<div class=\"wp-block-file\"><a id=\"wp-block-file--media-ac31c5eb-eb65-403e-8572-e50d10015397\" href=\"https:\/\/jundiai.sp.gov.br\/casa-civil\/wp-content\/uploads\/sites\/6\/2024\/08\/sei_1762486_decreto_n__34-332__de_08_de_agosto_de_2024.pdf\">34.332 &#8211; Renova\u00e7\u00e3o de <span style=\"text-decoration: underline\">Uso<\/span><\/a><\/div>\n<\/div>\n\n\n\n<div class=\"wp-block-column is-layout-flow wp-block-column-is-layout-flow\">\n<div class=\"wp-block-file\"><a id=\"wp-block-file--media-afb0d970-d201-4984-80e6-c79c02701f96\" href=\"https:\/\/jundiai.sp.gov.br\/casa-civil\/wp-content\/uploads\/sites\/6\/2024\/08\/34-333.pdf\">34.333 &#8211; Decreto Or\u00e7ament\u00e1rio<\/a><\/div>\n\n\n\n<div class=\"wp-block-file\"><a id=\"wp-block-file--media-3f57e708-ff2d-4b01-a17c-e3484ed8332f\" href=\"https:\/\/jundiai.sp.gov.br\/casa-civil\/wp-content\/uploads\/sites\/6\/2024\/08\/34-334.pdf\">34.334 &#8211; Decreto Or\u00e7ament\u00e1rio<\/a><\/div>\n\n\n\n<div class=\"wp-block-file\"><a id=\"wp-block-file--media-9eaf0e64-2344-45f5-9e91-7c92e61cefd8\" href=\"https:\/\/jundiai.sp.gov.br\/casa-civil\/wp-content\/uploads\/sites\/6\/2024\/08\/34-335.pdf\">34.335 &#8211; Decreto Or\u00e7ament\u00e1rio<\/a><\/div>\n\n\n\n<div class=\"wp-block-file\"><a id=\"wp-block-file--media-61a63d20-9c7c-44f3-919e-4440042fd86d\" href=\"https:\/\/jundiai.sp.gov.br\/casa-civil\/wp-content\/uploads\/sites\/6\/2024\/08\/34-336.pdf\">34.336 &#8211; Decreto Or\u00e7ament\u00e1rio<\/a><\/div>\n\n\n\n<div class=\"wp-block-file\"><a id=\"wp-block-file--media-3e7608e2-e743-4005-8e70-2173bc424fc6\" href=\"https:\/\/jundiai.sp.gov.br\/casa-civil\/wp-content\/uploads\/sites\/6\/2024\/08\/34-337.pdf\">34.337 &#8211; Decreto Or\u00e7ament\u00e1rio<\/a><\/div>\n\n\n\n<div class=\"wp-block-file\"><a id=\"wp-block-file--media-0a385d66-65db-4338-90d2-377030be86aa\" href=\"https:\/\/jundiai.sp.gov.br\/casa-civil\/wp-content\/uploads\/sites\/6\/2024\/08\/34-338.pdf\">34.338 &#8211; Decreto Or\u00e7ament\u00e1rio<\/a><\/div>\n\n\n\n<div class=\"wp-block-file\"><a id=\"wp-block-file--media-c335673b-f2c7-4093-94ca-c869a03b38b2\" href=\"https:\/\/jundiai.sp.gov.br\/casa-civil\/wp-content\/uploads\/sites\/6\/2024\/08\/34-339.pdf\">34.339 &#8211; Decreto Or\u00e7ament\u00e1rio<\/a><\/div>\n\n\n\n<div class=\"wp-block-file\"><a id=\"wp-block-file--media-48c9e39b-3c56-4f26-af7a-eccdc0869897\" href=\"https:\/\/jundiai.sp.gov.br\/casa-civil\/wp-content\/uploads\/sites\/6\/2024\/08\/34-340.pdf\">34.340 &#8211; Decreto Or\u00e7ament\u00e1rio<\/a><\/div>\n\n\n\n<div class=\"wp-block-file\"><a id=\"wp-block-file--media-daf1b5a8-a55e-4790-b835-bfba923bd3d0\" href=\"https:\/\/jundiai.sp.gov.br\/casa-civil\/wp-content\/uploads\/sites\/6\/2024\/08\/34-341.pdf\">34.341 &#8211; Regulamenta\u00e7\u00e3o <\/a><\/div>\n\n\n\n<div class=\"wp-block-file\"><a id=\"wp-block-file--media-51c4db82-c4c4-4248-aec6-1eb98213429d\" href=\"https:\/\/jundiai.sp.gov.br\/casa-civil\/wp-content\/uploads\/sites\/6\/2024\/08\/34-342.pdf\">34.342 &#8211; Decreto Or\u00e7ament\u00e1rio<\/a><\/div>\n\n\n\n<div class=\"wp-block-file\"><a id=\"wp-block-file--media-b31f34e1-704b-4415-b9f9-c0850b0de090\" href=\"https:\/\/jundiai.sp.gov.br\/casa-civil\/wp-content\/uploads\/sites\/6\/2024\/08\/34-343.pdf\">34.343 &#8211; Decreto Or\u00e7ament\u00e1rio<\/a><\/div>\n\n\n\n<div class=\"wp-block-file\"><a id=\"wp-block-file--media-d7c891a2-52ac-48a4-8873-b6c78c8ace10\" href=\"https:\/\/jundiai.sp.gov.br\/casa-civil\/wp-content\/uploads\/sites\/6\/2024\/08\/34-344.pdf\">34.344 &#8211; Decreto Or\u00e7ament\u00e1rio<\/a><\/div>\n\n\n\n<div class=\"wp-block-file\"><a id=\"wp-block-file--media-27ac4b1f-abea-46de-953c-796eeb1459bd\" href=\"https:\/\/jundiai.sp.gov.br\/casa-civil\/wp-content\/uploads\/sites\/6\/2024\/08\/34-345.pdf\">34.345 &#8211; Decreto Or\u00e7ament\u00e1rio<\/a><\/div>\n\n\n\n<div class=\"wp-block-file\"><a id=\"wp-block-file--media-f959a788-fe7f-4a88-b211-19e5f39b90e3\" href=\"https:\/\/jundiai.sp.gov.br\/casa-civil\/wp-content\/uploads\/sites\/6\/2024\/08\/34-346.pdf\">34.346 &#8211; Decreto Or\u00e7ament\u00e1rio<\/a><\/div>\n\n\n\n<div class=\"wp-block-file\"><a id=\"wp-block-file--media-17a0249a-fd34-4153-89fa-3e6fed8167c7\" href=\"https:\/\/jundiai.sp.gov.br\/casa-civil\/wp-content\/uploads\/sites\/6\/2024\/08\/34-347.pdf\">34.347 &#8211; Decreto Or\u00e7ament\u00e1rio<\/a><\/div>\n\n\n\n<div class=\"wp-block-file\"><a id=\"wp-block-file--media-2a9c2ded-cb47-45f8-a355-ca2e21cc2bab\" href=\"https:\/\/jundiai.sp.gov.br\/casa-civil\/wp-content\/uploads\/sites\/6\/2024\/08\/sei_1787475_decreto_orcamentario_34-348.pdf\">34.348 &#8211; Decreto Or\u00e7ament\u00e1rio<\/a><\/div>\n\n\n\n<div class=\"wp-block-file\"><a id=\"wp-block-file--media-cd0cbec4-cf60-41ad-8c73-7b3ea7693325\" href=\"https:\/\/jundiai.sp.gov.br\/casa-civil\/wp-content\/uploads\/sites\/6\/2024\/08\/sei_1787478_decreto_orcamentario_34-349.pdf\">34.349 &#8211; Decreto Or\u00e7ament\u00e1rio<\/a><\/div>\n\n\n\n<div class=\"wp-block-file\"><a id=\"wp-block-file--media-d9ee091d-7fa8-41dc-ba1c-7155f6dab79f\" href=\"https:\/\/jundiai.sp.gov.br\/casa-civil\/wp-content\/uploads\/sites\/6\/2024\/08\/sei_1787480_decreto_orcamentario_34-350.pdf\">34.350 &#8211; Decreto Or\u00e7ament\u00e1rio<\/a><\/div>\n\n\n\n<div class=\"wp-block-file\"><a id=\"wp-block-file--media-5dd6e5bc-d485-4b46-aa35-99910561e25c\" href=\"https:\/\/jundiai.sp.gov.br\/casa-civil\/wp-content\/uploads\/sites\/6\/2024\/08\/sei_1787482_decreto_orcamentario_34-351_fumas.pdf\">34.351 &#8211; Decreto Or\u00e7ament\u00e1rio<\/a><\/div>\n\n\n\n<div class=\"wp-block-file\"><a id=\"wp-block-file--media-91a4bd95-10fd-49b5-b9f3-d8a97887718b\" href=\"https:\/\/jundiai.sp.gov.br\/casa-civil\/wp-content\/uploads\/sites\/6\/2024\/08\/sei_1787711_decreto_orcamentario_34-352.pdf\">34.352 &#8211; Decreto Or\u00e7ament\u00e1rio<\/a><\/div>\n\n\n\n<div class=\"wp-block-file\"><a id=\"wp-block-file--media-e43907ab-8bbc-4ea1-9fed-0c2bf92ad0c7\" href=\"https:\/\/jundiai.sp.gov.br\/casa-civil\/wp-content\/uploads\/sites\/6\/2024\/08\/sei_1787785_decreto_orcamentario_34-353.pdf\">34.353 &#8211; Decreto Or\u00e7ament\u00e1rio<\/a><\/div>\n\n\n\n<div class=\"wp-block-file\"><a id=\"wp-block-file--media-e1c617f2-42ae-4fc4-a807-f5c0f8b8f59e\" href=\"https:\/\/jundiai.sp.gov.br\/casa-civil\/wp-content\/uploads\/sites\/6\/2024\/11\/sei_1791367_decreto_n__34-355__de_23_de_agosto_de_2024.pdf\">34.355 &#8211; Autoriza\u00e7\u00e3o de Uso<\/a><\/div>\n\n\n\n<div class=\"wp-block-file\"><a id=\"wp-block-file--media-69a36f4a-c658-4f3c-86cf-accab946a95e\" href=\"https:\/\/jundiai.sp.gov.br\/casa-civil\/wp-content\/uploads\/sites\/6\/2024\/09\/sei_1787059_decreto_n__34-356__de_23_de_agosto_de_2024.pdf\">34.356 &#8211; Renova\u00e7\u00e3o de Uso<\/a><\/div>\n<\/div>\n\n\n\n<div class=\"wp-block-column is-layout-flow wp-block-column-is-layout-flow\">\n<div class=\"wp-block-file\"><a id=\"wp-block-file--media-5228324d-499b-4aeb-bfe3-0e9f17f139b3\" href=\"https:\/\/jundiai.sp.gov.br\/casa-civil\/wp-content\/uploads\/sites\/6\/2024\/08\/sei_1794457_decreto_orcamentario_34-357-1.pdf\">34.357 &#8211; Decreto Or\u00e7ament\u00e1rio<\/a><\/div>\n\n\n\n<div class=\"wp-block-file\"><a id=\"wp-block-file--media-af541b38-1aca-4636-9420-263ee82906bf\" href=\"https:\/\/jundiai.sp.gov.br\/casa-civil\/wp-content\/uploads\/sites\/6\/2024\/08\/sei_1794459_decreto_orcamentario_34-358-1.pdf\">34.358 &#8211; Decreto Or\u00e7ament\u00e1rio<\/a><\/div>\n\n\n\n<div class=\"wp-block-file\"><a id=\"wp-block-file--media-4d748853-7081-4bc2-9341-3ef4efa08693\" href=\"https:\/\/jundiai.sp.gov.br\/casa-civil\/wp-content\/uploads\/sites\/6\/2024\/08\/sei_1794461_decreto_orcamentario_34-359_fmj-1.pdf\">34.359 &#8211; Decreto Or\u00e7ament\u00e1rio<\/a><\/div>\n\n\n\n<div class=\"wp-block-file\"><a id=\"wp-block-file--media-5c886e33-f02f-433a-94f1-7e20574e6bf2\" href=\"https:\/\/jundiai.sp.gov.br\/casa-civil\/wp-content\/uploads\/sites\/6\/2024\/08\/sei_1795410_decreto_orcamentario_34-360-1.pdf\">34.360 &#8211; Decreto Or\u00e7ament\u00e1rio<\/a><\/div>\n\n\n\n<div class=\"wp-block-file\"><a id=\"wp-block-file--media-379cd27f-0a66-4eb1-863d-1129b5b17043\" href=\"https:\/\/jundiai.sp.gov.br\/casa-civil\/wp-content\/uploads\/sites\/6\/2024\/10\/sei_1795722_decreto_n__34-361__de_27_de_agosto_de_2024.pdf\">34.361 &#8211; Regulamenta a Lei n\u00ba 6.759\/2006<\/a><\/div>\n\n\n\n<div class=\"wp-block-file\"><a id=\"wp-block-file--media-feb59198-9a77-4371-9bd9-e22635c00151\" href=\"https:\/\/jundiai.sp.gov.br\/casa-civil\/wp-content\/uploads\/sites\/6\/2024\/08\/sei_1796422_decreto_orcamentario_34-362.pdf\">34.362 &#8211; Decreto Or\u00e7ament\u00e1rio<\/a><\/div>\n\n\n\n<div class=\"wp-block-file\"><a id=\"wp-block-file--media-7d0fffd8-ee90-47fa-868f-9dac8e82bc88\" href=\"https:\/\/jundiai.sp.gov.br\/casa-civil\/wp-content\/uploads\/sites\/6\/2024\/08\/sei_1796426_decreto_orcamentario_34-363.pdf\">34.363 &#8211; Decreto Or\u00e7ament\u00e1rio<\/a><\/div>\n\n\n\n<div class=\"wp-block-file\"><a id=\"wp-block-file--media-2db44e1d-5272-49aa-b7d1-1a585cc8ecae\" href=\"https:\/\/jundiai.sp.gov.br\/casa-civil\/wp-content\/uploads\/sites\/6\/2024\/08\/sei_1796428_decreto_orcamentario_34-364.pdf\">34.364 &#8211; Decreto Or\u00e7ament\u00e1rio<\/a><\/div>\n\n\n\n<div class=\"wp-block-file\"><a id=\"wp-block-file--media-5f771042-5251-4c0d-bac6-4e40c0117b94\" href=\"https:\/\/jundiai.sp.gov.br\/casa-civil\/wp-content\/uploads\/sites\/6\/2024\/08\/sei_1796430_decreto_orcamentario_34-365.pdf\">34.365 &#8211; Decreto Or\u00e7ament\u00e1rio<\/a><\/div>\n\n\n\n<div class=\"wp-block-file\"><a id=\"wp-block-file--media-9a38c078-fff5-4c59-8be3-d20bd1cb4ef6\" href=\"https:\/\/jundiai.sp.gov.br\/casa-civil\/wp-content\/uploads\/sites\/6\/2024\/08\/sei_1798894_decreto_orcamentario_31-366.pdf\">34.366 &#8211; Decreto Or\u00e7ament\u00e1rio<\/a><\/div>\n\n\n\n<div class=\"wp-block-file\"><a id=\"wp-block-file--media-a52f9828-ec20-4331-aacb-4f314face5be\" href=\"https:\/\/jundiai.sp.gov.br\/casa-civil\/wp-content\/uploads\/sites\/6\/2024\/08\/sei_1798898_decreto_orcamentario_34-367.pdf\">34.367 &#8211; Decreto Or\u00e7ament\u00e1rio<\/a><\/div>\n\n\n\n<div class=\"wp-block-file\"><a id=\"wp-block-file--media-daacc420-07bc-4fd2-a14e-58cb9e6d76f8\" href=\"https:\/\/jundiai.sp.gov.br\/casa-civil\/wp-content\/uploads\/sites\/6\/2024\/08\/sei_1798904_decreto_orcamentario_34-368.pdf\">34.368 &#8211; Decreto Or\u00e7ament\u00e1rio<\/a><\/div>\n\n\n\n<div class=\"wp-block-file\"><a id=\"wp-block-file--media-2a6b053a-e023-4369-834a-df5d68258f9b\" href=\"https:\/\/jundiai.sp.gov.br\/casa-civil\/wp-content\/uploads\/sites\/6\/2024\/11\/sei_1798691_decreto_n__34-369__de_28_de_agosto_de_2023.pdf\">34.369 &#8211; Renova\u00e7\u00e3o de Uso<\/a><\/div>\n\n\n\n<div class=\"wp-block-file\"><a id=\"wp-block-file--media-f5ebd7a9-6280-46e7-9cd1-28d3f6a7de0e\" href=\"https:\/\/jundiai.sp.gov.br\/casa-civil\/wp-content\/uploads\/sites\/6\/2024\/12\/34-370.pdf\">34.370 &#8211; Decreto Or\u00e7ament\u00e1rio<\/a><\/div>\n\n\n\n<div class=\"wp-block-file\"><a id=\"wp-block-file--media-000af535-3087-4dca-a003-594e42b0236a\" href=\"https:\/\/jundiai.sp.gov.br\/casa-civil\/wp-content\/uploads\/sites\/6\/2024\/09\/34-371.pdf\">34.371 &#8211; Decreto Or\u00e7ament\u00e1rio<\/a><\/div>\n\n\n\n<div class=\"wp-block-file\"><a id=\"wp-block-file--media-1a0236f5-c34f-4715-93be-4f6f5d0aaa83\" href=\"https:\/\/jundiai.sp.gov.br\/casa-civil\/wp-content\/uploads\/sites\/6\/2024\/09\/34-372.pdf\">34.372 &#8211; Decreto Or\u00e7ament\u00e1rio<\/a><\/div>\n\n\n\n<div class=\"wp-block-file\"><a id=\"wp-block-file--media-bfdfb805-6dab-43b6-a92e-f5789593975b\" href=\"https:\/\/jundiai.sp.gov.br\/casa-civil\/wp-content\/uploads\/sites\/6\/2024\/09\/34-373.pdf\">34.373 &#8211; Decreto Or\u00e7ament\u00e1rio<\/a><\/div>\n\n\n\n<div class=\"wp-block-file\"><a id=\"wp-block-file--media-8c4ec55d-aea0-4281-a31c-18a40d6f9412\" href=\"https:\/\/jundiai.sp.gov.br\/casa-civil\/wp-content\/uploads\/sites\/6\/2024\/09\/34-374.pdf\">34.374 &#8211; Decreto Or\u00e7ament\u00e1rio<\/a><\/div>\n\n\n\n<div class=\"wp-block-file\"><a id=\"wp-block-file--media-0cf7c117-5094-4d09-8c43-78f9be5d35d3\" href=\"https:\/\/jundiai.sp.gov.br\/casa-civil\/wp-content\/uploads\/sites\/6\/2024\/09\/34-375.pdf\">34.375 &#8211; Decreto Or\u00e7ament\u00e1rio<\/a><\/div>\n\n\n\n<div class=\"wp-block-file\"><a id=\"wp-block-file--media-4e40d809-5ca2-4313-8a6e-ff8847ffd585\" href=\"https:\/\/jundiai.sp.gov.br\/casa-civil\/wp-content\/uploads\/sites\/6\/2024\/09\/34-376.pdf\">34.376 &#8211; Decreto Or\u00e7ament\u00e1rio<\/a><\/div>\n\n\n\n<div class=\"wp-block-file\"><a id=\"wp-block-file--media-5700cf0f-38e5-4b8f-ad8d-a11a709b11e2\" href=\"https:\/\/jundiai.sp.gov.br\/casa-civil\/wp-content\/uploads\/sites\/6\/2024\/09\/34-377.pdf\">34.377 &#8211; Decreto Or\u00e7ament\u00e1rio<\/a><\/div>\n\n\n\n<div class=\"wp-block-file\"><a id=\"wp-block-file--media-086aad9d-404e-4bdf-97e0-35354faa6fcb\" href=\"https:\/\/jundiai.sp.gov.br\/casa-civil\/wp-content\/uploads\/sites\/6\/2024\/09\/34-378.pdf\">34.378 &#8211; Decreto Or\u00e7ament\u00e1rio<\/a><\/div>\n\n\n\n<div class=\"wp-block-file\"><a id=\"wp-block-file--media-bfbb9d5e-3412-49eb-a246-3d1de254c394\" href=\"https:\/\/jundiai.sp.gov.br\/casa-civil\/wp-content\/uploads\/sites\/6\/2024\/11\/34-379.pdf\">34.379 &#8211; Declara\u00e7\u00e3o de Utilidade P\u00fablica<\/a><\/div>\n\n\n\n<div class=\"wp-block-file\"><a id=\"wp-block-file--media-538aa47c-14dc-4b96-b0b4-c651ff90440a\" href=\"https:\/\/jundiai.sp.gov.br\/casa-civil\/wp-content\/uploads\/sites\/6\/2024\/11\/34-380.pdf\">34.380 &#8211; Declara\u00e7\u00e3o de Utilidade P\u00fablica<\/a><\/div>\n\n\n\n<div class=\"wp-block-file\"><a id=\"wp-block-file--media-144b7554-ae0f-4008-9e47-73e5e24c1fa5\" href=\"https:\/\/jundiai.sp.gov.br\/casa-civil\/wp-content\/uploads\/sites\/6\/2024\/11\/34-381.pdf\">34.381 &#8211; Declara\u00e7\u00e3o de Utilidade P\u00fablica<\/a><\/div>\n<\/div>\n<\/div>\n\n\n\n<p><\/p>\n","protected":false},"excerpt":{"rendered":"","protected":false},"author":75,"featured_media":0,"parent":8212,"menu_order":8,"comment_status":"closed","ping_status":"closed","template":"","meta":{"footnotes":""},"class_list":["post-8247","page","type-page","status-publish","hentry"],"_links":{"self":[{"href":"https:\/\/jundiai.sp.gov.br\/casa-civil\/wp-json\/wp\/v2\/pages\/8247","targetHints":{"allow":["GET"]}}],"collection":[{"href":"https:\/\/jundiai.sp.gov.br\/casa-civil\/wp-json\/wp\/v2\/pages"}],"about":[{"href":"https:\/\/jundiai.sp.gov.br\/casa-civil\/wp-json\/wp\/v2\/types\/page"}],"author":[{"embeddable":true,"href":"https:\/\/jundiai.sp.gov.br\/casa-civil\/wp-json\/wp\/v2\/users\/75"}],"replies":[{"embeddable":true,"href":"https:\/\/jundiai.sp.gov.br\/casa-civil\/wp-json\/wp\/v2\/comments?post=8247"}],"version-history":[{"count":11,"href":"https:\/\/jundiai.sp.gov.br\/casa-civil\/wp-json\/wp\/v2\/pages\/8247\/revisions"}],"predecessor-version":[{"id":10352,"href":"https:\/\/jundiai.sp.gov.br\/casa-civil\/wp-json\/wp\/v2\/pages\/8247\/revisions\/10352"}],"up":[{"embeddable":true,"href":"https:\/\/jundiai.sp.gov.br\/casa-civil\/wp-json\/wp\/v2\/pages\/8212"}],"wp:attachment":[{"href":"https:\/\/jundiai.sp.gov.br\/casa-civil\/wp-json\/wp\/v2\/media?parent=8247"}],"curies":[{"name":"wp","href":"https:\/\/api.w.org\/{rel}","templated":true}]}}