{"id":57,"date":"2025-10-31T16:55:25","date_gmt":"2025-10-31T19:55:25","guid":{"rendered":"http:\/\/localhost\/portal\/?page_id=57"},"modified":"2025-10-31T16:55:25","modified_gmt":"2025-10-31T19:55:25","slug":"foto","status":"publish","type":"page","link":"https:\/\/jundiai.sp.gov.br\/centrodagente\/","title":{"rendered":"O cora\u00e7\u00e3o de Jundia\u00ed batendo forte novamente."},"content":{"rendered":"\n<p>O Centro da Gente \u00e9 o programa de revitaliza\u00e7\u00e3o e valoriza\u00e7\u00e3o do Centro de Jundia\u00ed.<\/p>\n\n\n\n<p>Lan\u00e7ado em 2025, ele marca uma nova etapa, unindo esfor\u00e7os de diversas secretarias municipais para devolver vitalidade \u00e0 regi\u00e3o e promover melhorias para quem vive, trabalha e circula pelo local.<\/p>\n\n\n\n<div class=\"wp-block-buttons is-content-justification-center is-layout-flex wp-container-core-buttons-is-layout-16018d1d wp-block-buttons-is-layout-flex\">\n<div class=\"wp-block-button\"><a class=\"wp-block-button__link wp-element-button\">Explore os projetos<\/a><\/div>\n<\/div>\n","protected":false},"excerpt":{"rendered":"<p>O Centro da Gente \u00e9 o programa de revitaliza\u00e7\u00e3o e valoriza\u00e7\u00e3o do Centro de Jundia\u00ed. Lan\u00e7ado em 2025, ele marca uma nova etapa, unindo esfor\u00e7os de diversas secretarias municipais para devolver vitalidade \u00e0 regi\u00e3o e promover melhorias para quem vive, trabalha e circula pelo local.<\/p>\n","protected":false},"author":5,"featured_media":0,"parent":0,"menu_order":1,"comment_status":"closed","ping_status":"closed","template":"","meta":{"footnotes":""},"class_list":["post-57","page","type-page","status-publish","hentry"],"_links":{"self":[{"href":"https:\/\/jundiai.sp.gov.br\/centrodagente\/wp-json\/wp\/v2\/pages\/57","targetHints":{"allow":["GET"]}}],"collection":[{"href":"https:\/\/jundiai.sp.gov.br\/centrodagente\/wp-json\/wp\/v2\/pages"}],"about":[{"href":"https:\/\/jundiai.sp.gov.br\/centrodagente\/wp-json\/wp\/v2\/types\/page"}],"author":[{"embeddable":true,"href":"https:\/\/jundiai.sp.gov.br\/centrodagente\/wp-json\/wp\/v2\/users\/5"}],"replies":[{"embeddable":true,"href":"https:\/\/jundiai.sp.gov.br\/centrodagente\/wp-json\/wp\/v2\/comments?post=57"}],"version-history":[{"count":0,"href":"https:\/\/jundiai.sp.gov.br\/centrodagente\/wp-json\/wp\/v2\/pages\/57\/revisions"}],"wp:attachment":[{"href":"https:\/\/jundiai.sp.gov.br\/centrodagente\/wp-json\/wp\/v2\/media?parent=57"}],"curies":[{"name":"wp","href":"https:\/\/api.w.org\/{rel}","templated":true}]}}