{"id":5,"date":"2014-09-17T19:16:54","date_gmt":"2014-09-17T19:16:54","guid":{"rendered":"https:\/\/jundiai.sp.gov.br\/cijun\/?page_id=5"},"modified":"2025-01-08T12:53:46","modified_gmt":"2025-01-08T15:53:46","slug":"companhia-de-informatica-de-jundiai","status":"publish","type":"page","link":"https:\/\/jundiai.sp.gov.br\/cijun\/","title":{"rendered":"Companhia de Inform\u00e1tica de Jundia\u00ed (CIJUN)"},"content":{"rendered":"\n<p>A <a href=\"http:\/\/www.cijun.sp.gov.br\/\" target=\"_blank\" rel=\"noopener noreferrer\">Companhia de Inform\u00e1tica de Jundia\u00ed (CIJUN)<\/a> \u00e9 uma empresa de economia mista, criada em 1991, especializada em Tecnologia de Informa\u00e7\u00e3o para o setor p\u00fablico, com solu\u00e7\u00f5es voltadas para sistemas de gest\u00e3o p\u00fablica, suporte, treinamento, central de atendimento, infraestrutura de TIC.<\/p>\n\n\n\n<p>Atualmente, a CIJUN conta com o Sistema Integrado de Informa\u00e7\u00f5es Municipais (SIIM), refer\u00eancia em gest\u00e3o p\u00fablica e composto por\u00a0<strong>128 sistemas<\/strong> integrados que atendem, al\u00e9m da <a href=\"https:\/\/jundiai.sp.gov.br\/\" target=\"_blank\" rel=\"noopener noreferrer\">Prefeitura de Jundia\u00ed<\/a>, da <a href=\"http:\/\/fumas.jundiai.sp.gov.br\/\" target=\"_blank\" rel=\"noopener noreferrer\">Funda\u00e7\u00e3o Municipal de Assist\u00eancia Social de Jundia\u00ed (Fumas),<\/a>\u00a0<a href=\"https:\/\/www.daejundiai.com.br\/\" target=\"_blank\" rel=\"noopener noreferrer\">DAE\/SA \u2013 \u00c1gua e Esgoto<\/a>, IPREJUN,\u00a0Funda\u00e7\u00e3o Casa da Cultura, <a href=\"https:\/\/tvtecjundiai.com.br\/\" target=\"_blank\" rel=\"noopener noreferrer\">TVTEC<\/a>, ESEF, C\u00e2mara Municipal de Jundia\u00ed, Faculdade de Medicina de Jundia\u00ed, <a href=\"https:\/\/egp.jundiai.sp.gov.br\/\" target=\"_blank\" rel=\"noreferrer noopener\">Escola de\u00a0Gest\u00e3o P\u00fablica de Jundia\u00ed\u00a0<\/a> e <a href=\"https:\/\/serradojapi.jundiai.sp.gov.br\/\" target=\"_blank\" rel=\"noopener noreferrer\">Funda\u00e7\u00e3o Serra do Japi<\/a>.<\/p>\n\n\n\n<p>A Companhia&nbsp;disp\u00f5e de estrutura que possibilita&nbsp;agilidade nos projetos, agregando valor \u00e0s solu\u00e7\u00f5es, e permitindo que o gestor utilize a Tecnologia da Informa\u00e7\u00e3o como uma ferramenta de governan\u00e7a p\u00fablica, pautada na transpar\u00eancia administrativa, na responsabilidade social e na inclus\u00e3o digital.<\/p>\n\n\n\n<h2 class=\"wp-block-heading\">Contato<\/h2>\n\n\n\n<p><strong>Companhia de Inform\u00e1tica de Jundia\u00ed (CIJUN)<\/strong><br>Pa\u00e7o Municipal &#8211; 1\u00ba andar &#8211; ala Sul<br>Avenida da Liberdade, s\/n\u00ba, CEP 13.214-900<br>Telefone: (11) 4589-8824<br>E-mail: <a href=\"mailto:sac@cijun.sp.gov.br\">sac@cijun.sp.gov.br<\/a><br>Hor\u00e1rio de Atendimento: das 8h \u00e0s 18h<\/p>\n","protected":false},"excerpt":{"rendered":"<p>A Companhia de Inform\u00e1tica de Jundia\u00ed (CIJUN) \u00e9 uma empresa de economia mista, criada em 1991, especializada em Tecnologia de Informa\u00e7\u00e3o para o setor p\u00fablico, com solu\u00e7\u00f5es voltadas para sistemas de gest\u00e3o p\u00fablica, suporte, treinamento, central de atendimento, infraestrutura de TIC. Atualmente, a CIJUN conta com o Sistema Integrado de Informa\u00e7\u00f5es Municipais (SIIM), refer\u00eancia em [&hellip;]<\/p>\n","protected":false},"author":5,"featured_media":0,"parent":0,"menu_order":0,"comment_status":"closed","ping_status":"closed","template":"","meta":{"footnotes":""},"class_list":["post-5","page","type-page","status-publish","hentry"],"_links":{"self":[{"href":"https:\/\/jundiai.sp.gov.br\/cijun\/wp-json\/wp\/v2\/pages\/5","targetHints":{"allow":["GET"]}}],"collection":[{"href":"https:\/\/jundiai.sp.gov.br\/cijun\/wp-json\/wp\/v2\/pages"}],"about":[{"href":"https:\/\/jundiai.sp.gov.br\/cijun\/wp-json\/wp\/v2\/types\/page"}],"author":[{"embeddable":true,"href":"https:\/\/jundiai.sp.gov.br\/cijun\/wp-json\/wp\/v2\/users\/5"}],"replies":[{"embeddable":true,"href":"https:\/\/jundiai.sp.gov.br\/cijun\/wp-json\/wp\/v2\/comments?post=5"}],"version-history":[{"count":28,"href":"https:\/\/jundiai.sp.gov.br\/cijun\/wp-json\/wp\/v2\/pages\/5\/revisions"}],"predecessor-version":[{"id":130,"href":"https:\/\/jundiai.sp.gov.br\/cijun\/wp-json\/wp\/v2\/pages\/5\/revisions\/130"}],"wp:attachment":[{"href":"https:\/\/jundiai.sp.gov.br\/cijun\/wp-json\/wp\/v2\/media?parent=5"}],"curies":[{"name":"wp","href":"https:\/\/api.w.org\/{rel}","templated":true}]}}