{"id":9,"date":"2014-09-17T19:19:27","date_gmt":"2014-09-17T19:19:27","guid":{"rendered":"https:\/\/jundiai.sp.gov.br\/cijun\/?page_id=9"},"modified":"2025-04-15T16:42:03","modified_gmt":"2025-04-15T19:42:03","slug":"diretor-presidente","status":"publish","type":"page","link":"https:\/\/jundiai.sp.gov.br\/cijun\/diretor-presidente\/","title":{"rendered":"Diretor-Presidente"},"content":{"rendered":"\n<div class=\"wp-block-columns is-layout-flex wp-container-core-columns-is-layout-9d6595d7 wp-block-columns-is-layout-flex\">\n<div class=\"wp-block-column is-layout-flow wp-block-column-is-layout-flow\">\n<figure class=\"wp-block-image size-large\"><img loading=\"lazy\" decoding=\"async\" width=\"632\" height=\"960\" src=\"https:\/\/jundiai.sp.gov.br\/cijun\/wp-content\/uploads\/sites\/26\/2025\/02\/reuniao_cijun-1-2-632x960.jpg\" alt=\"\" class=\"wp-image-137\" srcset=\"https:\/\/jundiai.sp.gov.br\/cijun\/wp-content\/uploads\/sites\/26\/2025\/02\/reuniao_cijun-1-2-632x960.jpg 632w, https:\/\/jundiai.sp.gov.br\/cijun\/wp-content\/uploads\/sites\/26\/2025\/02\/reuniao_cijun-1-2-300x455.jpg 300w, https:\/\/jundiai.sp.gov.br\/cijun\/wp-content\/uploads\/sites\/26\/2025\/02\/reuniao_cijun-1-2-768x1166.jpg 768w, https:\/\/jundiai.sp.gov.br\/cijun\/wp-content\/uploads\/sites\/26\/2025\/02\/reuniao_cijun-1-2-1012x1536.jpg 1012w, https:\/\/jundiai.sp.gov.br\/cijun\/wp-content\/uploads\/sites\/26\/2025\/02\/reuniao_cijun-1-2.jpg 1307w\" sizes=\"auto, (max-width: 632px) 100vw, 632px\" \/><\/figure>\n<\/div>\n\n\n\n<div class=\"wp-block-column is-layout-flow wp-block-column-is-layout-flow\">\n<h2 class=\"wp-block-heading\"><strong>Michel Macahiba Domingues<\/strong><\/h2>\n\n\n\n<p>Michel Macahiba Domingues \u00e9 diretor da Companhia de Inform\u00e1tica de Jundia\u00ed (CIJUN) e possui mais de 15 anos de experi\u00eancia no setor de tecnologia. Especialista em intelig\u00eancia artificial e computa\u00e7\u00e3o em nuvem, Michel construiu uma carreira s\u00f3lida como empres\u00e1rio, professor e consultor, liderando projetos em hospitais, \u00f3rg\u00e3os p\u00fablicos e empresas de seguran\u00e7a e telecomunica\u00e7\u00f5es. Sua atua\u00e7\u00e3o \u00e9 marcada pela inova\u00e7\u00e3o e pela aplica\u00e7\u00e3o estrat\u00e9gica de tecnologias avan\u00e7adas para a moderniza\u00e7\u00e3o de processos e servi\u00e7os.<\/p>\n<\/div>\n<\/div>\n\n\n\n<p><\/p>\n","protected":false},"excerpt":{"rendered":"<p>Michel Macahiba Domingues Michel Macahiba Domingues \u00e9 diretor da Companhia de Inform\u00e1tica de Jundia\u00ed (CIJUN) e possui mais de 15 anos de experi\u00eancia no setor de tecnologia. Especialista em intelig\u00eancia artificial e computa\u00e7\u00e3o em nuvem, Michel construiu uma carreira s\u00f3lida como empres\u00e1rio, professor e consultor, liderando projetos em hospitais, \u00f3rg\u00e3os p\u00fablicos e empresas de seguran\u00e7a [&hellip;]<\/p>\n","protected":false},"author":5,"featured_media":0,"parent":0,"menu_order":0,"comment_status":"closed","ping_status":"closed","template":"","meta":{"footnotes":""},"class_list":["post-9","page","type-page","status-publish","hentry"],"_links":{"self":[{"href":"https:\/\/jundiai.sp.gov.br\/cijun\/wp-json\/wp\/v2\/pages\/9","targetHints":{"allow":["GET"]}}],"collection":[{"href":"https:\/\/jundiai.sp.gov.br\/cijun\/wp-json\/wp\/v2\/pages"}],"about":[{"href":"https:\/\/jundiai.sp.gov.br\/cijun\/wp-json\/wp\/v2\/types\/page"}],"author":[{"embeddable":true,"href":"https:\/\/jundiai.sp.gov.br\/cijun\/wp-json\/wp\/v2\/users\/5"}],"replies":[{"embeddable":true,"href":"https:\/\/jundiai.sp.gov.br\/cijun\/wp-json\/wp\/v2\/comments?post=9"}],"version-history":[{"count":12,"href":"https:\/\/jundiai.sp.gov.br\/cijun\/wp-json\/wp\/v2\/pages\/9\/revisions"}],"predecessor-version":[{"id":140,"href":"https:\/\/jundiai.sp.gov.br\/cijun\/wp-json\/wp\/v2\/pages\/9\/revisions\/140"}],"wp:attachment":[{"href":"https:\/\/jundiai.sp.gov.br\/cijun\/wp-json\/wp\/v2\/media?parent=9"}],"curies":[{"name":"wp","href":"https:\/\/api.w.org\/{rel}","templated":true}]}}