{"id":146,"date":"2017-04-25T17:40:08","date_gmt":"2017-04-25T20:40:08","guid":{"rendered":"https:\/\/jundiai.sp.gov.br\/comunicacao\/?page_id=146"},"modified":"2026-03-17T16:30:20","modified_gmt":"2026-03-17T19:30:20","slug":"organograma","status":"publish","type":"page","link":"https:\/\/jundiai.sp.gov.br\/comunicacao\/organograma\/","title":{"rendered":"Organograma"},"content":{"rendered":"<h2>Estrutura da Secretaria<\/h2>\n<p><strong>Secret\u00e1ria:<\/strong> Paola Faria<br \/>\n<strong>Secret\u00e1ria Adjunta: <\/strong>Geovanna Caroline Silva Ortiz<\/p>\n<hr \/>\n<p><strong>N\u00facleo de Planejamento, Gest\u00e3o e Finan\u00e7as<br \/>\n<\/strong>Diretora: Nathalia Pereira Liba Ramos<br \/>\nTelefone: (11) 4589-8446<\/p>\n<p><strong>Departamento de Comunica\u00e7\u00e3o<br \/>\n<\/strong>Diretor: Anderson Muller<br \/>\nTelefone: (11) 4589-8971<\/p>\n<p><strong>Ouvidoria Municipal<br \/>\n<\/strong>Ouvidora Municipal: Graciane Caldeira Oliveria<br \/>\nTelefone: (11) 4589-8458<\/p>\n","protected":false},"excerpt":{"rendered":"<p>Estrutura da Secretaria Secret\u00e1ria: Paola Faria Secret\u00e1ria Adjunta: Geovanna Caroline Silva Ortiz N\u00facleo de Planejamento, Gest\u00e3o e Finan\u00e7as Diretora: Nathalia Pereira Liba Ramos Telefone: (11) 4589-8446 Departamento de Comunica\u00e7\u00e3o Diretor: Anderson Muller Telefone: (11) 4589-8971 Ouvidoria Municipal Ouvidora Municipal: Graciane Caldeira Oliveria Telefone: (11) 4589-8458<\/p>\n","protected":false},"author":14,"featured_media":0,"parent":0,"menu_order":0,"comment_status":"closed","ping_status":"closed","template":"","meta":{"footnotes":""},"class_list":["post-146","page","type-page","status-publish","hentry"],"_links":{"self":[{"href":"https:\/\/jundiai.sp.gov.br\/comunicacao\/wp-json\/wp\/v2\/pages\/146","targetHints":{"allow":["GET"]}}],"collection":[{"href":"https:\/\/jundiai.sp.gov.br\/comunicacao\/wp-json\/wp\/v2\/pages"}],"about":[{"href":"https:\/\/jundiai.sp.gov.br\/comunicacao\/wp-json\/wp\/v2\/types\/page"}],"author":[{"embeddable":true,"href":"https:\/\/jundiai.sp.gov.br\/comunicacao\/wp-json\/wp\/v2\/users\/14"}],"replies":[{"embeddable":true,"href":"https:\/\/jundiai.sp.gov.br\/comunicacao\/wp-json\/wp\/v2\/comments?post=146"}],"version-history":[{"count":22,"href":"https:\/\/jundiai.sp.gov.br\/comunicacao\/wp-json\/wp\/v2\/pages\/146\/revisions"}],"predecessor-version":[{"id":386,"href":"https:\/\/jundiai.sp.gov.br\/comunicacao\/wp-json\/wp\/v2\/pages\/146\/revisions\/386"}],"wp:attachment":[{"href":"https:\/\/jundiai.sp.gov.br\/comunicacao\/wp-json\/wp\/v2\/media?parent=146"}],"curies":[{"name":"wp","href":"https:\/\/api.w.org\/{rel}","templated":true}]}}