{"id":16,"date":"2014-08-21T10:16:02","date_gmt":"2014-08-21T13:16:02","guid":{"rendered":"https:\/\/jundiai.sp.gov.br\/comunicacao\/?page_id=16"},"modified":"2025-08-29T16:18:17","modified_gmt":"2025-08-29T19:18:17","slug":"gestora","status":"publish","type":"page","link":"https:\/\/jundiai.sp.gov.br\/comunicacao\/gestora\/","title":{"rendered":"Secret\u00e1ria"},"content":{"rendered":"\n<div class=\"wp-block-columns is-layout-flex wp-container-core-columns-is-layout-9d6595d7 wp-block-columns-is-layout-flex\">\n<div class=\"wp-block-column is-layout-flow wp-block-column-is-layout-flow\" style=\"flex-basis:33.33%\">\n<figure class=\"wp-block-image\"><img decoding=\"async\" src=\"https:\/\/lh7-rt.googleusercontent.com\/docsz\/AD_4nXdwFW7ufyBSZwzc0-Jy-pjjuEtUZ3ZkuW1cO2KFsQ1HAtHVyWENwPGMoWbE2tf9Yv-CJfNV58dZLn2mV-Wb4vAXUbmNdQHgT1fjkenDwu6L8jk-v0SJKDMTBaSgpN-yazUy3ulS?key=m4KvevEl4ZvA-g976YIKXNiq\" alt=\"\" \/><\/figure>\n<\/div>\n\n\n\n<div class=\"wp-block-column is-layout-flow wp-block-column-is-layout-flow\" style=\"flex-basis:66.66%\">\n<h2 class=\"wp-block-heading\">Paola Faria<\/h2>\n\n\n\n<p>Paola Faria \u00e9 formada em Comunica\u00e7\u00e3o Social pela PUC e especializada em Neuroci\u00eancia Aplicada ao Consumo e Comportamento pela ESPM. Com mais de 15 anos de experi\u00eancia na \u00e1rea, possui forma\u00e7\u00e3o complementar por institui\u00e7\u00f5es como FGV e Belas Artes, atuando em temas como Gest\u00e3o, Marketing, Redes Digitais, Inova\u00e7\u00e3o, Design Thinking, Branding e Big Data.<\/p>\n\n\n\n<p>Residente de Jundia\u00ed, onde escolheu viver, criar sua fam\u00edlia e empreender, \u00e9 casada e m\u00e3e de Ben\u00edcio. Sua trajet\u00f3ria combina expertise t\u00e9cnica e vis\u00e3o estrat\u00e9gica para uma comunica\u00e7\u00e3o inovadora e eficiente.<\/p>\n<\/div>\n<\/div>\n","protected":false},"excerpt":{"rendered":"<p>Paola Faria Paola Faria \u00e9 formada em Comunica\u00e7\u00e3o Social pela PUC e especializada em Neuroci\u00eancia Aplicada ao Consumo e Comportamento pela ESPM. Com mais de 15 anos de experi\u00eancia na \u00e1rea, possui forma\u00e7\u00e3o complementar por institui\u00e7\u00f5es como FGV e Belas Artes, atuando em temas como Gest\u00e3o, Marketing, Redes Digitais, Inova\u00e7\u00e3o, Design Thinking, Branding e Big [&hellip;]<\/p>\n","protected":false},"author":14,"featured_media":0,"parent":0,"menu_order":0,"comment_status":"closed","ping_status":"closed","template":"","meta":{"footnotes":""},"class_list":["post-16","page","type-page","status-publish","hentry"],"_links":{"self":[{"href":"https:\/\/jundiai.sp.gov.br\/comunicacao\/wp-json\/wp\/v2\/pages\/16","targetHints":{"allow":["GET"]}}],"collection":[{"href":"https:\/\/jundiai.sp.gov.br\/comunicacao\/wp-json\/wp\/v2\/pages"}],"about":[{"href":"https:\/\/jundiai.sp.gov.br\/comunicacao\/wp-json\/wp\/v2\/types\/page"}],"author":[{"embeddable":true,"href":"https:\/\/jundiai.sp.gov.br\/comunicacao\/wp-json\/wp\/v2\/users\/14"}],"replies":[{"embeddable":true,"href":"https:\/\/jundiai.sp.gov.br\/comunicacao\/wp-json\/wp\/v2\/comments?post=16"}],"version-history":[{"count":23,"href":"https:\/\/jundiai.sp.gov.br\/comunicacao\/wp-json\/wp\/v2\/pages\/16\/revisions"}],"predecessor-version":[{"id":374,"href":"https:\/\/jundiai.sp.gov.br\/comunicacao\/wp-json\/wp\/v2\/pages\/16\/revisions\/374"}],"wp:attachment":[{"href":"https:\/\/jundiai.sp.gov.br\/comunicacao\/wp-json\/wp\/v2\/media?parent=16"}],"curies":[{"name":"wp","href":"https:\/\/api.w.org\/{rel}","templated":true}]}}