{"id":20,"date":"2014-08-21T11:12:22","date_gmt":"2014-08-21T14:12:22","guid":{"rendered":"https:\/\/jundiai.sp.gov.br\/comunicacao\/?page_id=20"},"modified":"2026-03-16T12:26:53","modified_gmt":"2026-03-16T15:26:53","slug":"156-2","status":"publish","type":"page","link":"https:\/\/jundiai.sp.gov.br\/comunicacao\/156-2\/","title":{"rendered":"156"},"content":{"rendered":"\n<p><strong>O 156 \u00e9 o canal de comunica\u00e7\u00e3o entre o mun\u00edcipe e a Administra\u00e7\u00e3o P\u00fablica.<\/strong><\/p>\n\n\n\n<p>Essa comunica\u00e7\u00e3o pode ser feita por telefone (156), pelo aplicativo <a href=\"https:\/\/jundiai.sp.gov.br\/aplicativo-prefeitura-de-jundiai\/\">APP Jundia\u00ed<\/a> e pelo Portal da Prefeitura de Jundia\u00ed, no \u00edcone <a href=\"https:\/\/jundiai.sp.gov.br\/156\/\">e-156<\/a>.<\/p>\n\n\n\n<p><strong>O 156 tem a fun\u00e7\u00e3o de informar ao mun\u00edcipe e registrar suas solicita\u00e7\u00f5es que podem ser:<\/strong><\/p>\n\n\n\n<ul class=\"wp-block-list\">\n<li>Solicita\u00e7\u00f5es propriamente ditas;<\/li>\n\n\n\n<li>Reclama\u00e7\u00f5es: com dados do solicitante<\/li>\n\n\n\n<li>Sigilo: com dados do solicitante em sigilo<\/li>\n\n\n\n<li>Informa\u00e7\u00f5es.<\/li>\n<\/ul>\n\n\n\n<p>As solicita\u00e7\u00f5es s\u00e3o encaminhadas para as Secretaria Municipais respons\u00e1veis pelo assunto abordado e s\u00e3o respondidas ao mun\u00edcipe atrav\u00e9s de e-mail informado pelo solicitante.&nbsp;<\/p>\n\n\n\n<p>Portanto, as respostas aos mun\u00edcipes e as provid\u00eancias relativas \u00e0s suas solicita\u00e7\u00f5es s\u00e3o de responsabilidade das Secretaria Municipais atinentes ao assunto abordado.<\/p>\n\n\n\n<p><strong>Para fazer uma solicita\u00e7\u00e3o ao 156 ou consultar uma solicita\u00e7\u00e3o j\u00e1 existente:&nbsp;<\/strong><\/p>\n\n\n\n<ul class=\"wp-block-list\">\n<li><strong>Por telefone:<\/strong>&nbsp;atrav\u00e9s do telefone 156, de segunda a sexta-feira, das 7h \u00e0s 19h<\/li>\n\n\n\n<li><strong>Pelo Portal:&nbsp;<\/strong>acessando o \u00edcone e-156 no <a href=\"https:\/\/jundiai.sp.gov.br\/156\/\">Portal da Prefeitura de Jundia\u00ed<\/a><\/li>\n\n\n\n<li><strong>Pelo <a href=\"https:\/\/jundiai.sp.gov.br\/aplicativo-prefeitura-de-jundiai\/\">APP Jundia\u00ed<\/a><\/strong><\/li>\n<\/ul>\n\n\n\n<div style=\"height:30px\" aria-hidden=\"true\" class=\"wp-block-spacer\"><\/div>\n\n\n\n<div class=\"wp-block-buttons is-layout-flex wp-block-buttons-is-layout-flex\">\n<div class=\"wp-block-button aligncenter\"><a class=\"wp-block-button__link wp-element-button\" href=\"https:\/\/jundiai.sp.gov.br\/comunicacao\/wp-content\/uploads\/sites\/7\/2026\/03\/atendimento-156-anuais-ate-20251.pdf\" target=\"_blank\" rel=\"noreferrer noopener\">Estat\u00edsticas do 156<\/a><\/div>\n<\/div>\n","protected":false},"excerpt":{"rendered":"<p>O 156 \u00e9 o canal de comunica\u00e7\u00e3o entre o mun\u00edcipe e a Administra\u00e7\u00e3o P\u00fablica. Essa comunica\u00e7\u00e3o pode ser feita por telefone (156), pelo aplicativo APP Jundia\u00ed e pelo Portal da Prefeitura de Jundia\u00ed, no \u00edcone e-156. O 156 tem a fun\u00e7\u00e3o de informar ao mun\u00edcipe e registrar suas solicita\u00e7\u00f5es que podem ser: As solicita\u00e7\u00f5es s\u00e3o [&hellip;]<\/p>\n","protected":false},"author":14,"featured_media":0,"parent":0,"menu_order":0,"comment_status":"closed","ping_status":"closed","template":"page-subpaginas.php","meta":{"footnotes":""},"class_list":["post-20","page","type-page","status-publish","hentry"],"_links":{"self":[{"href":"https:\/\/jundiai.sp.gov.br\/comunicacao\/wp-json\/wp\/v2\/pages\/20","targetHints":{"allow":["GET"]}}],"collection":[{"href":"https:\/\/jundiai.sp.gov.br\/comunicacao\/wp-json\/wp\/v2\/pages"}],"about":[{"href":"https:\/\/jundiai.sp.gov.br\/comunicacao\/wp-json\/wp\/v2\/types\/page"}],"author":[{"embeddable":true,"href":"https:\/\/jundiai.sp.gov.br\/comunicacao\/wp-json\/wp\/v2\/users\/14"}],"replies":[{"embeddable":true,"href":"https:\/\/jundiai.sp.gov.br\/comunicacao\/wp-json\/wp\/v2\/comments?post=20"}],"version-history":[{"count":20,"href":"https:\/\/jundiai.sp.gov.br\/comunicacao\/wp-json\/wp\/v2\/pages\/20\/revisions"}],"predecessor-version":[{"id":385,"href":"https:\/\/jundiai.sp.gov.br\/comunicacao\/wp-json\/wp\/v2\/pages\/20\/revisions\/385"}],"wp:attachment":[{"href":"https:\/\/jundiai.sp.gov.br\/comunicacao\/wp-json\/wp\/v2\/media?parent=20"}],"curies":[{"name":"wp","href":"https:\/\/api.w.org\/{rel}","templated":true}]}}