{"id":203,"date":"2020-06-03T16:00:19","date_gmt":"2020-06-03T19:00:19","guid":{"rendered":"https:\/\/jundiai.sp.gov.br\/comunicacao\/?page_id=203"},"modified":"2026-01-16T11:32:10","modified_gmt":"2026-01-16T14:32:10","slug":"relatorio-de-gestao","status":"publish","type":"page","link":"https:\/\/jundiai.sp.gov.br\/comunicacao\/relatorio-de-gestao\/","title":{"rendered":"Relat\u00f3rio de Gest\u00e3o"},"content":{"rendered":"\n<p><a href=\"https:\/\/jundiai.sp.gov.br\/comunicacao\/wp-content\/uploads\/sites\/7\/2026\/01\/relatorio_de_gestao_anual.pdf\">Relat\u00f3rio de Gest\u00e3o da Ouvidoria &#8211; 2025<\/a><\/p>\n\n\n\n<p><a href=\"https:\/\/jundiai.sp.gov.br\/comunicacao\/wp-content\/uploads\/sites\/7\/2025\/07\/relatorio-de-gestao-da-ouvidoria-completo-2024.pdf\">Relat\u00f3rio de Gest\u00e3o da Ouvidoria &#8211; 2024<\/a><\/p>\n\n\n\n<p><a href=\"https:\/\/jundiai.sp.gov.br\/comunicacao\/wp-content\/uploads\/sites\/7\/2024\/03\/relatorio-de-gestao-da-ouvidoria-2023-1.pdf\">Relat\u00f3rio de Gest\u00e3o da Ouvidoria &#8211; 2023<\/a><\/p>\n\n\n\n<p><a href=\"https:\/\/jundiai.sp.gov.br\/comunicacao\/wp-content\/uploads\/sites\/7\/2024\/03\/relatorio-de-gestao-da-ouvidoria-2022-completo-1.pdf\">Relat\u00f3rio de Gest\u00e3o da Ouvidoria &#8211; 2022<\/a><\/p>\n\n\n\n<p><a rel=\"noreferrer noopener\" href=\"https:\/\/jundiai.sp.gov.br\/comunicacao\/wp-content\/uploads\/sites\/7\/2022\/03\/ilovepdf_merged.pdf\" target=\"_blank\">Relat\u00f3rio de Gest\u00e3o da Ouvidoria &#8211; 2021<\/a><\/p>\n\n\n\n<p><a href=\"https:\/\/jundiai.sp.gov.br\/comunicacao\/wp-content\/uploads\/sites\/7\/2021\/03\/relatorio-2020-ouvidoria.pdf\">Relat\u00f3rio de Gest\u00e3o da Ouvidoria &#8211; 2020<\/a><\/p>\n\n\n\n<p><a href=\"https:\/\/jundiai.sp.gov.br\/comunicacao\/wp-content\/uploads\/sites\/7\/2020\/06\/relatorio-de-gestao-ouvidoria-2019-2.pdf\" target=\"_blank\" rel=\"noopener noreferrer\">Relat\u00f3rio de Gest\u00e3o da Ouvidoria &#8211; 2019<\/a><\/p>\n","protected":false},"excerpt":{"rendered":"<p>Relat\u00f3rio de Gest\u00e3o da Ouvidoria &#8211; 2025 Relat\u00f3rio de Gest\u00e3o da Ouvidoria &#8211; 2024 Relat\u00f3rio de Gest\u00e3o da Ouvidoria &#8211; 2023 Relat\u00f3rio de Gest\u00e3o da Ouvidoria &#8211; 2022 Relat\u00f3rio de Gest\u00e3o da Ouvidoria &#8211; 2021 Relat\u00f3rio de Gest\u00e3o da Ouvidoria &#8211; 2020 Relat\u00f3rio de Gest\u00e3o da Ouvidoria &#8211; 2019<\/p>\n","protected":false},"author":50,"featured_media":0,"parent":0,"menu_order":0,"comment_status":"closed","ping_status":"closed","template":"","meta":{"footnotes":""},"class_list":["post-203","page","type-page","status-publish","hentry"],"_links":{"self":[{"href":"https:\/\/jundiai.sp.gov.br\/comunicacao\/wp-json\/wp\/v2\/pages\/203","targetHints":{"allow":["GET"]}}],"collection":[{"href":"https:\/\/jundiai.sp.gov.br\/comunicacao\/wp-json\/wp\/v2\/pages"}],"about":[{"href":"https:\/\/jundiai.sp.gov.br\/comunicacao\/wp-json\/wp\/v2\/types\/page"}],"author":[{"embeddable":true,"href":"https:\/\/jundiai.sp.gov.br\/comunicacao\/wp-json\/wp\/v2\/users\/50"}],"replies":[{"embeddable":true,"href":"https:\/\/jundiai.sp.gov.br\/comunicacao\/wp-json\/wp\/v2\/comments?post=203"}],"version-history":[{"count":12,"href":"https:\/\/jundiai.sp.gov.br\/comunicacao\/wp-json\/wp\/v2\/pages\/203\/revisions"}],"predecessor-version":[{"id":381,"href":"https:\/\/jundiai.sp.gov.br\/comunicacao\/wp-json\/wp\/v2\/pages\/203\/revisions\/381"}],"wp:attachment":[{"href":"https:\/\/jundiai.sp.gov.br\/comunicacao\/wp-json\/wp\/v2\/media?parent=203"}],"curies":[{"name":"wp","href":"https:\/\/api.w.org\/{rel}","templated":true}]}}