{"id":222,"date":"2021-03-29T15:21:31","date_gmt":"2021-03-29T18:21:31","guid":{"rendered":"https:\/\/jundiai.sp.gov.br\/comunicacao\/?page_id=222"},"modified":"2021-03-29T15:23:38","modified_gmt":"2021-03-29T18:23:38","slug":"legislacao","status":"publish","type":"page","link":"https:\/\/jundiai.sp.gov.br\/comunicacao\/legislacao\/","title":{"rendered":"Legisla\u00e7\u00e3o"},"content":{"rendered":"\n<p><a href=\"https:\/\/jundiai.sp.gov.br\/comunicacao\/wp-content\/uploads\/sites\/7\/2021\/03\/dec-18144-de-05-02-01-criacao-da-ouvidoria.pdf\">Cria\u00e7\u00e3o da Ouvidoria &#8211; Decreto 18.144 de 05 de fevereiro de 2001<\/a><\/p>\n\n\n\n<p><a href=\"https:\/\/jundiai.sp.gov.br\/comunicacao\/wp-content\/uploads\/sites\/7\/2021\/03\/dec-19885-de-17-02-05-regimento-interno.pdf\">Regimento Interno &#8211; Decreto 19.885 de 17 de fevereiro de 2005<\/a><\/p>\n\n\n\n<p><a href=\"https:\/\/jundiai.sp.gov.br\/comunicacao\/wp-content\/uploads\/sites\/7\/2021\/03\/decreto-no-28-373-2019-lai.pdf\">SIC &#8211; Sistema de Informa\u00e7\u00e3o ao Cidad\u00e3o &#8211; Decreto 28.373 de 12 de agosto de 2019<\/a><\/p>\n\n\n\n<p><a href=\"https:\/\/jundiai.sp.gov.br\/comunicacao\/wp-content\/uploads\/sites\/7\/2021\/03\/carta-de-servicos-iom.pdf\">Carta de Servi\u00e7os &#8211; Decreto 27.935 de 27 de dezembro de 2018<\/a> <\/p>\n","protected":false},"excerpt":{"rendered":"<p>Cria\u00e7\u00e3o da Ouvidoria &#8211; Decreto 18.144 de 05 de fevereiro de 2001 Regimento Interno &#8211; Decreto 19.885 de 17 de fevereiro de 2005 SIC &#8211; Sistema de Informa\u00e7\u00e3o ao Cidad\u00e3o &#8211; Decreto 28.373 de 12 de agosto de 2019 Carta de Servi\u00e7os &#8211; Decreto 27.935 de 27 de dezembro de 2018<\/p>\n","protected":false},"author":69,"featured_media":0,"parent":0,"menu_order":0,"comment_status":"closed","ping_status":"closed","template":"","meta":{"footnotes":""},"class_list":["post-222","page","type-page","status-publish","hentry"],"_links":{"self":[{"href":"https:\/\/jundiai.sp.gov.br\/comunicacao\/wp-json\/wp\/v2\/pages\/222","targetHints":{"allow":["GET"]}}],"collection":[{"href":"https:\/\/jundiai.sp.gov.br\/comunicacao\/wp-json\/wp\/v2\/pages"}],"about":[{"href":"https:\/\/jundiai.sp.gov.br\/comunicacao\/wp-json\/wp\/v2\/types\/page"}],"author":[{"embeddable":true,"href":"https:\/\/jundiai.sp.gov.br\/comunicacao\/wp-json\/wp\/v2\/users\/69"}],"replies":[{"embeddable":true,"href":"https:\/\/jundiai.sp.gov.br\/comunicacao\/wp-json\/wp\/v2\/comments?post=222"}],"version-history":[{"count":3,"href":"https:\/\/jundiai.sp.gov.br\/comunicacao\/wp-json\/wp\/v2\/pages\/222\/revisions"}],"predecessor-version":[{"id":230,"href":"https:\/\/jundiai.sp.gov.br\/comunicacao\/wp-json\/wp\/v2\/pages\/222\/revisions\/230"}],"wp:attachment":[{"href":"https:\/\/jundiai.sp.gov.br\/comunicacao\/wp-json\/wp\/v2\/media?parent=222"}],"curies":[{"name":"wp","href":"https:\/\/api.w.org\/{rel}","templated":true}]}}