{"id":28,"date":"2014-08-21T11:35:31","date_gmt":"2014-08-21T14:35:31","guid":{"rendered":"https:\/\/jundiai.sp.gov.br\/comunicacao\/?page_id=28"},"modified":"2025-04-24T16:41:06","modified_gmt":"2025-04-24T19:41:06","slug":"ouvidor-municipal","status":"publish","type":"page","link":"https:\/\/jundiai.sp.gov.br\/comunicacao\/ouvidoria\/ouvidor-municipal\/","title":{"rendered":"Ouvidora Municipal"},"content":{"rendered":"<h2>Graciane Caldeira Oliveira<\/h2>\n<p>Formada em Tecnologia da Informa\u00e7\u00e3o para Gest\u00e3o de Neg\u00f3cios pela Fatec Jundia\u00ed, tem uma trajet\u00f3ria de 10 anos dedicada \u00e0 C\u00e2mara Municipal de Jundia\u00ed. Durante esse per\u00edodo, atuou na gest\u00e3o do processo administrativo parlamentar, contribuindo para garantir a efici\u00eancia e a qualidade do trabalho legislativo na gest\u00e3o interna do gabinete.<\/p>\n<p>Foi Assessora de Informa\u00e7\u00e3o e Cerimonial da Presid\u00eancia, onde participou da cria\u00e7\u00e3o do Parlamento Jovem e liderou o projeto de visitas guiadas para crian\u00e7as, promovendo a aproxima\u00e7\u00e3o da comunidade com o Legislativo. Tamb\u00e9m exerceu fun\u00e7\u00f5es como assessora parlamentar e contribuiu com as atividades da Secretaria Legislativa, sempre buscando aprimorar o funcionamento do \u00f3rg\u00e3o.<\/p>\n","protected":false},"excerpt":{"rendered":"<p>Graciane Caldeira Oliveira Formada em Tecnologia da Informa\u00e7\u00e3o para Gest\u00e3o de Neg\u00f3cios pela Fatec Jundia\u00ed, tem uma trajet\u00f3ria de 10 anos dedicada \u00e0 C\u00e2mara Municipal de Jundia\u00ed. Durante esse per\u00edodo, atuou na gest\u00e3o do processo administrativo parlamentar, contribuindo para garantir a efici\u00eancia e a qualidade do trabalho legislativo na gest\u00e3o interna do gabinete. Foi Assessora [&hellip;]<\/p>\n","protected":false},"author":14,"featured_media":0,"parent":24,"menu_order":0,"comment_status":"closed","ping_status":"closed","template":"","meta":{"footnotes":""},"class_list":["post-28","page","type-page","status-publish","hentry"],"_links":{"self":[{"href":"https:\/\/jundiai.sp.gov.br\/comunicacao\/wp-json\/wp\/v2\/pages\/28","targetHints":{"allow":["GET"]}}],"collection":[{"href":"https:\/\/jundiai.sp.gov.br\/comunicacao\/wp-json\/wp\/v2\/pages"}],"about":[{"href":"https:\/\/jundiai.sp.gov.br\/comunicacao\/wp-json\/wp\/v2\/types\/page"}],"author":[{"embeddable":true,"href":"https:\/\/jundiai.sp.gov.br\/comunicacao\/wp-json\/wp\/v2\/users\/14"}],"replies":[{"embeddable":true,"href":"https:\/\/jundiai.sp.gov.br\/comunicacao\/wp-json\/wp\/v2\/comments?post=28"}],"version-history":[{"count":14,"href":"https:\/\/jundiai.sp.gov.br\/comunicacao\/wp-json\/wp\/v2\/pages\/28\/revisions"}],"predecessor-version":[{"id":358,"href":"https:\/\/jundiai.sp.gov.br\/comunicacao\/wp-json\/wp\/v2\/pages\/28\/revisions\/358"}],"up":[{"embeddable":true,"href":"https:\/\/jundiai.sp.gov.br\/comunicacao\/wp-json\/wp\/v2\/pages\/24"}],"wp:attachment":[{"href":"https:\/\/jundiai.sp.gov.br\/comunicacao\/wp-json\/wp\/v2\/media?parent=28"}],"curies":[{"name":"wp","href":"https:\/\/api.w.org\/{rel}","templated":true}]}}