{"id":285,"date":"2023-05-03T15:56:15","date_gmt":"2023-05-03T18:56:15","guid":{"rendered":"https:\/\/jundiai.sp.gov.br\/comunicacao\/?page_id=285"},"modified":"2023-05-05T16:04:29","modified_gmt":"2023-05-05T19:04:29","slug":"aplicativo-prefeitura-de-jundiai","status":"publish","type":"page","link":"https:\/\/jundiai.sp.gov.br\/comunicacao\/aplicativo-prefeitura-de-jundiai\/","title":{"rendered":"Aplicativo Prefeitura de Jundia\u00ed"},"content":{"rendered":"\n<p>O Aplicativo da Prefeitura de Jundia\u00ed \u00e9 uma ferramenta criada para facilitar o acesso dos cidad\u00e3os aos servi\u00e7os oferecidos e pode ser baixado em qualquer smartphone.<\/p>\n\n\n\n<p>Fa\u00e7a o download do app:<\/p>\n\n\n\n<p><\/p>\n\n\n\n<div class=\"wp-block-columns is-layout-flex wp-container-core-columns-is-layout-9d6595d7 wp-block-columns-is-layout-flex\">\n<div class=\"wp-block-column is-layout-flow wp-block-column-is-layout-flow\"><div class=\"wp-block-image\">\n<figure class=\"aligncenter size-full is-resized\"><a href=\"https:\/\/apps.apple.com\/br\/app\/prefeitura-de-jundiai\/id1211377720\" target=\"_blank\" rel=\"noreferrer noopener\"><img decoding=\"async\" src=\"https:\/\/jundiai.sp.gov.br\/comunicacao\/wp-content\/uploads\/sites\/7\/2023\/05\/app-store-3.png\" alt=\"\" class=\"wp-image-307\" width=\"180\"\/><\/a><\/figure>\n<\/div><\/div>\n\n\n\n<div class=\"wp-block-column is-layout-flow wp-block-column-is-layout-flow\"><div class=\"wp-block-image\">\n<figure class=\"aligncenter size-full is-resized\"><a href=\"https:\/\/play.google.com\/store\/apps\/details?id=br.gov.sp.cijun.appjun\" target=\"_blank\" rel=\"noreferrer noopener\"><img loading=\"lazy\" decoding=\"async\" src=\"https:\/\/jundiai.sp.gov.br\/comunicacao\/wp-content\/uploads\/sites\/7\/2023\/05\/ggogleplay-1.png\" alt=\"\" class=\"wp-image-309\" width=\"181\" height=\"54\"\/><\/a><\/figure>\n<\/div><\/div>\n<\/div>\n","protected":false},"excerpt":{"rendered":"<p>O Aplicativo da Prefeitura de Jundia\u00ed \u00e9 uma ferramenta criada para facilitar o acesso dos cidad\u00e3os aos servi\u00e7os oferecidos e pode ser baixado em qualquer smartphone. Fa\u00e7a o download do app:<\/p>\n","protected":false},"author":69,"featured_media":0,"parent":0,"menu_order":0,"comment_status":"closed","ping_status":"closed","template":"","meta":{"footnotes":""},"class_list":["post-285","page","type-page","status-publish","hentry"],"_links":{"self":[{"href":"https:\/\/jundiai.sp.gov.br\/comunicacao\/wp-json\/wp\/v2\/pages\/285","targetHints":{"allow":["GET"]}}],"collection":[{"href":"https:\/\/jundiai.sp.gov.br\/comunicacao\/wp-json\/wp\/v2\/pages"}],"about":[{"href":"https:\/\/jundiai.sp.gov.br\/comunicacao\/wp-json\/wp\/v2\/types\/page"}],"author":[{"embeddable":true,"href":"https:\/\/jundiai.sp.gov.br\/comunicacao\/wp-json\/wp\/v2\/users\/69"}],"replies":[{"embeddable":true,"href":"https:\/\/jundiai.sp.gov.br\/comunicacao\/wp-json\/wp\/v2\/comments?post=285"}],"version-history":[{"count":11,"href":"https:\/\/jundiai.sp.gov.br\/comunicacao\/wp-json\/wp\/v2\/pages\/285\/revisions"}],"predecessor-version":[{"id":323,"href":"https:\/\/jundiai.sp.gov.br\/comunicacao\/wp-json\/wp\/v2\/pages\/285\/revisions\/323"}],"wp:attachment":[{"href":"https:\/\/jundiai.sp.gov.br\/comunicacao\/wp-json\/wp\/v2\/media?parent=285"}],"curies":[{"name":"wp","href":"https:\/\/api.w.org\/{rel}","templated":true}]}}