{"id":35,"date":"2014-08-21T11:46:46","date_gmt":"2014-08-21T14:46:46","guid":{"rendered":"https:\/\/jundiai.sp.gov.br\/comunicacao\/?page_id=35"},"modified":"2023-05-03T16:42:52","modified_gmt":"2023-05-03T19:42:52","slug":"espaco-cidadao","status":"publish","type":"page","link":"https:\/\/jundiai.sp.gov.br\/comunicacao\/espaco-cidadao\/","title":{"rendered":"Espa\u00e7o Cidad\u00e3o"},"content":{"rendered":"<div class=\"wp-block-image\">\n<figure class=\"alignleft\"><img loading=\"lazy\" decoding=\"async\" width=\"180\" height=\"90\" src=\"https:\/\/jundiai.sp.gov.br\/comunicacao\/wp-content\/uploads\/sites\/7\/2014\/08\/E-156.jpg\" alt=\"E- 156\" class=\"wp-image-38\"\/><\/figure>\n<\/div>\n\n\n<div style=\"height:30px\" aria-hidden=\"true\" class=\"wp-block-spacer\"><\/div>\n\n\n\n<p><\/p>\n\n\n\n<p><strong>Mais um canal de liga\u00e7\u00e3o direta entre voc\u00ea e a prefeitura. Para facilitar e agilizar nosso atendimento, voc\u00ea pode opinar ou, ainda, solicitar, por meio do campo dispon\u00edvel, abaixo:<\/strong><\/p>\n\n\n\n<div style=\"height:30px\" aria-hidden=\"true\" class=\"wp-block-spacer\"><\/div>\n\n\n\n<p><strong><a href=\"https:\/\/jundiai.sp.gov.br\/156\/nova-solicitacao\/\" target=\"_blank\" rel=\"noopener\"><br>Solicita\u00e7\u00e3o<\/a><\/strong><br>Fazendo a solicita\u00e7\u00e3o para o 156 atrav\u00e9s da&nbsp;internet, a mesma ser\u00e1 automaticamente&nbsp;registrada.<\/p>\n\n\n\n<p>Havendo&nbsp;registro anterior, favor citar o n\u00famero da solicita\u00e7\u00e3o e o ano no campo &#8220;Descreva a Solicita\u00e7\u00e3o&#8221;.<\/p>\n\n\n\n<p><strong><a rel=\"noopener\" href=\"https:\/\/jundiai.sp.gov.br\/156\/consulta-solicitacao\/\" target=\"_blank\">Consulta Solicita\u00e7\u00e3o<\/a><\/strong><br>Espa\u00e7o para a consulta de uma solicita\u00e7\u00e3o feita no 156 atrav\u00e9s da internet ou por telefone.<\/p>\n","protected":false},"excerpt":{"rendered":"<p>Mais um canal de liga\u00e7\u00e3o direta entre voc\u00ea e a prefeitura. Para facilitar e agilizar nosso atendimento, voc\u00ea pode opinar ou, ainda, solicitar, por meio do campo dispon\u00edvel, abaixo: Solicita\u00e7\u00e3oFazendo a solicita\u00e7\u00e3o para o 156 atrav\u00e9s da&nbsp;internet, a mesma ser\u00e1 automaticamente&nbsp;registrada. Havendo&nbsp;registro anterior, favor citar o n\u00famero da solicita\u00e7\u00e3o e o ano no campo &#8220;Descreva [&hellip;]<\/p>\n","protected":false},"author":14,"featured_media":0,"parent":0,"menu_order":0,"comment_status":"closed","ping_status":"closed","template":"page-subpaginas.php","meta":{"footnotes":""},"class_list":["post-35","page","type-page","status-publish","hentry"],"_links":{"self":[{"href":"https:\/\/jundiai.sp.gov.br\/comunicacao\/wp-json\/wp\/v2\/pages\/35","targetHints":{"allow":["GET"]}}],"collection":[{"href":"https:\/\/jundiai.sp.gov.br\/comunicacao\/wp-json\/wp\/v2\/pages"}],"about":[{"href":"https:\/\/jundiai.sp.gov.br\/comunicacao\/wp-json\/wp\/v2\/types\/page"}],"author":[{"embeddable":true,"href":"https:\/\/jundiai.sp.gov.br\/comunicacao\/wp-json\/wp\/v2\/users\/14"}],"replies":[{"embeddable":true,"href":"https:\/\/jundiai.sp.gov.br\/comunicacao\/wp-json\/wp\/v2\/comments?post=35"}],"version-history":[{"count":13,"href":"https:\/\/jundiai.sp.gov.br\/comunicacao\/wp-json\/wp\/v2\/pages\/35\/revisions"}],"predecessor-version":[{"id":317,"href":"https:\/\/jundiai.sp.gov.br\/comunicacao\/wp-json\/wp\/v2\/pages\/35\/revisions\/317"}],"wp:attachment":[{"href":"https:\/\/jundiai.sp.gov.br\/comunicacao\/wp-json\/wp\/v2\/media?parent=35"}],"curies":[{"name":"wp","href":"https:\/\/api.w.org\/{rel}","templated":true}]}}