{"id":2,"date":"2022-03-07T09:55:24","date_gmt":"2022-03-07T12:55:24","guid":{"rendered":"https:\/\/jundiai.sp.gov.br\/conhecaseubairro\/?page_id=2"},"modified":"2025-09-04T09:39:04","modified_gmt":"2025-09-04T12:39:04","slug":"conheca-seu-bairro","status":"publish","type":"page","link":"https:\/\/jundiai.sp.gov.br\/conhecaseubairro\/","title":{"rendered":"Conhe\u00e7a seu Bairro"},"content":{"rendered":"\n<p>O projeto Conhe\u00e7a seu Bairro tem por objetivo oferecer \u00e0 popula\u00e7\u00e3o de Jundia\u00ed um instrumento para o conhecimento de sua pr\u00f3pria realidade e, consequentemente, o fortalecimento das pr\u00e1ticas de cidadania. Este conhecimento \u00e9, certamente, fundamental para que possamos, todos, planejar o futuro da cidade que \u00e9, tamb\u00e9m, o nosso pr\u00f3prio futuro.<\/p>\n\n\n\n<p>O Conhe\u00e7a seu Bairro teve sua primeira vers\u00e3o em 1996, desenvolvida pela Secretaria Municipal de Planejamento e Meio Ambiente. Nessa \u00e9poca, a popula\u00e7\u00e3o era de 291.946 habitantes* e havia <strong>52 bairros<\/strong> no munic\u00edpio, sendo 6 deles chamados de bairros isolados (Currupira, Ivoturucaia, Poste, Rio Acima, Santa Gertrudes, Travi\u00fa) conforme a <a href=\"http:\/\/sapl.camarajundiai.sp.gov.br\/sapl_documentos\/norma_juridica\/8236_texto_integral.pdf\">Lei Complementar n\u00b0 188, de 1996.<\/a> Em 2004, foi publicada a segunda vers\u00e3o do Conhe\u00e7a seu Bairro, apresentada em uma pequena caixa com folhetos que traziam informa\u00e7\u00f5es, imagens e mapas relativos a cada um dos bairros do munic\u00edpio de Jundia\u00ed, agrupados de acordo com as regi\u00f5es nas quais se localizam. Em 2021, o projeto foi retomado para atualiza\u00e7\u00e3o dos dados, em formato digital. Em face do adiamento do Censo Demogr\u00e1fico pelo Instituto Brasileiro de Geografia e Estat\u00edstica (IBGE), por conta da pandemia de Covid-19, as informa\u00e7\u00f5es dispon\u00edveis ainda s\u00e3o do Censo de 2010, quando a popula\u00e7\u00e3o de Jundia\u00ed era de 370.126 habitantes*, mas j\u00e1 permitem uma an\u00e1lise do crescimento urbano nas \u00faltimas d\u00e9cadas.<\/p>\n\n\n\n<p>A coleta do pr\u00f3ximo Censo Demogr\u00e1fico est\u00e1 prevista para ocorrer entre os meses de&nbsp;agosto a&nbsp;outubro de 2022. T\u00e3o logo os resultados da pesquisa nacional sejam publicados, o projeto Conhe\u00e7a seu Bairro ser\u00e1 novamente atualizado.<\/p>\n\n\n\n<p>Atualmente, com base no abairramento definido pela <a href=\"http:\/\/sapl.camarajundiai.sp.gov.br\/sapl_documentos\/norma_juridica\/8507_texto_integral.pdf\">Lei Complementar n\u00b0 461, de 2008<\/a>, o munic\u00edpio tem <strong>73 bairros, mais a Serra do Japi<\/strong>. Esperamos que este material possa contribuir para ampliar o conhecimento de moradores e visitantes sobre nossa cidade e despertar o interesse de todos por \u00e1reas ainda a serem descobertas.<\/p>\n\n\n\n<div style=\"height:30px\" aria-hidden=\"true\" class=\"wp-block-spacer\"><\/div>\n\n\n\n<p class=\"has-text-align-center\"><strong>Departamento de Urbanismo<\/strong><br>Secretaria Municipal de Planejamento Urbano e Meio Ambiente<\/p>\n\n\n\n<div style=\"height:30px\" aria-hidden=\"true\" class=\"wp-block-spacer\"><\/div>\n\n\n\n<p class=\"has-small-font-size\">* Fonte: IBGE, Contagem Populacional 1996 e Censo Demogr\u00e1fico 2010. <\/p>\n","protected":false},"excerpt":{"rendered":"<p>O projeto Conhe\u00e7a seu Bairro tem por objetivo oferecer \u00e0 popula\u00e7\u00e3o de Jundia\u00ed um instrumento para o conhecimento de sua pr\u00f3pria realidade e, consequentemente, o fortalecimento das pr\u00e1ticas de cidadania. Este conhecimento \u00e9, certamente, fundamental para que possamos, todos, planejar o futuro da cidade que \u00e9, tamb\u00e9m, o nosso pr\u00f3prio futuro. O Conhe\u00e7a seu Bairro [&hellip;]<\/p>\n","protected":false},"author":8,"featured_media":0,"parent":0,"menu_order":0,"comment_status":"closed","ping_status":"closed","template":"","meta":{"footnotes":""},"class_list":["post-2","page","type-page","status-publish","hentry"],"_links":{"self":[{"href":"https:\/\/jundiai.sp.gov.br\/conhecaseubairro\/wp-json\/wp\/v2\/pages\/2","targetHints":{"allow":["GET"]}}],"collection":[{"href":"https:\/\/jundiai.sp.gov.br\/conhecaseubairro\/wp-json\/wp\/v2\/pages"}],"about":[{"href":"https:\/\/jundiai.sp.gov.br\/conhecaseubairro\/wp-json\/wp\/v2\/types\/page"}],"author":[{"embeddable":true,"href":"https:\/\/jundiai.sp.gov.br\/conhecaseubairro\/wp-json\/wp\/v2\/users\/8"}],"replies":[{"embeddable":true,"href":"https:\/\/jundiai.sp.gov.br\/conhecaseubairro\/wp-json\/wp\/v2\/comments?post=2"}],"version-history":[{"count":16,"href":"https:\/\/jundiai.sp.gov.br\/conhecaseubairro\/wp-json\/wp\/v2\/pages\/2\/revisions"}],"predecessor-version":[{"id":424,"href":"https:\/\/jundiai.sp.gov.br\/conhecaseubairro\/wp-json\/wp\/v2\/pages\/2\/revisions\/424"}],"wp:attachment":[{"href":"https:\/\/jundiai.sp.gov.br\/conhecaseubairro\/wp-json\/wp\/v2\/media?parent=2"}],"curies":[{"name":"wp","href":"https:\/\/api.w.org\/{rel}","templated":true}]}}