{"id":182,"date":"2019-05-03T11:50:23","date_gmt":"2019-05-03T14:50:23","guid":{"rendered":"https:\/\/jundiai.sp.gov.br\/conselhos\/?page_id=182"},"modified":"2019-05-03T11:50:39","modified_gmt":"2019-05-03T14:50:39","slug":"leis-comad","status":"publish","type":"page","link":"https:\/\/jundiai.sp.gov.br\/conselhos\/conselhos\/comad-conselho-municipal-de-politicas-sobre-drogas\/leis-comad\/","title":{"rendered":"Leis COMAD"},"content":{"rendered":"<p><a href=\"https:\/\/jundiai.sp.gov.br\/conselhos\/wp-content\/uploads\/sites\/47\/2019\/05\/comad-lei-6091-03-vigente.pdf\">Lei 6091-03 &#8211; Vigente<\/a><\/p>\n<p><a href=\"https:\/\/jundiai.sp.gov.br\/conselhos\/wp-content\/uploads\/sites\/47\/2019\/05\/competencia-municipal-tratamento-de-dependentes-quimicos.pdf\">Emenda a Lei 64 13-14 Compet\u00eancia Municipal Tratamento de Dependentes Qu\u00edmicos<\/a><\/p>\n<p><a href=\"https:\/\/jundiai.sp.gov.br\/conselhos\/wp-content\/uploads\/sites\/47\/2019\/05\/emenda-64-14-tratamento-dependentes-quimicos.pdf\">Emenda a Lei 64-14 Tratamento de dependentes qu\u00edmicos<\/a><\/p>\n<p><a href=\"https:\/\/jundiai.sp.gov.br\/conselhos\/wp-content\/uploads\/sites\/47\/2019\/05\/lei-7703-funremad-11.pdf\">Lei 7703-FUNREMAD-11<\/a><\/p>\n<p><a href=\"https:\/\/jundiai.sp.gov.br\/conselhos\/wp-content\/uploads\/sites\/47\/2019\/05\/lei-7518-funremad-10.pdf\">Lei 7518-FUNREMAD &#8211; 10<\/a><\/p>\n","protected":false},"excerpt":{"rendered":"<p>Lei 6091-03 &#8211; Vigente Emenda a Lei 64 13-14 Compet\u00eancia Municipal Tratamento de Dependentes Qu\u00edmicos Emenda a Lei 64-14 Tratamento de dependentes qu\u00edmicos Lei 7703-FUNREMAD-11 Lei 7518-FUNREMAD &#8211; 10<\/p>\n","protected":false},"author":37,"featured_media":0,"parent":164,"menu_order":4,"comment_status":"closed","ping_status":"closed","template":"","meta":{"footnotes":""},"class_list":["post-182","page","type-page","status-publish","hentry"],"_links":{"self":[{"href":"https:\/\/jundiai.sp.gov.br\/conselhos\/wp-json\/wp\/v2\/pages\/182","targetHints":{"allow":["GET"]}}],"collection":[{"href":"https:\/\/jundiai.sp.gov.br\/conselhos\/wp-json\/wp\/v2\/pages"}],"about":[{"href":"https:\/\/jundiai.sp.gov.br\/conselhos\/wp-json\/wp\/v2\/types\/page"}],"author":[{"embeddable":true,"href":"https:\/\/jundiai.sp.gov.br\/conselhos\/wp-json\/wp\/v2\/users\/37"}],"replies":[{"embeddable":true,"href":"https:\/\/jundiai.sp.gov.br\/conselhos\/wp-json\/wp\/v2\/comments?post=182"}],"version-history":[{"count":1,"href":"https:\/\/jundiai.sp.gov.br\/conselhos\/wp-json\/wp\/v2\/pages\/182\/revisions"}],"predecessor-version":[{"id":188,"href":"https:\/\/jundiai.sp.gov.br\/conselhos\/wp-json\/wp\/v2\/pages\/182\/revisions\/188"}],"up":[{"embeddable":true,"href":"https:\/\/jundiai.sp.gov.br\/conselhos\/wp-json\/wp\/v2\/pages\/164"}],"wp:attachment":[{"href":"https:\/\/jundiai.sp.gov.br\/conselhos\/wp-json\/wp\/v2\/media?parent=182"}],"curies":[{"name":"wp","href":"https:\/\/api.w.org\/{rel}","templated":true}]}}