{"id":250,"date":"2019-05-03T12:18:03","date_gmt":"2019-05-03T15:18:03","guid":{"rendered":"https:\/\/jundiai.sp.gov.br\/conselhos\/?page_id=250"},"modified":"2019-05-03T12:18:03","modified_gmt":"2019-05-03T15:18:03","slug":"leis-cmh","status":"publish","type":"page","link":"https:\/\/jundiai.sp.gov.br\/conselhos\/conselhos\/cmh-conselho-municipal-de-habitacao\/leis-cmh\/","title":{"rendered":"Leis CMH"},"content":{"rendered":"<p><a href=\"https:\/\/jundiai.sp.gov.br\/conselhos\/wp-content\/uploads\/sites\/47\/2019\/05\/projeto-de-lei-12-392.pdf\">Lei 12.392<\/a><\/p>\n<p><a href=\"https:\/\/jundiai.sp.gov.br\/conselhos\/wp-content\/uploads\/sites\/47\/2019\/05\/4477_texto-da-lei-consolidado.pdf\">Lei 4.492 &#8211; 15-12-94 &#8211; Texto da Lei -consolidado<\/a><\/p>\n<p><a href=\"https:\/\/jundiai.sp.gov.br\/conselhos\/wp-content\/uploads\/sites\/47\/2019\/05\/lei-6-125-03-fundo-de-habitacao-vigente.pdf\">Lei 6.125-03- Fundo de Habita\u00e7\u00e3o &#8211; Vigente<\/a><\/p>\n<p><a href=\"https:\/\/jundiai.sp.gov.br\/conselhos\/wp-content\/uploads\/sites\/47\/2019\/05\/lei-4492-94-alterada.pdf\">Lei 4492-94-Alterada<\/a><\/p>\n<p><a href=\"https:\/\/jundiai.sp.gov.br\/conselhos\/wp-content\/uploads\/sites\/47\/2019\/05\/lei-4493-94-alterada.pdf\">Lei 4493-94-Alterada<\/a><\/p>\n<p><a href=\"https:\/\/jundiai.sp.gov.br\/conselhos\/wp-content\/uploads\/sites\/47\/2019\/05\/lei-7016-08-politica-de-habitacao-vigente.pdf\">Lei 7016-08 Pol\u00edtica de Habita\u00e7\u00e3o &#8211; Vigente<\/a><\/p>\n<p><a href=\"https:\/\/jundiai.sp.gov.br\/conselhos\/wp-content\/uploads\/sites\/47\/2019\/05\/lei-8896.pdf\">Lei 8896<\/a><\/p>\n","protected":false},"excerpt":{"rendered":"<p>Lei 12.392 Lei 4.492 &#8211; 15-12-94 &#8211; Texto da Lei -consolidado Lei 6.125-03- Fundo de Habita\u00e7\u00e3o &#8211; Vigente Lei 4492-94-Alterada Lei 4493-94-Alterada Lei 7016-08 Pol\u00edtica de Habita\u00e7\u00e3o &#8211; Vigente Lei 8896<\/p>\n","protected":false},"author":37,"featured_media":0,"parent":236,"menu_order":4,"comment_status":"closed","ping_status":"closed","template":"","meta":{"footnotes":""},"class_list":["post-250","page","type-page","status-publish","hentry"],"_links":{"self":[{"href":"https:\/\/jundiai.sp.gov.br\/conselhos\/wp-json\/wp\/v2\/pages\/250","targetHints":{"allow":["GET"]}}],"collection":[{"href":"https:\/\/jundiai.sp.gov.br\/conselhos\/wp-json\/wp\/v2\/pages"}],"about":[{"href":"https:\/\/jundiai.sp.gov.br\/conselhos\/wp-json\/wp\/v2\/types\/page"}],"author":[{"embeddable":true,"href":"https:\/\/jundiai.sp.gov.br\/conselhos\/wp-json\/wp\/v2\/users\/37"}],"replies":[{"embeddable":true,"href":"https:\/\/jundiai.sp.gov.br\/conselhos\/wp-json\/wp\/v2\/comments?post=250"}],"version-history":[{"count":1,"href":"https:\/\/jundiai.sp.gov.br\/conselhos\/wp-json\/wp\/v2\/pages\/250\/revisions"}],"predecessor-version":[{"id":258,"href":"https:\/\/jundiai.sp.gov.br\/conselhos\/wp-json\/wp\/v2\/pages\/250\/revisions\/258"}],"up":[{"embeddable":true,"href":"https:\/\/jundiai.sp.gov.br\/conselhos\/wp-json\/wp\/v2\/pages\/236"}],"wp:attachment":[{"href":"https:\/\/jundiai.sp.gov.br\/conselhos\/wp-json\/wp\/v2\/media?parent=250"}],"curies":[{"name":"wp","href":"https:\/\/api.w.org\/{rel}","templated":true}]}}