{"id":300,"date":"2019-05-03T12:35:21","date_gmt":"2019-05-03T15:35:21","guid":{"rendered":"https:\/\/jundiai.sp.gov.br\/conselhos\/?page_id=300"},"modified":"2019-05-03T12:35:21","modified_gmt":"2019-05-03T15:35:21","slug":"leis-cmas","status":"publish","type":"page","link":"https:\/\/jundiai.sp.gov.br\/conselhos\/conselhos\/cmas-conselho-municipal-assistencia-social\/leis-cmas\/","title":{"rendered":"Leis CMAS"},"content":{"rendered":"<p><a href=\"https:\/\/jundiai.sp.gov.br\/conselhos\/wp-content\/uploads\/sites\/47\/2019\/05\/lei-8-265-de-16-07-14-regula-a-pmas-suas-e-fmas-fundo-vigente.pdf\">Lei 8.265 de 16.07.14 Regula a PMAS, SUAS e FMAS &#8211; Fundo Vigente<\/a><\/p>\n<p><a href=\"https:\/\/jundiai.sp.gov.br\/conselhos\/wp-content\/uploads\/sites\/47\/2019\/05\/lei-4-891-de-11-11-96-institui-o-cmas.pdf\">Lei 4.891 de 11.11.96 Institu\u00ed o CMAS<\/a><\/p>\n<p><a href=\"https:\/\/jundiai.sp.gov.br\/conselhos\/wp-content\/uploads\/sites\/47\/2019\/05\/lei-5-708-de-07-12-01-altera-lei-de-criacao.pdf\">Lei 5.708 de 07.12.01 Altera Lei de Cria\u00e7\u00e3o<\/a><\/p>\n<p><a href=\"https:\/\/jundiai.sp.gov.br\/conselhos\/wp-content\/uploads\/sites\/47\/2019\/05\/lei-7-656-de-07-04-11-prorroga-mandato.pdf\">Lei 7.656 de 07.04.11 Prorroga Mandato<\/a><\/p>\n","protected":false},"excerpt":{"rendered":"<p>Lei 8.265 de 16.07.14 Regula a PMAS, SUAS e FMAS &#8211; Fundo Vigente Lei 4.891 de 11.11.96 Institu\u00ed o CMAS Lei 5.708 de 07.12.01 Altera Lei de Cria\u00e7\u00e3o Lei 7.656 de 07.04.11 Prorroga Mandato<\/p>\n","protected":false},"author":37,"featured_media":0,"parent":280,"menu_order":4,"comment_status":"closed","ping_status":"closed","template":"","meta":{"footnotes":""},"class_list":["post-300","page","type-page","status-publish","hentry"],"_links":{"self":[{"href":"https:\/\/jundiai.sp.gov.br\/conselhos\/wp-json\/wp\/v2\/pages\/300","targetHints":{"allow":["GET"]}}],"collection":[{"href":"https:\/\/jundiai.sp.gov.br\/conselhos\/wp-json\/wp\/v2\/pages"}],"about":[{"href":"https:\/\/jundiai.sp.gov.br\/conselhos\/wp-json\/wp\/v2\/types\/page"}],"author":[{"embeddable":true,"href":"https:\/\/jundiai.sp.gov.br\/conselhos\/wp-json\/wp\/v2\/users\/37"}],"replies":[{"embeddable":true,"href":"https:\/\/jundiai.sp.gov.br\/conselhos\/wp-json\/wp\/v2\/comments?post=300"}],"version-history":[{"count":1,"href":"https:\/\/jundiai.sp.gov.br\/conselhos\/wp-json\/wp\/v2\/pages\/300\/revisions"}],"predecessor-version":[{"id":305,"href":"https:\/\/jundiai.sp.gov.br\/conselhos\/wp-json\/wp\/v2\/pages\/300\/revisions\/305"}],"up":[{"embeddable":true,"href":"https:\/\/jundiai.sp.gov.br\/conselhos\/wp-json\/wp\/v2\/pages\/280"}],"wp:attachment":[{"href":"https:\/\/jundiai.sp.gov.br\/conselhos\/wp-json\/wp\/v2\/media?parent=300"}],"curies":[{"name":"wp","href":"https:\/\/api.w.org\/{rel}","templated":true}]}}