{"id":386,"date":"2019-05-10T17:47:35","date_gmt":"2019-05-10T20:47:35","guid":{"rendered":"https:\/\/jundiai.sp.gov.br\/conselhos\/?page_id=386"},"modified":"2022-03-17T14:16:06","modified_gmt":"2022-03-17T17:16:06","slug":"leis-fundeb","status":"publish","type":"page","link":"https:\/\/jundiai.sp.gov.br\/conselhos\/conselhos\/fundeb-fundo-de-manutencao-e-desenvolvimento-da-educacao-basica\/leis-fundeb\/","title":{"rendered":"Leis FUNDEB"},"content":{"rendered":"<p><a href=\"https:\/\/jundiai.sp.gov.br\/conselhos\/wp-content\/uploads\/sites\/47\/2022\/02\/lei-municipal-n-9-576-de-31-de-marco-de-2021.pdf\">Lei Municipal 9.576 de 31\/03\/2021<\/a><\/p>\n<p><a href=\"https:\/\/jundiai.sp.gov.br\/conselhos\/wp-content\/uploads\/sites\/47\/2022\/02\/decreto-n-30-374-de-16-09-2021.pdf\">Decreto 30.374 de 16\/09\/2021<\/a><\/p>\n<p><a href=\"https:\/\/jundiai.sp.gov.br\/conselhos\/wp-content\/uploads\/sites\/47\/2022\/02\/portaria-101_2021.pdf\">Portaria 101 de 06\/05\/2021<\/a><\/p>\n<p>D\u00favidas ou solicita\u00e7\u00f5es podem ser encaminhadas para o e-mail: <a href=\"mailto:cacsfundeb@jundiai.sp.gov.br\" target=\"_blank\" rel=\"noopener\">cacsfundeb@jundiai.sp.gov.br<\/a><\/p>\n","protected":false},"excerpt":{"rendered":"<p>Lei Municipal 9.576 de 31\/03\/2021 Decreto 30.374 de 16\/09\/2021 Portaria 101 de 06\/05\/2021 D\u00favidas ou solicita\u00e7\u00f5es podem ser encaminhadas para o e-mail: cacsfundeb@jundiai.sp.gov.br<\/p>\n","protected":false},"author":37,"featured_media":0,"parent":371,"menu_order":4,"comment_status":"closed","ping_status":"closed","template":"","meta":{"footnotes":""},"class_list":["post-386","page","type-page","status-publish","hentry"],"_links":{"self":[{"href":"https:\/\/jundiai.sp.gov.br\/conselhos\/wp-json\/wp\/v2\/pages\/386","targetHints":{"allow":["GET"]}}],"collection":[{"href":"https:\/\/jundiai.sp.gov.br\/conselhos\/wp-json\/wp\/v2\/pages"}],"about":[{"href":"https:\/\/jundiai.sp.gov.br\/conselhos\/wp-json\/wp\/v2\/types\/page"}],"author":[{"embeddable":true,"href":"https:\/\/jundiai.sp.gov.br\/conselhos\/wp-json\/wp\/v2\/users\/37"}],"replies":[{"embeddable":true,"href":"https:\/\/jundiai.sp.gov.br\/conselhos\/wp-json\/wp\/v2\/comments?post=386"}],"version-history":[{"count":3,"href":"https:\/\/jundiai.sp.gov.br\/conselhos\/wp-json\/wp\/v2\/pages\/386\/revisions"}],"predecessor-version":[{"id":409,"href":"https:\/\/jundiai.sp.gov.br\/conselhos\/wp-json\/wp\/v2\/pages\/386\/revisions\/409"}],"up":[{"embeddable":true,"href":"https:\/\/jundiai.sp.gov.br\/conselhos\/wp-json\/wp\/v2\/pages\/371"}],"wp:attachment":[{"href":"https:\/\/jundiai.sp.gov.br\/conselhos\/wp-json\/wp\/v2\/media?parent=386"}],"curies":[{"name":"wp","href":"https:\/\/api.w.org\/{rel}","templated":true}]}}