{"id":6,"date":"2019-03-15T11:07:39","date_gmt":"2019-03-15T14:07:39","guid":{"rendered":"https:\/\/jundiai.sp.gov.br\/conselhos\/?page_id=6"},"modified":"2023-12-05T11:03:06","modified_gmt":"2023-12-05T14:03:06","slug":"conselhos","status":"publish","type":"page","link":"https:\/\/jundiai.sp.gov.br\/conselhos\/","title":{"rendered":"Conselhos"},"content":{"rendered":"\n<h2 class=\"wp-block-heading\">Plataforma de Governan\u00e7a, Finan\u00e7as e Transpar\u00eancia<\/h2>\n\n\n\n<p><strong>Vinculados \u00e0 Unidade Gestora Casa Civil<\/strong><\/p>\n\n\n\n<p>Conselho Municipal de Obras e Edifica\u00e7\u00f5es<br>Conselho Municipal de Desenvolvimento Rural<br>Conselho Municipal de Defesa do meio Ambiente<br>Conselho Municipal de Seguran\u00e7a P\u00fablica e Cidadania<br>Conselho Municipal dos Direitos da Pessoa com Defici\u00eancia<br>Conselho Municipal de Antidrogas<br>Conselho Municipal de Transporte<br>Conselho Municipal dos Direitos da Mulher<br>Conselho Municipal de Seguran\u00e7a Alimentar e Nutri\u00e7\u00e3o<br>Conselho Municipal da Juventude<br>Conselho Municipal de Participa\u00e7\u00e3o e Desenvolvimento da Comunidade Negra<br>Conselho Municipal de Rela\u00e7\u00f5es Internacionais<br>Conselho da Cidade de Jundia\u00ed<\/p>\n\n\n\n<p><strong>Contato:<\/strong>&nbsp;<a href=\"mailto:diretoriadeconselhos@jundiai.sp.gov.br\" target=\"_blank\" rel=\"noopener noreferrer\">diretoriadeconselhos@jundiai.sp.gov.br<\/a><\/p>\n\n\n\n<p><strong>Vinculado<\/strong><strong>&nbsp;\u00e0 Unidade Gestora Governo e Finan\u00e7as<\/strong><br>Conselho Municipal de Transpar\u00eancia P\u00fablica e Participa\u00e7\u00e3o Social<\/p>\n\n\n\n<p><strong>Contato:<\/strong>&nbsp;<a href=\"mailto:diretoriadeconselhos@jundiai.sp.gov.br\" target=\"_blank\" rel=\"noopener noreferrer\">diretoriadeconselhos@jundiai.sp.gov.br<\/a><\/p>\n\n\n\n<h2 class=\"wp-block-heading\">Plataforma de Inclus\u00e3o e Desenvolvimento Social<\/h2>\n\n\n\n<p><strong>Vinculado \u00e0 Fumas<\/strong><br>Conselho Municipal de Habita\u00e7\u00e3o<br><strong>Contato:<\/strong>\u00a0<a href=\"mailto:diretoriadeconselhos@jundiai.sp.gov.br\" target=\"_blank\" rel=\"noopener noreferrer\">diretoriadeconselhos@jundiai.sp.gov.br<\/a><\/p>\n\n\n\n<p><strong>Vinculados \u00e0 Unidade Gestora Assist\u00eancia e Desenvolvimento Social<\/strong><br><a href=\"https:\/\/cmas.jundiai.sp.gov.br\/\" target=\"_blank\" rel=\"noreferrer noopener\">Conselho Municipal de Assist\u00eancia Social<\/a><br><strong>Contato:<\/strong>\u00a0<a href=\"mailto:cmas@jundiai.sp.gov.br\" target=\"_blank\" rel=\"noopener noreferrer\">cmas@jundiai.sp.gov.br<\/a><\/p>\n\n\n\n<p><a href=\"https:\/\/cmdca.jundiai.sp.gov.br\/\" target=\"_blank\" rel=\"noreferrer noopener\">Conselho Municipal dos Direitos da Crian\u00e7a e do Adolescente<\/a>\u00a0<br><strong>Contato:<\/strong>\u00a0<a href=\"mailto:cmdca@jundiai.sp.gov.br\" target=\"_blank\" rel=\"noopener noreferrer\">cmdca@jundiai.sp.gov.br<\/a><\/p>\n\n\n\n<p><a href=\"https:\/\/comdipi.jundiai.sp.gov.br\/\" target=\"_blank\" rel=\"noreferrer noopener\">Conselho Municipal dos Direitos do Idoso<\/a><br><strong>Contato:<\/strong>\u00a0<a href=\"mailto:comdipi@jundiai.sp.gov.br\" target=\"_blank\" rel=\"noopener noreferrer\">comdipi@jundiai.sp.gov.br<\/a><\/p>\n\n\n\n<p><strong>Contato:<\/strong>&nbsp;<a href=\"mailto:diretoriadeconselhos@jundiai.sp.gov.br\" target=\"_blank\" rel=\"noopener noreferrer\">diretoriadeconselhos@jundiai.sp.gov.br<\/a><\/p>\n\n\n\n<h2 class=\"wp-block-heading\">Plataforma de Desenvolvimento Econ\u00f4mico, Tecnologia e Emprego<\/h2>\n\n\n\n<p><strong>Vinculado \u00e0 Unidade Gestora Agroneg\u00f3cio, Abastecimento e Turismo<\/strong><br>Conselho Municipal de Turismo<br><strong>Contato:<\/strong>\u00a0<a href=\"mailto:diretoriadeconselhos@jundiai.sp.gov.br\" target=\"_blank\" rel=\"noopener noreferrer\">diretoriadeconselhos@jundiai.sp.gov.br<\/a><\/p>\n\n\n\n<p><strong>Vinculado \u00e0 Unidade Gestora Desenvolvimento Econ\u00f4mico, Ci\u00eancia e Tecnologia<\/strong><br><a href=\"https:\/\/jundiai.sp.gov.br\/desenvolvimento-economico\/conselho\/conselho-municipal-de-ciencia-tecnologia-e-inovacao\/\">Conselho Municipal de Ci\u00eancia, Tecnologia e Inova\u00e7\u00e3o de Jundia\u00ed<\/a><br><strong>Contato:<\/strong>\u00a0<a href=\"mailto:diretoriadeconselhos@jundiai.sp.gov.br\" target=\"_blank\" rel=\"noopener noreferrer\">diretoriadeconselhos@jundiai.sp.gov.br<\/a><\/p>\n\n\n\n<h2 class=\"wp-block-heading\">Plataforma de Educa\u00e7\u00e3o e Cultura<\/h2>\n\n\n\n<p><strong>Vinculados \u00e0 Unidade Gestora Cultura<\/strong><br>Conselho Municipal de Pol\u00edtica Cultural<br>Conselho Municipal de Patrim\u00f4nio Cultural<\/p>\n\n\n\n<p><strong>Vinculados \u00e0 Unidade Gestora Educa\u00e7\u00e3o<\/strong><br>Conselho Municipal de Alimenta\u00e7\u00e3o Escolar<br>Fundeb<br>Conselho Municipal de Educa\u00e7\u00e3o<br><strong>Contato:<\/strong>\u00a0<a href=\"mailto:diretoriadeconselhos@jundiai.sp.gov.br\" target=\"_blank\" rel=\"noopener noreferrer\">diretoriadeconselhos@jundiai.sp.gov.br<\/a><\/p>\n\n\n\n<h2 class=\"wp-block-heading\">Plataforma de Desenvolvimento Sustent\u00e1vel<\/h2>\n\n\n\n<p><strong>Vinculado \u00e0 Unidade Gestora Mobilidade e Transporte<\/strong><br>Conselho Municipal de Mobilidade Urbana e Transporte<br><strong>Contato:<\/strong>\u00a0<a href=\"mailto:diretoriadeconselhos@jundiai.sp.gov.br\" target=\"_blank\" rel=\"noopener noreferrer\">diretoriadeconselhos@jundiai.sp.gov.br<\/a><\/p>\n\n\n\n<p><strong>Vinculado \u00e0 Unidade Gestora Planejamento Urbano e Meio Ambiente<\/strong><br>Conselho Gestor da Serra do Japi<br>Conselho Municipal de Pol\u00edtica Territorial<br><strong>Contato:<\/strong>\u00a0<a href=\"mailto:diretoriadeconselhos@jundiai.sp.gov.br\" target=\"_blank\" rel=\"noopener noreferrer\">diretoriadeconselhos@jundiai.sp.gov.br<\/a><\/p>\n\n\n\n<h2 class=\"wp-block-heading\">Plataforma de Sa\u00fade e Qualidade de Vida<\/h2>\n\n\n\n<p><strong>Vinculados \u00e0 Unidade Gestora Esporte e Lazer<\/strong><br>Conselho Municipal de Esportes e Lazer<br><strong>Contato:<\/strong>\u00a0<a href=\"mailto:diretoriadeconselhos@jundiai.sp.gov.br\" target=\"_blank\" rel=\"noopener noreferrer\">diretoriadeconselhos@jundiai.sp.gov.br<\/a><\/p>\n\n\n\n<p><strong>Vinculados \u00e0 Unidade Gestora Promo\u00e7\u00e3o da Sa\u00fade<\/strong><br>Conselho Municipal de Sa\u00fade<br><strong>Contato:<\/strong>\u00a0<a href=\"mailto:diretoriadeconselhos@jundiai.sp.gov.br\" target=\"_blank\" rel=\"noopener noreferrer\">diretoriadeconselhos@jundiai.sp.gov.br<\/a><\/p>\n","protected":false},"excerpt":{"rendered":"<p>Plataforma de Governan\u00e7a, Finan\u00e7as e Transpar\u00eancia Vinculados \u00e0 Unidade Gestora Casa Civil Conselho Municipal de Obras e Edifica\u00e7\u00f5esConselho Municipal de Desenvolvimento RuralConselho Municipal de Defesa do meio AmbienteConselho Municipal de Seguran\u00e7a P\u00fablica e CidadaniaConselho Municipal dos Direitos da Pessoa com Defici\u00eanciaConselho Municipal de AntidrogasConselho Municipal de TransporteConselho Municipal dos Direitos da MulherConselho Municipal de Seguran\u00e7a [&hellip;]<\/p>\n","protected":false},"author":8,"featured_media":0,"parent":0,"menu_order":0,"comment_status":"closed","ping_status":"closed","template":"","meta":{"footnotes":""},"class_list":["post-6","page","type-page","status-publish","hentry"],"_links":{"self":[{"href":"https:\/\/jundiai.sp.gov.br\/conselhos\/wp-json\/wp\/v2\/pages\/6","targetHints":{"allow":["GET"]}}],"collection":[{"href":"https:\/\/jundiai.sp.gov.br\/conselhos\/wp-json\/wp\/v2\/pages"}],"about":[{"href":"https:\/\/jundiai.sp.gov.br\/conselhos\/wp-json\/wp\/v2\/types\/page"}],"author":[{"embeddable":true,"href":"https:\/\/jundiai.sp.gov.br\/conselhos\/wp-json\/wp\/v2\/users\/8"}],"replies":[{"embeddable":true,"href":"https:\/\/jundiai.sp.gov.br\/conselhos\/wp-json\/wp\/v2\/comments?post=6"}],"version-history":[{"count":5,"href":"https:\/\/jundiai.sp.gov.br\/conselhos\/wp-json\/wp\/v2\/pages\/6\/revisions"}],"predecessor-version":[{"id":416,"href":"https:\/\/jundiai.sp.gov.br\/conselhos\/wp-json\/wp\/v2\/pages\/6\/revisions\/416"}],"wp:attachment":[{"href":"https:\/\/jundiai.sp.gov.br\/conselhos\/wp-json\/wp\/v2\/media?parent=6"}],"curies":[{"name":"wp","href":"https:\/\/api.w.org\/{rel}","templated":true}]}}