{"id":6,"date":"2017-03-29T15:19:11","date_gmt":"2017-03-29T18:19:11","guid":{"rendered":"https:\/\/jundiai.sp.gov.br\/controladoria-geral-do-municipio\/?page_id=6"},"modified":"2026-01-06T09:55:53","modified_gmt":"2026-01-06T12:55:53","slug":"controladoria-geral-do-municipio","status":"publish","type":"page","link":"https:\/\/jundiai.sp.gov.br\/controladoria-geral-do-municipio\/","title":{"rendered":"Controladoria Geral do Munic\u00edpio"},"content":{"rendered":"\n<p><strong>A Controladoria Geral do Munic\u00edpio (CGM) tem por finalidade promover o controle interno dos \u00f3rg\u00e3os municipais e das entidades da Administra\u00e7\u00e3o Indireta e assistir, direta e imediatamente, o Prefeito no desempenho de suas atribui\u00e7\u00f5es quanto aos assuntos e provid\u00eancias que, no \u00e2mbito do Poder Executivo, sejam atinentes \u00e0 defesa do patrim\u00f4nio p\u00fablico, ao controle interno, \u00e0 auditoria p\u00fablica, \u00e0 correi\u00e7\u00e3o, \u00e0 preven\u00e7\u00e3o e ao combate \u00e0 corrup\u00e7\u00e3o, bem como a promo\u00e7\u00e3o da \u00e9tica no servi\u00e7o p\u00fablico, o incremento da moralidade, da transpar\u00eancia e dos demais princ\u00edpios constitucionais da administra\u00e7\u00e3o p\u00fablica, e o fomento ao controle social da gest\u00e3o no \u00e2mbito da Administra\u00e7\u00e3o Municipal.<\/strong><br>Compete \u00e0 CGM:<\/p>\n\n\n\n<ul class=\"wp-block-list\">\n<li>avaliar o cumprimento das metas previstas no plano plurianual, a execu\u00e7\u00e3o dos programas de governo e dos or\u00e7amentos do Munic\u00edpio;<\/li>\n\n\n\n<li>comprovar a legalidade e avaliar os resultados, quanto \u00e0 efic\u00e1cia e efici\u00eancia, da gest\u00e3o or\u00e7ament\u00e1ria, financeira e patrimonial nos \u00f3rg\u00e3os e entidades da Administra\u00e7\u00e3o Municipal, bem como da aplica\u00e7\u00e3o de recursos p\u00fablicos por entidades de direito privado;<\/li>\n\n\n\n<li>exercer o controle das opera\u00e7\u00f5es de cr\u00e9dito, avais e garantias, bem como dos direitos e haveres do Munic\u00edpio;<\/li>\n\n\n\n<li>cientificar as autoridades respons\u00e1veis, quando constatada ilegalidades ou irregularidades na Administra\u00e7\u00e3o Municipal, na forma do \u00a7 2\u00ba do art. 58 da <a href=\"http:\/\/www.jundiai.sp.leg.br\/legislacao\/lei-organica\/lei-organica-de-jundiai-atualizada-ate-emenda-68-de-16-de-marco-de-2016\" target=\"_blank\" rel=\"noopener noreferrer\">Lei Org\u00e2nica do Munic\u00edpio de Jundia\u00ed<\/a>;<\/li>\n\n\n\n<li>apoiar o controle externo no exerc\u00edcio de sua miss\u00e3o institucional.<\/li>\n<\/ul>\n\n\n\n<h2 class=\"wp-block-heading\">Contatos<\/h2>\n\n\n\n<p>A Controladoria Geral do Munic\u00edpio (CGM) fica no Pa\u00e7o Municipal, 8\u00ba andar &#8211; ala Norte.<\/p>\n\n\n\n<p><strong>Controlador Geral do Munic\u00edpio<\/strong><br>Telefone: (11) 4589-8431<\/p>\n\n\n\n<p><strong>Divis\u00e3o de Assessoria Cont\u00e1bil-Financeira<\/strong><br>Telefone: (11) 4589-8646<\/p>\n\n\n\n<p><strong>Divis\u00e3o de Assessoria de Gest\u00e3o<\/strong><br>Telefone: (11) 4589-8646<\/p>\n\n\n\n<p><strong>Divis\u00e3o de Assessoria Jur\u00eddica<\/strong><br>Telefone: (11) 4589-8352<\/p>\n\n\n\n<p><strong>Divis\u00e3o de Assessoria T\u00e9cnica<\/strong><br>Telefone: (11) 4589-8592<\/p>\n","protected":false},"excerpt":{"rendered":"<p>A Controladoria Geral do Munic\u00edpio (CGM) tem por finalidade promover o controle interno dos \u00f3rg\u00e3os municipais e das entidades da Administra\u00e7\u00e3o Indireta e assistir, direta e imediatamente, o Prefeito no desempenho de suas atribui\u00e7\u00f5es quanto aos assuntos e provid\u00eancias que, no \u00e2mbito do Poder Executivo, sejam atinentes \u00e0 defesa do patrim\u00f4nio p\u00fablico, ao controle interno, [&hellip;]<\/p>\n","protected":false},"author":8,"featured_media":0,"parent":0,"menu_order":0,"comment_status":"closed","ping_status":"closed","template":"","meta":{"footnotes":""},"class_list":["post-6","page","type-page","status-publish","hentry"],"_links":{"self":[{"href":"https:\/\/jundiai.sp.gov.br\/controladoria-geral-do-municipio\/wp-json\/wp\/v2\/pages\/6","targetHints":{"allow":["GET"]}}],"collection":[{"href":"https:\/\/jundiai.sp.gov.br\/controladoria-geral-do-municipio\/wp-json\/wp\/v2\/pages"}],"about":[{"href":"https:\/\/jundiai.sp.gov.br\/controladoria-geral-do-municipio\/wp-json\/wp\/v2\/types\/page"}],"author":[{"embeddable":true,"href":"https:\/\/jundiai.sp.gov.br\/controladoria-geral-do-municipio\/wp-json\/wp\/v2\/users\/8"}],"replies":[{"embeddable":true,"href":"https:\/\/jundiai.sp.gov.br\/controladoria-geral-do-municipio\/wp-json\/wp\/v2\/comments?post=6"}],"version-history":[{"count":6,"href":"https:\/\/jundiai.sp.gov.br\/controladoria-geral-do-municipio\/wp-json\/wp\/v2\/pages\/6\/revisions"}],"predecessor-version":[{"id":29,"href":"https:\/\/jundiai.sp.gov.br\/controladoria-geral-do-municipio\/wp-json\/wp\/v2\/pages\/6\/revisions\/29"}],"wp:attachment":[{"href":"https:\/\/jundiai.sp.gov.br\/controladoria-geral-do-municipio\/wp-json\/wp\/v2\/media?parent=6"}],"curies":[{"name":"wp","href":"https:\/\/api.w.org\/{rel}","templated":true}]}}