{"id":102,"date":"2020-05-04T10:30:47","date_gmt":"2020-05-04T13:30:47","guid":{"rendered":"http:\/\/jundiai.sp.gov.br\/corona\/?page_id=102"},"modified":"2020-05-04T10:30:47","modified_gmt":"2020-05-04T13:30:47","slug":"o-que-e-o-coronavirus","status":"publish","type":"page","link":"https:\/\/jundiai.sp.gov.br\/coronavirus\/faq\/o-coronavirus\/o-que-e-o-coronavirus\/","title":{"rendered":"O que \u00e9 o coronav\u00edrus?"},"content":{"rendered":"<p>\t\t\t\t<span style=\"margin: 0px;color: black;font-family: 'Arial',sans-serif;font-size: 13.5pt\">Coronav\u00edrus \u00e9 uma fam\u00edlia de v\u00edrus que causam infe\u00e7\u00f5es respirat\u00f3rias. Os primeiros coronav\u00edrus humanos foram isolados pela primeira vez em 1937. Seu nome vem do fato de o v\u00edrus possuir uma camada externa que parece uma coroa.<\/span><\/p>\n<p><span style=\"margin: 0px;color: black;font-family: 'Arial',sans-serif;font-size: 13.5pt\">O novo agente do coronav\u00edrus (<\/span><b>SARS-CoV-2)<\/b><span style=\"margin: 0px;color: black;font-family: 'Arial',sans-serif;font-size: 13.5pt\"> foi descoberto em 31\/12\/19 ap\u00f3s serem observados alguns casos de uma pneumonia at\u00edpica na cidade de Wuhan, China. Como nunca tivemos contato com o novo v\u00edrus antes, n\u00e3o temos imunidade para combat\u00ea-lo. O novo coronav\u00edrus provoca uma doen\u00e7a chamada COVID-19.<\/span><\/p>\n<p><span style=\"margin: 0px;color: black;font-family: 'Arial',sans-serif;font-size: 13.5pt\">A COVID-19 apresenta um quadro cl\u00ednico vari\u00e1vel. De acordo com a Organiza\u00e7\u00e3o Mundial da Sa\u00fade (OMS), cerca de 80% das pessoas infectadas s\u00e3o assintom\u00e1ticas ou apresentam quadros leves, muito semelhante a um resfriado comum ou uma gripe leve. Por\u00e9m, aproximadamente 20% dos pacientes apresentam quadros mais severos, necessitando de atendimento hospitalar sobretudo devido \u00e0 dificuldade respirat\u00f3ria. Desses pacientes, cerca de 5% evoluem para insufici\u00eancia respirat\u00f3ria tendo necessidade de suporte ventilat\u00f3rio.<\/span>\t\t<\/p>\n","protected":false},"excerpt":{"rendered":"<p>Coronav\u00edrus \u00e9 uma fam\u00edlia de v\u00edrus que causam infe\u00e7\u00f5es respirat\u00f3rias. Os primeiros coronav\u00edrus humanos foram isolados pela primeira vez em 1937. Seu nome vem do fato de o v\u00edrus possuir uma camada externa que parece uma coroa. O novo agente do coronav\u00edrus (SARS-CoV-2) foi descoberto em 31\/12\/19 ap\u00f3s serem observados alguns casos de uma pneumonia [&hellip;]<\/p>\n","protected":false},"author":5,"featured_media":0,"parent":100,"menu_order":1,"comment_status":"closed","ping_status":"closed","template":"","meta":{"footnotes":""},"class_list":["post-102","page","type-page","status-publish","hentry"],"_links":{"self":[{"href":"https:\/\/jundiai.sp.gov.br\/coronavirus\/wp-json\/wp\/v2\/pages\/102","targetHints":{"allow":["GET"]}}],"collection":[{"href":"https:\/\/jundiai.sp.gov.br\/coronavirus\/wp-json\/wp\/v2\/pages"}],"about":[{"href":"https:\/\/jundiai.sp.gov.br\/coronavirus\/wp-json\/wp\/v2\/types\/page"}],"author":[{"embeddable":true,"href":"https:\/\/jundiai.sp.gov.br\/coronavirus\/wp-json\/wp\/v2\/users\/5"}],"replies":[{"embeddable":true,"href":"https:\/\/jundiai.sp.gov.br\/coronavirus\/wp-json\/wp\/v2\/comments?post=102"}],"version-history":[{"count":0,"href":"https:\/\/jundiai.sp.gov.br\/coronavirus\/wp-json\/wp\/v2\/pages\/102\/revisions"}],"up":[{"embeddable":true,"href":"https:\/\/jundiai.sp.gov.br\/coronavirus\/wp-json\/wp\/v2\/pages\/100"}],"wp:attachment":[{"href":"https:\/\/jundiai.sp.gov.br\/coronavirus\/wp-json\/wp\/v2\/media?parent=102"}],"curies":[{"name":"wp","href":"https:\/\/api.w.org\/{rel}","templated":true}]}}