{"id":117,"date":"2020-05-04T11:35:36","date_gmt":"2020-05-04T14:35:36","guid":{"rendered":"http:\/\/jundiai.sp.gov.br\/corona\/?page_id=117"},"modified":"2020-06-25T08:12:45","modified_gmt":"2020-06-25T11:12:45","slug":"transmissao","status":"publish","type":"page","link":"https:\/\/jundiai.sp.gov.br\/coronavirus\/faq\/transmissao\/","title":{"rendered":"Transmiss\u00e3o"},"content":{"rendered":"<p>O principal meio de transmiss\u00e3o do novo coronav\u00edrus ocorre pelo contato com secre\u00e7\u00f5es ou objetos contaminadas, seguido de contato com a boca, o nariz ou os olhos.<\/p>\n<p><img loading=\"lazy\" decoding=\"async\" class=\"aligncenter wp-image-474\" src=\"https:\/\/jundiai.sp.gov.br\/coronavirus\/wp-content\/uploads\/sites\/61\/2020\/06\/FAQ4.png\" alt=\"\" width=\"729\" height=\"214\" \/><\/p>\n<p><span style=\"font-weight: 400;\">Nos objetos ou superf\u00edcies, o v\u00edrus permanece vi\u00e1vel para contamina\u00e7\u00e3o de pessoas por diferentes per\u00edodos de tempo:<\/span><\/p>\n<ul>\n<li style=\"font-weight: 400;\"><span style=\"font-weight: 400;\">A\u00e7o inoxid\u00e1vel (ma\u00e7anetas, bot\u00f5es de elevador, bancadas): 3 dias (72 horas)<\/span><\/li>\n<li style=\"font-weight: 400;\"><span style=\"font-weight: 400;\">Pl\u00e1stico (sacola de mercado, interruptor, controle remoto, celular): 3 dias (72 horas)<\/span><\/li>\n<li style=\"font-weight: 400;\"><span style=\"font-weight: 400;\">Papel\u00e3o: 1 dia (24 horas)<\/span><\/li>\n<li style=\"font-weight: 400;\"><span style=\"font-weight: 400;\">Cobre: 4 horas<\/span><\/li>\n<\/ul>\n<p>O v\u00edrus tamb\u00e9m pode ser transmitido pelo ar atrav\u00e9s de part\u00edculas muito pequenas que ficam em suspens\u00e3o no ambiente (aerossol), ap\u00f3s uma tosse ou espirro. Estima-se que o v\u00edrus permane\u00e7a em suspens\u00e3o no ar por no m\u00e1ximo duas horas e meia. Por isso, \u00e9 importante manter os ambientes sempre bem ventilados, com corrente de ar. Deixe portas e janelas abertas e evite ligar o ar condicionado.<\/p>\n","protected":false},"excerpt":{"rendered":"<p>O principal meio de transmiss\u00e3o do novo coronav\u00edrus ocorre pelo contato com secre\u00e7\u00f5es ou objetos contaminadas, seguido de contato com a boca, o nariz ou os olhos. Nos objetos ou superf\u00edcies, o v\u00edrus permanece vi\u00e1vel para contamina\u00e7\u00e3o de pessoas por diferentes per\u00edodos de tempo: A\u00e7o inoxid\u00e1vel (ma\u00e7anetas, bot\u00f5es de elevador, bancadas): 3 dias (72 horas) [&hellip;]<\/p>\n","protected":false},"author":5,"featured_media":0,"parent":549,"menu_order":3,"comment_status":"closed","ping_status":"closed","template":"","meta":{"footnotes":""},"class_list":["post-117","page","type-page","status-publish","hentry"],"_links":{"self":[{"href":"https:\/\/jundiai.sp.gov.br\/coronavirus\/wp-json\/wp\/v2\/pages\/117","targetHints":{"allow":["GET"]}}],"collection":[{"href":"https:\/\/jundiai.sp.gov.br\/coronavirus\/wp-json\/wp\/v2\/pages"}],"about":[{"href":"https:\/\/jundiai.sp.gov.br\/coronavirus\/wp-json\/wp\/v2\/types\/page"}],"author":[{"embeddable":true,"href":"https:\/\/jundiai.sp.gov.br\/coronavirus\/wp-json\/wp\/v2\/users\/5"}],"replies":[{"embeddable":true,"href":"https:\/\/jundiai.sp.gov.br\/coronavirus\/wp-json\/wp\/v2\/comments?post=117"}],"version-history":[{"count":4,"href":"https:\/\/jundiai.sp.gov.br\/coronavirus\/wp-json\/wp\/v2\/pages\/117\/revisions"}],"predecessor-version":[{"id":861,"href":"https:\/\/jundiai.sp.gov.br\/coronavirus\/wp-json\/wp\/v2\/pages\/117\/revisions\/861"}],"up":[{"embeddable":true,"href":"https:\/\/jundiai.sp.gov.br\/coronavirus\/wp-json\/wp\/v2\/pages\/549"}],"wp:attachment":[{"href":"https:\/\/jundiai.sp.gov.br\/coronavirus\/wp-json\/wp\/v2\/media?parent=117"}],"curies":[{"name":"wp","href":"https:\/\/api.w.org\/{rel}","templated":true}]}}