{"id":1208,"date":"2020-09-25T16:59:08","date_gmt":"2020-09-25T19:59:08","guid":{"rendered":"https:\/\/jundiai.sp.gov.br\/coronavirus\/?page_id=1208"},"modified":"2020-09-25T17:00:59","modified_gmt":"2020-09-25T20:00:59","slug":"doacoes-a-ugads","status":"publish","type":"page","link":"https:\/\/jundiai.sp.gov.br\/coronavirus\/doacoes-recebidas\/doacoes-a-ugads\/","title":{"rendered":"Doa\u00e7\u00f5es \u00e0 UGADS"},"content":{"rendered":"\n<style>.iframe-google {height: 800px !important;}<\/style>\n\n<iframe loading=\"lazy\" class=\"iframe-google\" width=\"100%\" height=\"800\" src=\"https:\/\/docs.google.com\/spreadsheets\/d\/e\/2PACX-1vSXj21vU1WmqsJtqMQwRl4HIPtX8tJSi1FjI8FpVKAvWq9KHboyabSgkrgcFyr-x-UGO6YpUQRxyw1q\/pubhtml?gid=0&amp;single=true&amp;widget=true&amp;headers=false\"><\/iframe>\n\n\n\n<div style=\"height:20px\" aria-hidden=\"true\" class=\"wp-block-spacer\"><\/div>\n\n\n\n<p><a rel=\"noreferrer noopener\" href=\"https:\/\/docs.google.com\/spreadsheets\/d\/e\/2PACX-1vSXj21vU1WmqsJtqMQwRl4HIPtX8tJSi1FjI8FpVKAvWq9KHboyabSgkrgcFyr-x-UGO6YpUQRxyw1q\/pubhtml?gid=0&amp;single=true\" target=\"_blank\">Abrir planilha numa nova aba<\/a> ou <a rel=\"noreferrer noopener\" href=\"https:\/\/docs.google.com\/spreadsheets\/d\/1GCcIaD-JrDn9cpAIEzuCWnNELLKPt1Ddpg-r6vmH3cI\/export?format=xlsx\" target=\"_blank\">fazer download da planilha<\/a><\/p>\n","protected":false},"excerpt":{"rendered":"<p>Abrir planilha numa nova aba ou fazer download da planilha<\/p>\n","protected":false},"author":8,"featured_media":0,"parent":286,"menu_order":3,"comment_status":"closed","ping_status":"closed","template":"","meta":{"footnotes":""},"class_list":["post-1208","page","type-page","status-publish","hentry"],"_links":{"self":[{"href":"https:\/\/jundiai.sp.gov.br\/coronavirus\/wp-json\/wp\/v2\/pages\/1208","targetHints":{"allow":["GET"]}}],"collection":[{"href":"https:\/\/jundiai.sp.gov.br\/coronavirus\/wp-json\/wp\/v2\/pages"}],"about":[{"href":"https:\/\/jundiai.sp.gov.br\/coronavirus\/wp-json\/wp\/v2\/types\/page"}],"author":[{"embeddable":true,"href":"https:\/\/jundiai.sp.gov.br\/coronavirus\/wp-json\/wp\/v2\/users\/8"}],"replies":[{"embeddable":true,"href":"https:\/\/jundiai.sp.gov.br\/coronavirus\/wp-json\/wp\/v2\/comments?post=1208"}],"version-history":[{"count":4,"href":"https:\/\/jundiai.sp.gov.br\/coronavirus\/wp-json\/wp\/v2\/pages\/1208\/revisions"}],"predecessor-version":[{"id":1212,"href":"https:\/\/jundiai.sp.gov.br\/coronavirus\/wp-json\/wp\/v2\/pages\/1208\/revisions\/1212"}],"up":[{"embeddable":true,"href":"https:\/\/jundiai.sp.gov.br\/coronavirus\/wp-json\/wp\/v2\/pages\/286"}],"wp:attachment":[{"href":"https:\/\/jundiai.sp.gov.br\/coronavirus\/wp-json\/wp\/v2\/media?parent=1208"}],"curies":[{"name":"wp","href":"https:\/\/api.w.org\/{rel}","templated":true}]}}