{"id":126,"date":"2020-05-04T11:40:59","date_gmt":"2020-05-04T14:40:59","guid":{"rendered":"http:\/\/jundiai.sp.gov.br\/corona\/?page_id=126"},"modified":"2021-12-23T13:36:47","modified_gmt":"2021-12-23T16:36:47","slug":"sintomas-2","status":"publish","type":"page","link":"https:\/\/jundiai.sp.gov.br\/coronavirus\/faq\/diagnostico\/sintomas-2\/","title":{"rendered":"Sintomas"},"content":{"rendered":"<p>Os sintomas da COVID-19 s\u00e3o muito parecidos com os de uma gripe comum, sendo muito dif\u00edcil sua diferencia\u00e7\u00e3o.<\/p>\n<p><strong>Sintomas mais comuns:<\/strong><\/p>\n<ul>\n<li>Febre<\/li>\n<li>Tosse seca<\/li>\n<li>Fadiga<\/li>\n<\/ul>\n<p><strong>Outros sintomas que podem estar presentes:<\/strong><\/p>\n<ul>\n<li>Tosse com catarro<\/li>\n<li>Dor de garganta<\/li>\n<li>Dor de cabe\u00e7a<\/li>\n<li>Dor no corpo ou nas articula\u00e7\u00f5es<\/li>\n<li>Calafrios<\/li>\n<li>N\u00e1usea ou v\u00f4mito<\/li>\n<li>Congest\u00e3o nasal<\/li>\n<li>Diarreia<\/li>\n<li>Conjuntivite<\/li>\n<li>Perda do paladar e\/ou olfato<\/li>\n<\/ul>\n<p><strong>Sintomas que sugerem quadro grave:<\/strong><\/p>\n<ul>\n<li>Falta de ar<\/li>\n<li>Tosse com sangue<\/li>\n<li>L\u00e1bio e\/ou pontas dos dedos arroxeadas<\/li>\n<li>Press\u00e3o arterial abaixo de 90\/60 mmHg<\/li>\n<li>Piora de doen\u00e7as preexistentes<\/li>\n<li>Altera\u00e7\u00e3o do estado mental (letargia ou confus\u00e3o mental)<\/li>\n<li>Em crian\u00e7as: falta de apetite para amamenta\u00e7\u00e3o ou ingest\u00e3o de l\u00edquidos e convuls\u00e3o.<\/li>\n<\/ul>\n\n\n<figure class=\"wp-block-image size-large\"><img loading=\"lazy\" decoding=\"async\" width=\"900\" height=\"900\" src=\"https:\/\/jundiai.sp.gov.br\/coronavirus\/wp-content\/uploads\/sites\/61\/2021\/12\/card_sindrome_gripal_v4-900x900.png\" alt=\"\" class=\"wp-image-2219\" srcset=\"https:\/\/jundiai.sp.gov.br\/coronavirus\/wp-content\/uploads\/sites\/61\/2021\/12\/card_sindrome_gripal_v4-900x900.png 900w, https:\/\/jundiai.sp.gov.br\/coronavirus\/wp-content\/uploads\/sites\/61\/2021\/12\/card_sindrome_gripal_v4-250x250.png 250w, https:\/\/jundiai.sp.gov.br\/coronavirus\/wp-content\/uploads\/sites\/61\/2021\/12\/card_sindrome_gripal_v4-768x768.png 768w, https:\/\/jundiai.sp.gov.br\/coronavirus\/wp-content\/uploads\/sites\/61\/2021\/12\/card_sindrome_gripal_v4.png 1080w\" sizes=\"auto, (max-width: 900px) 100vw, 900px\" \/><\/figure>\n","protected":false},"excerpt":{"rendered":"<p>Os sintomas da COVID-19 s\u00e3o muito parecidos com os de uma gripe comum, sendo muito dif\u00edcil sua diferencia\u00e7\u00e3o. Sintomas mais comuns: Febre Tosse seca Fadiga Outros sintomas que podem estar presentes: Tosse com catarro Dor de garganta Dor de cabe\u00e7a Dor no corpo ou nas articula\u00e7\u00f5es Calafrios N\u00e1usea ou v\u00f4mito Congest\u00e3o nasal Diarreia Conjuntivite Perda [&hellip;]<\/p>\n","protected":false},"author":5,"featured_media":0,"parent":306,"menu_order":1,"comment_status":"closed","ping_status":"closed","template":"","meta":{"footnotes":""},"class_list":["post-126","page","type-page","status-publish","hentry"],"_links":{"self":[{"href":"https:\/\/jundiai.sp.gov.br\/coronavirus\/wp-json\/wp\/v2\/pages\/126","targetHints":{"allow":["GET"]}}],"collection":[{"href":"https:\/\/jundiai.sp.gov.br\/coronavirus\/wp-json\/wp\/v2\/pages"}],"about":[{"href":"https:\/\/jundiai.sp.gov.br\/coronavirus\/wp-json\/wp\/v2\/types\/page"}],"author":[{"embeddable":true,"href":"https:\/\/jundiai.sp.gov.br\/coronavirus\/wp-json\/wp\/v2\/users\/5"}],"replies":[{"embeddable":true,"href":"https:\/\/jundiai.sp.gov.br\/coronavirus\/wp-json\/wp\/v2\/comments?post=126"}],"version-history":[{"count":4,"href":"https:\/\/jundiai.sp.gov.br\/coronavirus\/wp-json\/wp\/v2\/pages\/126\/revisions"}],"predecessor-version":[{"id":2220,"href":"https:\/\/jundiai.sp.gov.br\/coronavirus\/wp-json\/wp\/v2\/pages\/126\/revisions\/2220"}],"up":[{"embeddable":true,"href":"https:\/\/jundiai.sp.gov.br\/coronavirus\/wp-json\/wp\/v2\/pages\/306"}],"wp:attachment":[{"href":"https:\/\/jundiai.sp.gov.br\/coronavirus\/wp-json\/wp\/v2\/media?parent=126"}],"curies":[{"name":"wp","href":"https:\/\/api.w.org\/{rel}","templated":true}]}}