{"id":1353,"date":"2021-01-20T17:20:39","date_gmt":"2021-01-20T20:20:39","guid":{"rendered":"https:\/\/jundiai.sp.gov.br\/coronavirus\/?page_id=1353"},"modified":"2021-01-20T17:21:09","modified_gmt":"2021-01-20T20:21:09","slug":"1-qual-a-importancia-de-uma-vacina","status":"publish","type":"page","link":"https:\/\/jundiai.sp.gov.br\/coronavirus\/faq\/1-qual-a-importancia-de-uma-vacina\/","title":{"rendered":"Qual a import\u00e2ncia de uma vacina?"},"content":{"rendered":"\n<p>A vacina \u00e9 uma das mais importantes ferramentas utilizadas em interven\u00e7\u00f5es de sa\u00fade p\u00fablica para prevenir e controlar doen\u00e7as, com impacto direto na redu\u00e7\u00e3o da morbimortalidade.<\/p>\n","protected":false},"excerpt":{"rendered":"<p>A vacina \u00e9 uma das mais importantes ferramentas utilizadas em interven\u00e7\u00f5es de sa\u00fade p\u00fablica para prevenir e controlar doen\u00e7as, com impacto direto na redu\u00e7\u00e3o da morbimortalidade.<\/p>\n","protected":false},"author":69,"featured_media":0,"parent":549,"menu_order":1,"comment_status":"closed","ping_status":"closed","template":"","meta":{"footnotes":""},"class_list":["post-1353","page","type-page","status-publish","hentry"],"_links":{"self":[{"href":"https:\/\/jundiai.sp.gov.br\/coronavirus\/wp-json\/wp\/v2\/pages\/1353","targetHints":{"allow":["GET"]}}],"collection":[{"href":"https:\/\/jundiai.sp.gov.br\/coronavirus\/wp-json\/wp\/v2\/pages"}],"about":[{"href":"https:\/\/jundiai.sp.gov.br\/coronavirus\/wp-json\/wp\/v2\/types\/page"}],"author":[{"embeddable":true,"href":"https:\/\/jundiai.sp.gov.br\/coronavirus\/wp-json\/wp\/v2\/users\/69"}],"replies":[{"embeddable":true,"href":"https:\/\/jundiai.sp.gov.br\/coronavirus\/wp-json\/wp\/v2\/comments?post=1353"}],"version-history":[{"count":2,"href":"https:\/\/jundiai.sp.gov.br\/coronavirus\/wp-json\/wp\/v2\/pages\/1353\/revisions"}],"predecessor-version":[{"id":1355,"href":"https:\/\/jundiai.sp.gov.br\/coronavirus\/wp-json\/wp\/v2\/pages\/1353\/revisions\/1355"}],"up":[{"embeddable":true,"href":"https:\/\/jundiai.sp.gov.br\/coronavirus\/wp-json\/wp\/v2\/pages\/549"}],"wp:attachment":[{"href":"https:\/\/jundiai.sp.gov.br\/coronavirus\/wp-json\/wp\/v2\/media?parent=1353"}],"curies":[{"name":"wp","href":"https:\/\/api.w.org\/{rel}","templated":true}]}}