{"id":1369,"date":"2021-01-20T17:49:20","date_gmt":"2021-01-20T20:49:20","guid":{"rendered":"https:\/\/jundiai.sp.gov.br\/coronavirus\/?page_id=1369"},"modified":"2021-01-20T17:50:22","modified_gmt":"2021-01-20T20:50:22","slug":"qual-a-definicao-de-trabalhador-da-saude","status":"publish","type":"page","link":"https:\/\/jundiai.sp.gov.br\/coronavirus\/faq\/qual-a-definicao-de-trabalhador-da-saude\/","title":{"rendered":"Qual a defini\u00e7\u00e3o de trabalhador da sa\u00fade?"},"content":{"rendered":"\n<p>Compreende-se como \u201ctrabalhador da sa\u00fade\u201d todo trabalhador que labore em edifica\u00e7\u00f5es de servi\u00e7os de sa\u00fade, tais como pessoal administrativo e dos servi\u00e7os de nutri\u00e7\u00e3o, seguran\u00e7a, recep\u00e7\u00e3o, limpeza, conserva\u00e7\u00e3o, enfermagem, equipes m\u00e9dicas e cir\u00fargicas, t\u00e9cnicos de laborat\u00f3rios, etc.<\/p>\n","protected":false},"excerpt":{"rendered":"<p>Compreende-se como \u201ctrabalhador da sa\u00fade\u201d todo trabalhador que labore em edifica\u00e7\u00f5es de servi\u00e7os de sa\u00fade, tais como pessoal administrativo e dos servi\u00e7os de nutri\u00e7\u00e3o, seguran\u00e7a, recep\u00e7\u00e3o, limpeza, conserva\u00e7\u00e3o, enfermagem, equipes m\u00e9dicas e cir\u00fargicas, t\u00e9cnicos de laborat\u00f3rios, etc.<\/p>\n","protected":false},"author":69,"featured_media":0,"parent":549,"menu_order":7,"comment_status":"closed","ping_status":"closed","template":"","meta":{"footnotes":""},"class_list":["post-1369","page","type-page","status-publish","hentry"],"_links":{"self":[{"href":"https:\/\/jundiai.sp.gov.br\/coronavirus\/wp-json\/wp\/v2\/pages\/1369","targetHints":{"allow":["GET"]}}],"collection":[{"href":"https:\/\/jundiai.sp.gov.br\/coronavirus\/wp-json\/wp\/v2\/pages"}],"about":[{"href":"https:\/\/jundiai.sp.gov.br\/coronavirus\/wp-json\/wp\/v2\/types\/page"}],"author":[{"embeddable":true,"href":"https:\/\/jundiai.sp.gov.br\/coronavirus\/wp-json\/wp\/v2\/users\/69"}],"replies":[{"embeddable":true,"href":"https:\/\/jundiai.sp.gov.br\/coronavirus\/wp-json\/wp\/v2\/comments?post=1369"}],"version-history":[{"count":1,"href":"https:\/\/jundiai.sp.gov.br\/coronavirus\/wp-json\/wp\/v2\/pages\/1369\/revisions"}],"predecessor-version":[{"id":1370,"href":"https:\/\/jundiai.sp.gov.br\/coronavirus\/wp-json\/wp\/v2\/pages\/1369\/revisions\/1370"}],"up":[{"embeddable":true,"href":"https:\/\/jundiai.sp.gov.br\/coronavirus\/wp-json\/wp\/v2\/pages\/549"}],"wp:attachment":[{"href":"https:\/\/jundiai.sp.gov.br\/coronavirus\/wp-json\/wp\/v2\/media?parent=1369"}],"curies":[{"name":"wp","href":"https:\/\/api.w.org\/{rel}","templated":true}]}}