{"id":1384,"date":"2021-01-20T18:01:41","date_gmt":"2021-01-20T21:01:41","guid":{"rendered":"https:\/\/jundiai.sp.gov.br\/coronavirus\/?page_id=1384"},"modified":"2021-06-11T08:22:28","modified_gmt":"2021-06-11T11:22:28","slug":"preciso-levar-algum-documento","status":"publish","type":"page","link":"https:\/\/jundiai.sp.gov.br\/coronavirus\/faq\/preciso-levar-algum-documento\/","title":{"rendered":"Preciso levar algum documento?"},"content":{"rendered":"\n<p>No dia da aplica\u00e7\u00e3o da dose \u00e9 necess\u00e1rio levar a documenta\u00e7\u00e3o exigida para o grupo a que pertence. Os dados podem ser consultados na p\u00e1gina <a href=\"https:\/\/jundiai.sp.gov.br\/coronavirus\/grupos\/\">Coronav\u00edrus<\/a>. <\/p>\n","protected":false},"excerpt":{"rendered":"<p>No dia da aplica\u00e7\u00e3o da dose \u00e9 necess\u00e1rio levar a documenta\u00e7\u00e3o exigida para o grupo a que pertence. Os dados podem ser consultados na p\u00e1gina Coronav\u00edrus.<\/p>\n","protected":false},"author":69,"featured_media":0,"parent":549,"menu_order":14,"comment_status":"closed","ping_status":"closed","template":"","meta":{"footnotes":""},"class_list":["post-1384","page","type-page","status-publish","hentry"],"_links":{"self":[{"href":"https:\/\/jundiai.sp.gov.br\/coronavirus\/wp-json\/wp\/v2\/pages\/1384","targetHints":{"allow":["GET"]}}],"collection":[{"href":"https:\/\/jundiai.sp.gov.br\/coronavirus\/wp-json\/wp\/v2\/pages"}],"about":[{"href":"https:\/\/jundiai.sp.gov.br\/coronavirus\/wp-json\/wp\/v2\/types\/page"}],"author":[{"embeddable":true,"href":"https:\/\/jundiai.sp.gov.br\/coronavirus\/wp-json\/wp\/v2\/users\/69"}],"replies":[{"embeddable":true,"href":"https:\/\/jundiai.sp.gov.br\/coronavirus\/wp-json\/wp\/v2\/comments?post=1384"}],"version-history":[{"count":3,"href":"https:\/\/jundiai.sp.gov.br\/coronavirus\/wp-json\/wp\/v2\/pages\/1384\/revisions"}],"predecessor-version":[{"id":1779,"href":"https:\/\/jundiai.sp.gov.br\/coronavirus\/wp-json\/wp\/v2\/pages\/1384\/revisions\/1779"}],"up":[{"embeddable":true,"href":"https:\/\/jundiai.sp.gov.br\/coronavirus\/wp-json\/wp\/v2\/pages\/549"}],"wp:attachment":[{"href":"https:\/\/jundiai.sp.gov.br\/coronavirus\/wp-json\/wp\/v2\/media?parent=1384"}],"curies":[{"name":"wp","href":"https:\/\/api.w.org\/{rel}","templated":true}]}}