{"id":1403,"date":"2021-01-21T15:31:31","date_gmt":"2021-01-21T18:31:31","guid":{"rendered":"https:\/\/jundiai.sp.gov.br\/coronavirus\/?page_id=1403"},"modified":"2021-01-21T15:31:31","modified_gmt":"2021-01-21T18:31:31","slug":"quais-sao-os-grupos-prioritarios-2","status":"publish","type":"page","link":"https:\/\/jundiai.sp.gov.br\/coronavirus\/faq\/quais-sao-os-grupos-prioritarios-2\/","title":{"rendered":"Quais s\u00e3o os grupos priorit\u00e1rios?"},"content":{"rendered":"\n<ul class=\"wp-block-list\"><li><em><strong>Pessoas com 60 anos ou mais institucionalizadas<\/strong> <\/em><\/li><\/ul>\n\n\n\n<p>Pessoas com 60 anos ou mais que residem em institui\u00e7\u00f5es de longa<br>perman\u00eancia para idosos (ILPI), como casa de repouso, asilo e abrigo.<\/p>\n\n\n\n<ul class=\"wp-block-list\"><li><em><strong>Pessoas com Defici\u00eancia Institucionalizadas<\/strong> <\/em><\/li><\/ul>\n\n\n\n<p>Pessoas com defici\u00eancia que vivem em resid\u00eancia inclusiva (RI), que \u00e9 uma unidade ofertada pelo Servi\u00e7o de Acolhimento Institucional, para jovens e adultos com defici\u00eancia.<\/p>\n\n\n\n<ul class=\"wp-block-list\"><li><em><strong>Povos ind\u00edgenas vivendo em terras ind\u00edgenas<\/strong> <\/em><\/li><\/ul>\n\n\n\n<p>Ind\u00edgenas vivendo em terras ind\u00edgenas com 18 anos ou mais atendidos pelo Subsistema de Aten\u00e7\u00e3o \u00e0 Sa\u00fade Ind\u00edgena.<\/p>\n\n\n\n<ul class=\"wp-block-list\"><li><strong><em>Pessoas de 60 anos ou mais<\/em><\/strong><\/li><\/ul>\n\n\n\n<ul class=\"wp-block-list\"><li><strong><em>Povos e comunidades tradicionais ribeirinhas e quilombolas<\/em><\/strong><\/li><\/ul>\n\n\n\n<p>Povos habitando em comunidades tradicionais ribeirinhas ou quilombolas.<\/p>\n\n\n\n<ul class=\"wp-block-list\"><li><strong><em>Trabalhadores da Sa\u00fade<\/em><\/strong><\/li><\/ul>\n\n\n\n<p>Trabalhadores dos servi\u00e7os de sa\u00fade s\u00e3o todos aqueles que atuam em espa\u00e7os e estabelecimentos de assist\u00eancia e vigil\u00e2ncia \u00e0 sa\u00fade, sejam eles<br>hospitais, cl\u00ednicas, ambulat\u00f3rios, laborat\u00f3rios e outros locais. Desta maneira, compreende tanto os profissionais da sa\u00fade \u2013 como m\u00e9dicos, enfermeiros, nutricionistas, fisioterapeutas, terapeutas ocupacionais,  bi\u00f3logos, biom\u00e9dicos, farmac\u00eauticos, odont\u00f3logos, fonoaudi\u00f3logos, psic\u00f3logos, assistentes sociais, profissionais da educa\u00e7\u00e3o f\u00edsica,<br>m\u00e9dicos veterin\u00e1rios e seus respectivos t\u00e9cnicos e auxiliares \u2013 quanto os trabalhadores de apoio, como recepcionistas, seguran\u00e7as, pessoal da limpeza, cozinheiros e auxiliares, motoristas de ambul\u00e2ncias e outros, ou seja, aqueles que trabalham nos servi\u00e7os de sa\u00fade, mas que n\u00e3o est\u00e3o prestando servi\u00e7os direto de assist\u00eancia \u00e0 sa\u00fade das pessoas, ou seja, aqueles profissionais que atuam em cuidados domiciliares como os cuidadores de idosos e doulas\/parteiras, bem como funcion\u00e1rios do sistema funer\u00e1rio que tenham contato com cad\u00e1veres potencialmente contaminados. A vacina tamb\u00e9m ser\u00e1 ofertada para acad\u00eamicos em sa\u00fade e estudantes da \u00e1rea t\u00e9cnica em sa\u00fade em est\u00e1gio hospitalar, aten\u00e7\u00e3o b\u00e1sica, cl\u00ednica e laboratorial.<\/p>\n\n\n\n<ul class=\"wp-block-list\"><li><strong><em>Grupo com comorbidades<\/em><\/strong><\/li><\/ul>\n\n\n\n<p>Para indiv\u00edduos com uma ou mais  morbidades descritas abaixo, de acordo com a faixa et\u00e1ria indicada pela Anvisa. Diabetes mellitus; hipertens\u00e3o arterial (HA) est\u00e1gio 3; HA est\u00e1gios 1 e 2 com les\u00e3o em \u00f3rg\u00e3o-alvo e\/ou comorbidades; hipertens\u00e3o resistente; doen\u00e7a pulmonar obstrutiva cr\u00f4nica; insufici\u00eancia renal; doen\u00e7as cardiovasculares e cerebrovasculares;  indiv\u00edduos transplantados de \u00f3rg\u00e3o s\u00f3lido ou de medula \u00f3ssea; demais indiv\u00edduos imunossuprimidos; anemia falciforme; obesidade grau<br>3 (IMC\u226540); s\u00edndrome de down.<\/p>\n\n\n\n<ul class=\"wp-block-list\"><li><strong><em>Funcion\u00e1rios do sistema de priva\u00e7\u00e3o de liberdade<\/em><\/strong><\/li><\/ul>\n\n\n\n<p>Policiais penais (agente de cust\u00f3dia) e demais funcion\u00e1rios, com exce\u00e7\u00e3o dos trabalhadores de sa\u00fade.<\/p>\n\n\n\n<ul class=\"wp-block-list\"><li><strong><em>Popula\u00e7\u00e3o privada de liberdade<\/em><\/strong><\/li><\/ul>\n\n\n\n<p>Popula\u00e7\u00e3o acima de 18 anos em estabelecimentos de priva\u00e7\u00e3o de liberdade.<\/p>\n\n\n\n<ul class=\"wp-block-list\"><li><strong><em>Pessoas em situa\u00e7\u00e3o de rua<\/em><\/strong><\/li><\/ul>\n\n\n\n<p>Considera-se popula\u00e7\u00e3o em situa\u00e7\u00e3o de rua o grupo populacional heterog\u00eaneo que possui em comum a pobreza extrema, os v\u00ednculos familiares interrompidos ou fragilizados e a inexist\u00eancia de moradia<br>convencional regular, e que utiliza os logradouros p\u00fablicos e as \u00e1reas<br>degradadas como espa\u00e7o de moradia e de sustento, de forma tempor\u00e1ria ou permanente, bem como as unidades de acolhimento para pernoite tempor\u00e1rio ou como moradia provis\u00f3ria, definido no art. 1\u00ba do decreto n\u00ba 7.053, de 23 de dezembro de 2009.<\/p>\n\n\n\n<ul class=\"wp-block-list\"><li><strong><em>For\u00e7as de Seguran\u00e7a e Salvamento<\/em><\/strong><\/li><\/ul>\n\n\n\n<p>Policiais federais, militares, civis e rodovi\u00e1rios; bombeiros militares e civis; e guardas municipais.<\/p>\n\n\n\n<ul class=\"wp-block-list\"><li><strong><em>For\u00e7as Armadas<\/em><\/strong><\/li><\/ul>\n\n\n\n<p>Membros ativos das For\u00e7as Armadas (Marinha, Ex\u00e9rcito e Aeron\u00e1utica).<\/p>\n\n\n\n<ul class=\"wp-block-list\"><li><strong><em>Trabalhadores da educa\u00e7\u00e3o<\/em><\/strong><\/li><\/ul>\n\n\n\n<p>Todos os professores e funcion\u00e1rios das escolas p\u00fablicas e privadas do ensino b\u00e1sico (creche, pr\u00e9-escolas, ensino fundamental, ensino m\u00e9dio, profissionalizantes e EJA) e do ensino superior.<\/p>\n\n\n\n<ul class=\"wp-block-list\"><li><strong><em>Pessoas com defici\u00eancia permanente grave<\/em><\/strong><\/li><\/ul>\n\n\n\n<p>1 Limita\u00e7\u00e3o motora que cause grande dificuldade ou incapacidade para andar ou subir escadas.<br>2- Indiv\u00edduos com grande dificuldade ou incapacidade de ouvir (se utiliza aparelho auditivo esta avalia\u00e7\u00e3o dever\u00e1 ser feita em uso do aparelho).        3- Indiv\u00edduos com grande dificuldade ou incapacidade de enxergar (se<br>utiliza \u00f3culos ou lentes de contato, esta avalia\u00e7\u00e3o dever\u00e1 ser feita com<br>o uso dos \u00f3culos ou lente).<br>4- Indiv\u00edduos com alguma defici\u00eancia intelectual permanente  que limite as suas atividades  habituais, como trabalhar, ir \u00e0 escola, brincar, etc.<\/p>\n\n\n\n<ul class=\"wp-block-list\"><li><strong><em>Caminhoneiro<\/em><\/strong><\/li><\/ul>\n\n\n\n<p>Motorista de transporte rodovi\u00e1rio de cargas definido no art. 1\u00ba, II da Lei n\u00ba 13.103, de 2 de mar\u00e7o de 2015, que trata da regulamenta\u00e7\u00e3o da profiss\u00e3o de<br>motoristas.<\/p>\n\n\n\n<ul class=\"wp-block-list\"><li><strong><em>Trabalhadores de Transporte Coletivo Rodovi\u00e1rio de  Passageiros Urbano e de Longo Curso<\/em><\/strong><\/li><\/ul>\n\n\n\n<p>Motoristas e cobradores de transporte coletivo rodovi\u00e1rio de passageiros urbano e de longo curso.<\/p>\n\n\n\n<ul class=\"wp-block-list\"><li><strong><em>Trabalhadores Portu\u00e1rios<\/em><\/strong><\/li><\/ul>\n\n\n\n<p>Qualquer trabalhador portu\u00e1rio, incluindo os funcion\u00e1rios da \u00e1rea administrativa.<\/p>\n\n\n\n<ul class=\"wp-block-list\"><li><strong><em>Trabalhadores de Transporte A\u00e9reo<\/em><\/strong><\/li><\/ul>\n\n\n\n<p>Funcion\u00e1rios das companhias a\u00e9reas nacionais, definidos pelo Decreto       n\u00ba 1.232\/1962 e pela Lei n\u00ba13.475\/2017.<\/p>\n\n\n\n<ul class=\"wp-block-list\"><li><strong><em>Trabalhadores de Transporte Metrovi\u00e1rio e Ferrovi\u00e1rio<\/em><\/strong><\/li><\/ul>\n\n\n\n<p>Funcion\u00e1rios das empresas metroferrovi\u00e1rias de passageiros e<br>de cargas.<\/p>\n\n\n\n<ul class=\"wp-block-list\"><li><strong><em>Trabalhadores de Transporte Aquavi\u00e1rio<\/em><\/strong><\/li><\/ul>\n\n\n\n<p>Funcion\u00e1rios das empresas brasileiras de navega\u00e7\u00e3o.<\/p>\n","protected":false},"excerpt":{"rendered":"<p>Pessoas com 60 anos ou mais institucionalizadas Pessoas com 60 anos ou mais que residem em institui\u00e7\u00f5es de longaperman\u00eancia para idosos (ILPI), como casa de repouso, asilo e abrigo. Pessoas com Defici\u00eancia Institucionalizadas Pessoas com defici\u00eancia que vivem em resid\u00eancia inclusiva (RI), que \u00e9 uma unidade ofertada pelo Servi\u00e7o de Acolhimento Institucional, para jovens e [&hellip;]<\/p>\n","protected":false},"author":69,"featured_media":0,"parent":549,"menu_order":6,"comment_status":"closed","ping_status":"closed","template":"","meta":{"footnotes":""},"class_list":["post-1403","page","type-page","status-publish","hentry"],"_links":{"self":[{"href":"https:\/\/jundiai.sp.gov.br\/coronavirus\/wp-json\/wp\/v2\/pages\/1403","targetHints":{"allow":["GET"]}}],"collection":[{"href":"https:\/\/jundiai.sp.gov.br\/coronavirus\/wp-json\/wp\/v2\/pages"}],"about":[{"href":"https:\/\/jundiai.sp.gov.br\/coronavirus\/wp-json\/wp\/v2\/types\/page"}],"author":[{"embeddable":true,"href":"https:\/\/jundiai.sp.gov.br\/coronavirus\/wp-json\/wp\/v2\/users\/69"}],"replies":[{"embeddable":true,"href":"https:\/\/jundiai.sp.gov.br\/coronavirus\/wp-json\/wp\/v2\/comments?post=1403"}],"version-history":[{"count":1,"href":"https:\/\/jundiai.sp.gov.br\/coronavirus\/wp-json\/wp\/v2\/pages\/1403\/revisions"}],"predecessor-version":[{"id":1405,"href":"https:\/\/jundiai.sp.gov.br\/coronavirus\/wp-json\/wp\/v2\/pages\/1403\/revisions\/1405"}],"up":[{"embeddable":true,"href":"https:\/\/jundiai.sp.gov.br\/coronavirus\/wp-json\/wp\/v2\/pages\/549"}],"wp:attachment":[{"href":"https:\/\/jundiai.sp.gov.br\/coronavirus\/wp-json\/wp\/v2\/media?parent=1403"}],"curies":[{"name":"wp","href":"https:\/\/api.w.org\/{rel}","templated":true}]}}