{"id":1556,"date":"2021-04-07T20:04:32","date_gmt":"2021-04-07T23:04:32","guid":{"rendered":"https:\/\/jundiai.sp.gov.br\/coronavirus\/?page_id=1556"},"modified":"2021-10-18T08:03:02","modified_gmt":"2021-10-18T11:03:02","slug":"quais-profissionais-de-educacao-podem-tomar-a-vacina-neste-momento","status":"publish","type":"page","link":"https:\/\/jundiai.sp.gov.br\/coronavirus\/faq\/quais-profissionais-de-educacao-podem-tomar-a-vacina-neste-momento\/","title":{"rendered":"Quais profissionais de educa\u00e7\u00e3o podem tomar a vacina?"},"content":{"rendered":"\n<p>Podem ser vacinados os profissionais de educa\u00e7\u00e3o que atendem aos crit\u00e9rios determinados pelo Governo do Estado: idade a partir de 18 anos, estar na ativa e que atuem no Ensino Infantil I e II, Fundamental e M\u00e9dio, conforme as fun\u00e7\u00f5es abaixo:<\/p>\n\n\n\n<p><strong>Cargos\/Fun\u00e7\u00f5es e justificativa dos profissionais da educa\u00e7\u00e3o elencados para a Campanha de Vacina\u00e7\u00e3o contra a COVID-19, 2021.<\/strong><\/p>\n\n\n\n<figure class=\"wp-block-table is-style-regular\"><table><tbody><tr><td class=\"has-text-align-center\" data-align=\"center\">              <strong>Cargo \/ Fun\u00e7\u00e3o<\/strong>                                            <\/td><td class=\"has-text-align-center\" data-align=\"center\"><strong>Justificativa<\/strong><\/td><\/tr><tr><td class=\"has-text-align-center\" data-align=\"center\">Auxiliar de servi\u00e7os gerais<\/td><td class=\"has-text-align-center\" data-align=\"center\">Profissional que realiza atividade de limpeza, conserva\u00e7\u00e3o e organiza\u00e7\u00e3o da unidade escolar, sendo fundamental para higieniza\u00e7\u00e3o, funcionamento e organiza\u00e7\u00e3o da escola, assim como no cumprimento dos protocolos sanit\u00e1rios.<\/td><\/tr><tr><td class=\"has-text-align-center\" data-align=\"center\">Cuidador ou int\u00e9rprete de Libras<\/td><td class=\"has-text-align-center\" data-align=\"center\">O cuidador \u00e9 o profissional que auxilia o estudante com defici\u00eancia nas atividades de alimenta\u00e7\u00e3o, higiene, locomo\u00e7\u00e3o e atua nas atividades escolares em apoio a esse estudante. O int\u00e9rprete de Libras \u00e9 o profissional que realiza a tradu\u00e7\u00e3o\/interpreta\u00e7\u00e3o da L\u00edngua Portuguesa para a L\u00edngua Brasileira de Sinais (Libras) e vice-versa, de modo a mediar e promover o acesso \u00e0 comunica\u00e7\u00e3o e \u00e0 informa\u00e7\u00e3o em todos os espa\u00e7os e atividades escolares. Esses profissionais possibilitam que estudantes com defici\u00eancia frequentem presencialmente a escola.<\/td><\/tr><tr><td class=\"has-text-align-center\" data-align=\"center\">Diretor de escola<\/td><td class=\"has-text-align-center\" data-align=\"center\">\u00c9 o representante jur\u00eddico\/legal da escola, sendo respons\u00e1vel pela sua gest\u00e3o, organiza\u00e7\u00e3o e funcionamento.<\/td><\/tr><tr><td class=\"has-text-align-center\" data-align=\"center\">Cozinheira<\/td><td class=\"has-text-align-center\" data-align=\"center\">Respons\u00e1vel pelo preparo e distribui\u00e7\u00e3o de alimenta\u00e7\u00e3o escolar obrigat\u00f3ria e gratuita aos estudantes, sendo fundamentais para o funcionamento presencial da escola. Nesta etapa os nutricionistas e demais profissionais que n\u00e3o exer\u00e7am atividades de prepara\u00e7\u00e3o da alimenta\u00e7\u00e3o n\u00e3o ser\u00e3o inclu\u00eddas nesta categoria, assim como, o profissional que trabalha em cantina escolar.<\/td><\/tr><tr><td class=\"has-text-align-center\" data-align=\"center\">Assistente de alfabetiza\u00e7\u00e3o (Monitor)<\/td><td class=\"has-text-align-center\" data-align=\"center\">Profissional que desenvolve, monitora ou media atividades did\u00e1ticas durante o per\u00edodo regular das aulas, inclusive dentro da sala de aula junto do docente regente. Monitores de programas espec\u00edficos, atividades de contraturno e transporte n\u00e3o se enquadram nesta categoria.<\/td><\/tr><tr><td class=\"has-text-align-center\" data-align=\"center\">Professor Coordenador Pedag\u00f3gico<\/td><td class=\"has-text-align-center\" data-align=\"center\">Professor respons\u00e1vel pelo planejamento, implementa\u00e7\u00e3o, coordena\u00e7\u00e3o, acompanhamento e avalia\u00e7\u00e3o de atividades e projetos educativos, de maneira a articular o trabalho coletivo da gest\u00e3o escolar \u00e0 proposta pedag\u00f3gica, mantendo contato direto e indireto com os estudantes e demais trabalhadores escolares.<\/td><\/tr><tr><td class=\"has-text-align-center\" data-align=\"center\">Professor de Educa\u00e7\u00e3o B\u00e1sica &#8211; Anos iniciais<\/td><td class=\"has-text-align-center\" data-align=\"center\">Professor que atue diretamente no ensino dos anos iniciais do ensino fundamental. Mantendo contato direto e constante com os estudantes.<\/td><\/tr><tr><td class=\"has-text-align-center\" data-align=\"center\">Professor de Educa\u00e7\u00e3o B\u00e1sica &#8211; Anos finais<\/td><td class=\"has-text-align-center\" data-align=\"center\">Professor que atue diretamente no ensino dos anos finais do ensino fundamental. Mantendo contato direto e constante com os estudantes.<\/td><\/tr><tr><td class=\"has-text-align-center\" data-align=\"center\">Professor de Educa\u00e7\u00e3o B\u00e1sica &#8211; Ensino M\u00e9dio<\/td><td class=\"has-text-align-center\" data-align=\"center\">Professor que atue diretamente no ensino m\u00e9dio e no ensino t\u00e9cnico de n\u00edvel m\u00e9dio. Mantendo contato direto e constante com os estudantes.<\/td><\/tr><tr><td class=\"has-text-align-center\" data-align=\"center\">Professor de Educa\u00e7\u00e3o B\u00e1sica &#8211; Educa\u00e7\u00e3o Infantil<\/td><td class=\"has-text-align-center\" data-align=\"center\">Profissional que atue diretamente na media\u00e7\u00e3o das pr\u00e1ticas pedag\u00f3gicas da educa\u00e7\u00e3o e cuidado na educa\u00e7\u00e3o infantil, mantendo contato direto e constante com os estudantes.<\/td><\/tr><tr><td class=\"has-text-align-center\" data-align=\"center\">Secret\u00e1rio da escola<\/td><td class=\"has-text-align-center\" data-align=\"center\">Profissional respons\u00e1vel pelas a\u00e7\u00f5es da secretaria escolar, apoio t\u00e9cnico administrativo, atendimento aos estudantes e suas fam\u00edlias, e demais trabalhadores escolares, sendo fundamentais para a organiza\u00e7\u00e3o da escola. Esta categoria exerce atividades administrativas que garantem o funcionamento da unidade escolar.<\/td><\/tr><tr><td class=\"has-text-align-center\" data-align=\"center\">Supervisor de ensino<\/td><td class=\"has-text-align-center\" data-align=\"center\">Profissional respons\u00e1vel por supervisionar, acompanhar e orientar presencialmente as equipes escolares, mantendo contato com todos os seus membros.<\/td><\/tr><tr><td class=\"has-text-align-center\" data-align=\"center\">Vice Diretor de escola<\/td><td class=\"has-text-align-center\" data-align=\"center\">Respons\u00e1veis pela gest\u00e3o, organiza\u00e7\u00e3o e funcionamento da escola na aus\u00eancia do Diretor titular.<\/td><\/tr><\/tbody><\/table><\/figure>\n\n\n\n<p><\/p>\n","protected":false},"excerpt":{"rendered":"<p>Podem ser vacinados os profissionais de educa\u00e7\u00e3o que atendem aos crit\u00e9rios determinados pelo Governo do Estado: idade a partir de 18 anos, estar na ativa e que atuem no Ensino Infantil I e II, Fundamental e M\u00e9dio, conforme as fun\u00e7\u00f5es abaixo: Cargos\/Fun\u00e7\u00f5es e justificativa dos profissionais da educa\u00e7\u00e3o elencados para a Campanha de Vacina\u00e7\u00e3o contra [&hellip;]<\/p>\n","protected":false},"author":69,"featured_media":0,"parent":549,"menu_order":15,"comment_status":"closed","ping_status":"closed","template":"","meta":{"footnotes":""},"class_list":["post-1556","page","type-page","status-publish","hentry"],"_links":{"self":[{"href":"https:\/\/jundiai.sp.gov.br\/coronavirus\/wp-json\/wp\/v2\/pages\/1556","targetHints":{"allow":["GET"]}}],"collection":[{"href":"https:\/\/jundiai.sp.gov.br\/coronavirus\/wp-json\/wp\/v2\/pages"}],"about":[{"href":"https:\/\/jundiai.sp.gov.br\/coronavirus\/wp-json\/wp\/v2\/types\/page"}],"author":[{"embeddable":true,"href":"https:\/\/jundiai.sp.gov.br\/coronavirus\/wp-json\/wp\/v2\/users\/69"}],"replies":[{"embeddable":true,"href":"https:\/\/jundiai.sp.gov.br\/coronavirus\/wp-json\/wp\/v2\/comments?post=1556"}],"version-history":[{"count":5,"href":"https:\/\/jundiai.sp.gov.br\/coronavirus\/wp-json\/wp\/v2\/pages\/1556\/revisions"}],"predecessor-version":[{"id":2089,"href":"https:\/\/jundiai.sp.gov.br\/coronavirus\/wp-json\/wp\/v2\/pages\/1556\/revisions\/2089"}],"up":[{"embeddable":true,"href":"https:\/\/jundiai.sp.gov.br\/coronavirus\/wp-json\/wp\/v2\/pages\/549"}],"wp:attachment":[{"href":"https:\/\/jundiai.sp.gov.br\/coronavirus\/wp-json\/wp\/v2\/media?parent=1556"}],"curies":[{"name":"wp","href":"https:\/\/api.w.org\/{rel}","templated":true}]}}