{"id":1620,"date":"2021-05-10T14:03:24","date_gmt":"2021-05-10T17:03:24","guid":{"rendered":"https:\/\/jundiai.sp.gov.br\/coronavirus\/?page_id=1620"},"modified":"2022-01-14T19:14:14","modified_gmt":"2022-01-14T22:14:14","slug":"pessoas-com-quais-comorbidades-podem-ser-vacinadas-contra-a-covid-19","status":"publish","type":"page","link":"https:\/\/jundiai.sp.gov.br\/coronavirus\/faq\/pessoas-com-quais-comorbidades-podem-ser-vacinadas-contra-a-covid-19\/","title":{"rendered":"Crian\u00e7as com quais comorbidades podem ser vacinadas contra a COVID-19?"},"content":{"rendered":"\n<p><strong>CRIAN\u00c7AS ENTRE 5 A 11 ANOS<\/strong><\/p>\n\n\n\n<p>DIABETES MELLITUS<\/p>\n\n\n\n<p>PNEUMOPATIAS CR\u00d4NICAS<\/p>\n\n\n\n<p>HIPERTENS\u00c3O ARTERIAL<\/p>\n\n\n\n<p>DOEN\u00c7AS CARDIOVASCULARES<\/p>\n\n\n\n<p>DOEN\u00c7A NEUROL\u00d3GICAS CR\u00d4NICAS<\/p>\n\n\n\n<p>DOEN\u00c7A RENAL CR\u00d4NICA<\/p>\n\n\n\n<p>IMUNOCOMPROMETIDOS<\/p>\n\n\n\n<p>HEMOGLOBINOPATIAS GRAVES<\/p>\n\n\n\n<p>OBESIDADE M\u00d3RBIDA \u2013 \u00cdndice de massa corp\u00f3rea (IMC) &gt; ou = 40<\/p>\n\n\n\n<p>S\u00cdNDROME DE DOWN \u2013 Trissomia do cromossomo 21<\/p>\n\n\n\n<p>CIRROSE HEP\u00c1TICA Child-Pugh A, B ou C.<\/p>\n","protected":false},"excerpt":{"rendered":"<p>CRIAN\u00c7AS ENTRE 5 A 11 ANOS DIABETES MELLITUS PNEUMOPATIAS CR\u00d4NICAS HIPERTENS\u00c3O ARTERIAL DOEN\u00c7AS CARDIOVASCULARES DOEN\u00c7A NEUROL\u00d3GICAS CR\u00d4NICAS DOEN\u00c7A RENAL CR\u00d4NICA IMUNOCOMPROMETIDOS HEMOGLOBINOPATIAS GRAVES OBESIDADE M\u00d3RBIDA \u2013 \u00cdndice de massa corp\u00f3rea (IMC) &gt; ou = 40 S\u00cdNDROME DE DOWN \u2013 Trissomia do cromossomo 21 CIRROSE HEP\u00c1TICA Child-Pugh A, B ou C.<\/p>\n","protected":false},"author":69,"featured_media":0,"parent":549,"menu_order":16,"comment_status":"closed","ping_status":"closed","template":"","meta":{"footnotes":""},"class_list":["post-1620","page","type-page","status-publish","hentry"],"_links":{"self":[{"href":"https:\/\/jundiai.sp.gov.br\/coronavirus\/wp-json\/wp\/v2\/pages\/1620","targetHints":{"allow":["GET"]}}],"collection":[{"href":"https:\/\/jundiai.sp.gov.br\/coronavirus\/wp-json\/wp\/v2\/pages"}],"about":[{"href":"https:\/\/jundiai.sp.gov.br\/coronavirus\/wp-json\/wp\/v2\/types\/page"}],"author":[{"embeddable":true,"href":"https:\/\/jundiai.sp.gov.br\/coronavirus\/wp-json\/wp\/v2\/users\/69"}],"replies":[{"embeddable":true,"href":"https:\/\/jundiai.sp.gov.br\/coronavirus\/wp-json\/wp\/v2\/comments?post=1620"}],"version-history":[{"count":18,"href":"https:\/\/jundiai.sp.gov.br\/coronavirus\/wp-json\/wp\/v2\/pages\/1620\/revisions"}],"predecessor-version":[{"id":2246,"href":"https:\/\/jundiai.sp.gov.br\/coronavirus\/wp-json\/wp\/v2\/pages\/1620\/revisions\/2246"}],"up":[{"embeddable":true,"href":"https:\/\/jundiai.sp.gov.br\/coronavirus\/wp-json\/wp\/v2\/pages\/549"}],"wp:attachment":[{"href":"https:\/\/jundiai.sp.gov.br\/coronavirus\/wp-json\/wp\/v2\/media?parent=1620"}],"curies":[{"name":"wp","href":"https:\/\/api.w.org\/{rel}","templated":true}]}}