{"id":2271,"date":"2022-07-12T15:15:15","date_gmt":"2022-07-12T18:15:15","guid":{"rendered":"https:\/\/jundiai.sp.gov.br\/coronavirus\/?page_id=2271"},"modified":"2026-03-13T15:56:41","modified_gmt":"2026-03-13T18:56:41","slug":"calendario-de-vacinacao","status":"publish","type":"page","link":"https:\/\/jundiai.sp.gov.br\/coronavirus\/calendario-de-vacinacao\/","title":{"rendered":"Vacina\u00e7\u00e3o contra Covid-19"},"content":{"rendered":"\n<p class=\"has-vivid-red-color has-text-color has-link-color wp-elements-c2e651db6e60162a96332736b9187afb\"><strong>ATUALIZA\u00c7\u00c3O 13\/03\/2026<\/strong><\/p>\n\n\n\n<div class=\"wp-block-group has-cyan-bluish-gray-background-color has-background\"><div class=\"wp-block-group__inner-container is-layout-constrained wp-block-group-is-layout-constrained\">\n<div class=\"wp-block-group\"><div class=\"wp-block-group__inner-container is-layout-constrained wp-block-group-is-layout-constrained\">\n<div class=\"wp-block-group\"><div class=\"wp-block-group__inner-container is-layout-constrained wp-block-group-is-layout-constrained\">\n<p class=\"caixa-cinza\">A Secretaria Municipal de Promo\u00e7\u00e3o da Sa\u00fade (SMPS) informa que a vacina\u00e7\u00e3o contra a COVID-19 ocorre conforme disponibilidade de doses nas unidades de sa\u00fade. Os locais s\u00e3o atualizados periodicamente de acordo com o estoque dispon\u00edvel no munic\u00edpio.<\/p>\n<\/div><\/div>\n<\/div><\/div>\n<\/div><\/div>\n\n\n\n<p><strong>Locais de vacina\u00e7\u00e3o para crian\u00e7as de 6 meses a menores de 5 anos:<\/strong><br>No momento,&nbsp;<strong>n\u00e3o h\u00e1 disponibilidade de doses para esta faixa et\u00e1ria no munic\u00edpio<\/strong>.<\/p>\n\n\n\n<p><strong>Locais de vacina\u00e7\u00e3o para crian\u00e7as de 5 anos a 11 anos:<\/strong><br>No momento,&nbsp;<strong>n\u00e3o h\u00e1 disponibilidade de doses para esta faixa et\u00e1ria no munic\u00edpio<\/strong>.<\/p>\n\n\n\n<p><strong>Locais de vacina\u00e7\u00e3o para <strong>pessoas com 12 anos ou mais<\/strong><\/strong>:<\/p>\n\n\n\n<figure class=\"wp-block-image size-full\"><img loading=\"lazy\" decoding=\"async\" width=\"2560\" height=\"1443\" src=\"https:\/\/jundiai.sp.gov.br\/coronavirus\/wp-content\/uploads\/sites\/61\/2026\/03\/Captura-de-Tela-2026-03-13-a\u0300s-15.56.20-scaled.png\" alt=\"\" class=\"wp-image-3459\" srcset=\"https:\/\/jundiai.sp.gov.br\/coronavirus\/wp-content\/uploads\/sites\/61\/2026\/03\/Captura-de-Tela-2026-03-13-a\u0300s-15.56.20-scaled.png 2560w, https:\/\/jundiai.sp.gov.br\/coronavirus\/wp-content\/uploads\/sites\/61\/2026\/03\/Captura-de-Tela-2026-03-13-a\u0300s-15.56.20-1597x900.png 1597w, https:\/\/jundiai.sp.gov.br\/coronavirus\/wp-content\/uploads\/sites\/61\/2026\/03\/Captura-de-Tela-2026-03-13-a\u0300s-15.56.20-768x433.png 768w, https:\/\/jundiai.sp.gov.br\/coronavirus\/wp-content\/uploads\/sites\/61\/2026\/03\/Captura-de-Tela-2026-03-13-a\u0300s-15.56.20-1536x866.png 1536w, https:\/\/jundiai.sp.gov.br\/coronavirus\/wp-content\/uploads\/sites\/61\/2026\/03\/Captura-de-Tela-2026-03-13-a\u0300s-15.56.20-2048x1154.png 2048w\" sizes=\"auto, (max-width: 2560px) 100vw, 2560px\" \/><\/figure>\n\n\n\n<p><a href=\"https:\/\/jundiai.sp.gov.br\/saude\/rede-de-atendimento\/rede-completa-de-atendimento\/\">CONSULTE O ENDERE\u00c7O DOS SERVI\u00c7OS<\/a><\/p>\n\n\n\n<h3 class=\"wp-block-heading\">UNIDADES B\u00c1SICAS DE SA\u00daDE COM HOR\u00c1RIO ESTENDIDO:<\/h3>\n\n\n\n<ul class=\"wp-block-list lista-horario-extentido\">\n<li><strong>Cl\u00ednica da Fam\u00edlia Ponte S\u00e3o Jo\u00e3o<\/strong><br>Av Antenor Soares Gandra, 391<br><strong>De segunda a sexta, das 8h \u00e0s 18h30<\/strong><\/li>\n\n\n\n<li><strong>Cl\u00ednica da Fam\u00edlia Hortol\u00e2ndia<\/strong><br>R. Campinas, 58<br><strong>De segunda a sexta das 8h \u00e0s 18h<\/strong><\/li>\n\n\n\n<li><strong>NOVA UBS Agapeama<\/strong><br>R. Luis Carpi, 238<br><strong>De segunda a sexta, das 8h30 \u00e0s 11h30 e das 13h \u00e0s 20h30<\/strong><\/li>\n\n\n\n<li><strong>NOVA UBS Jardim do Lago<\/strong><br>R. Prof\u00aa Leonita Faber Ladeira, 1358<br><strong>De segunda a sexta, das 8h \u00e0s 18h30<\/strong><\/li>\n\n\n\n<li><strong>UBS Tamoio<br><\/strong>R. Orestes Barbosa, s\/n\u00ba<br><strong>De segunda a sexta das 8h \u00e0s 19h30<\/strong><\/li>\n\n\n\n<li><strong>UBS Tulipas<br><\/strong>R.Ana Congani Bocal\u00e3o,80.<br><strong>De segunda a sexta das 8h \u00e0s 17h30<\/strong><\/li>\n\n\n\n<li><strong>Cl\u00ednica da Fam\u00edlia I Novo Horizonte<br><\/strong>R. Presb\u00edtero Manoel Ant\u00f4nio Dias Filho,1558,<br><strong>De segunda a sexta das 8h \u00e0s 19h30<\/strong><\/li>\n<\/ul>\n\n\n\n<p>CONFIRA MAIS DETALHES SOBRE OS P\u00daBLICOS CONTEMPLADOS COM A VACINA\u00c7\u00c3O CONTRA COVID-19:<\/p>\n\n\n\n<ol class=\"wp-block-list\">\n<li><strong>CRIAN\u00c7AS DE 6 MESES a 4 ANOS,11 MESES e 29 DIAS<\/strong> \u2013 vacina\u00e7\u00e3o contra a COVID-19 inserida<br>no calend\u00e1rio nacional de vacina\u00e7\u00e3o de rotina<br>\u25cf Crian\u00e7as que nunca receberam alguma dose da vacina COVID-19 dever\u00e3o iniciar o esquema<br>com uma dose da vacina contra COVID-19 com cepa atualizada dispon\u00edvel;<br>\u25cf Crian\u00e7as que n\u00e3o receberam esquema completo com vacinas COVID-19 (vacinas CoronaVac <br>ou Pfizer Baby cepa original) dever\u00e3o completar o esquema com uma dose da vacina contra COVID-19 com cepa atualizada dispon\u00edvel;<br>\u25cf Crian\u00e7as com esquema completo com vacinas COVID-19 (tr\u00eas doses com as vacinas<br>CoronaVac ou Pfizer Baby cepa original) dever\u00e3o receber uma dose da vacina contra COVID-19 com cepa atualizada dispon\u00edvel;<br>\u25cf Crian\u00e7as imunocomprometidas que nunca se vacinaram dever\u00e3o receber o esquema<br>prim\u00e1rio de tr\u00eas doses com uma dose da vacina contra COVID-19 com cepa atualizada dispon\u00edvel.<br><br><br><\/li>\n\n\n\n<li><strong>GRUPOS PRIORIT\u00c1RIOS A PARTIR DE 5 ANOS DE IDADE<\/strong><br>A vacina est\u00e1 indicada para pessoas que perten\u00e7am aos grupos priorit\u00e1rios descritos abaixo.<\/li>\n<\/ol>\n\n\n\n<p><\/p>\n\n\n<div class=\"wp-block-image\">\n<figure class=\"alignleft size-full\"><img loading=\"lazy\" decoding=\"async\" width=\"685\" height=\"452\" src=\"https:\/\/jundiai.sp.gov.br\/coronavirus\/wp-content\/uploads\/sites\/61\/2025\/01\/Vacina-1-.png\" alt=\"\" class=\"wp-image-3196\" \/><\/figure>\n<\/div>\n\n\n<div style=\"height:26px\" aria-hidden=\"true\" class=\"wp-block-spacer\"><\/div>\n\n\n\n<p class=\"has-medium-font-size\"><strong>ESQUEMA DE VACINA\u00c7\u00c3O PARA PESSOAS QUE PERTENCEM AOS GRUPOS PRIORIT\u00c1RIOS<\/strong><br>\u25cf Pessoas a partir de 5 anos que pertencem aos grupos priorit\u00e1rios\/especiais, exceto Imunocomprometidos, independentemente do recebimento ou n\u00e3o de doses pr\u00e9vias de qualquer vacina Covid- 19, dever\u00e3o receber uma dose anual da vacina Covid-19 atualizada<strong>*<\/strong>, indicada para a idade.<\/p>\n\n\n\n<p style=\"font-style:italic;font-weight:200\"><strong>*<\/strong> caso haja modifica\u00e7\u00e3o na diretriz do Minist\u00e9rio da Sa\u00fade quanto a atualiza\u00e7\u00e3o de CEPA ou per\u00edodo de vacina\u00e7\u00e3o, haver\u00e1 ampla divulga\u00e7\u00e3o para a popula\u00e7\u00e3o.<\/p>\n\n\n\n<p class=\"has-medium-font-size\">\u25cf Idosos \u2013 devem receber 1 dose a cada 6 meses, independente do n\u00famero de<br>doses pr\u00e9vias recebidas.<br><br>\u25cf Gestantes \u2013 devem receber 1 dose em qualquer momento da gesta\u00e7\u00e3o e a cada<br>gesta\u00e7\u00e3o, independente do n\u00famero de doses pr\u00e9vias recebidas.<br><br>\u25cf Imunocomprometidos<br>&#8211; Sem vacina\u00e7\u00e3o pr\u00e9via \u2013 devem receber 3 doses com intervalo de 4 semanas entre<br>D1 e D2 e 8 semanas entre D2 e D3;<br><br>&#8211; Com vacina\u00e7\u00e3o pr\u00e9via incompleta (menos de 3 doses) \u2013 devem completar o<br>esquema com 1 ou 2 doses, conforme situa\u00e7\u00e3o vacinal. Com vacina\u00e7\u00e3o pr\u00e9via<br>completa \u2013 devem receber 2 doses da vacina Covid-19 com 6 meses de intervalo<br>entre as doses.<br><br>Para comprovar o status de imunocomprometido, ser\u00e1 poss\u00edvel a apresenta\u00e7\u00e3o de<br>medicamentos em uso ou resultados de exames ou receitas m\u00e9dicas ou relat\u00f3rios\/declara\u00e7\u00f5es<br>m\u00e9dicas ou qualquer outro documento que evidencie a situa\u00e7\u00e3o do indiv\u00edduo.<\/p>\n\n\n<div class=\"wp-block-image\">\n<figure class=\"alignleft size-full\"><img loading=\"lazy\" decoding=\"async\" width=\"912\" height=\"461\" src=\"https:\/\/jundiai.sp.gov.br\/coronavirus\/wp-content\/uploads\/sites\/61\/2026\/01\/altera__o.png\" alt=\"\" class=\"wp-image-3367\" srcset=\"https:\/\/jundiai.sp.gov.br\/coronavirus\/wp-content\/uploads\/sites\/61\/2026\/01\/altera__o.png 912w, https:\/\/jundiai.sp.gov.br\/coronavirus\/wp-content\/uploads\/sites\/61\/2026\/01\/altera__o-768x388.png 768w\" sizes=\"auto, (max-width: 912px) 100vw, 912px\" \/><\/figure>\n<\/div>\n\n\n<div style=\"height:20px\" aria-hidden=\"true\" class=\"wp-block-spacer\"><\/div>\n\n\n\n<p><strong>COMORBIDADES INCLU\u00cdDAS COMO PRIORIT\u00c1RIAS PARA VACINA\u00c7\u00c3O<br>CONTRA COVID-19<\/strong><br><br>A comprova\u00e7\u00e3o deve-se dar por meio de apresenta\u00e7\u00e3o de resultados de exame, documento<br>de marca\u00e7\u00e3o de consulta, atestado ou laudo m\u00e9dico, resumo de alta hospitalar, entre outros.<\/p>\n\n\n\n<figure class=\"wp-block-image size-full is-resized\"><img loading=\"lazy\" decoding=\"async\" width=\"1241\" height=\"1755\" src=\"https:\/\/jundiai.sp.gov.br\/coronavirus\/wp-content\/uploads\/sites\/61\/2025\/01\/Vacina-3_page-0001.jpg\" alt=\"\" class=\"wp-image-3198\" style=\"width:771px;height:auto\" srcset=\"https:\/\/jundiai.sp.gov.br\/coronavirus\/wp-content\/uploads\/sites\/61\/2025\/01\/Vacina-3_page-0001.jpg 1241w, https:\/\/jundiai.sp.gov.br\/coronavirus\/wp-content\/uploads\/sites\/61\/2025\/01\/Vacina-3_page-0001-636x900.jpg 636w, https:\/\/jundiai.sp.gov.br\/coronavirus\/wp-content\/uploads\/sites\/61\/2025\/01\/Vacina-3_page-0001-768x1086.jpg 768w, https:\/\/jundiai.sp.gov.br\/coronavirus\/wp-content\/uploads\/sites\/61\/2025\/01\/Vacina-3_page-0001-1086x1536.jpg 1086w\" sizes=\"auto, (max-width: 1241px) 100vw, 1241px\" \/><\/figure>\n\n\n\n<div style=\"height:0px\" aria-hidden=\"true\" class=\"wp-block-spacer\"><\/div>\n\n\n\n<ol start=\"3\" class=\"wp-block-list\">\n<li><strong>PESSOAS A PARTIR DE 5 ANOS QUE N\u00c3O PERTENCEM AOS GRUPOS PRIORIT\u00c1RIOS<\/strong><br><br>\u25cf A partir de 27 de maio de 2024 o esquema de vacina\u00e7\u00e3o para pessoas a partir de 5 anos de idade que n\u00e3o pertencem aos grupos priorit\u00e1rios passou a ser de 1 dose;<br>\u25cf Pessoas a partir de 5 anos de idade que n\u00e3o fazem parte dos grupos priorit\u00e1rios e receberam pelo menos 1 dose de qualquer vacina COVID, s\u00e3o consideradas adequadamente vacinadas.<br>\u25cf Pessoas a partir de 5 anos de idade que n\u00e3o fazem parte dos grupos priorit\u00e1rios e nunca foram vacinados (nenhuma dose), podem receber uma dose da vacina COVID-19 monovalente (XBB).<br><br><\/li>\n<\/ol>\n\n\n\n<p><strong>REFER\u00caNCIAS BIBLIOGR\u00c1FICAS<\/strong><br><br>BRASIL. Minist\u00e9rio da Sa\u00fade. Documento T\u00e9cnico &#8211; INCLUS\u00c3O DA VACINA COVID-19 MONOVALENTE XBB NA ESTRAT\u00c9GIA DE VACINA\u00c7\u00c3O CONTRA A COVID-19 2024<br><br>S\u00c3O PAULO. Secretaria Estadual de Sa\u00fade. Documento T\u00e9cnico &#8211; INCLUS\u00c3O DA VACINA COVID-19 MONOVALENTE XBB NA ESTRAT\u00c9GIA DE VACINA\u00c7\u00c3O CONTRA A COVID-19 2024<\/p>\n\n\n\n<!-- N\u00e3o ALTERAR, N\u00e3o REMOVER -->\n\n.lista-horario-extentido li {\nmargin-bottom: 30px;\n}\n\n.caixa-cinza {\npadding: 8px 12px;\n}\n","protected":false},"excerpt":{"rendered":"<p>ATUALIZA\u00c7\u00c3O 13\/03\/2026 A Secretaria Municipal de Promo\u00e7\u00e3o da Sa\u00fade (SMPS) informa que a vacina\u00e7\u00e3o contra a COVID-19 ocorre conforme disponibilidade de doses nas unidades de sa\u00fade. Os locais s\u00e3o atualizados periodicamente de acordo com o estoque dispon\u00edvel no munic\u00edpio. Locais de vacina\u00e7\u00e3o para crian\u00e7as de 6 meses a menores de 5 anos:No momento,&nbsp;n\u00e3o h\u00e1 disponibilidade [&hellip;]<\/p>\n","protected":false},"author":69,"featured_media":0,"parent":0,"menu_order":0,"comment_status":"closed","ping_status":"closed","template":"","meta":{"footnotes":""},"class_list":["post-2271","page","type-page","status-publish","hentry"],"_links":{"self":[{"href":"https:\/\/jundiai.sp.gov.br\/coronavirus\/wp-json\/wp\/v2\/pages\/2271","targetHints":{"allow":["GET"]}}],"collection":[{"href":"https:\/\/jundiai.sp.gov.br\/coronavirus\/wp-json\/wp\/v2\/pages"}],"about":[{"href":"https:\/\/jundiai.sp.gov.br\/coronavirus\/wp-json\/wp\/v2\/types\/page"}],"author":[{"embeddable":true,"href":"https:\/\/jundiai.sp.gov.br\/coronavirus\/wp-json\/wp\/v2\/users\/69"}],"replies":[{"embeddable":true,"href":"https:\/\/jundiai.sp.gov.br\/coronavirus\/wp-json\/wp\/v2\/comments?post=2271"}],"version-history":[{"count":384,"href":"https:\/\/jundiai.sp.gov.br\/coronavirus\/wp-json\/wp\/v2\/pages\/2271\/revisions"}],"predecessor-version":[{"id":3460,"href":"https:\/\/jundiai.sp.gov.br\/coronavirus\/wp-json\/wp\/v2\/pages\/2271\/revisions\/3460"}],"wp:attachment":[{"href":"https:\/\/jundiai.sp.gov.br\/coronavirus\/wp-json\/wp\/v2\/media?parent=2271"}],"curies":[{"name":"wp","href":"https:\/\/api.w.org\/{rel}","templated":true}]}}