{"id":30,"date":"2020-04-30T19:11:46","date_gmt":"2020-04-30T22:11:46","guid":{"rendered":"http:\/\/jundiai.sp.gov.br\/corona\/?page_id=30"},"modified":"2020-08-17T14:43:50","modified_gmt":"2020-08-17T17:43:50","slug":"doacao","status":"publish","type":"page","link":"https:\/\/jundiai.sp.gov.br\/coronavirus\/doacao\/","title":{"rendered":"Fa\u00e7a a sua doa\u00e7\u00e3o para o combate \u00e0 COVID-19"},"content":{"rendered":"<p>O Comit\u00ea de Enfrentamento ao Coronav\u00edrus (CEC) de Jundia\u00ed, institu\u00eddo pelo Decreto 28.909, de 13 de mar\u00e7o de 2020, precisa de doa\u00e7\u00f5es para ajudar no combate \u00e0 pandemia. Jundia\u00ed encontra-se em situa\u00e7\u00e3o de calamidade p\u00fablica, conforme o decreto n\u00ba 28.926, de 24 de mar\u00e7o de 2020.<\/p>\n<p>Toda ajuda \u00e9 bem-vinda. Participe!<\/p>\n<p><strong>DOA\u00c7\u00c3O EM EPIs\/\u00c1LCOOL 70% E OUTROS ITENS DE HIGIENIZA\u00c7\u00c3O<\/strong><\/p>\n<p>Todos os EPIs (Equipamentos de Prote\u00e7\u00e3o Individual), \u00e1lcool em gel 70% e outros itens de higieniza\u00e7\u00e3o ser\u00e3o usados pelos profissionais da Sa\u00fade durante o combate \u00e0 Covid-19.<br \/>\nA Rede Jundia\u00ed de Coopera\u00e7\u00e3o, vinculada \u00e0 Unidade de Governo e Finan\u00e7as (UGGF) da Prefeitura, est\u00e1 contribuindo para ajudar a captar as doa\u00e7\u00f5es da iniciativa privada, organiza\u00e7\u00f5es e sociedade em geral. Mais informa\u00e7\u00f5es podem ser obtidas pelo telefone (11) 4589-8602 ou e-mail redecooperacao@jundiai.sp.gov.br.<\/p>\n<p>O Comit\u00ea de Enfrentamento ao Coronav\u00edrus destinar\u00e1 as doa\u00e7\u00f5es conforme os materiais doados e necessidades dos servi\u00e7os de sa\u00fade p\u00fablica da administra\u00e7\u00e3o direta, Hospital S\u00e3o Vicente de Paulo, Hospital Universit\u00e1rio, Grendacc e prontos atendimentos.<\/p>\n<p><a href=\"https:\/\/jundiai.sp.gov.br\/coronavirus\/wp-content\/uploads\/sites\/61\/2020\/05\/Lista-de-Materiais-Doa\u00e7\u00e3o-Atualizada.pdf\" target=\"_blank\" rel=\"noopener noreferrer\">Clique aqui<\/a> para visualizar os itens necess\u00e1rios para combater \u00e0 Covid-19<br \/>\n<a href=\"https:\/\/docs.google.com\/forms\/d\/e\/1FAIpQLScnBCmIHDKhRLoeUgTbEQF4a3PUjUOvodT1WEP2b5QEMX3Hvg\/viewform\">Clique aqui<\/a> para preencher o formul\u00e1rio para fazer a sua doa\u00e7\u00e3o<\/p>\n<p><strong>DOA\u00c7\u00c3O DE ALIMENTOS, PRODUTOS DE LIMPEZA, FRALDAS, HIGIENE PESSOAL E OUTROS ITENS<\/strong><\/p>\n<p>As doa\u00e7\u00f5es de alimentos n\u00e3o-perec\u00edveis, \u00e1gua mineral, vestu\u00e1rio e toalhas de banho, fraldas (infantis e geri\u00e1tricas), produtos de limpeza, produtos de higiene pessoal e saco de lixo devem ser encaminhadas ao Fundo Social de Solidariedade de Jundia\u00ed (FUNSS).<\/p>\n<p>Todos os itens recebidos ir\u00e3o para entidades cadastradas no FUNSS e na Unidade de Gest\u00e3o de Assist\u00eancia e Desenvolvimento Social, que mant\u00e9m os atendimentos do CRAS (Centro de Refer\u00eancia da Assist\u00eancia Social).<\/p>\n<p>As entregas podem ser feitas de segunda a sexta, das 8h \u00e0s 17h, na Av. Dona Manoela Lacerda de Vergueiro, s\/n, Port\u00e3o 3, Parque da Uva, Anhangaba\u00fa.<\/p>\n<p><strong>DOA\u00c7\u00c3O EM RECURSOS FINANCEIROS<\/strong><\/p>\n<p>Organiza\u00e7\u00f5es\/institui\u00e7\u00f5es que est\u00e3o na linha de frente no combate \u00e0 Covid-19 tamb\u00e9m est\u00e3o recebendo doa\u00e7\u00f5es financeiras, como o Hospital de Caridade S\u00e3o Vicente de Paulo de Jundia\u00ed (<a href=\"http:\/\/www.hsvicente.org.br\/\" target=\"_blank\" rel=\"noopener noreferrer\">hsvicente.org.br<\/a>), por meio do Banco Santander, Ag\u00eancia 0040, Conta Corrente 13.006.090-9, CNPJ: 50.944.198\/0001-30 na CONTA COVID-19. No Hospital Universit\u00e1rio (HU), as informa\u00e7\u00f5es podem ser obtidas pelo site <a href=\"http:\/\/hufmj.com.br\/\" target=\"_blank\" rel=\"noopener noreferrer\">hufmj.com.br<\/a>.<\/p>\n","protected":false},"excerpt":{"rendered":"<p>O Comit\u00ea de Enfrentamento ao Coronav\u00edrus (CEC) de Jundia\u00ed, institu\u00eddo pelo Decreto 28.909, de 13 de mar\u00e7o de 2020, precisa de doa\u00e7\u00f5es para ajudar no combate \u00e0 pandemia. Jundia\u00ed encontra-se em situa\u00e7\u00e3o de calamidade p\u00fablica, conforme o decreto n\u00ba 28.926, de 24 de mar\u00e7o de 2020. Toda ajuda \u00e9 bem-vinda. Participe! DOA\u00c7\u00c3O EM EPIs\/\u00c1LCOOL 70% [&hellip;]<\/p>\n","protected":false},"author":8,"featured_media":0,"parent":0,"menu_order":0,"comment_status":"closed","ping_status":"closed","template":"","meta":{"footnotes":""},"class_list":["post-30","page","type-page","status-publish","hentry"],"_links":{"self":[{"href":"https:\/\/jundiai.sp.gov.br\/coronavirus\/wp-json\/wp\/v2\/pages\/30","targetHints":{"allow":["GET"]}}],"collection":[{"href":"https:\/\/jundiai.sp.gov.br\/coronavirus\/wp-json\/wp\/v2\/pages"}],"about":[{"href":"https:\/\/jundiai.sp.gov.br\/coronavirus\/wp-json\/wp\/v2\/types\/page"}],"author":[{"embeddable":true,"href":"https:\/\/jundiai.sp.gov.br\/coronavirus\/wp-json\/wp\/v2\/users\/8"}],"replies":[{"embeddable":true,"href":"https:\/\/jundiai.sp.gov.br\/coronavirus\/wp-json\/wp\/v2\/comments?post=30"}],"version-history":[{"count":4,"href":"https:\/\/jundiai.sp.gov.br\/coronavirus\/wp-json\/wp\/v2\/pages\/30\/revisions"}],"predecessor-version":[{"id":1077,"href":"https:\/\/jundiai.sp.gov.br\/coronavirus\/wp-json\/wp\/v2\/pages\/30\/revisions\/1077"}],"wp:attachment":[{"href":"https:\/\/jundiai.sp.gov.br\/coronavirus\/wp-json\/wp\/v2\/media?parent=30"}],"curies":[{"name":"wp","href":"https:\/\/api.w.org\/{rel}","templated":true}]}}