{"id":32,"date":"2020-04-30T19:13:10","date_gmt":"2020-04-30T22:13:10","guid":{"rendered":"http:\/\/jundiai.sp.gov.br\/corona\/?page_id=32"},"modified":"2022-06-10T16:35:41","modified_gmt":"2022-06-10T19:35:41","slug":"decretos","status":"publish","type":"page","link":"https:\/\/jundiai.sp.gov.br\/coronavirus\/decretos\/","title":{"rendered":"Decretos"},"content":{"rendered":"\n<p><a href=\"https:\/\/jundiai.sp.gov.br\/coronavirus\/wp-content\/uploads\/sites\/61\/2022\/06\/decreto31.pdf\">Decreto 31.437, de 09 de junho de 2022<\/a><\/p>\n\n\n\n<p><a href=\"https:\/\/jundiai.sp.gov.br\/coronavirus\/wp-content\/uploads\/sites\/61\/2022\/03\/00000-6036.2022-Decreto-n_-31_087_-de-18-de-mar_o-de-2022.pdf\">Decreto 31.087, de 18 de mar\u00e7o de 2022<\/a> <\/p>\n\n\n\n<p><a href=\"https:\/\/jundiai.sp.gov.br\/coronavirus\/wp-content\/uploads\/sites\/61\/2022\/03\/00000-5497.2022-Decreto-31_063_-de-11-de-mar_o-de-2022.pdf\">Decreto 31.063, de 11 de mar\u00e7o de 2022<\/a><\/p>\n\n\n\n<p><a rel=\"noreferrer noopener\" href=\"https:\/\/imprensaoficial.jundiai.sp.gov.br\/wp-content\/uploads\/2022\/01\/1750615b-fd6e-499e-b93a-65171909b485_Edicao-5034-14-01-2022-1.pdf\" target=\"_blank\">Decreto 30.845, de 14 de janeiro de 2022<\/a><\/p>\n\n\n\n<p><a href=\"https:\/\/jundiai.sp.gov.br\/coronavirus\/wp-content\/uploads\/sites\/61\/2021\/11\/decreto30642.pdf\">Decreto 30.642 de 11 de novembro de 2021<\/a> <\/p>\n\n\n\n<p><a href=\"https:\/\/jundiai.sp.gov.br\/coronavirus\/wp-content\/uploads\/sites\/61\/2021\/08\/58098516-f94b-4477-832d-d6b7005d18c5_Edicao-4955-20-08-2021-1.pdf\">Decreto 30.288 de 20 de agosto de 2021<\/a> <\/p>\n\n\n\n<p><a href=\"https:\/\/jundiai.sp.gov.br\/coronavirus\/wp-content\/uploads\/sites\/61\/2021\/07\/678afcd9-e6eb-4ef0-8a46-f453684205f0_Edicao-4944-28-07-2021-1-1.pdf\">Decreto 30.211 de 28 de julho de 2021<\/a><\/p>\n\n\n\n<p><a href=\"https:\/\/jundiai.sp.gov.br\/coronavirus\/wp-content\/uploads\/sites\/61\/2021\/06\/decreto-1.pdf\">Decreto 30.032 de 28 de maio de 2021<\/a><\/p>\n\n\n\n<p><a href=\"https:\/\/jundiai.sp.gov.br\/coronavirus\/wp-content\/uploads\/sites\/61\/2021\/05\/Edicao-4914-21-05-2021-1-1-1.pdf\">Decreto 30.012 de 21 de maio de 2021<\/a><\/p>\n\n\n\n<p><a href=\"https:\/\/jundiai.sp.gov.br\/coronavirus\/wp-content\/uploads\/sites\/61\/2021\/05\/Edicao-4909-07-05-2021-1-1.pdf\">Decreto 29.966 de 07 de maio de 2021<\/a><\/p>\n\n\n\n<p><a href=\"https:\/\/jundiai.sp.gov.br\/coronavirus\/wp-content\/uploads\/sites\/61\/2021\/04\/Edicao-4906-30-04-2021.pdf\">Decreto 29.936 de 30 de abril de 2021<\/a><\/p>\n\n\n\n<p><a href=\"https:\/\/jundiai.sp.gov.br\/coronavirus\/wp-content\/uploads\/sites\/61\/2021\/04\/Edicao-4902-23-04-2021-2.pdf\">Decreto 29.922 de 23 de abril de 2021<\/a><\/p>\n\n\n\n<p><a href=\"https:\/\/jundiai.sp.gov.br\/coronavirus\/wp-content\/uploads\/sites\/61\/2021\/04\/Edicao-4898-16-04-2021-1.pdf\">Decreto 29.907 de 16 de abril de 2021<\/a><\/p>\n\n\n\n<p><a href=\"https:\/\/jundiai.sp.gov.br\/coronavirus\/wp-content\/uploads\/sites\/61\/2021\/04\/Edicao-4895-09-04-2021-1-2.pdf\">Decreto 29.891 de 09 de abril de 2021 <\/a><\/p>\n\n\n\n<p><a href=\"https:\/\/jundiai.sp.gov.br\/coronavirus\/wp-content\/uploads\/sites\/61\/2021\/03\/decreto-26-de-marco-1.pdf\">Decreto 29.853 de 26 de mar\u00e7o de 2021<\/a><\/p>\n\n\n\n<p><a href=\"https:\/\/jundiai.sp.gov.br\/coronavirus\/wp-content\/uploads\/sites\/61\/2021\/04\/Edicao-4881-12-03-2021-1.pdf\">Decreto 29.812 de 12 de mar\u00e7o de 2021<\/a><\/p>\n\n\n\n<p><a href=\"https:\/\/jundiai.sp.gov.br\/coronavirus\/wp-content\/uploads\/sites\/61\/2021\/03\/DECRETO-No-29.789-DE-05-DE-MARCO-DE-2021-1.pdf\">Decreto 29.789 de 05 de mar\u00e7o de 2021<\/a><\/p>\n\n\n\n<p><a href=\"https:\/\/jundiai.sp.gov.br\/coronavirus\/wp-content\/uploads\/sites\/61\/2021\/03\/DECRETO-no-29.776-de-26-de-fevereiro-de-2021-1-2.pdf\">Decreto 29.776 de 26 de fevereiro de 2021<\/a><\/p>\n\n\n\n<p><a rel=\"noreferrer noopener\" href=\"https:\/\/jundiai.sp.gov.br\/coronavirus\/wp-content\/uploads\/sites\/61\/2021\/01\/decreto-no-29.693-de-26-de-janeiro-de-2021.pdf\" target=\"_blank\">Decreto 29.693, de 26 de janeiro de 2021<\/a><\/p>\n\n\n\n<p><a rel=\"noreferrer noopener\" href=\"https:\/\/jundiai.sp.gov.br\/coronavirus\/wp-content\/uploads\/sites\/61\/2020\/12\/IO23122020-3-6-1.pdf\" target=\"_blank\">Decreto 29.597, de 23 de dezembro de 2020<\/a><\/p>\n\n\n\n<p><a rel=\"noreferrer noopener\" href=\"https:\/\/jundiai.sp.gov.br\/coronavirus\/wp-content\/uploads\/sites\/61\/2020\/12\/Decreto-29550-3.pdf\" target=\"_blank\">Decreto 29.550, de 7 de dezembro de 2020<\/a><\/p>\n\n\n\n<p><a rel=\"noreferrer noopener\" href=\"https:\/\/jundiai.sp.gov.br\/coronavirus\/wp-content\/uploads\/sites\/61\/2020\/11\/DECRETO-No-29.436-DE-29-DE-OUTUBRO-DE-2020.pdf\" target=\"_blank\">Decreto 29.436, de 29 de outubro de 2020<\/a><\/p>\n\n\n\n<p><a rel=\"noreferrer noopener\" href=\"https:\/\/jundiai.sp.gov.br\/coronavirus\/wp-content\/uploads\/sites\/61\/2020\/10\/DECRETO-No-29.369-DE-09-DE-OUTUBRO-DE-2020.pdf\" target=\"_blank\">Decreto 29.369, de 09 de outubro de 2020<\/a><\/p>\n\n\n\n<p><a rel=\"noreferrer noopener\" href=\"https:\/\/jundiai.sp.gov.br\/coronavirus\/wp-content\/uploads\/sites\/61\/2020\/10\/DECRETO-No-29.344-DE-02-DE-OUTUBRO-DE-2020.pdf\" target=\"_blank\">Decreto 29.344, de 02 de outubro de 2020<\/a><\/p>\n\n\n<p><a href=\"https:\/\/jundiai.sp.gov.br\/coronavirus\/wp-content\/uploads\/sites\/61\/2020\/09\/DECRETO-N\u00ba-29.250-DE-09-DE-SETEMBRO-DE-2020-3-22.pdf\" target=\"_blank\" rel=\"noopener noreferrer\">Decreto 29.250, de 09 de setembro de 2020<\/a><\/p>\n<p><a href=\"https:\/\/jundiai.sp.gov.br\/coronavirus\/wp-content\/uploads\/sites\/61\/2020\/08\/DECRETO-N\u00ba-29.215-DE-21-DE-AGOSTO-DE-2020.pdf\" target=\"_blank\" rel=\"noopener noreferrer\">Decreto 29.215, de 21 de agosto de 2020<\/a><\/p>\n<p><a href=\"https:\/\/jundiai.sp.gov.br\/coronavirus\/wp-content\/uploads\/sites\/61\/2020\/08\/IO-07082020-3-36.pdf\" target=\"_blank\" rel=\"noopener noreferrer\">Decreto 29.185, de 7 de agosto de 2020<\/a><\/p>\n<p><a href=\"https:\/\/jundiai.sp.gov.br\/coronavirus\/wp-content\/uploads\/sites\/61\/2020\/08\/IO31072020-3-7.pdf\" target=\"_blank\" rel=\"noopener noreferrer\">Decreto 29.172, de 31 de julho de 2020<\/a><\/p>\n<p><a href=\"https:\/\/jundiai.sp.gov.br\/coronavirus\/wp-content\/uploads\/sites\/61\/2020\/07\/IO-24072020-3-34-1.pdf\" target=\"_blank\" rel=\"noopener noreferrer\">Decreto 29.150 de 24 de julho de 2020<\/a><\/p>\n<p><a href=\"https:\/\/jundiai.sp.gov.br\/coronavirus\/wp-content\/uploads\/sites\/61\/2020\/07\/IO-04072020-3-5.pdf\" target=\"_blank\" rel=\"noopener noreferrer\">Decreto 29.109 de 3 de julho de 2020<\/a><\/p>\n<p><a href=\"https:\/\/jundiai.sp.gov.br\/coronavirus\/wp-content\/uploads\/sites\/61\/2020\/07\/IO-0307-11-12.pdf\" target=\"_blank\" rel=\"noopener noreferrer\">Decreto 29.108 de 2 de julho de 2020<\/a><\/p>\n<p><a href=\"https:\/\/jundiai.sp.gov.br\/coronavirus\/wp-content\/uploads\/sites\/61\/2020\/06\/98870406-4bd1-4209-8637-c3ca483e925b_Edi\u00e7\u00e3o-2-edi\u00e7\u00e3o-4751-3.pdf\" target=\"_blank\" rel=\"noopener noreferrer\">Decreto 29.047 de 10 de junho de 2020<\/a><\/p>\n<p><a href=\"https:\/\/jundiai.sp.gov.br\/coronavirus\/wp-content\/uploads\/sites\/61\/2020\/06\/IO-29052020-3-30.pdf\" target=\"_blank\" rel=\"noopener noreferrer\">Decreto 29.026 de 29 de maio de 2020<\/a><\/p>\n<p><a href=\"https:\/\/jundiai.sp.gov.br\/coronavirus\/wp-content\/uploads\/sites\/61\/2020\/05\/DECRETO-DE-ANTECIPA\u00c7\u00c3O-DO-FERIADO-DE-9-DE-JULHO-1.pdf\" target=\"_blank\" rel=\"noopener noreferrer\">Decreto 29.018 de 21 de maio de 2020<\/a><\/p>\n<p><a href=\"https:\/\/jundiai.sp.gov.br\/coronavirus\/wp-content\/uploads\/sites\/61\/2020\/05\/Decreto29009.pdf\">Decreto 29.009 de 14 de maio de 2020<\/a><\/p>\n<p><a href=\"https:\/\/jundiai.sp.gov.br\/wp-content\/uploads\/2020\/04\/apresentacao-educacao_v5.pdf\">Retorno \u00e0s aulas &#8211; Orienta\u00e7\u00f5es e Previs\u00f5es<\/a><\/p>\n<p><a href=\"https:\/\/jundiai.sp.gov.br\/wp-content\/uploads\/2020\/04\/apres_forca_tarefa_empreendedorismo_v3.pdf\">Programa Jundia\u00ed Empreendedora<\/a><\/p>\n<p><a href=\"https:\/\/jundiai.sp.gov.br\/wp-content\/uploads\/2020\/04\/vulneraveis.pdf\">Programa de seguran\u00e7a alimentar para fam\u00edlias vulner\u00e1veis<\/a><\/p>\n<p><a href=\"https:\/\/jundiai.sp.gov.br\/wp-content\/uploads\/2020\/04\/1-132-20-paa-1097-20-pmj-pdf.pdf\">Of\u00edcio n\u00ba 132\/20 \u2013 11\u00aa PJ<\/a><\/p>\n<p><a href=\"https:\/\/jundiai.sp.gov.br\/wp-content\/uploads\/2020\/04\/oficio-50_2020.pdf\">Recomenda\u00e7\u00e3o &#8211; Of\u00edcio 50 2020<\/a><\/p>\n<p><a href=\"https:\/\/jundiai.sp.gov.br\/wp-content\/uploads\/2020\/04\/io-24-de-abril-3-5.pdf\">Decreto 28.985 de 24 de abril de 2020<\/a><\/p>\n<p><a href=\"https:\/\/jundiai.sp.gov.br\/wp-content\/uploads\/2020\/04\/instrucao-normativa-conjunta-uggf-ugagp-no-01.pdf\">Instru\u00e7\u00e3o Normativa Conj. UGGF\/UGAGP n\u00ba 01, de 17 de abril de 2020<\/a><\/p>\n<p><a href=\"https:\/\/jundiai.sp.gov.br\/wp-content\/uploads\/2020\/04\/67979faf-fcb6-4b01-931e-2a3130805742_edicao-4724-17-04-2020.pdf\">Decreto 28.971 de 17 de abril de 2020<\/a><\/p>\n<p><a href=\"https:\/\/jundiai.sp.gov.br\/wp-content\/uploads\/2020\/04\/fbad1d55-3c27-484d-af09-6acae5b2da9c_edicao-4723-17-04-2020-1-1.pdf\">Decreto 28.970 de 17 de abril de 2020<\/a><\/p>\n<p><a href=\"https:\/\/jundiai.sp.gov.br\/wp-content\/uploads\/2020\/04\/deliberacao-001-2020.pdf\"><u>Delibera\u00e7\u00e3o 001\/2020<\/u><\/a><\/p>\n<p><a href=\"https:\/\/jundiai.sp.gov.br\/wp-content\/uploads\/2020\/04\/io-decreto-28-957-4.pdf\">Decreto 28.957 de 03 de abril de 2020<\/a><\/p>\n<p><a href=\"https:\/\/jundiai.sp.gov.br\/wp-content\/uploads\/2020\/04\/io-28953-de-02-de-abril-7-13.pdf\">Decreto 28.953 de 02 de abril de 2020<\/a><\/p>\n<p><a href=\"https:\/\/jundiai.sp.gov.br\/wp-content\/uploads\/2020\/04\/decreto-28946-de-30-de-marco-5.pdf\">Decreto 28.946 de 30 de mar\u00e7o de 2020<\/a><\/p>\n<p><a href=\"https:\/\/jundiai.sp.gov.br\/wp-content\/uploads\/2020\/03\/decreto-28-942-de-27-de-marco-de-2020.pdf\">Decreto 28.942 de 28 de mar\u00e7o de 2020<\/a><\/p>\n<p><a href=\"https:\/\/jundiai.sp.gov.br\/wp-content\/uploads\/2020\/03\/imprensa-oficial-25032020.pdf\">Decreto 28.926 de 24 de mar\u00e7o de 2020<\/a><\/p>\n<p><a href=\"https:\/\/jundiai.sp.gov.br\/wp-content\/uploads\/2020\/03\/4e1ad16b-75cf-4066-9243-6ce5646e3a05_edicao-4702-21-03-2020-1.pdf\">Decreto 28.923 de 21 de mar\u00e7o de 2020<\/a><\/p>\n<p><a href=\"https:\/\/jundiai.sp.gov.br\/wp-content\/uploads\/2020\/03\/decreto-28-920-de-20-de-marco-de-2020.pdf\">Decreto 28.920 de 20 de mar\u00e7o de 2020<\/a><\/p>\n<p><a href=\"https:\/\/jundiai.sp.gov.br\/wp-content\/uploads\/2020\/03\/decreto-28910-de-16-de-marco-de-2020.pdf\">Decreto 28.910 de 16 de mar\u00e7o de 2020<\/a><\/p>\n<p><a href=\"https:\/\/jundiai.sp.gov.br\/wp-content\/uploads\/2020\/03\/decreto-28909-de-13-de-marco.pdf\">Decreto 28.909 de 13 de mar\u00e7o de 2020<\/a><\/p>","protected":false},"excerpt":{"rendered":"<p>Decreto 31.437, de 09 de junho de 2022 Decreto 31.087, de 18 de mar\u00e7o de 2022 Decreto 31.063, de 11 de mar\u00e7o de 2022 Decreto 30.845, de 14 de janeiro de 2022 Decreto 30.642 de 11 de novembro de 2021 Decreto 30.288 de 20 de agosto de 2021 Decreto 30.211 de 28 de julho de [&hellip;]<\/p>\n","protected":false},"author":8,"featured_media":38,"parent":0,"menu_order":0,"comment_status":"closed","ping_status":"closed","template":"","meta":{"footnotes":""},"class_list":["post-32","page","type-page","status-publish","has-post-thumbnail","hentry"],"_links":{"self":[{"href":"https:\/\/jundiai.sp.gov.br\/coronavirus\/wp-json\/wp\/v2\/pages\/32","targetHints":{"allow":["GET"]}}],"collection":[{"href":"https:\/\/jundiai.sp.gov.br\/coronavirus\/wp-json\/wp\/v2\/pages"}],"about":[{"href":"https:\/\/jundiai.sp.gov.br\/coronavirus\/wp-json\/wp\/v2\/types\/page"}],"author":[{"embeddable":true,"href":"https:\/\/jundiai.sp.gov.br\/coronavirus\/wp-json\/wp\/v2\/users\/8"}],"replies":[{"embeddable":true,"href":"https:\/\/jundiai.sp.gov.br\/coronavirus\/wp-json\/wp\/v2\/comments?post=32"}],"version-history":[{"count":56,"href":"https:\/\/jundiai.sp.gov.br\/coronavirus\/wp-json\/wp\/v2\/pages\/32\/revisions"}],"predecessor-version":[{"id":2269,"href":"https:\/\/jundiai.sp.gov.br\/coronavirus\/wp-json\/wp\/v2\/pages\/32\/revisions\/2269"}],"wp:featuredmedia":[{"embeddable":true,"href":"https:\/\/jundiai.sp.gov.br\/coronavirus\/wp-json\/wp\/v2\/media\/38"}],"wp:attachment":[{"href":"https:\/\/jundiai.sp.gov.br\/coronavirus\/wp-json\/wp\/v2\/media?parent=32"}],"curies":[{"name":"wp","href":"https:\/\/api.w.org\/{rel}","templated":true}]}}