{"id":34,"date":"2020-04-30T19:13:30","date_gmt":"2020-04-30T22:13:30","guid":{"rendered":"http:\/\/jundiai.sp.gov.br\/corona\/?page_id=34"},"modified":"2020-05-08T09:44:12","modified_gmt":"2020-05-08T12:44:12","slug":"notas-tecnicas","status":"publish","type":"page","link":"https:\/\/jundiai.sp.gov.br\/coronavirus\/notas-tecnicas\/","title":{"rendered":"Notas T\u00e9cnicas"},"content":{"rendered":"<p><a href=\"https:\/\/jundiai.sp.gov.br\/coronavirus\/wp-content\/uploads\/sites\/61\/2020\/05\/IO-08052020-3-11.pdf\">Nota T\u00e9cnica CAE 5, re-ratifica\u00e7\u00e3o de 19 de abril de 2020, ajustada \u00e0 decis\u00e3o Judicial em 5 de abril de 2020<\/a><\/p>\n<p><a href=\"https:\/\/jundiai.sp.gov.br\/wp-content\/uploads\/2020\/04\/9e6a85fb-a7f4-4f4c-8045-db1837c7e389_4725-1.pdf\" target=\"_blank\" rel=\"noopener noreferrer\">Nota T\u00e9cnica CAE 5, re-ratifica\u00e7\u00e3o de 19 de abril de 2020<\/a><\/p>\n<p><a href=\"https:\/\/jundiai.sp.gov.br\/wp-content\/uploads\/2020\/04\/nota-tecnica.pdf\">Nota T\u00e9cnica CAE 5 de 17 de abril de 2020<\/a><\/p>\n<p><a href=\"https:\/\/jundiai.sp.gov.br\/wp-content\/uploads\/2020\/04\/io-14042020-3.pdf\">Nota T\u00e9cnica CAE 4 de 10 de abril de 2020<\/a><\/p>\n<p><a href=\"https:\/\/jundiai.sp.gov.br\/wp-content\/uploads\/2020\/04\/io-14042020-3.pdf\">Nota T\u00e9cnica CAE 3 de 9 de abril de 2020<\/a><\/p>\n<p><a href=\"https:\/\/jundiai.sp.gov.br\/wp-content\/uploads\/2020\/04\/nota-tecnica-cae-002-pdf-6.pdf\">Nota T\u00e9cnica CAE 2 de 3 de abril de 2020<\/a><\/p>\n<p><a href=\"https:\/\/jundiai.sp.gov.br\/wp-content\/uploads\/2020\/04\/nota-tecnica-cae-001.pdf\">Nota T\u00e9cnica CAE 1 de 2 de abril de 2020<\/a><\/p>\n","protected":false},"excerpt":{"rendered":"<p>Nota T\u00e9cnica CAE 5, re-ratifica\u00e7\u00e3o de 19 de abril de 2020, ajustada \u00e0 decis\u00e3o Judicial em 5 de abril de 2020 Nota T\u00e9cnica CAE 5, re-ratifica\u00e7\u00e3o de 19 de abril de 2020 Nota T\u00e9cnica CAE 5 de 17 de abril de 2020 Nota T\u00e9cnica CAE 4 de 10 de abril de 2020 Nota T\u00e9cnica CAE [&hellip;]<\/p>\n","protected":false},"author":8,"featured_media":39,"parent":0,"menu_order":0,"comment_status":"closed","ping_status":"closed","template":"","meta":{"footnotes":""},"class_list":["post-34","page","type-page","status-publish","has-post-thumbnail","hentry"],"_links":{"self":[{"href":"https:\/\/jundiai.sp.gov.br\/coronavirus\/wp-json\/wp\/v2\/pages\/34","targetHints":{"allow":["GET"]}}],"collection":[{"href":"https:\/\/jundiai.sp.gov.br\/coronavirus\/wp-json\/wp\/v2\/pages"}],"about":[{"href":"https:\/\/jundiai.sp.gov.br\/coronavirus\/wp-json\/wp\/v2\/types\/page"}],"author":[{"embeddable":true,"href":"https:\/\/jundiai.sp.gov.br\/coronavirus\/wp-json\/wp\/v2\/users\/8"}],"replies":[{"embeddable":true,"href":"https:\/\/jundiai.sp.gov.br\/coronavirus\/wp-json\/wp\/v2\/comments?post=34"}],"version-history":[{"count":6,"href":"https:\/\/jundiai.sp.gov.br\/coronavirus\/wp-json\/wp\/v2\/pages\/34\/revisions"}],"predecessor-version":[{"id":197,"href":"https:\/\/jundiai.sp.gov.br\/coronavirus\/wp-json\/wp\/v2\/pages\/34\/revisions\/197"}],"wp:featuredmedia":[{"embeddable":true,"href":"https:\/\/jundiai.sp.gov.br\/coronavirus\/wp-json\/wp\/v2\/media\/39"}],"wp:attachment":[{"href":"https:\/\/jundiai.sp.gov.br\/coronavirus\/wp-json\/wp\/v2\/media?parent=34"}],"curies":[{"name":"wp","href":"https:\/\/api.w.org\/{rel}","templated":true}]}}