{"id":341,"date":"2020-05-14T16:27:58","date_gmt":"2020-05-14T19:27:58","guid":{"rendered":"http:\/\/www3.jundiai.sp.gov.br\/coronavirus\/?page_id=341"},"modified":"2020-09-09T10:49:58","modified_gmt":"2020-09-09T13:49:58","slug":"referencias-bibliograficas","status":"publish","type":"page","link":"https:\/\/jundiai.sp.gov.br\/coronavirus\/faq\/referencias-bibliograficas\/","title":{"rendered":"Refer\u00eancias Bibliogr\u00e1ficas"},"content":{"rendered":"<ul>\n<li><a href=\"https:\/\/jundiai.sp.gov.br\/coronavirus\/\" target=\"_blank\" rel=\"noopener noreferrer\">Coronav\u00edrus Prefeitura de Jundia\u00ed<\/a><\/li>\n<li><a href=\"https:\/\/coronavirus.saude.gov.br\/\" target=\"_blank\" rel=\"noopener noreferrer\">Ministe\u0301rio da Sau\u0301de<\/a><\/li>\n<li><a href=\"http:\/\/www.saude.sp.gov.br\/\" target=\"_blank\" rel=\"noopener noreferrer\">Secretaria da Sau\u0301de do Estado de Sa\u0303o Paulo<\/a><\/li>\n<li><a href=\"https:\/\/www.paho.org\/bra\/\" target=\"_blank\" rel=\"noopener noreferrer\">Organizac\u0327a\u0303o Pan-Americana da Sau\u0301de<\/a><\/li>\n<li><a href=\"https:\/\/www.who.int\/eportuguese\/countries\/bra\/pt\/\" target=\"_blank\" rel=\"noopener noreferrer\">Organizac\u0327a\u0303o Mundial da Sau\u0301de<\/a><\/li>\n<li><a href=\"http:\/\/portal.anvisa.gov.br\/documents\/219201\/4340788\/SEI_ANVISA+-+0964813+-+Nota+T%C3%A9cnica.pdf\/71c341ad-6eec-4b7f-b1e6-8d86d867e489\" target=\"_blank\" rel=\"noopener noreferrer\">Recomenda\u00e7\u00f5es sobre produtos saneantes que possam substituir o \u00e1lcool 70% na desinfe\u00e7\u00e3o de superf\u00edcies, durante a pandemia da COVID-19.<\/a><\/li>\n<li><a href=\"http:\/\/cfq.org.br\/quimica-solidaria\/\" target=\"_blank\" rel=\"noopener noreferrer\">Conselho Federal de Qu\u00edmica<\/a><\/li>\n<li><a href=\"https:\/\/www.un.org\/sites\/un2.un.org\/files\/un_policy_brief-covid_and_mental_health_final.pdf\" target=\"_blank\" rel=\"noopener noreferrer\">COVID-19 and the Need for Action on Mental Health\u00a0<\/a><\/li>\n<\/ul>\n","protected":false},"excerpt":{"rendered":"<p>Coronav\u00edrus Prefeitura de Jundia\u00ed Ministe\u0301rio da Sau\u0301de Secretaria da Sau\u0301de do Estado de Sa\u0303o Paulo Organizac\u0327a\u0303o Pan-Americana da Sau\u0301de Organizac\u0327a\u0303o Mundial da Sau\u0301de Recomenda\u00e7\u00f5es sobre produtos saneantes que possam substituir o \u00e1lcool 70% na desinfe\u00e7\u00e3o de superf\u00edcies, durante a pandemia da COVID-19. Conselho Federal de Qu\u00edmica COVID-19 and the Need for Action on Mental Health\u00a0<\/p>\n","protected":false},"author":5,"featured_media":0,"parent":549,"menu_order":13,"comment_status":"closed","ping_status":"closed","template":"","meta":{"footnotes":""},"class_list":["post-341","page","type-page","status-publish","hentry"],"_links":{"self":[{"href":"https:\/\/jundiai.sp.gov.br\/coronavirus\/wp-json\/wp\/v2\/pages\/341","targetHints":{"allow":["GET"]}}],"collection":[{"href":"https:\/\/jundiai.sp.gov.br\/coronavirus\/wp-json\/wp\/v2\/pages"}],"about":[{"href":"https:\/\/jundiai.sp.gov.br\/coronavirus\/wp-json\/wp\/v2\/types\/page"}],"author":[{"embeddable":true,"href":"https:\/\/jundiai.sp.gov.br\/coronavirus\/wp-json\/wp\/v2\/users\/5"}],"replies":[{"embeddable":true,"href":"https:\/\/jundiai.sp.gov.br\/coronavirus\/wp-json\/wp\/v2\/comments?post=341"}],"version-history":[{"count":4,"href":"https:\/\/jundiai.sp.gov.br\/coronavirus\/wp-json\/wp\/v2\/pages\/341\/revisions"}],"predecessor-version":[{"id":1181,"href":"https:\/\/jundiai.sp.gov.br\/coronavirus\/wp-json\/wp\/v2\/pages\/341\/revisions\/1181"}],"up":[{"embeddable":true,"href":"https:\/\/jundiai.sp.gov.br\/coronavirus\/wp-json\/wp\/v2\/pages\/549"}],"wp:attachment":[{"href":"https:\/\/jundiai.sp.gov.br\/coronavirus\/wp-json\/wp\/v2\/media?parent=341"}],"curies":[{"name":"wp","href":"https:\/\/api.w.org\/{rel}","templated":true}]}}