{"id":397,"date":"2020-05-21T17:05:36","date_gmt":"2020-05-21T20:05:36","guid":{"rendered":"http:\/\/www3.jundiai.sp.gov.br\/coronavirus\/?page_id=397"},"modified":"2020-05-21T17:05:36","modified_gmt":"2020-05-21T20:05:36","slug":"fatores-de-risco","status":"publish","type":"page","link":"https:\/\/jundiai.sp.gov.br\/coronavirus\/faq\/diagnostico\/fatores-de-risco\/","title":{"rendered":"Fatores de Risco"},"content":{"rendered":"<p>\t\t\t\tAs formas graves da COVID-19 podem acometer indiv\u00edduos saud\u00e1veis de qualquer idade, por\u00e9m ocorrem predominantemente em idosos ou pessoas que tenham problemas de sa\u00fade preexistentes, principalmente se estiverem com mau controle. Os principais fatores de risco associados a formas graves da COVID-19 s\u00e3o:<\/p>\n<ul>\n<li>Doen\u00e7as cardiovasculares (como hipertens\u00e3o arterial)<\/li>\n<li>Diabetes mellitus<\/li>\n<li>Doen\u00e7as pulmonares cr\u00f4nicas<\/li>\n<li>Imunossupress\u00e3o<\/li>\n<li>Obesidade<\/li>\n<li>Doen\u00e7a renal cr\u00f4nica<\/li>\n<li>Doen\u00e7a hep\u00e1tica cr\u00f4nica<\/li>\n<\/ul>\n","protected":false},"excerpt":{"rendered":"<p>As formas graves da COVID-19 podem acometer indiv\u00edduos saud\u00e1veis de qualquer idade, por\u00e9m ocorrem predominantemente em idosos ou pessoas que tenham problemas de sa\u00fade preexistentes, principalmente se estiverem com mau controle. Os principais fatores de risco associados a formas graves da COVID-19 s\u00e3o: Doen\u00e7as cardiovasculares (como hipertens\u00e3o arterial) Diabetes mellitus Doen\u00e7as pulmonares cr\u00f4nicas Imunossupress\u00e3o Obesidade [&hellip;]<\/p>\n","protected":false},"author":5,"featured_media":0,"parent":306,"menu_order":2,"comment_status":"closed","ping_status":"closed","template":"","meta":{"footnotes":""},"class_list":["post-397","page","type-page","status-publish","hentry"],"_links":{"self":[{"href":"https:\/\/jundiai.sp.gov.br\/coronavirus\/wp-json\/wp\/v2\/pages\/397","targetHints":{"allow":["GET"]}}],"collection":[{"href":"https:\/\/jundiai.sp.gov.br\/coronavirus\/wp-json\/wp\/v2\/pages"}],"about":[{"href":"https:\/\/jundiai.sp.gov.br\/coronavirus\/wp-json\/wp\/v2\/types\/page"}],"author":[{"embeddable":true,"href":"https:\/\/jundiai.sp.gov.br\/coronavirus\/wp-json\/wp\/v2\/users\/5"}],"replies":[{"embeddable":true,"href":"https:\/\/jundiai.sp.gov.br\/coronavirus\/wp-json\/wp\/v2\/comments?post=397"}],"version-history":[{"count":0,"href":"https:\/\/jundiai.sp.gov.br\/coronavirus\/wp-json\/wp\/v2\/pages\/397\/revisions"}],"up":[{"embeddable":true,"href":"https:\/\/jundiai.sp.gov.br\/coronavirus\/wp-json\/wp\/v2\/pages\/306"}],"wp:attachment":[{"href":"https:\/\/jundiai.sp.gov.br\/coronavirus\/wp-json\/wp\/v2\/media?parent=397"}],"curies":[{"name":"wp","href":"https:\/\/api.w.org\/{rel}","templated":true}]}}