{"id":404,"date":"2020-05-21T17:17:22","date_gmt":"2020-05-21T20:17:22","guid":{"rendered":"http:\/\/www3.jundiai.sp.gov.br\/coronavirus\/?page_id=404"},"modified":"2021-12-23T15:09:59","modified_gmt":"2021-12-23T18:09:59","slug":"exames","status":"publish","type":"page","link":"https:\/\/jundiai.sp.gov.br\/coronavirus\/faq\/diagnostico\/exames\/","title":{"rendered":"Exames"},"content":{"rendered":"\n<p><strong>RT-PCR<br><\/strong>Teste padr\u00e3o ouro para diagn\u00f3stico laboratorial de COVID-19 que consiste na detec\u00e7\u00e3o de SARS-CoV-2 por meio de amplifica\u00e7\u00e3o de sequ\u00eancias conservadas do v\u00edrus. Apresenta especificidade pr\u00f3xima de 100%, por\u00e9m sensibilidade vari\u00e1vel de 63% a 93% conforme data do in\u00edcio dos sintomas, din\u00e2mica viral e qualidade, manuseio, transporte e conserva\u00e7\u00e3o do esp\u00e9cime cl\u00ednico coletado. Como a acur\u00e1cia diagn\u00f3stica est\u00e1 diretamente relacionada \u00e0 cin\u00e9tica viral, apresenta maior positividade quando realizado at\u00e9 o 8\u00ba dia do in\u00edcio das manifesta\u00e7\u00f5es cl\u00ednicas. Usualmente \u00e9 executado a partir de amostras do trato respirat\u00f3rio superior, colhidas por meio de swab nasal ou de orofaringe. Dentre as desvantagens do teste est\u00e3o o tempo despendido entre a coleta e a disponibiliza\u00e7\u00e3o dos resultados e a necessidade de estrutura f\u00edsica especializada e equipe t\u00e9cnica qualificada. O Resultado demora de 12 a 24 horas. No munic\u00edpio de Jundia\u00ed atualmente o teste de RT-PCR esta dispon\u00edvel para a realiza\u00e7\u00e3o de Vigil\u00e2ncia Epidemiol\u00f3gica.<\/p>\n\n\n\n<p><br><strong>TESTES SOROL\u00d3GICOS<br><\/strong>Testes auxiliares para diagn\u00f3stico laboratorial ou triagem de COVID-19 que consistem na detec\u00e7\u00e3o de anticorpos da classe IgA, IgM e IgG contra SARS-CoV-2 por meio de t\u00e9cnica de ELISA (Enzime-Linked Immunosorbent Assay ) ou IgM e IgG por m\u00e9todos imunocromatogr\u00e1ficos (Testes R\u00e1pidos). Em fun\u00e7\u00e3o das varia\u00e7\u00f5es na concentra\u00e7\u00e3o de IgA, IgM e IgG nas diferentes fases da infec\u00e7\u00e3o, apresentam melhor acur\u00e1cia se realizados ap\u00f3s o 8\u00ba dia do in\u00edcio dos sintomas. A realiza\u00e7\u00e3o desses testes antes do prazo estipulado implica em valor preditivo negativo significativamente baixo, impedindo a exclus\u00e3o da doen\u00e7a em pacientes sintom\u00e1ticos. A detec\u00e7\u00e3o de anticorpos IgA e IgM parece se iniciar ao 5\u00ba dia e de IgG a partir do 10\u00ba a 18\u00ba dia do in\u00edcio das manifesta\u00e7\u00f5es cl\u00ednicas.<\/p>\n\n\n\n<p><strong>ATEN\u00c7\u00c3O<\/strong><br>Tendo em vista a resposta vacinal esperada, com produ\u00e7\u00e3o de anticorpos, os testes imunol\u00f3gicos n\u00e3o s\u00e3o recomendados para diagn\u00f3stico de COVID-19 em indiv\u00edduos vacinados, portanto, o exame n\u00e3o est\u00e1 dispon\u00edvel nos servi\u00e7os de sa\u00fade de Jundia\u00ed.<\/p>\n\n\n\n<p><strong>PESQUISA DE ANT\u00cdGENO<br><\/strong>Testes para detec\u00e7\u00e3o r\u00e1pida e qualitativa do ant\u00edgeno do SARS-CoV-2 em amostras de swab nasal ou nasofaringeal, baseados na metodologia imunocromatogr\u00e1fica. <\/p>\n\n\n\n<p>Os Testes R\u00e1pidos de Ant\u00edgenos t\u00eam recomenda\u00e7\u00e3o de uso e aplica\u00e7\u00e3o para pacientes sintom\u00e1ticos (1\u00ba ao 7\u00ba dia), considerando o dia inicial de sintomas como dia ZERO. A realiza\u00e7\u00e3o deste teste n\u00e3o \u00e9 indicada para pacientes assintom\u00e1ticos, pois podem apresentar baixa carga viral e, assim, resultar em falsos negativos.<br>As vantagens deste teste s\u00e3o a rapidez no resultado (15 a 20 minutos) e a facilidade na realiza\u00e7\u00e3o em locais sem estrutura laboratorial, sendo muito \u00fateis, especialmente em servi\u00e7os de urg\u00eancia, auxiliando no diagn\u00f3stico e tomada de decis\u00e3o e condutas no \u00e2mbito municipal. A Pesquisa de Ant\u00edgeno est\u00e1 dispon\u00edvel nos servi\u00e7os municipais que atendem pacientes com S\u00edndrome Gripal (UPA VETOR OESTE, PA HORTOL\u00c2NDIA e PA RETIRO), para crian\u00e7as e adultos<\/p>\n","protected":false},"excerpt":{"rendered":"<p>RT-PCRTeste padr\u00e3o ouro para diagn\u00f3stico laboratorial de COVID-19 que consiste na detec\u00e7\u00e3o de SARS-CoV-2 por meio de amplifica\u00e7\u00e3o de sequ\u00eancias conservadas do v\u00edrus. Apresenta especificidade pr\u00f3xima de 100%, por\u00e9m sensibilidade vari\u00e1vel de 63% a 93% conforme data do in\u00edcio dos sintomas, din\u00e2mica viral e qualidade, manuseio, transporte e conserva\u00e7\u00e3o do esp\u00e9cime cl\u00ednico coletado. Como a [&hellip;]<\/p>\n","protected":false},"author":5,"featured_media":0,"parent":306,"menu_order":4,"comment_status":"closed","ping_status":"closed","template":"","meta":{"footnotes":""},"class_list":["post-404","page","type-page","status-publish","hentry"],"_links":{"self":[{"href":"https:\/\/jundiai.sp.gov.br\/coronavirus\/wp-json\/wp\/v2\/pages\/404","targetHints":{"allow":["GET"]}}],"collection":[{"href":"https:\/\/jundiai.sp.gov.br\/coronavirus\/wp-json\/wp\/v2\/pages"}],"about":[{"href":"https:\/\/jundiai.sp.gov.br\/coronavirus\/wp-json\/wp\/v2\/types\/page"}],"author":[{"embeddable":true,"href":"https:\/\/jundiai.sp.gov.br\/coronavirus\/wp-json\/wp\/v2\/users\/5"}],"replies":[{"embeddable":true,"href":"https:\/\/jundiai.sp.gov.br\/coronavirus\/wp-json\/wp\/v2\/comments?post=404"}],"version-history":[{"count":13,"href":"https:\/\/jundiai.sp.gov.br\/coronavirus\/wp-json\/wp\/v2\/pages\/404\/revisions"}],"predecessor-version":[{"id":2230,"href":"https:\/\/jundiai.sp.gov.br\/coronavirus\/wp-json\/wp\/v2\/pages\/404\/revisions\/2230"}],"up":[{"embeddable":true,"href":"https:\/\/jundiai.sp.gov.br\/coronavirus\/wp-json\/wp\/v2\/pages\/306"}],"wp:attachment":[{"href":"https:\/\/jundiai.sp.gov.br\/coronavirus\/wp-json\/wp\/v2\/media?parent=404"}],"curies":[{"name":"wp","href":"https:\/\/api.w.org\/{rel}","templated":true}]}}