{"id":532,"date":"2020-06-02T15:54:47","date_gmt":"2020-06-02T18:54:47","guid":{"rendered":"http:\/\/www3.jundiai.sp.gov.br\/coronavirus\/?page_id=532"},"modified":"2020-06-02T15:54:47","modified_gmt":"2020-06-02T18:54:47","slug":"o-que-e-o-comunicante-de-um-caso-confirmado","status":"publish","type":"page","link":"https:\/\/jundiai.sp.gov.br\/coronavirus\/faq\/diagnostico\/o-que-e-o-comunicante-de-um-caso-confirmado\/","title":{"rendered":"O que \u00e9 o \u201ccomunicante\u201d de um caso confirmado?"},"content":{"rendered":"<p>\t\t\t\tComunicantes s\u00e3o familiares, profissionais de sa\u00fade que tenham prestado atendimento desprotegidos e pessoas que possam ter tido contato pr\u00f3ximo com o caso confirmado para COVID-19. Os comunicantes n\u00e3o s\u00e3o considerados casos suspeitos se n\u00e3o apresentarem sintomas de S\u00edndrome Gripal.<\/p>\n<p>J\u00e1 o contato pr\u00f3ximo \u00e9 definido como: estar a aproximadamente 2 metros de uma pessoa com suspeita do novo coronav\u00edrus, dentro da mesma sala ou \u00e1rea de atendimento, por um per\u00edodo prolongado, sem uso de equipamento de prote\u00e7\u00e3o individual (EPI). O contato pr\u00f3ximo pode incluir: cuidar, morar, visitar ou compartilhar uma \u00e1rea ou sala de espera de assist\u00eancia m\u00e9dica ou, ainda, nos casos de contato direto com fluidos corporais, enquanto n\u00e3o estiver usando o EPI recomendado.<\/p>\n<p>Exemplos de contato pr\u00f3ximo:<\/p>\n<ul>\n<li>Uma pessoa que teve contato f\u00edsico direto (por exemplo, apertando as m\u00e3os);<\/li>\n<li>Uma pessoa que tenha contato direto desprotegido com secre\u00e7\u00f5es infecciosas (por exemplo, got\u00edculas de tosse, contato sem prote\u00e7\u00e3o com tecido ou len\u00e7os de papel usados e que contenham secre\u00e7\u00f5es);<\/li>\n<li>Uma pessoa que teve contato frente a frente por 15 minutos ou mais e a uma dist\u00e2ncia inferior a 2 metros;<\/li>\n<li>Uma pessoa que esteve em um ambiente fechado (por exemplo, sala de aula, sala de reuni\u00e3o, sala de espera do hospital etc.) por 15 minutos ou mais e a uma dist\u00e2ncia inferior a 2 metros;<\/li>\n<li>Um profissional de sa\u00fade ou outra pessoa que cuide diretamente de um caso de COVID-19 ou trabalhadores de laborat\u00f3rio que manipulam amostras de um caso de COVID-19 sem Equipamento de Prote\u00e7\u00e3o Individual (EPI) recomendado, ou com uma poss\u00edvel viola\u00e7\u00e3o do EPI;<\/li>\n<li>Um passageiro de uma aeronave sentado no raio de dois assentos de dist\u00e2ncia (em qualquer dire\u00e7\u00e3o) de um caso confirmado de COVID-19, seus acompanhantes ou cuidadores, e os tripulantes que trabalharam na se\u00e7\u00e3o da aeronave em que o caso estava sentado;<\/li>\n<li>Uma pessoa que resida na mesma casa\/ambiente. Devem ser considerados os residentes da mesma casa, colegas de dormit\u00f3rio, creche, alojamento etc.<\/li>\n<\/ul>\n","protected":false},"excerpt":{"rendered":"<p>Comunicantes s\u00e3o familiares, profissionais de sa\u00fade que tenham prestado atendimento desprotegidos e pessoas que possam ter tido contato pr\u00f3ximo com o caso confirmado para COVID-19. Os comunicantes n\u00e3o s\u00e3o considerados casos suspeitos se n\u00e3o apresentarem sintomas de S\u00edndrome Gripal. J\u00e1 o contato pr\u00f3ximo \u00e9 definido como: estar a aproximadamente 2 metros de uma pessoa com [&hellip;]<\/p>\n","protected":false},"author":5,"featured_media":0,"parent":306,"menu_order":6,"comment_status":"closed","ping_status":"closed","template":"","meta":{"footnotes":""},"class_list":["post-532","page","type-page","status-publish","hentry"],"_links":{"self":[{"href":"https:\/\/jundiai.sp.gov.br\/coronavirus\/wp-json\/wp\/v2\/pages\/532","targetHints":{"allow":["GET"]}}],"collection":[{"href":"https:\/\/jundiai.sp.gov.br\/coronavirus\/wp-json\/wp\/v2\/pages"}],"about":[{"href":"https:\/\/jundiai.sp.gov.br\/coronavirus\/wp-json\/wp\/v2\/types\/page"}],"author":[{"embeddable":true,"href":"https:\/\/jundiai.sp.gov.br\/coronavirus\/wp-json\/wp\/v2\/users\/5"}],"replies":[{"embeddable":true,"href":"https:\/\/jundiai.sp.gov.br\/coronavirus\/wp-json\/wp\/v2\/comments?post=532"}],"version-history":[{"count":0,"href":"https:\/\/jundiai.sp.gov.br\/coronavirus\/wp-json\/wp\/v2\/pages\/532\/revisions"}],"up":[{"embeddable":true,"href":"https:\/\/jundiai.sp.gov.br\/coronavirus\/wp-json\/wp\/v2\/pages\/306"}],"wp:attachment":[{"href":"https:\/\/jundiai.sp.gov.br\/coronavirus\/wp-json\/wp\/v2\/media?parent=532"}],"curies":[{"name":"wp","href":"https:\/\/api.w.org\/{rel}","templated":true}]}}