{"id":536,"date":"2020-06-02T16:01:08","date_gmt":"2020-06-02T19:01:08","guid":{"rendered":"http:\/\/www3.jundiai.sp.gov.br\/coronavirus\/?page_id=536"},"modified":"2020-06-25T08:16:28","modified_gmt":"2020-06-25T11:16:28","slug":"recomendacoes-para-gestantes-e-puerperas-com-sintomas-gripais","status":"publish","type":"page","link":"https:\/\/jundiai.sp.gov.br\/coronavirus\/faq\/diagnostico\/recomendacoes-para-gestantes-e-puerperas-com-sintomas-gripais\/","title":{"rendered":"Recomenda\u00e7\u00f5es para gestantes e mulheres no p\u00f3s-parto com sintomas gripais"},"content":{"rendered":"<p>Gestantes:<\/p>\n<ul>\n<li>Mesmo podendo representar manifesta\u00e7\u00e3o normal da gravidez, a queixa de falta de ar deve ser valorizada na presen\u00e7a de S\u00edndrome Gripal;<\/li>\n<li>Gestantes e mulheres no p\u00f3s-parto, mesmo vacinadas, devem ser tratadas com antiviral, fosfato de oseltamivir (tamiflu), na dose habitual para adultos, indicado na s\u00edndrome gripal independentemente de sinais de agravamento, visando \u00e0 redu\u00e7\u00e3o da morbimortalidade materna;<\/li>\n<li>N\u00e3o se deve protelar a realiza\u00e7\u00e3o de exame radiol\u00f3gico em qualquer per\u00edodo gestacional, quando houver necessidade de averiguar hip\u00f3tese diagn\u00f3stica de pneumonia;<\/li>\n<li>A eleva\u00e7\u00e3o da temperatura na gestante deve ser sempre controlada com anti-t\u00e9rmico, uma vez que a hipertermia materna determina les\u00f5es no feto. A melhor op\u00e7\u00e3o \u00e9 o paracetamol.<\/li>\n<\/ul>\n<p>&nbsp;<\/p>\n<p>Mulheres no p\u00f3s-parto:<\/p>\n<ul>\n<li>Manter a amamenta\u00e7\u00e3o;<\/li>\n<li>Manter, preferencialmente, o bin\u00f4mio em quarto separado;<\/li>\n<li>Manter dist\u00e2ncia m\u00ednima do ber\u00e7o do RN e a m\u00e3e de 1 metro;<\/li>\n<li>Orientar a realizar etiqueta respirat\u00f3ria;<\/li>\n<li>Orientar a higieniza\u00e7\u00e3o das m\u00e3os imediatamente ap\u00f3s tocar nariz, boca e sempre antes do cuidado com o RN;<\/li>\n<li>Orientar o uso de m\u00e1scara cir\u00fargica, durante o cuidado e amamenta\u00e7\u00e3o do RN;<\/li>\n<li>Profissional da sa\u00fade, ao atender a pu\u00e9rpera e RN, deve seguir as orienta\u00e7\u00f5es de precau\u00e7\u00e3o padr\u00e3o e got\u00edculas;<\/li>\n<li>Caso a pu\u00e9rpera precise circular em \u00e1reas comuns da casa, utilizar m\u00e1scara cir\u00fargica.<\/li>\n<\/ul>\n","protected":false},"excerpt":{"rendered":"<p>Gestantes: Mesmo podendo representar manifesta\u00e7\u00e3o normal da gravidez, a queixa de falta de ar deve ser valorizada na presen\u00e7a de S\u00edndrome Gripal; Gestantes e mulheres no p\u00f3s-parto, mesmo vacinadas, devem ser tratadas com antiviral, fosfato de oseltamivir (tamiflu), na dose habitual para adultos, indicado na s\u00edndrome gripal independentemente de sinais de agravamento, visando \u00e0 redu\u00e7\u00e3o [&hellip;]<\/p>\n","protected":false},"author":5,"featured_media":0,"parent":306,"menu_order":7,"comment_status":"closed","ping_status":"closed","template":"","meta":{"footnotes":""},"class_list":["post-536","page","type-page","status-publish","hentry"],"_links":{"self":[{"href":"https:\/\/jundiai.sp.gov.br\/coronavirus\/wp-json\/wp\/v2\/pages\/536","targetHints":{"allow":["GET"]}}],"collection":[{"href":"https:\/\/jundiai.sp.gov.br\/coronavirus\/wp-json\/wp\/v2\/pages"}],"about":[{"href":"https:\/\/jundiai.sp.gov.br\/coronavirus\/wp-json\/wp\/v2\/types\/page"}],"author":[{"embeddable":true,"href":"https:\/\/jundiai.sp.gov.br\/coronavirus\/wp-json\/wp\/v2\/users\/5"}],"replies":[{"embeddable":true,"href":"https:\/\/jundiai.sp.gov.br\/coronavirus\/wp-json\/wp\/v2\/comments?post=536"}],"version-history":[{"count":2,"href":"https:\/\/jundiai.sp.gov.br\/coronavirus\/wp-json\/wp\/v2\/pages\/536\/revisions"}],"predecessor-version":[{"id":864,"href":"https:\/\/jundiai.sp.gov.br\/coronavirus\/wp-json\/wp\/v2\/pages\/536\/revisions\/864"}],"up":[{"embeddable":true,"href":"https:\/\/jundiai.sp.gov.br\/coronavirus\/wp-json\/wp\/v2\/pages\/306"}],"wp:attachment":[{"href":"https:\/\/jundiai.sp.gov.br\/coronavirus\/wp-json\/wp\/v2\/media?parent=536"}],"curies":[{"name":"wp","href":"https:\/\/api.w.org\/{rel}","templated":true}]}}