{"id":872,"date":"2020-06-25T08:42:21","date_gmt":"2020-06-25T11:42:21","guid":{"rendered":"https:\/\/jundiai.sp.gov.br\/coronavirus\/?page_id=872"},"modified":"2020-06-25T09:27:12","modified_gmt":"2020-06-25T12:27:12","slug":"violencia-domestica-contra-mulheres-criancas-idosos-e-pessoas-com-deficiencia-durante-a-pandemia","status":"publish","type":"page","link":"https:\/\/jundiai.sp.gov.br\/coronavirus\/faq\/violencia-domestica-contra-mulheres-criancas-idosos-e-pessoas-com-deficiencia-durante-a-pandemia\/","title":{"rendered":"Viol\u00eancia dom\u00e9stica contra mulheres, crian\u00e7as, idosos e pessoas com defici\u00eancia durante a pandemia"},"content":{"rendered":"<p>O aumento da viol\u00eancia dom\u00e9stica em tempos de pandemia de coronav\u00edrus \u00e9 uma preocupa\u00e7\u00e3o global. A perda de renda, o isolamento, uso abusivo de \u00e1lcool e outras drogas produzem ainda mais tens\u00f5es e atitudes violentas que vitimizam principalmente as mulheres, crian\u00e7as, idosos e pessoas com defici\u00eancia.<\/p>\n<p>Institui\u00e7\u00f5es e governos t\u00eam produzido campanhas pelo mundo para combater a viol\u00eancia dom\u00e9stica, sobretudo no contexto da pandemia. \u00c9 consenso que a interven\u00e7\u00e3o da comunidade, por meio de apoio m\u00fatuo entre as pessoas e den\u00fancias aos \u00f3rg\u00e3os competentes de situa\u00e7\u00f5es de viol\u00eancia testemunhadas, \u00e9 uma das formas mais eficazes para reduzir a viol\u00eancia dom\u00e9stica.<\/p>\n<p>Conhecer os canais de den\u00fancia \u00e9 t\u00e3o importante quanto buscar ajuda para quem est\u00e1 envolvido em rela\u00e7\u00f5es violentas. Se voc\u00ea est\u00e1 envolvido(a) em rela\u00e7\u00f5es violentas, ou conhece algu\u00e9m que esteja, busque orienta\u00e7\u00f5es e suporte junto aos servi\u00e7os de sa\u00fade e assist\u00eancia social mais pr\u00f3ximos de sua casa.<\/p>\n<p>Juntos seremos mais capazes de cuidar melhor da sa\u00fade f\u00edsica, mental e social de nossa cidade.<\/p>\n<p><strong>Saiba mais sobre den\u00fancias e rede de assist\u00eancia no munic\u00edpio em:<\/strong><\/p>\n<p><a href=\"https:\/\/www.delegaciaeletronica.policiacivil.sp.gov.br\/ssp-de-cidadao\/home\" target=\"_blank\" rel=\"noopener noreferrer\">https:\/\/www.delegaciaeletronica.policiacivil.sp.gov.br\/ssp-de-cidadao\/home<\/a><br \/>\n<a href=\"https:\/\/mulher.jundiai.sp.gov.br\/onde-procurar-ajuda-em-jundiai\/\" target=\"_blank\" rel=\"noopener noreferrer\">https:\/\/mulher.jundiai.sp.gov.br\/onde-procurar-ajuda-em-jundiai\/<\/a><br \/>\n<a href=\"https:\/\/cmdca.jundiai.sp.gov.br\/conselho-tutelar\/\" target=\"_blank\" rel=\"noopener noreferrer\">https:\/\/cmdca.jundiai.sp.gov.br\/conselho-tutelar\/<\/a><br \/>\n<a href=\"https:\/\/jundiai.sp.gov.br\/saude\/rede-de-atendimento\/rede-completa-de-atendimento\/\" target=\"_blank\" rel=\"noopener noreferrer\">https:\/\/jundiai.sp.gov.br\/saude\/rede-de-atendimento\/rede-completa-de-atendimento\/<\/a><br \/>\n<a href=\"https:\/\/jundiai.sp.gov.br\/assistencia-e-desenvolvimento-social\/\" target=\"_blank\" rel=\"noopener noreferrer\">https:\/\/jundiai.sp.gov.br\/assistencia-e-desenvolvimento-social\/<\/a><\/p>\n<p><strong>Outras informa\u00e7\u00f5es em:<\/strong><br \/>\n<a href=\"http:\/\/www.onumulheres.org.br\/covid-19\/\" target=\"_blank\" rel=\"noopener noreferrer\">http:\/\/www.onumulheres.org.br\/covid-19\/<\/a><br \/>\n<a href=\"https:\/\/iris.paho.org\/bitstream\/handle\/10665.2\/52016\/OPASBRACOVID1920042_por.pdf?ua=1\" target=\"_blank\" rel=\"noopener noreferrer\">https:\/\/iris.paho.org\/bitstream\/handle\/10665.2\/52016\/OPASBRACOVID1920042_por.pdf?ua=1<\/a><br \/>\n<a href=\"https:\/\/www.gov.br\/pt-br\/servicos\/denunciar-violacao-de-direitos-humanos\" target=\"_blank\" rel=\"noopener noreferrer\">https:\/\/www.gov.br\/pt-br\/servicos\/denunciar-violacao-de-direitos-humanos<\/a><br \/>\n<a href=\"https:\/\/www.gov.br\/pt-br\/servicos\/denunciar-e-buscar-ajuda-a-vitimas-de-violencia-contra-mulheres\" target=\"_blank\" rel=\"noopener noreferrer\">https:\/\/www.gov.br\/pt-br\/servicos\/denunciar-e-buscar-ajuda-a-vitimas-de-violencia-contra-mulheres<\/a><\/p>\n<p><img loading=\"lazy\" decoding=\"async\" class=\"aligncenter wp-image-877 size-full\" src=\"https:\/\/jundiai.sp.gov.br\/coronavirus\/wp-content\/uploads\/sites\/61\/2020\/06\/V\u00eddeo-Mulher-1.jpg\" alt=\"\" width=\"400\" height=\"400\" srcset=\"https:\/\/jundiai.sp.gov.br\/coronavirus\/wp-content\/uploads\/sites\/61\/2020\/06\/V\u00eddeo-Mulher-1.jpg 400w, https:\/\/jundiai.sp.gov.br\/coronavirus\/wp-content\/uploads\/sites\/61\/2020\/06\/V\u00eddeo-Mulher-1-250x250.jpg 250w\" sizes=\"auto, (max-width: 400px) 100vw, 400px\" \/><\/p>\n<p>&nbsp;<\/p>\n<p><img loading=\"lazy\" decoding=\"async\" class=\"aligncenter size-full wp-image-876\" src=\"https:\/\/jundiai.sp.gov.br\/coronavirus\/wp-content\/uploads\/sites\/61\/2020\/06\/Mulher-2.jpeg\" alt=\"\" width=\"477\" height=\"675\" \/><\/p>\n","protected":false},"excerpt":{"rendered":"<p>O aumento da viol\u00eancia dom\u00e9stica em tempos de pandemia de coronav\u00edrus \u00e9 uma preocupa\u00e7\u00e3o global. A perda de renda, o isolamento, uso abusivo de \u00e1lcool e outras drogas produzem ainda mais tens\u00f5es e atitudes violentas que vitimizam principalmente as mulheres, crian\u00e7as, idosos e pessoas com defici\u00eancia. Institui\u00e7\u00f5es e governos t\u00eam produzido campanhas pelo mundo para [&hellip;]<\/p>\n","protected":false},"author":50,"featured_media":0,"parent":549,"menu_order":8,"comment_status":"closed","ping_status":"closed","template":"","meta":{"footnotes":""},"class_list":["post-872","page","type-page","status-publish","hentry"],"_links":{"self":[{"href":"https:\/\/jundiai.sp.gov.br\/coronavirus\/wp-json\/wp\/v2\/pages\/872","targetHints":{"allow":["GET"]}}],"collection":[{"href":"https:\/\/jundiai.sp.gov.br\/coronavirus\/wp-json\/wp\/v2\/pages"}],"about":[{"href":"https:\/\/jundiai.sp.gov.br\/coronavirus\/wp-json\/wp\/v2\/types\/page"}],"author":[{"embeddable":true,"href":"https:\/\/jundiai.sp.gov.br\/coronavirus\/wp-json\/wp\/v2\/users\/50"}],"replies":[{"embeddable":true,"href":"https:\/\/jundiai.sp.gov.br\/coronavirus\/wp-json\/wp\/v2\/comments?post=872"}],"version-history":[{"count":4,"href":"https:\/\/jundiai.sp.gov.br\/coronavirus\/wp-json\/wp\/v2\/pages\/872\/revisions"}],"predecessor-version":[{"id":878,"href":"https:\/\/jundiai.sp.gov.br\/coronavirus\/wp-json\/wp\/v2\/pages\/872\/revisions\/878"}],"up":[{"embeddable":true,"href":"https:\/\/jundiai.sp.gov.br\/coronavirus\/wp-json\/wp\/v2\/pages\/549"}],"wp:attachment":[{"href":"https:\/\/jundiai.sp.gov.br\/coronavirus\/wp-json\/wp\/v2\/media?parent=872"}],"curies":[{"name":"wp","href":"https:\/\/api.w.org\/{rel}","templated":true}]}}