{"id":896,"date":"2020-06-29T10:03:31","date_gmt":"2020-06-29T13:03:31","guid":{"rendered":"https:\/\/jundiai.sp.gov.br\/coronavirus\/?page_id=896"},"modified":"2023-02-09T14:40:15","modified_gmt":"2023-02-09T17:40:15","slug":"doacoes-a-saude","status":"publish","type":"page","link":"https:\/\/jundiai.sp.gov.br\/coronavirus\/doacoes-recebidas\/doacoes-a-saude\/","title":{"rendered":"Doa\u00e7\u00f5es \u00e0 Sa\u00fade"},"content":{"rendered":"\n<style>.iframe-google {height: 800px !important;}<\/style>\t \n\n<iframe loading=\"lazy\" class=\"iframe-google\" src=\"https:\/\/docs.google.com\/spreadsheets\/d\/e\/2PACX-1vRz1SeI8GFGd5jjbi6dH7nPoQBXWjn6_PTpn4jEqF-YsDhoTHahSbELp9pdVs3pJQ\/pubhtml?gid=280183988&amp;single=true\" width=\"100%\" height=\"900\"><\/iframe>\n\n\n\n<p><a href=\"https:\/\/docs.google.com\/spreadsheets\/d\/e\/2PACX-1vRz1SeI8GFGd5jjbi6dH7nPoQBXWjn6_PTpn4jEqF-YsDhoTHahSbELp9pdVs3pJQ\/pubhtml?gid=280183988&amp;single=true\" target=\"_blank\" rel=\"noreferrer noopener\">Abrir planilha numa nova aba<\/a><\/p>\n","protected":false},"excerpt":{"rendered":"<p>Abrir planilha numa nova aba<\/p>\n","protected":false},"author":8,"featured_media":0,"parent":286,"menu_order":0,"comment_status":"closed","ping_status":"closed","template":"","meta":{"footnotes":""},"class_list":["post-896","page","type-page","status-publish","hentry"],"_links":{"self":[{"href":"https:\/\/jundiai.sp.gov.br\/coronavirus\/wp-json\/wp\/v2\/pages\/896","targetHints":{"allow":["GET"]}}],"collection":[{"href":"https:\/\/jundiai.sp.gov.br\/coronavirus\/wp-json\/wp\/v2\/pages"}],"about":[{"href":"https:\/\/jundiai.sp.gov.br\/coronavirus\/wp-json\/wp\/v2\/types\/page"}],"author":[{"embeddable":true,"href":"https:\/\/jundiai.sp.gov.br\/coronavirus\/wp-json\/wp\/v2\/users\/8"}],"replies":[{"embeddable":true,"href":"https:\/\/jundiai.sp.gov.br\/coronavirus\/wp-json\/wp\/v2\/comments?post=896"}],"version-history":[{"count":5,"href":"https:\/\/jundiai.sp.gov.br\/coronavirus\/wp-json\/wp\/v2\/pages\/896\/revisions"}],"predecessor-version":[{"id":2634,"href":"https:\/\/jundiai.sp.gov.br\/coronavirus\/wp-json\/wp\/v2\/pages\/896\/revisions\/2634"}],"up":[{"embeddable":true,"href":"https:\/\/jundiai.sp.gov.br\/coronavirus\/wp-json\/wp\/v2\/pages\/286"}],"wp:attachment":[{"href":"https:\/\/jundiai.sp.gov.br\/coronavirus\/wp-json\/wp\/v2\/media?parent=896"}],"curies":[{"name":"wp","href":"https:\/\/api.w.org\/{rel}","templated":true}]}}