{"id":13,"date":"2014-09-01T11:10:48","date_gmt":"2014-09-01T14:10:48","guid":{"rendered":"https:\/\/jundiai.sp.gov.br\/cultura\/?page_id=13"},"modified":"2025-08-29T16:18:55","modified_gmt":"2025-08-29T19:18:55","slug":"gestora","status":"publish","type":"page","link":"https:\/\/jundiai.sp.gov.br\/cultura\/gestora\/","title":{"rendered":"Secret\u00e1ria"},"content":{"rendered":"\n<div class=\"wp-block-columns is-layout-flex wp-container-core-columns-is-layout-9d6595d7 wp-block-columns-is-layout-flex\">\n<div class=\"wp-block-column is-layout-flow wp-block-column-is-layout-flow\">\n<figure class=\"wp-block-image is-resized\"><img decoding=\"async\" src=\"https:\/\/lh7-rt.googleusercontent.com\/docsz\/AD_4nXd35XzchAk4Hz8rwUI5ySN53fNBfbhlLjk1NfLJlDYgbJRolbLPWkg9VSwK37R9j3Azi6Cr9nArKAPNfXTsTKhC5szKb9P0P2H07rvbLuEdOaUNYDlf4HZFn6vdnoJyUpNF0n5FhQ?key=OKq6ULd4eGNShc6r9oZmUWpE\" alt=\"\" style=\"width:342px;height:auto\"\/><\/figure>\n<\/div>\n\n\n\n<div class=\"wp-block-column is-layout-flow wp-block-column-is-layout-flow\">\n<h2 class=\"wp-block-heading\"><strong>Clarina Fasanaro<\/strong><\/h2>\n\n\n\n<p>Clarina Fasanaro \u00e9 cantora, compositora, violonista e produtora cultural, formada em Educa\u00e7\u00e3o F\u00edsica pela ESEF e p\u00f3s-graduada em Gest\u00e3o P\u00fablica pela UCDB. Servidora p\u00fablica por 37 anos, conciliou a carreira art\u00edstica com a gest\u00e3o cultural, atuando na Secretaria de Cultura na produ\u00e7\u00e3o de eventos e editais. Ap\u00f3s se aposentar, integrou o Conselho Municipal de Pol\u00edtica Cultural, sendo agraciada com o t\u00edtulo de Cidad\u00e3 Jundiaiense e o Diploma Mulher-Cidad\u00e3 Clara Zetkin.<\/p>\n\n\n\n<p>Autodidata, iniciou na m\u00fasica aos 12 anos, destacando-se com projetos como \u201cCantando Hist\u00f3ria\u201d e \u201cAs Mulheres da MPB\u201d, al\u00e9m de \u00e1lbuns e clipes autorais. Sua trajet\u00f3ria inclui apresenta\u00e7\u00f5es em diversos palcos e participa\u00e7\u00f5es em programas de TV, sempre promovendo a valoriza\u00e7\u00e3o da cultura brasileira.<\/p>\n<\/div>\n<\/div>\n","protected":false},"excerpt":{"rendered":"<p>Clarina Fasanaro Clarina Fasanaro \u00e9 cantora, compositora, violonista e produtora cultural, formada em Educa\u00e7\u00e3o F\u00edsica pela ESEF e p\u00f3s-graduada em Gest\u00e3o P\u00fablica pela UCDB. Servidora p\u00fablica por 37 anos, conciliou a carreira art\u00edstica com a gest\u00e3o cultural, atuando na Secretaria de Cultura na produ\u00e7\u00e3o de eventos e editais. Ap\u00f3s se aposentar, integrou o Conselho Municipal [&hellip;]<\/p>\n","protected":false},"author":5,"featured_media":0,"parent":0,"menu_order":0,"comment_status":"closed","ping_status":"closed","template":"","meta":{"footnotes":""},"class_list":["post-13","page","type-page","status-publish","hentry"],"_links":{"self":[{"href":"https:\/\/jundiai.sp.gov.br\/cultura\/wp-json\/wp\/v2\/pages\/13","targetHints":{"allow":["GET"]}}],"collection":[{"href":"https:\/\/jundiai.sp.gov.br\/cultura\/wp-json\/wp\/v2\/pages"}],"about":[{"href":"https:\/\/jundiai.sp.gov.br\/cultura\/wp-json\/wp\/v2\/types\/page"}],"author":[{"embeddable":true,"href":"https:\/\/jundiai.sp.gov.br\/cultura\/wp-json\/wp\/v2\/users\/5"}],"replies":[{"embeddable":true,"href":"https:\/\/jundiai.sp.gov.br\/cultura\/wp-json\/wp\/v2\/comments?post=13"}],"version-history":[{"count":31,"href":"https:\/\/jundiai.sp.gov.br\/cultura\/wp-json\/wp\/v2\/pages\/13\/revisions"}],"predecessor-version":[{"id":247,"href":"https:\/\/jundiai.sp.gov.br\/cultura\/wp-json\/wp\/v2\/pages\/13\/revisions\/247"}],"wp:attachment":[{"href":"https:\/\/jundiai.sp.gov.br\/cultura\/wp-json\/wp\/v2\/media?parent=13"}],"curies":[{"name":"wp","href":"https:\/\/api.w.org\/{rel}","templated":true}]}}