{"id":6,"date":"2014-08-13T19:35:46","date_gmt":"2014-08-13T22:35:46","guid":{"rendered":"https:\/\/jundiai.sp.gov.br\/cultura\/?page_id=6"},"modified":"2025-09-04T10:21:24","modified_gmt":"2025-09-04T13:21:24","slug":"cultura","status":"publish","type":"page","link":"https:\/\/jundiai.sp.gov.br\/cultura\/","title":{"rendered":"Cultura"},"content":{"rendered":"\n<p><strong>A Secretaria Municipal de Cultura tem por finalidade coordenar as a\u00e7\u00f5es e pol\u00edticas de cultura no Munic\u00edpio, suportada pela seguinte estrutura org\u00e2nica b\u00e1sica:<\/strong><\/p>\n\n\n\n<ul class=\"wp-block-list\">\n<li>N\u00facleo de Planejamento, Gest\u00e3o e Finan\u00e7as;<\/li>\n\n\n\n<li>Departamento de Cultura;<\/li>\n\n\n\n<li>Departamento de Teatros;<\/li>\n\n\n\n<li>Departamento de Museus;<\/li>\n\n\n\n<li>Departamento de Patrim\u00f4nio Hist\u00f3rico;<\/li>\n\n\n\n<li>Departamento de Gest\u00e3o do Expressa;<\/li>\n\n\n\n<li>Unidade de Entregas Setorial.<\/li>\n<\/ul>\n\n\n\n<p>Atuam por coordena\u00e7\u00e3o administrativa a Secretaria Municipal de <a href=\"http:\/\/cultura.jundiai.sp.gov.br\/\" target=\"_blank\" rel=\"noopener noreferrer\">Cultura<\/a> e a Funda\u00e7\u00e3o Casa da Cultura e Esportes de Jundia\u00ed.<\/p>\n\n\n\n<h2 class=\"wp-block-heading\">Contatos<\/h2>\n\n\n\n<div class=\"wp-block-columns is-layout-flex wp-container-core-columns-is-layout-9d6595d7 wp-block-columns-is-layout-flex\">\n<div class=\"wp-block-column is-layout-flow wp-block-column-is-layout-flow\">\n<ul class=\"wp-block-list\">\n<li><strong>Gabinete da Secret\u00e1ria de Cultura<\/strong><br>Avenida Uni\u00e3o dos Ferrovi\u00e1rios, 1760 &#8211; Espa\u00e7o Expressa<br>Telefone: (11) 4589-6800<\/li>\n<\/ul>\n\n\n\n<ul class=\"wp-block-list\">\n<li><strong>Se\u00e7\u00e3o de Atendimento:<\/strong><br>Avenida Uni\u00e3o dos Ferrovi\u00e1rios, 1760 &#8211; Espa\u00e7o Expressa<br>Telefone: (11) 4589-6800<\/li>\n<\/ul>\n\n\n\n<ul class=\"wp-block-list\">\n<li><strong>Funda\u00e7\u00e3o Casa da Cultura e Esportes<\/strong><br>Telefone: (11) 4806-0554<br>E-mail: <a rel=\"noreferrer noopener\" href=\"mailto:fundacao@jundiai.sp.gov.br\" target=\"_blank\">fundacao@jundiai.sp.gov.br<\/a><\/li>\n<\/ul>\n\n\n\n<ul class=\"wp-block-list\">\n<li><strong>Departamento de Planejamento, Gest\u00e3o e Finan\u00e7as<\/strong><br><strong>Diretor: <\/strong>Paulo Eduardo Capobianco Galv\u00e3o <br>Avenida Uni\u00e3o dos Ferrovi\u00e1rios, 1760 &#8211; Espa\u00e7o Expressa<br>Telefone: (11) 4589-6800<\/li>\n<\/ul>\n\n\n\n<ul class=\"wp-block-list\">\n<li><strong>Departamento de Cultura<\/strong><br><strong>Diretor: <\/strong>William Ramos<br>Avenida Uni\u00e3o dos Ferrovi\u00e1rios, 1760 &#8211; Espa\u00e7o Expressa<br>Telefone: (11) 4589-6800<\/li>\n<\/ul>\n\n\n\n<p><\/p>\n<\/div>\n\n\n\n<div class=\"wp-block-column is-layout-flow wp-block-column-is-layout-flow\">\n<ul class=\"wp-block-list\">\n<li><strong>Departamento de Teatros<\/strong><br><strong>Diretor: <\/strong>Carlos Eduardo Pasqualim de Souza<br>Avenida Uni\u00e3o dos Ferrovi\u00e1rios, 1760 &#8211; Espa\u00e7o Expressa<br>Telefone: (11) 4589-6800<\/li>\n<\/ul>\n\n\n\n<ul class=\"wp-block-list\">\n<li><strong>Departamento de Museus<\/strong><br><strong>Diretor: <\/strong>Maur\u00edcio Ferreira<br>Avenida Uni\u00e3o dos Ferrovi\u00e1rios, 1760&nbsp;<\/li>\n\n\n\n<li>Telefone: (11) 4589-6800<\/li>\n<\/ul>\n\n\n\n<ul class=\"wp-block-list\">\n<li><strong>Departamento de Patrim\u00f4nio Hist\u00f3rico<\/strong><br><strong>Diretor: <\/strong>Fernando Maranha Peche<br>Avenida Uni\u00e3o dos Ferrovi\u00e1rios, 1760 &#8211; Espa\u00e7o Expressa<br>Telefone: (11) 4589-6800<\/li>\n<\/ul>\n\n\n\n<ul class=\"wp-block-list\">\n<li><strong>Departamento de Gest\u00e3o do Espa\u00e7o Expressa<\/strong><br><strong>Diretora<\/strong>: Fernanda Regina Nogueira<br>Avenida Uni\u00e3o dos Ferrovi\u00e1rios, 1760 &#8211; Espa\u00e7o Expressa<br>Telefone: (11)&nbsp;4589-6800<\/li>\n<\/ul>\n<\/div>\n<\/div>\n\n\n\n<hr class=\"wp-block-separator has-css-opacity\"\/>\n\n\n\n<p><strong>Equipamentos vinculados \u00e0 Secretaria Municipal de Cultura:<\/strong><\/p>\n\n\n\n<p><a href=\"https:\/\/cultura.jundiai.sp.gov.br\/espacos-culturais\/arquivo-historico\/\" target=\"_blank\" rel=\"noopener noreferrer\"><strong>Arquivo Hist\u00f3rico Professor Maria Angela Borges Salvadori<\/strong><\/a><br>Avenida Uni\u00e3o dos Ferrovi\u00e1rios, 1760 &#8211; Expressa<br>Telefone: (11) 4589-6817<br>Hor\u00e1rio de funcionamento: de ter\u00e7a a sexta-feira, das 10h \u00e0s 16h<\/p>\n\n\n\n<p><a href=\"https:\/\/cultura.jundiai.sp.gov.br\/espacos-culturais\/biblioteca-municipal-professor-nelson-foot\/\" target=\"_blank\" rel=\"noreferrer noopener\"><strong>Biblioteca Municipal Professor Nelson Foot<\/strong><\/a><br>Avenida Dr. Cavalcanti, 396 \u2013 Complexo Argos<br>Telefone: (11) 4588-7975<br>E-mail:&nbsp;<a href=\"mailto:biblioteca@jundiai.sp.gov.br\" target=\"_blank\" rel=\"noreferrer noopener\">biblioteca@jundiai.sp.gov.br<\/a><br>Hor\u00e1rio de funcionamento (Janeiro 2025): de segunda a sexta-feira, das 9h \u00e0s 18h; aos s\u00e1bados, a Biblioteca permanecer\u00e1 fechada<\/p>\n\n\n\n<p><strong><a href=\"http:\/\/cultura.jundiai.sp.gov.br\/espacos-culturais\/centro-das-artes\/\" target=\"_blank\" rel=\"noopener noreferrer\">Centro das Artes Prefeito Pedro F\u00e1varo<\/a><\/strong><br>Rua Bar\u00e3o de Jundia\u00ed, 1093, Centro <br>Telefone: (11) 4589-6821<br>Hor\u00e1rio de funcionamento: de ter\u00e7a-feira a domingo, das 10h \u00e0s 22h<\/p>\n\n\n\n<p><a href=\"https:\/\/cultura.jundiai.sp.gov.br\/espacos-culturais\/centro-jundiaiense-de-cultura-jorosil\/\" target=\"_blank\" rel=\"noopener noreferrer\"><strong>Centro Jundiaiense de Cultura &#8211; Jorosil<\/strong><\/a><br>R. Bar\u00e3o de Jundia\u00ed, 109<br>Telefone: (11) 4589-6792<br>Hor\u00e1rio de funcionamento: de ter\u00e7a a sexta, das 10h \u00e0s 17h, e aos s\u00e1bados, das 9h \u00e0s 13h<\/p>\n\n\n\n<p><a href=\"https:\/\/cultura.jundiai.sp.gov.br\/espacos-culturais\/fabrica-das-infancias-japy\/\" target=\"_blank\" rel=\"noreferrer noopener\"><strong>F\u00e1brica das Inf\u00e2ncias Japy<\/strong><\/a><br>Rua Lacerda Franco, 175, Vila Arens<br>Telefone: (11) 4521-0971<br>Hor\u00e1rio de funcionamento: de ter\u00e7a a sexta-feira, das 9h \u00e0s 17h \u2013 e aos s\u00e1bados e domingos das 9h \u00e0s 13h<\/p>\n\n\n\n<p><strong><a href=\"http:\/\/cultura.jundiai.sp.gov.br\/espacos-culturais\/galeria-de-arte-fernanda-perracini-milani\/\" target=\"_blank\" rel=\"noopener noreferrer\">Galeria de Arte Fernanda Perracini Milani<\/a> <\/strong>(anexa ao Teatro Polytheama)<br>Rua Bar\u00e3o de Jundia\u00ed, 176, Centro<br>Telefone: (11) 4589 &#8211; 6823<br>Hor\u00e1rio de funcionamento: de ter\u00e7a a sexta-feira, das 9h \u00e0s 11h e das 12h \u00e0s 17h, e aos s\u00e1bados, das 9h \u00e0s 13h (exceto feriados)<\/p>\n\n\n\n<p><a href=\"https:\/\/cultura.jundiai.sp.gov.br\/espacos-culturais\/galeria-de-arte-publica-g9\/\" target=\"_blank\" rel=\"noreferrer noopener\"><strong>Galeria de Arte P\u00fablica G9<\/strong><\/a><br>Avenida Nove de Julho, s\/n, altura do Jardim Brasil<\/p>\n\n\n\n<p><a href=\"https:\/\/cultura.jundiai.sp.gov.br\/espacos-culturais\/museu-ferroviario\/\" target=\"_blank\" rel=\"noreferrer noopener\"><strong>Museu dos Ferrovi\u00e1rios<\/strong><\/a><br>Avenida Uni\u00e3o dos Ferrovi\u00e1rios, 1760 &#8211; Expressa<br>Telefone: (11) 4589-6800<strong><br><\/strong>Hor\u00e1rio de funcionamento: de ter\u00e7a a domingo, das 10h \u00e0s 17h,<\/p>\n\n\n\n<p><strong><a href=\"http:\/\/cultura.jundiai.sp.gov.br\/espacos-culturais\/museu-historico-e-cultural-de-jundiai\/\" target=\"_blank\" rel=\"noopener noreferrer\">Museu Hist\u00f3rico e Cultural de Jundia\u00ed &#8211; Solar do Bar\u00e3o<\/a>&nbsp;<\/strong><br>Rua Bar\u00e3o de Jundia\u00ed, 762, Centro<br>Telefone: (11) 4589-6846<strong><br><\/strong>Hor\u00e1rio de funcionamento: de ter\u00e7a a sexta-feira, das 10h \u00e0s 17h, e aos s\u00e1bados, das 9h \u00e0s 13h<\/p>\n\n\n\n<p><a href=\"http:\/\/cultura.jundiai.sp.gov.br\/espacos-culturais\/pinacoteca-diogenes-duarte-paes\/\" target=\"_blank\" rel=\"noopener noreferrer\"><strong>Pinacoteca Municipal Di\u00f3genes Duarte Paes<\/strong><\/a><br>Rua Bar\u00e3o de Jundia\u00ed, 109, Centro<br>Telefone: (11) 4589-6792<br>Hor\u00e1rio de funcionamento: de ter\u00e7a a sexta-feira, das 10h \u00e0s 17h, e aos s\u00e1bados, das 9h \u00e0s 13h<\/p>\n\n\n\n<p><a href=\"https:\/\/cultura.jundiai.sp.gov.br\/espacos-culturais\/pracinha-da-cultura-do-vista-alegre\/\" target=\"_blank\" rel=\"noreferrer noopener\"><strong>Pracinha da Cultura Vista Alegre (antigo CEU das Artes)<\/strong><\/a><br>Rua Cabo Edvaldo Quirino Santana, s\/n, bairro Vista Alegre<\/p>\n\n\n\n<p><strong><a href=\"http:\/\/cultura.jundiai.sp.gov.br\/teatropolytheama\/\" target=\"_blank\" rel=\"noopener noreferrer\">Teatro Polytheama<\/a><\/strong><br>\u2013 Setor administrativo do Departamento de Teatros: sede da Unidade de Gest\u00e3o de Cultura \u2013 avenida Uni\u00e3o dos Ferrovi\u00e1rios, 1760 \u2013 Expressa<br>Hor\u00e1rio de atendimento: de segunda a sexta-feira, das 8h \u00e0s 16h30<br>\u2013 Bilheteria: Rua Bar\u00e3o de Jundia\u00ed, 176, Centro<br>Telefone: (11) 4589-6823<strong><br><\/strong>Hor\u00e1rio de funcionamento: de ter\u00e7a a sexta-feira, das 10h \u00e0s 20h; aos s\u00e1bados, domingos e feriados, a bilheteria funciona somente se houver espet\u00e1culo programado. Das 10h \u00e0s 17h ficam dispon\u00edveis os ingressos da agenda cultural em geral. J\u00e1 a partir desse hor\u00e1rio, ficam dispon\u00edveis somente os ingressos do espet\u00e1culo programado para o dia.<\/p>\n","protected":false},"excerpt":{"rendered":"<p>A Secretaria Municipal de Cultura tem por finalidade coordenar as a\u00e7\u00f5es e pol\u00edticas de cultura no Munic\u00edpio, suportada pela seguinte estrutura org\u00e2nica b\u00e1sica: Atuam por coordena\u00e7\u00e3o administrativa a Secretaria Municipal de Cultura e a Funda\u00e7\u00e3o Casa da Cultura e Esportes de Jundia\u00ed. Contatos Equipamentos vinculados \u00e0 Secretaria Municipal de Cultura: Arquivo Hist\u00f3rico Professor Maria Angela [&hellip;]<\/p>\n","protected":false},"author":8,"featured_media":0,"parent":0,"menu_order":0,"comment_status":"open","ping_status":"closed","template":"","meta":{"footnotes":""},"class_list":["post-6","page","type-page","status-publish","hentry"],"_links":{"self":[{"href":"https:\/\/jundiai.sp.gov.br\/cultura\/wp-json\/wp\/v2\/pages\/6","targetHints":{"allow":["GET"]}}],"collection":[{"href":"https:\/\/jundiai.sp.gov.br\/cultura\/wp-json\/wp\/v2\/pages"}],"about":[{"href":"https:\/\/jundiai.sp.gov.br\/cultura\/wp-json\/wp\/v2\/types\/page"}],"author":[{"embeddable":true,"href":"https:\/\/jundiai.sp.gov.br\/cultura\/wp-json\/wp\/v2\/users\/8"}],"replies":[{"embeddable":true,"href":"https:\/\/jundiai.sp.gov.br\/cultura\/wp-json\/wp\/v2\/comments?post=6"}],"version-history":[{"count":52,"href":"https:\/\/jundiai.sp.gov.br\/cultura\/wp-json\/wp\/v2\/pages\/6\/revisions"}],"predecessor-version":[{"id":249,"href":"https:\/\/jundiai.sp.gov.br\/cultura\/wp-json\/wp\/v2\/pages\/6\/revisions\/249"}],"wp:attachment":[{"href":"https:\/\/jundiai.sp.gov.br\/cultura\/wp-json\/wp\/v2\/media?parent=6"}],"curies":[{"name":"wp","href":"https:\/\/api.w.org\/{rel}","templated":true}]}}