{"id":88,"date":"2017-04-04T11:30:28","date_gmt":"2017-04-04T14:30:28","guid":{"rendered":"https:\/\/jundiai.sp.gov.br\/cultura\/?page_id=88"},"modified":"2024-08-01T11:13:16","modified_gmt":"2024-08-01T14:13:16","slug":"conselho-municipal-do-patrimonio-cultural-compac","status":"publish","type":"page","link":"https:\/\/jundiai.sp.gov.br\/cultura\/conselho\/conselho-municipal-do-patrimonio-cultural-compac\/","title":{"rendered":"Conselho Municipal do Patrim\u00f4nio Cultural (Compac)"},"content":{"rendered":"\n<p><strong>O Conselho Municipal do Patrim\u00f4nio Art\u00edstico e Cultural, ligado \u00e0 Unidade de Gest\u00e3o de Cultura, tem como principal objetivo preservar a hist\u00f3ria de Jundia\u00ed n\u00e3o s\u00f3 atrav\u00e9s da Arquitetura, mas tamb\u00e9m atrav\u00e9s da Cultura e qualquer tipo de manifesta\u00e7\u00e3o que tenha relev\u00e2ncia para a sociedade, seguindo o prescrito na <a href=\"http:\/\/portal.iphan.gov.br\/uploads\/ckfinder\/arquivos\/Carta%20de%20Veneza%201964.pdf\" target=\"_blank\" rel=\"noopener\">Carta de Veneza, em maio de 1964, no 2\u00ba&nbsp;Congresso Internacional de Arquitetos e T\u00e9cnicos dos Monumentos Hist\u00f3ricos<\/a>: &#8220;Os monumentos de um povo, portadores de uma mensagem do passado, s\u00e3o um testemunho vivo das suas tradi\u00e7\u00f5es seculares. A humanidade tem vindo progressivamente a tomar maior consci\u00eancia da unidade dos valores humanos e a considerar os monumentos antigos como uma heran\u00e7a comum, assumindo coletivamente a responsabilidade da sua salvaguarda para as gera\u00e7\u00f5es futuras e aspirando a transmiti-los com toda a sua riqueza e autenticidade.&#8221;<\/strong><\/p>\n\n\n\n<p>J\u00e1 com rela\u00e7\u00e3o aos bens imateriais, ou Bens Culturais de Natureza Imaterial, tornar como preservadas pr\u00e1ticas e dom\u00ednios da vida social que se manifestam em saberes, of\u00edcios e modos de fazer; celebra\u00e7\u00f5es; formas de express\u00e3o c\u00eanicas, pl\u00e1sticas, musicais ou l\u00fadicas; e nos lugares como mercados, feiras e santu\u00e1rios, que abrigam pr\u00e1ticas culturais coletivas.<\/p>\n\n\n\n<h2 class=\"wp-block-heading\">Contato<\/h2>\n\n\n\n<p><a href=\"mailto:dph@jundiai.sp.gov.br\" target=\"_blank\" rel=\"noreferrer noopener\">dph@jundiai.sp.gov.br<\/a><\/p>\n","protected":false},"excerpt":{"rendered":"<p>O Conselho Municipal do Patrim\u00f4nio Art\u00edstico e Cultural, ligado \u00e0 Unidade de Gest\u00e3o de Cultura, tem como principal objetivo preservar a hist\u00f3ria de Jundia\u00ed n\u00e3o s\u00f3 atrav\u00e9s da Arquitetura, mas tamb\u00e9m atrav\u00e9s da Cultura e qualquer tipo de manifesta\u00e7\u00e3o que tenha relev\u00e2ncia para a sociedade, seguindo o prescrito na Carta de Veneza, em maio de [&hellip;]<\/p>\n","protected":false},"author":14,"featured_media":0,"parent":17,"menu_order":2,"comment_status":"closed","ping_status":"closed","template":"","meta":{"footnotes":""},"class_list":["post-88","page","type-page","status-publish","hentry"],"_links":{"self":[{"href":"https:\/\/jundiai.sp.gov.br\/cultura\/wp-json\/wp\/v2\/pages\/88","targetHints":{"allow":["GET"]}}],"collection":[{"href":"https:\/\/jundiai.sp.gov.br\/cultura\/wp-json\/wp\/v2\/pages"}],"about":[{"href":"https:\/\/jundiai.sp.gov.br\/cultura\/wp-json\/wp\/v2\/types\/page"}],"author":[{"embeddable":true,"href":"https:\/\/jundiai.sp.gov.br\/cultura\/wp-json\/wp\/v2\/users\/14"}],"replies":[{"embeddable":true,"href":"https:\/\/jundiai.sp.gov.br\/cultura\/wp-json\/wp\/v2\/comments?post=88"}],"version-history":[{"count":7,"href":"https:\/\/jundiai.sp.gov.br\/cultura\/wp-json\/wp\/v2\/pages\/88\/revisions"}],"predecessor-version":[{"id":226,"href":"https:\/\/jundiai.sp.gov.br\/cultura\/wp-json\/wp\/v2\/pages\/88\/revisions\/226"}],"up":[{"embeddable":true,"href":"https:\/\/jundiai.sp.gov.br\/cultura\/wp-json\/wp\/v2\/pages\/17"}],"wp:attachment":[{"href":"https:\/\/jundiai.sp.gov.br\/cultura\/wp-json\/wp\/v2\/media?parent=88"}],"curies":[{"name":"wp","href":"https:\/\/api.w.org\/{rel}","templated":true}]}}