{"id":11,"date":"2014-09-17T20:42:40","date_gmt":"2014-09-17T20:42:40","guid":{"rendered":"https:\/\/jundiai.sp.gov.br\/dae\/?page_id=11"},"modified":"2026-03-19T16:57:17","modified_gmt":"2026-03-19T19:57:17","slug":"diretor-presidente","status":"publish","type":"page","link":"https:\/\/jundiai.sp.gov.br\/dae\/diretor-presidente\/","title":{"rendered":"Diretor-Presidente"},"content":{"rendered":"\n<h2 class=\"wp-block-heading\">Daniel Bocal\u00e3o J\u00fanior<\/h2>\n\n\n\n<figure class=\"wp-block-image size-large is-resized\"><a href=\"https:\/\/jundiai.sp.gov.br\/dae\/wp-content\/uploads\/sites\/29\/2026\/03\/whatsapp-image-2026-03-19-at-16-44-57.jpeg\"><img loading=\"lazy\" decoding=\"async\" width=\"1280\" height=\"853\" src=\"https:\/\/jundiai.sp.gov.br\/dae\/wp-content\/uploads\/sites\/29\/2026\/03\/whatsapp-image-2026-03-19-at-16-44-57-1280x853.jpeg\" alt=\"\" class=\"wp-image-84\" style=\"aspect-ratio:1.5005950964056176;width:473px;height:auto\" srcset=\"https:\/\/jundiai.sp.gov.br\/dae\/wp-content\/uploads\/sites\/29\/2026\/03\/whatsapp-image-2026-03-19-at-16-44-57-1280x853.jpeg 1280w, https:\/\/jundiai.sp.gov.br\/dae\/wp-content\/uploads\/sites\/29\/2026\/03\/whatsapp-image-2026-03-19-at-16-44-57-300x200.jpeg 300w, https:\/\/jundiai.sp.gov.br\/dae\/wp-content\/uploads\/sites\/29\/2026\/03\/whatsapp-image-2026-03-19-at-16-44-57-768x512.jpeg 768w, https:\/\/jundiai.sp.gov.br\/dae\/wp-content\/uploads\/sites\/29\/2026\/03\/whatsapp-image-2026-03-19-at-16-44-57-1536x1023.jpeg 1536w, https:\/\/jundiai.sp.gov.br\/dae\/wp-content\/uploads\/sites\/29\/2026\/03\/whatsapp-image-2026-03-19-at-16-44-57.jpeg 1900w\" sizes=\"auto, (max-width: 1280px) 100vw, 1280px\" \/><\/a><\/figure>\n\n\n\n<p>Daniel Bocal\u00e3o J\u00fanior \u00e9 diretor-presidente da DAE Jundia\u00ed, com ampla experi\u00eancia nas \u00e1reas de tecnologia da informa\u00e7\u00e3o, gest\u00e3o e saneamento. \u00c9 graduado em Engenharia El\u00e9trica pela Universidade Federal de Uberl\u00e2ndia (UFU) e possui p\u00f3s-gradua\u00e7\u00e3o em Gest\u00e3o de Telecomunica\u00e7\u00f5es pela FAAP e MBA em Internet e Tecnologia da Informa\u00e7\u00e3o pela Universidade de S\u00e3o Paulo (USP).<\/p>\n\n\n\n<p>Com mais de 30 anos de atua\u00e7\u00e3o na Sabesp, construiu uma carreira marcada pelo desenvolvimento e implanta\u00e7\u00e3o de projetos estrat\u00e9gicos de moderniza\u00e7\u00e3o, incluindo sistemas de medi\u00e7\u00e3o inteligente que contribu\u00edram para o aumento da efici\u00eancia operacional, da gest\u00e3o e da transpar\u00eancia no atendimento aos usu\u00e1rios. Ao longo de sua trajet\u00f3ria, acumulou experi\u00eancia nas \u00e1reas operacionais, administrativas e financeiras, com destaque para gest\u00e3o de projetos, infraestrutura, seguran\u00e7a da informa\u00e7\u00e3o e conectividade.<\/p>\n\n\n\n<p>Tamb\u00e9m atuou como diretor-presidente da Companhia de Inform\u00e1tica de Jundia\u00ed (CIJUN), liderando iniciativas voltadas \u00e0 inova\u00e7\u00e3o tecnol\u00f3gica no setor p\u00fablico.<\/p>\n\n\n\n<p>NA DAE, Bocal\u00e3o lidera a miss\u00e3o de preparar a empresa para os desafios das pr\u00f3ximas d\u00e9cadas, aliando efici\u00eancia operacional, responsabilidade ambiental e vis\u00e3o de longo prazo.<\/p>\n","protected":false},"excerpt":{"rendered":"<p>Daniel Bocal\u00e3o J\u00fanior Daniel Bocal\u00e3o J\u00fanior \u00e9 diretor-presidente da DAE Jundia\u00ed, com ampla experi\u00eancia nas \u00e1reas de tecnologia da informa\u00e7\u00e3o, gest\u00e3o e saneamento. \u00c9 graduado em Engenharia El\u00e9trica pela Universidade Federal de Uberl\u00e2ndia (UFU) e possui p\u00f3s-gradua\u00e7\u00e3o em Gest\u00e3o de Telecomunica\u00e7\u00f5es pela FAAP e MBA em Internet e Tecnologia da Informa\u00e7\u00e3o pela Universidade de S\u00e3o [&hellip;]<\/p>\n","protected":false},"author":5,"featured_media":0,"parent":0,"menu_order":0,"comment_status":"closed","ping_status":"closed","template":"","meta":{"footnotes":""},"class_list":["post-11","page","type-page","status-publish","hentry"],"_links":{"self":[{"href":"https:\/\/jundiai.sp.gov.br\/dae\/wp-json\/wp\/v2\/pages\/11","targetHints":{"allow":["GET"]}}],"collection":[{"href":"https:\/\/jundiai.sp.gov.br\/dae\/wp-json\/wp\/v2\/pages"}],"about":[{"href":"https:\/\/jundiai.sp.gov.br\/dae\/wp-json\/wp\/v2\/types\/page"}],"author":[{"embeddable":true,"href":"https:\/\/jundiai.sp.gov.br\/dae\/wp-json\/wp\/v2\/users\/5"}],"replies":[{"embeddable":true,"href":"https:\/\/jundiai.sp.gov.br\/dae\/wp-json\/wp\/v2\/comments?post=11"}],"version-history":[{"count":13,"href":"https:\/\/jundiai.sp.gov.br\/dae\/wp-json\/wp\/v2\/pages\/11\/revisions"}],"predecessor-version":[{"id":85,"href":"https:\/\/jundiai.sp.gov.br\/dae\/wp-json\/wp\/v2\/pages\/11\/revisions\/85"}],"wp:attachment":[{"href":"https:\/\/jundiai.sp.gov.br\/dae\/wp-json\/wp\/v2\/media?parent=11"}],"curies":[{"name":"wp","href":"https:\/\/api.w.org\/{rel}","templated":true}]}}