{"id":9,"date":"2014-09-17T20:31:23","date_gmt":"2014-09-17T20:31:23","guid":{"rendered":"https:\/\/jundiai.sp.gov.br\/dae\/?page_id=9"},"modified":"2020-12-16T14:59:22","modified_gmt":"2020-12-16T17:59:22","slug":"dae-s-a-agua-e-esgoto","status":"publish","type":"page","link":"https:\/\/jundiai.sp.gov.br\/dae\/","title":{"rendered":"DAE S.A. \u2013 \u00c1gua e Esgoto"},"content":{"rendered":"\n<p>A <a href=\"http:\/\/www.daejundiai.com.br\/\" target=\"_blank\" rel=\"noopener noreferrer\"><strong>DAE S.A. \u2013 \u00c1gua e Esgoto<\/strong><\/a> \u00e9 uma sociedade de economia mista que atua na \u00e1rea de saneamento b\u00e1sico. Criada atrav\u00e9s da <a href=\"http:\/\/sapl.jundiai.sp.leg.br\/sapl_documentos\/norma_juridica\/5290_texto_integral.pdf\" target=\"_blank\" rel=\"noopener noreferrer\">lei municipal n\u00ba 5.307\/99<\/a>, atende toda a \u00e1rea urbana e parte da \u00e1rea rural do munic\u00edpio, com o fornecimento de \u00e1gua tratada, coleta e tratamento dos esgotos (concess\u00e3o \u00e0 CSJ \u2013 Companhia Saneamento de Jundia\u00ed), assim como o controle da ocupa\u00e7\u00e3o do solo e prote\u00e7\u00e3o dos mananciais que fornecem \u00e1gua para o abastecimento.<\/p>\n\n\n\n<p>Atualmente o acionista majorit\u00e1rio da empresa \u00e9 a Prefeitura do Munic\u00edpio de Jundia\u00ed.<\/p>\n\n\n\n<h2 class=\"wp-block-heading\">Not\u00edcias<\/h2>\n\n\n\n<p><strong><a href=\"https:\/\/jundiai.sp.gov.br\/noticias\/tag\/dae\/\">Leia as Not\u00edcias da DAE<\/a><\/strong><\/p>\n\n\n\n<h2 class=\"wp-block-heading\">Contato<\/h2>\n\n\n\n<p>A DAE fica na avenida Alexandre Ludke, 1500, Vila Bandeirantes &#8211; Jundia\u00ed &#8211; SP<br>Telefone: (11) 4589-1300<\/p>\n","protected":false},"excerpt":{"rendered":"<p>A DAE S.A. \u2013 \u00c1gua e Esgoto \u00e9 uma sociedade de economia mista que atua na \u00e1rea de saneamento b\u00e1sico. Criada atrav\u00e9s da lei municipal n\u00ba 5.307\/99, atende toda a \u00e1rea urbana e parte da \u00e1rea rural do munic\u00edpio, com o fornecimento de \u00e1gua tratada, coleta e tratamento dos esgotos (concess\u00e3o \u00e0 CSJ \u2013 Companhia [&hellip;]<\/p>\n","protected":false},"author":5,"featured_media":0,"parent":0,"menu_order":0,"comment_status":"closed","ping_status":"closed","template":"","meta":{"footnotes":""},"class_list":["post-9","page","type-page","status-publish","hentry"],"_links":{"self":[{"href":"https:\/\/jundiai.sp.gov.br\/dae\/wp-json\/wp\/v2\/pages\/9","targetHints":{"allow":["GET"]}}],"collection":[{"href":"https:\/\/jundiai.sp.gov.br\/dae\/wp-json\/wp\/v2\/pages"}],"about":[{"href":"https:\/\/jundiai.sp.gov.br\/dae\/wp-json\/wp\/v2\/types\/page"}],"author":[{"embeddable":true,"href":"https:\/\/jundiai.sp.gov.br\/dae\/wp-json\/wp\/v2\/users\/5"}],"replies":[{"embeddable":true,"href":"https:\/\/jundiai.sp.gov.br\/dae\/wp-json\/wp\/v2\/comments?post=9"}],"version-history":[{"count":9,"href":"https:\/\/jundiai.sp.gov.br\/dae\/wp-json\/wp\/v2\/pages\/9\/revisions"}],"predecessor-version":[{"id":62,"href":"https:\/\/jundiai.sp.gov.br\/dae\/wp-json\/wp\/v2\/pages\/9\/revisions\/62"}],"wp:attachment":[{"href":"https:\/\/jundiai.sp.gov.br\/dae\/wp-json\/wp\/v2\/media?parent=9"}],"curies":[{"name":"wp","href":"https:\/\/api.w.org\/{rel}","templated":true}]}}